{"id":35755,"date":"2025-11-18T19:22:25","date_gmt":"2025-11-18T17:22:25","guid":{"rendered":"https:\/\/ecostera.com\/dk\/product\/cykelspejl-til-haandleddet\/"},"modified":"2025-11-18T22:36:52","modified_gmt":"2025-11-18T20:36:52","slug":"cykelspejl-til-haandleddet","status":"publish","type":"product","link":"https:\/\/ecostera.com\/dk\/product\/cykelspejl-til-haandleddet\/","title":{"rendered":"Cykelspejl til h\u00e5ndleddet"},"content":{"rendered":"<p style=\"text-align: center\" data-start=\"0\" data-end=\"67\"><strong data-start=\"0\" data-end=\"67\">Hold \u00f8je med, hvad der er bag dig, uden at dreje hovedet.\u00a0 \ud83d\udeb4<\/strong><\/p>\n<p style=\"text-align: center\" data-start=\"69\" data-end=\"328\">Dette cykelspejl til h\u00e5ndleddet giver dig en sikrere og nemmere m\u00e5de at tjekke dine omgivelser p\u00e5, mens du cykler. Det er designet til at blive b\u00e5ret p\u00e5 armen i stedet for at blive fastgjort til cyklen, s\u00e5 du altid kan se bagud &#8211; ideelt til pendling, daglige ture og travle veje.<\/p>\n<p data-start=\"69\" data-end=\"328\"><img fetchpriority=\"high\" decoding=\"async\" class=\" wp-image-41517 aligncenter\" src=\"https:\/\/keluvo.com\/template\/wp-content\/uploads\/sites\/5\/2025\/11\/fa1b9b1d0619afca5ce1dfde830632c8fad35833.webp\" alt=\"\" width=\"523\" height=\"292\" \/><\/p>\n<h2 style=\"text-align: center\" data-start=\"335\" data-end=\"357\"><strong>Vigtigste Fordele<\/strong><\/h2>\n<p data-start=\"360\" data-end=\"459\">\ud83d\udeb4 Sikrere k\u00f8rsel &#8211; Fladt spejldesign giver et klart, bredt udsyn bagud uden at dreje hovedet.<\/p>\n<p data-start=\"462\" data-end=\"551\">\ud83d\udd04 Fuldt justerbart &#8211; 360\u00b0 rotation giver dig mulighed for at indstille den perfekte synsvinkel n\u00e5r som helst.<\/p>\n<p data-start=\"554\" data-end=\"656\">\ud83d\udca8 Behageligt at have p\u00e5 &#8211; Let, \u00e5ndbar rem f\u00f8les bl\u00f8d p\u00e5 armen og er nem at justere.<\/p>\n<p data-start=\"659\" data-end=\"760\">\ud83d\udcaa Holdbar konstruktion &#8211; Lavet af st\u00e6rk ABS-plast til langvarig brug under alle vejrforhold.<\/p>\n<p data-start=\"763\" data-end=\"881\">\ud83c\udf92 H\u00e5ndfrit og cykelfrit design &#8211; B\u00e6r det direkte p\u00e5 dit h\u00e5ndled eller din arm &#8211; du beh\u00f8ver ikke at montere noget p\u00e5 din cykel.<\/p>\n<p data-start=\"763\" data-end=\"881\"><img decoding=\"async\" class=\"size-full wp-image-41516 aligncenter\" src=\"https:\/\/keluvo.com\/template\/wp-content\/uploads\/sites\/5\/2025\/11\/664cbac6733ebd2ef30972d94177bb72e3d26bdb-800.avif\" alt=\"\" \/><\/p>\n<h2 style=\"text-align: center\" data-start=\"888\" data-end=\"907\"><strong>S\u00e5dan Bruges<\/strong><\/h2>\n<ol data-start=\"908\" data-end=\"1122\">\n<li data-start=\"908\" data-end=\"955\">\n<p data-start=\"911\" data-end=\"955\">Slip stroppen over dit h\u00e5ndled eller din underarm.<\/p>\n<\/li>\n<li data-start=\"956\" data-end=\"1009\">\n<p data-start=\"959\" data-end=\"1009\">Juster stroppens st\u00f8rrelse, indtil den passer komfortabelt.<\/p>\n<\/li>\n<li data-start=\"1010\" data-end=\"1057\">\n<p data-start=\"1013\" data-end=\"1057\">Drej spejlet til din foretrukne vinkel.<\/p>\n<\/li>\n<li data-start=\"1058\" data-end=\"1122\">\n<p data-start=\"1061\" data-end=\"1122\">Start med at k\u00f8re og nyd et klart udsyn over vejen bag dig.<\/p>\n<\/li>\n<\/ol>\n<h2 style=\"text-align: center\" data-start=\"1129\" data-end=\"1153\"><strong>Produktdetaljer<\/strong><\/h2>\n<ul data-start=\"1154\" data-end=\"1301\">\n<li data-start=\"1154\" data-end=\"1190\">\n<p data-start=\"1156\" data-end=\"1190\">Materiale: ABS + \u00e5ndbar strop<\/p>\n<\/li>\n<li data-start=\"1208\" data-end=\"1239\">\n<p data-start=\"1210\" data-end=\"1239\">Spejlst\u00f8rrelse: 5 cm<\/p>\n<\/li>\n<li data-start=\"1240\" data-end=\"1257\">\n<p data-start=\"1242\" data-end=\"1257\">V\u00e6gt: ~50 g<\/p>\n<\/li>\n<li data-start=\"1258\" data-end=\"1301\">\n<p data-start=\"1260\" data-end=\"1301\">Strop: Justerbar, s\u00e5 den passer til de fleste armst\u00f8rrelser<\/p>\n<\/li>\n<\/ul>\n<h2 style=\"text-align: center\" data-start=\"1308\" data-end=\"1333\"><strong>Pakken indeholder<\/strong><\/h2>\n<ul data-start=\"1334\" data-end=\"1359\">\n<li data-start=\"1334\" data-end=\"1359\">\n<p data-start=\"1336\" data-end=\"1359\">1, 2x h\u00e5ndledscykelspejl.<\/p>\n<\/li>\n<\/ul>\n","protected":false},"excerpt":{"rendered":"<p>Hold \u00f8je med, hvad der er bag dig, uden at dreje hovedet.\u00a0 \ud83d\udeb4 Dette cykelspejl til h\u00e5ndleddet giver dig en [&hellip;]<\/p>\n","protected":false},"featured_media":35751,"comment_status":"open","ping_status":"closed","template":"","meta":{"site-sidebar-layout":"default","site-content-layout":"","ast-site-content-layout":"default","site-content-style":"default","site-sidebar-style":"default","ast-global-header-display":"","ast-banner-title-visibility":"","ast-main-header-display":"","ast-hfb-above-header-display":"","ast-hfb-below-header-display":"","ast-hfb-mobile-header-display":"","site-post-title":"","ast-breadcrumbs-content":"","ast-featured-img":"","footer-sml-layout":"","theme-transparent-header-meta":"default","adv-header-id-meta":"","stick-header-meta":"","header-above-stick-meta":"","header-main-stick-meta":"","header-below-stick-meta":"","astra-migrate-meta-layouts":"set","ast-page-background-enabled":"default","ast-page-background-meta":{"desktop":{"background-color":"var(--ast-global-color-5)","background-image":"","background-repeat":"repeat","background-position":"center center","background-size":"auto","background-attachment":"scroll","background-type":"","background-media":"","overlay-type":"","overlay-color":"","overlay-opacity":"","overlay-gradient":""},"tablet":{"background-color":"","background-image":"","background-repeat":"repeat","background-position":"center center","background-size":"auto","background-attachment":"scroll","background-type":"","background-media":"","overlay-type":"","overlay-color":"","overlay-opacity":"","overlay-gradient":""},"mobile":{"background-color":"","background-image":"","background-repeat":"repeat","background-position":"center center","background-size":"auto","background-attachment":"scroll","background-type":"","background-media":"","overlay-type":"","overlay-color":"","overlay-opacity":"","overlay-gradient":""}},"ast-content-background-meta":{"desktop":{"background-color":"var(--ast-global-color-4)","background-image":"","background-repeat":"repeat","background-position":"center center","background-size":"auto","background-attachment":"scroll","background-type":"","background-media":"","overlay-type":"","overlay-color":"","overlay-opacity":"","overlay-gradient":""},"tablet":{"background-color":"var(--ast-global-color-4)","background-image":"","background-repeat":"repeat","background-position":"center center","background-size":"auto","background-attachment":"scroll","background-type":"","background-media":"","overlay-type":"","overlay-color":"","overlay-opacity":"","overlay-gradient":""},"mobile":{"background-color":"var(--ast-global-color-4)","background-image":"","background-repeat":"repeat","background-position":"center center","background-size":"auto","background-attachment":"scroll","background-type":"","background-media":"","overlay-type":"","overlay-color":"","overlay-opacity":"","overlay-gradient":""}}},"product_brand":[],"product_cat":[19],"product_tag":[],"class_list":{"0":"post-35755","1":"product","2":"type-product","3":"status-publish","4":"has-post-thumbnail","6":"product_cat-uncategorized","7":"pa_51764_yy5uzl1y-1-stk","8":"pa_51764_yy5uzl1y-2-stk","9":"desktop-align-left","10":"tablet-align-left","11":"mobile-align-left","13":"first","14":"instock","15":"shipping-taxable","16":"purchasable","17":"product-type-variable"},"_links":{"self":[{"href":"https:\/\/ecostera.com\/dk\/wp-json\/wp\/v2\/product\/35755","targetHints":{"allow":["GET"]}}],"collection":[{"href":"https:\/\/ecostera.com\/dk\/wp-json\/wp\/v2\/product"}],"about":[{"href":"https:\/\/ecostera.com\/dk\/wp-json\/wp\/v2\/types\/product"}],"replies":[{"embeddable":true,"href":"https:\/\/ecostera.com\/dk\/wp-json\/wp\/v2\/comments?post=35755"}],"wp:featuredmedia":[{"embeddable":true,"href":"https:\/\/ecostera.com\/dk\/wp-json\/wp\/v2\/media\/35751"}],"wp:attachment":[{"href":"https:\/\/ecostera.com\/dk\/wp-json\/wp\/v2\/media?parent=35755"}],"wp:term":[{"taxonomy":"product_brand","embeddable":true,"href":"https:\/\/ecostera.com\/dk\/wp-json\/wp\/v2\/product_brand?post=35755"},{"taxonomy":"product_cat","embeddable":true,"href":"https:\/\/ecostera.com\/dk\/wp-json\/wp\/v2\/product_cat?post=35755"},{"taxonomy":"product_tag","embeddable":true,"href":"https:\/\/ecostera.com\/dk\/wp-json\/wp\/v2\/product_tag?post=35755"}],"curies":[{"name":"wp","href":"https:\/\/api.w.org\/{rel}","templated":true}]}}