{"id":35768,"date":"2025-11-18T19:24:11","date_gmt":"2025-11-18T17:24:11","guid":{"rendered":"https:\/\/ecostera.com\/dk\/product\/garnstyringsring-20-stk\/"},"modified":"2025-11-18T22:39:07","modified_gmt":"2025-11-18T20:39:07","slug":"garnstyringsring-20-stk","status":"publish","type":"product","link":"https:\/\/ecostera.com\/dk\/product\/garnstyringsring-20-stk\/","title":{"rendered":"Garnstyringsring (20 stk.)"},"content":{"rendered":"<p style=\"text-align: center\" data-start=\"0\" data-end=\"81\"><strong data-start=\"0\" data-end=\"81\">Hold dit garn perfekt organiseret og dine fingre afslappede, mens du skaber. \ud83e\uddf6<\/strong><\/p>\n<p style=\"text-align: center\" data-start=\"83\" data-end=\"318\">Denne garnstyringsring g\u00f8r det nemmere og hurtigere at strikke, h\u00e6kle og brodere ved at holde hver tr\u00e5d p\u00e6nt adskilt. Den sidder behageligt p\u00e5 din finger, reducerer belastningen og hj\u00e6lper dig med at arbejde med bedre kontrol og effektivitet.<\/p>\n<p data-start=\"83\" data-end=\"318\"><img fetchpriority=\"high\" decoding=\"async\" class=\"size-full wp-image-41528 aligncenter\" src=\"https:\/\/keluvo.com\/template\/wp-content\/uploads\/sites\/5\/2025\/11\/10228-ezgif.com-video-to-webp-converter-3.webp\" alt=\"\" width=\"500\" height=\"500\" \/><\/p>\n<h2 style=\"text-align: center\" data-start=\"325\" data-end=\"347\"><strong>Hovedfordele<\/strong><\/h2>\n<p data-start=\"350\" data-end=\"452\">\ud83e\uddf6 Multifunktionelt v\u00e6rkt\u00f8j til h\u00e5ndv\u00e6rk &#8211; Ideel til strikning, h\u00e6kling, broderi og andet garnh\u00e5ndv\u00e6rk.<\/p>\n<p data-start=\"455\" data-end=\"552\">\ud83c\udfa8 Reducerer belastningen af fingrene &#8211; Letv\u00e6gtsdesign letter trykket under lange h\u00e5ndv\u00e6rkssessioner.<\/p>\n<p data-start=\"555\" data-end=\"642\">\ud83d\udcaa Holdbart materiale &#8211; Lavet af PP af h\u00f8j kvalitet, der ikke deformeres eller slides nemt.<\/p>\n<p data-start=\"645\" data-end=\"739\">\ud83c\udf08 Lyse farver &#8211; Sjove farver g\u00f8r dit h\u00e5ndarbejde muntert og let at f\u00e5 \u00f8je p\u00e5.<\/p>\n<p data-start=\"742\" data-end=\"839\">\u2728 Begyndervenligt &#8211; Enkelt at bruge p\u00e5 alle niveauer, hvilket forbedrer hastighed og organisering.<\/p>\n<p data-start=\"742\" data-end=\"839\"><img decoding=\"async\" class=\"size-full wp-image-41531 aligncenter\" src=\"https:\/\/keluvo.com\/template\/wp-content\/uploads\/sites\/5\/2025\/11\/405850931ca4345d6a98e2ff267225967a35b77d-800.avif\" alt=\"\" \/><\/p>\n<h2 style=\"text-align: center\" data-start=\"846\" data-end=\"865\"><strong>S\u00e5dan Bruges<\/strong><\/h2>\n<ol data-start=\"866\" data-end=\"1084\">\n<li data-start=\"866\" data-end=\"903\">\n<p data-start=\"869\" data-end=\"903\">Glid ringen p\u00e5 din finger.<\/p>\n<\/li>\n<li data-start=\"904\" data-end=\"948\">\n<p data-start=\"907\" data-end=\"948\">Placer dit garn gennem styreslidsen.<\/p>\n<\/li>\n<li data-start=\"949\" data-end=\"1019\">\n<p data-start=\"952\" data-end=\"1019\">Juster garnsp\u00e6ndingen gennem din h\u00e5nd, mens du strikker eller h\u00e6kler.<\/p>\n<\/li>\n<li data-start=\"1020\" data-end=\"1084\">\n<p data-start=\"1023\" data-end=\"1084\">Nyd glat, sammenfiltret h\u00e5ndv\u00e6rk med mindre fingerstress.<\/p>\n<\/li>\n<\/ol>\n<h2 style=\"text-align: center\" data-start=\"1091\" data-end=\"1115\"><strong>Produktdetaljer<\/strong><\/h2>\n<ul data-start=\"1116\" data-end=\"1278\">\n<li data-start=\"1116\" data-end=\"1156\">\n<p data-start=\"1118\" data-end=\"1156\">Materiale: PP (h\u00f8j kvalitet, holdbar)<\/p>\n<\/li>\n<li data-start=\"1157\" data-end=\"1179\">\n<p data-start=\"1159\" data-end=\"1179\">St\u00f8rrelse: 5,3 x 1,6 cm<\/p>\n<\/li>\n<li data-start=\"1218\" data-end=\"1278\">\n<p data-start=\"1220\" data-end=\"1278\">Velegnet til: Strikning, h\u00e6kling, broderi, h\u00e5ndarbejde<\/p>\n<\/li>\n<\/ul>\n<h2 style=\"text-align: center\" data-start=\"1285\" data-end=\"1310\"><strong>Pakken indeholder<\/strong><\/h2>\n<ul data-start=\"1311\" data-end=\"1353\">\n<li data-start=\"1311\" data-end=\"1353\">\n<p data-start=\"1313\" data-end=\"1353\">20x garnstyringsringe.<\/p>\n<\/li>\n<\/ul>\n","protected":false},"excerpt":{"rendered":"<p>Hold dit garn perfekt organiseret og dine fingre afslappede, mens du skaber. \ud83e\uddf6 Denne garnstyringsring g\u00f8r det nemmere og hurtigere [&hellip;]<\/p>\n","protected":false},"featured_media":35764,"comment_status":"open","ping_status":"closed","template":"","meta":{"site-sidebar-layout":"default","site-content-layout":"","ast-site-content-layout":"default","site-content-style":"default","site-sidebar-style":"default","ast-global-header-display":"","ast-banner-title-visibility":"","ast-main-header-display":"","ast-hfb-above-header-display":"","ast-hfb-below-header-display":"","ast-hfb-mobile-header-display":"","site-post-title":"","ast-breadcrumbs-content":"","ast-featured-img":"","footer-sml-layout":"","theme-transparent-header-meta":"default","adv-header-id-meta":"","stick-header-meta":"","header-above-stick-meta":"","header-main-stick-meta":"","header-below-stick-meta":"","astra-migrate-meta-layouts":"set","ast-page-background-enabled":"default","ast-page-background-meta":{"desktop":{"background-color":"var(--ast-global-color-5)","background-image":"","background-repeat":"repeat","background-position":"center center","background-size":"auto","background-attachment":"scroll","background-type":"","background-media":"","overlay-type":"","overlay-color":"","overlay-opacity":"","overlay-gradient":""},"tablet":{"background-color":"","background-image":"","background-repeat":"repeat","background-position":"center center","background-size":"auto","background-attachment":"scroll","background-type":"","background-media":"","overlay-type":"","overlay-color":"","overlay-opacity":"","overlay-gradient":""},"mobile":{"background-color":"","background-image":"","background-repeat":"repeat","background-position":"center center","background-size":"auto","background-attachment":"scroll","background-type":"","background-media":"","overlay-type":"","overlay-color":"","overlay-opacity":"","overlay-gradient":""}},"ast-content-background-meta":{"desktop":{"background-color":"var(--ast-global-color-4)","background-image":"","background-repeat":"repeat","background-position":"center center","background-size":"auto","background-attachment":"scroll","background-type":"","background-media":"","overlay-type":"","overlay-color":"","overlay-opacity":"","overlay-gradient":""},"tablet":{"background-color":"var(--ast-global-color-4)","background-image":"","background-repeat":"repeat","background-position":"center center","background-size":"auto","background-attachment":"scroll","background-type":"","background-media":"","overlay-type":"","overlay-color":"","overlay-opacity":"","overlay-gradient":""},"mobile":{"background-color":"var(--ast-global-color-4)","background-image":"","background-repeat":"repeat","background-position":"center center","background-size":"auto","background-attachment":"scroll","background-type":"","background-media":"","overlay-type":"","overlay-color":"","overlay-opacity":"","overlay-gradient":""}}},"product_brand":[],"product_cat":[19],"product_tag":[],"class_list":{"0":"post-35768","1":"product","2":"type-product","3":"status-publish","4":"has-post-thumbnail","6":"product_cat-uncategorized","7":"pa_51793_6n6xm1mt-blaa","8":"pa_51793_6n6xm1mt-gul","9":"pa_51793_6n6xm1mt-lyseblaa","10":"pa_51793_6n6xm1mt-lyseroed","11":"desktop-align-left","12":"tablet-align-left","13":"mobile-align-left","15":"first","16":"instock","17":"shipping-taxable","18":"purchasable","19":"product-type-variable"},"_links":{"self":[{"href":"https:\/\/ecostera.com\/dk\/wp-json\/wp\/v2\/product\/35768","targetHints":{"allow":["GET"]}}],"collection":[{"href":"https:\/\/ecostera.com\/dk\/wp-json\/wp\/v2\/product"}],"about":[{"href":"https:\/\/ecostera.com\/dk\/wp-json\/wp\/v2\/types\/product"}],"replies":[{"embeddable":true,"href":"https:\/\/ecostera.com\/dk\/wp-json\/wp\/v2\/comments?post=35768"}],"wp:featuredmedia":[{"embeddable":true,"href":"https:\/\/ecostera.com\/dk\/wp-json\/wp\/v2\/media\/35764"}],"wp:attachment":[{"href":"https:\/\/ecostera.com\/dk\/wp-json\/wp\/v2\/media?parent=35768"}],"wp:term":[{"taxonomy":"product_brand","embeddable":true,"href":"https:\/\/ecostera.com\/dk\/wp-json\/wp\/v2\/product_brand?post=35768"},{"taxonomy":"product_cat","embeddable":true,"href":"https:\/\/ecostera.com\/dk\/wp-json\/wp\/v2\/product_cat?post=35768"},{"taxonomy":"product_tag","embeddable":true,"href":"https:\/\/ecostera.com\/dk\/wp-json\/wp\/v2\/product_tag?post=35768"}],"curies":[{"name":"wp","href":"https:\/\/api.w.org\/{rel}","templated":true}]}}