{"id":35785,"date":"2025-11-18T19:25:45","date_gmt":"2025-11-18T17:25:45","guid":{"rendered":"https:\/\/ecostera.com\/dk\/product\/automatisk-fuglefoderautomat\/"},"modified":"2025-12-01T12:58:34","modified_gmt":"2025-12-01T10:58:34","slug":"automatisk-fuglefoderautomat","status":"publish","type":"product","link":"https:\/\/ecostera.com\/dk\/product\/automatisk-fuglefoderautomat\/","title":{"rendered":"Automatisk fuglefoderautomat"},"content":{"rendered":"<p style=\"text-align: center\" data-start=\"0\" data-end=\"67\"><strong data-start=\"0\" data-end=\"67\">Hold Din Fugls Mad Ren, Fuld Og Fri For Rod &#8211; Automatisk. \ud83d\udc26<\/strong><\/p>\n<p style=\"text-align: center\" data-start=\"69\" data-end=\"303\">Denne automatiske fuglefoderautomat g\u00f8r det nemt og stressfrit at fodre dine fugle. Dens store kapacitet, automatiske doseringssystem og spildfri design sikrer, at dine k\u00e6ledyr altid har frisk mad uden daglig genopfyldning eller konstant oprydning.<\/p>\n<p data-start=\"69\" data-end=\"303\"><img fetchpriority=\"high\" decoding=\"async\" class=\"size-full wp-image-41543 aligncenter\" src=\"https:\/\/keluvo.com\/template\/wp-content\/uploads\/sites\/5\/2025\/11\/102210-ezgif.com-video-to-webp-converter-3.webp\" alt=\"\" width=\"500\" height=\"625\" \/><\/p>\n<h2 style=\"text-align: center\" data-start=\"310\" data-end=\"332\">\ud83c\udf1f Vigtigste fordele<\/h2>\n<p data-start=\"335\" data-end=\"426\">\ud83c\udf7d\ufe0f Stor madkapacitet &#8211; rummer nok fr\u00f8 til 7-30 dage afh\u00e6ngigt af fugletypen.<\/p>\n<p data-start=\"429\" data-end=\"506\">\ud83d\udeab Spildfri fodring &#8211; designet til at forhindre spild og reducere madspild.<\/p>\n<p data-start=\"509\" data-end=\"588\">\ud83e\udd16 Automatisk dosering &#8211; leverer mad efter behov uden manuel fodring.<\/p>\n<p data-start=\"591\" data-end=\"661\">\ud83d\udcaa Holdbart materiale &#8211; Lavet af fortykket PP til langvarig brug.<\/p>\n<p data-start=\"664\" data-end=\"757\">\ud83d\udc26 Perfekt til mange fugle &#8211; Perfekt til kanariefugle, undulater, finker, kakaduer m.m.<\/p>\n<p data-start=\"664\" data-end=\"757\"><img decoding=\"async\" class=\" wp-image-41545 aligncenter\" src=\"https:\/\/keluvo.com\/template\/wp-content\/uploads\/sites\/5\/2025\/11\/3bd2aa82acfd9bf5d280a39cd9a7f40dd5f110b1.webp\" alt=\"\" width=\"501\" height=\"627\" \/><\/p>\n<h2 style=\"text-align: center\" data-start=\"764\" data-end=\"783\">\ud83d\udc24 S\u00e5dan Bruges<\/h2>\n<ol data-start=\"784\" data-end=\"1037\">\n<li data-start=\"784\" data-end=\"837\">\n<p data-start=\"787\" data-end=\"837\">Fyld foderautomaten med din fugls foretrukne fr\u00f8.<\/p>\n<\/li>\n<li data-start=\"838\" data-end=\"903\">\n<p data-start=\"841\" data-end=\"903\">Fastg\u00f8r den til buret ved hj\u00e6lp af slidsen eller skruefastg\u00f8relsen.<\/p>\n<\/li>\n<li data-start=\"904\" data-end=\"970\">\n<p data-start=\"907\" data-end=\"970\">Foderautomaten frigiver automatisk mad, n\u00e5r din fugl spiser.<\/p>\n<\/li>\n<li data-start=\"971\" data-end=\"1037\">\n<p data-start=\"974\" data-end=\"1037\">Genopfyld, n\u00e5r den gennemsigtige beholder viser, at den er ved at l\u00f8be t\u00f8r.<\/p>\n<\/li>\n<\/ol>\n<h2 style=\"text-align: center\" data-start=\"1044\" data-end=\"1068\">\ud83d\udccc Produktdetaljer<\/h2>\n<ul data-start=\"1069\" data-end=\"1236\">\n<li data-start=\"1069\" data-end=\"1095\">\n<p data-start=\"1071\" data-end=\"1095\">Materiale: Fortykket PP<\/p>\n<\/li>\n<li data-start=\"1096\" data-end=\"1135\">\n<p data-start=\"1098\" data-end=\"1135\">Fastg\u00f8relsesmuligheder: Slot eller skruemontering<\/p>\n<\/li>\n<li data-start=\"1136\" data-end=\"1200\">\n<p data-start=\"1138\" data-end=\"1200\">Kapacitet: Rummer 7-30 dages fuglefoder (varierer efter fugletype)<\/p>\n<\/li>\n<li data-start=\"1201\" data-end=\"1236\">\n<p data-start=\"1203\" data-end=\"1236\">St\u00f8rrelse: 18,5 x 8,5 cm<\/p>\n<\/li>\n<\/ul>\n<h2 style=\"text-align: center\" data-start=\"1243\" data-end=\"1268\">\ud83d\udce6 Pakken indeholder<\/h2>\n<ul data-start=\"1269\" data-end=\"1319\">\n<li data-start=\"1269\" data-end=\"1319\">\n<p data-start=\"1271\" data-end=\"1319\">1x automatisk fuglefoderautomat.<\/p>\n<\/li>\n<\/ul>\n","protected":false},"excerpt":{"rendered":"<p>Hold Din Fugls Mad Ren, Fuld Og Fri For Rod &#8211; Automatisk. \ud83d\udc26 Denne automatiske fuglefoderautomat g\u00f8r det nemt og [&hellip;]<\/p>\n","protected":false},"featured_media":35781,"comment_status":"open","ping_status":"closed","template":"","meta":{"site-sidebar-layout":"default","site-content-layout":"","ast-site-content-layout":"default","site-content-style":"default","site-sidebar-style":"default","ast-global-header-display":"","ast-banner-title-visibility":"","ast-main-header-display":"","ast-hfb-above-header-display":"","ast-hfb-below-header-display":"","ast-hfb-mobile-header-display":"","site-post-title":"","ast-breadcrumbs-content":"","ast-featured-img":"","footer-sml-layout":"","theme-transparent-header-meta":"default","adv-header-id-meta":"","stick-header-meta":"","header-above-stick-meta":"","header-main-stick-meta":"","header-below-stick-meta":"","astra-migrate-meta-layouts":"set","ast-page-background-enabled":"default","ast-page-background-meta":{"desktop":{"background-color":"var(--ast-global-color-5)","background-image":"","background-repeat":"repeat","background-position":"center center","background-size":"auto","background-attachment":"scroll","background-type":"","background-media":"","overlay-type":"","overlay-color":"","overlay-opacity":"","overlay-gradient":""},"tablet":{"background-color":"","background-image":"","background-repeat":"repeat","background-position":"center center","background-size":"auto","background-attachment":"scroll","background-type":"","background-media":"","overlay-type":"","overlay-color":"","overlay-opacity":"","overlay-gradient":""},"mobile":{"background-color":"","background-image":"","background-repeat":"repeat","background-position":"center center","background-size":"auto","background-attachment":"scroll","background-type":"","background-media":"","overlay-type":"","overlay-color":"","overlay-opacity":"","overlay-gradient":""}},"ast-content-background-meta":{"desktop":{"background-color":"var(--ast-global-color-4)","background-image":"","background-repeat":"repeat","background-position":"center center","background-size":"auto","background-attachment":"scroll","background-type":"","background-media":"","overlay-type":"","overlay-color":"","overlay-opacity":"","overlay-gradient":""},"tablet":{"background-color":"var(--ast-global-color-4)","background-image":"","background-repeat":"repeat","background-position":"center center","background-size":"auto","background-attachment":"scroll","background-type":"","background-media":"","overlay-type":"","overlay-color":"","overlay-opacity":"","overlay-gradient":""},"mobile":{"background-color":"var(--ast-global-color-4)","background-image":"","background-repeat":"repeat","background-position":"center center","background-size":"auto","background-attachment":"scroll","background-type":"","background-media":"","overlay-type":"","overlay-color":"","overlay-opacity":"","overlay-gradient":""}}},"product_brand":[],"product_cat":[19],"product_tag":[],"class_list":{"0":"post-35785","1":"product","2":"type-product","3":"status-publish","4":"has-post-thumbnail","6":"product_cat-uncategorized","7":"desktop-align-left","8":"tablet-align-left","9":"mobile-align-left","11":"first","12":"instock","13":"shipping-taxable","14":"purchasable","15":"product-type-simple"},"_links":{"self":[{"href":"https:\/\/ecostera.com\/dk\/wp-json\/wp\/v2\/product\/35785","targetHints":{"allow":["GET"]}}],"collection":[{"href":"https:\/\/ecostera.com\/dk\/wp-json\/wp\/v2\/product"}],"about":[{"href":"https:\/\/ecostera.com\/dk\/wp-json\/wp\/v2\/types\/product"}],"replies":[{"embeddable":true,"href":"https:\/\/ecostera.com\/dk\/wp-json\/wp\/v2\/comments?post=35785"}],"wp:featuredmedia":[{"embeddable":true,"href":"https:\/\/ecostera.com\/dk\/wp-json\/wp\/v2\/media\/35781"}],"wp:attachment":[{"href":"https:\/\/ecostera.com\/dk\/wp-json\/wp\/v2\/media?parent=35785"}],"wp:term":[{"taxonomy":"product_brand","embeddable":true,"href":"https:\/\/ecostera.com\/dk\/wp-json\/wp\/v2\/product_brand?post=35785"},{"taxonomy":"product_cat","embeddable":true,"href":"https:\/\/ecostera.com\/dk\/wp-json\/wp\/v2\/product_cat?post=35785"},{"taxonomy":"product_tag","embeddable":true,"href":"https:\/\/ecostera.com\/dk\/wp-json\/wp\/v2\/product_tag?post=35785"}],"curies":[{"name":"wp","href":"https:\/\/api.w.org\/{rel}","templated":true}]}}