{"id":3585,"date":"2025-07-21T08:46:28","date_gmt":"2025-07-21T08:46:28","guid":{"rendered":"https:\/\/ecostera.com\/dk\/product\/dungarees-i-laerred-til-kvinder\/"},"modified":"2025-07-21T09:39:33","modified_gmt":"2025-07-21T09:39:33","slug":"dungarees-i-laerred-til-kvinder","status":"publish","type":"product","link":"https:\/\/ecostera.com\/dk\/product\/dungarees-i-laerred-til-kvinder\/","title":{"rendered":"Dungarees i l\u00e6rred til kvinder"},"content":{"rendered":"<h2 style=\"text-align: center\">\ud83d\udc56 Robuste L\u00e6rredsbukser Til Kvinder &#8211; Ultraafslappet Pasform<\/h2>\n<p style=\"text-align: center\" data-start=\"240\" data-end=\"351\"><strong data-start=\"240\" data-end=\"351\">Udmattelig Komfort M\u00f8der Slidst\u00e6rkt Arbejdst\u00f8j \u2014 Det Perfekte Par Overalls Til Stil, Styrke Og Bev\u00e6gelse.<\/strong><\/p>\n<p style=\"text-align: center\" data-start=\"353\" data-end=\"566\">Disse l\u00e6rredsbukser er bygget til dit daglige arbejde. Med justerbare stropper, dybe lommer og kraftigt stof er de ideelle til havearbejde, h\u00e5ndv\u00e6rk, udend\u00f8rs arbejde &#8211; eller bare til et cool utility-look.<\/p>\n<h2 style=\"text-align: center\" data-start=\"573\" data-end=\"593\">\ud83d\udd0d Vigtige Funktioner:<\/h2>\n<ul data-start=\"595\" data-end=\"916\">\n<li data-start=\"595\" data-end=\"633\">\n<p data-start=\"597\" data-end=\"633\">\ud83d\udd27 Str\u00e6kstropper for en tilpasset pasform<\/p>\n<\/li>\n<li data-start=\"634\" data-end=\"675\">\n<p data-start=\"636\" data-end=\"675\">\ud83e\uddf5 Tredobbelt syning for ekstra styrke<\/p>\n<\/li>\n<li data-start=\"676\" data-end=\"724\">\n<p data-start=\"678\" data-end=\"724\">\ud83c\udf92 Stor hagesm\u00e6klomme med trykknaplukning<\/p>\n<\/li>\n<li data-start=\"725\" data-end=\"755\">\n<p data-start=\"727\" data-end=\"755\">\ud83d\udc56 To rummelige forlommer<\/p>\n<\/li>\n<li data-start=\"756\" data-end=\"786\">\n<p data-start=\"758\" data-end=\"786\">\ud83d\udd28 Hammerstrop p\u00e5 venstre ben<\/p>\n<\/li>\n<li data-start=\"787\" data-end=\"831\">\n<p data-start=\"789\" data-end=\"831\">\ud83e\uddfa Forst\u00e6rkede baglommer til daglig brug<\/p>\n<\/li>\n<li data-start=\"832\" data-end=\"878\">\n<p data-start=\"834\" data-end=\"878\">\ud83e\uddf6 Fremstillet af tyk, \u00e5ndbar 100% bomuld<\/p>\n<\/li>\n<li data-start=\"879\" data-end=\"916\">\n<p data-start=\"881\" data-end=\"916\">\ud83e\uddfc Kan maskinvaskes for nem pleje<\/p>\n<\/li>\n<li>\ud83d\udccf 74 cm inders\u00f8m<\/li>\n<\/ul>\n<h2 style=\"text-align: center\">St\u00f8rrelsesskema<\/h2>\n<p><img decoding=\"async\" class=\"alignnone size-full wp-image-20986 aligncenter\" src=\"https:\/\/keluvo.com\/template\/wp-content\/uploads\/sites\/5\/2025\/05\/canvas-chart.jpg\" alt=\"\" \/><\/p>\n<div>\n<h2 class=\"summary__title\" style=\"text-align: center\">S\u00e5dan V\u00e6lger Du St\u00f8rrelse<\/h2>\n<\/div>\n<div id=\"ProductAccordion-edf1794e-3b04-4bfc-a440-8f499b72f231-template--20624063660336__main\" class=\"accordion__content rte\">\n<p style=\"text-align: center\">P\u00e5 detaljesiden for hvert af vores produkter finder du et st\u00f8rrelsesskema, der viser de faktiske m\u00e5l p\u00e5 produktet.<\/p>\n<p style=\"text-align: center\">M\u00e5l dine egne kropsm\u00e5l (f.eks. bryst, talje og hofter), sammenlign dine kropsm\u00e5l med st\u00f8rrelsesskemaet, og v\u00e6lg den st\u00f8rrelse, der passer dig.<\/p>\n<p style=\"text-align: center\">Du kan ogs\u00e5 m\u00e5le dine egne t\u00f8jm\u00e5l, sammenligne dem med st\u00f8rrelsesskemaet og v\u00e6lge en st\u00f8rrelse, der ligger t\u00e6t p\u00e5 dine t\u00f8jm\u00e5l. Dette er en metode vi st\u00e6rkt anbefaler.<\/p>\n<p style=\"text-align: center\">Hvis du stadig er i tvivl om, hvordan du skal v\u00e6lge st\u00f8rrelse, s\u00e5 kontakt os. Vi vil med gl\u00e6de anbefale en st\u00f8rrelse til dig.<\/p>\n<\/div>\n","protected":false},"excerpt":{"rendered":"<p>\ud83d\udc56 Robuste L\u00e6rredsbukser Til Kvinder &#8211; Ultraafslappet Pasform Udmattelig Komfort M\u00f8der Slidst\u00e6rkt Arbejdst\u00f8j \u2014 Det Perfekte Par Overalls Til Stil, [&hellip;]<\/p>\n","protected":false},"featured_media":3581,"comment_status":"open","ping_status":"closed","template":"","meta":{"site-sidebar-layout":"default","site-content-layout":"","ast-site-content-layout":"default","site-content-style":"default","site-sidebar-style":"default","ast-global-header-display":"","ast-banner-title-visibility":"","ast-main-header-display":"","ast-hfb-above-header-display":"","ast-hfb-below-header-display":"","ast-hfb-mobile-header-display":"","site-post-title":"","ast-breadcrumbs-content":"","ast-featured-img":"","footer-sml-layout":"","theme-transparent-header-meta":"default","adv-header-id-meta":"","stick-header-meta":"","header-above-stick-meta":"","header-main-stick-meta":"","header-below-stick-meta":"","astra-migrate-meta-layouts":"set","ast-page-background-enabled":"default","ast-page-background-meta":{"desktop":{"background-color":"var(--ast-global-color-5)","background-image":"","background-repeat":"repeat","background-position":"center center","background-size":"auto","background-attachment":"scroll","background-type":"","background-media":"","overlay-type":"","overlay-color":"","overlay-opacity":"","overlay-gradient":""},"tablet":{"background-color":"","background-image":"","background-repeat":"repeat","background-position":"center center","background-size":"auto","background-attachment":"scroll","background-type":"","background-media":"","overlay-type":"","overlay-color":"","overlay-opacity":"","overlay-gradient":""},"mobile":{"background-color":"","background-image":"","background-repeat":"repeat","background-position":"center center","background-size":"auto","background-attachment":"scroll","background-type":"","background-media":"","overlay-type":"","overlay-color":"","overlay-opacity":"","overlay-gradient":""}},"ast-content-background-meta":{"desktop":{"background-color":"var(--ast-global-color-4)","background-image":"","background-repeat":"repeat","background-position":"center center","background-size":"auto","background-attachment":"scroll","background-type":"","background-media":"","overlay-type":"","overlay-color":"","overlay-opacity":"","overlay-gradient":""},"tablet":{"background-color":"var(--ast-global-color-4)","background-image":"","background-repeat":"repeat","background-position":"center center","background-size":"auto","background-attachment":"scroll","background-type":"","background-media":"","overlay-type":"","overlay-color":"","overlay-opacity":"","overlay-gradient":""},"mobile":{"background-color":"var(--ast-global-color-4)","background-image":"","background-repeat":"repeat","background-position":"center center","background-size":"auto","background-attachment":"scroll","background-type":"","background-media":"","overlay-type":"","overlay-color":"","overlay-opacity":"","overlay-gradient":""}}},"product_brand":[],"product_cat":[19],"product_tag":[],"class_list":{"0":"post-3585","1":"product","2":"type-product","3":"status-publish","4":"has-post-thumbnail","6":"product_cat-uncategorized","7":"pa_48125_es4yuxdo-s","8":"pa_48125_es4yuxdo-m","9":"pa_48125_es4yuxdo-l","10":"pa_48125_es4yuxdo-xl","11":"pa_48125_es4yuxdo-2xl","12":"pa_48125_thjyeskr-graa","13":"pa_48125_thjyeskr-groen","14":"pa_48125_thjyeskr-kamel","15":"pa_48125_thjyeskr-sort","16":"desktop-align-left","17":"tablet-align-left","18":"mobile-align-left","20":"first","21":"instock","22":"shipping-taxable","23":"purchasable","24":"product-type-variable","25":"has-default-attributes"},"_links":{"self":[{"href":"https:\/\/ecostera.com\/dk\/wp-json\/wp\/v2\/product\/3585","targetHints":{"allow":["GET"]}}],"collection":[{"href":"https:\/\/ecostera.com\/dk\/wp-json\/wp\/v2\/product"}],"about":[{"href":"https:\/\/ecostera.com\/dk\/wp-json\/wp\/v2\/types\/product"}],"replies":[{"embeddable":true,"href":"https:\/\/ecostera.com\/dk\/wp-json\/wp\/v2\/comments?post=3585"}],"wp:featuredmedia":[{"embeddable":true,"href":"https:\/\/ecostera.com\/dk\/wp-json\/wp\/v2\/media\/3581"}],"wp:attachment":[{"href":"https:\/\/ecostera.com\/dk\/wp-json\/wp\/v2\/media?parent=3585"}],"wp:term":[{"taxonomy":"product_brand","embeddable":true,"href":"https:\/\/ecostera.com\/dk\/wp-json\/wp\/v2\/product_brand?post=3585"},{"taxonomy":"product_cat","embeddable":true,"href":"https:\/\/ecostera.com\/dk\/wp-json\/wp\/v2\/product_cat?post=3585"},{"taxonomy":"product_tag","embeddable":true,"href":"https:\/\/ecostera.com\/dk\/wp-json\/wp\/v2\/product_tag?post=3585"}],"curies":[{"name":"wp","href":"https:\/\/api.w.org\/{rel}","templated":true}]}}