{"id":35933,"date":"2025-11-19T12:42:17","date_gmt":"2025-11-19T10:42:17","guid":{"rendered":"https:\/\/ecostera.com\/dk\/product\/skaerer-til-glasflasker\/"},"modified":"2025-12-01T13:01:51","modified_gmt":"2025-12-01T11:01:51","slug":"skaerer-til-glasflasker","status":"publish","type":"product","link":"https:\/\/ecostera.com\/dk\/product\/skaerer-til-glasflasker\/","title":{"rendered":"Sk\u00e6rer til glasflasker"},"content":{"rendered":"<p style=\"text-align: center\" data-start=\"0\" data-end=\"72\"><strong data-start=\"0\" data-end=\"72\">Sk\u00e6r nemt i glasflasker, og forvandl dem til smukke DIY-kreationer. \ud83c\udf77<\/strong><\/p>\n<p style=\"text-align: center\" data-start=\"74\" data-end=\"291\">Denne glasflaskesk\u00e6rer hj\u00e6lper dig med at sk\u00e6re flasker j\u00e6vnt, sikkert og med pr\u00e6cision. Uanset om du laver indretning, lamper, kopper eller vaser, giver dette v\u00e6rkt\u00f8j dig den perfekte scorelinje hver gang &#8211; ingen erfaring er n\u00f8dvendig.<\/p>\n<p data-start=\"74\" data-end=\"291\"><img fetchpriority=\"high\" decoding=\"async\" class=\"size-full wp-image-41625 aligncenter\" src=\"https:\/\/keluvo.com\/template\/wp-content\/uploads\/sites\/5\/2025\/11\/10221-ezgif.com-video-to-webp-converter-5.webp\" alt=\"\" width=\"500\" height=\"894\" \/><\/p>\n<h2 style=\"text-align: center\" data-start=\"298\" data-end=\"320\"><strong>Vigtigste Fordele<\/strong><\/h2>\n<p data-start=\"323\" data-end=\"402\">\ud83d\udd27 Justerbar bladvinkel &#8211; Passer til forskellige flaskest\u00f8rrelser for perfekte snit.<\/p>\n<p data-start=\"405\" data-end=\"491\">\u2702\ufe0f Skarpt og holdbart blad &#8211; Lavet af materialer af h\u00f8j kvalitet til ren scoring.<\/p>\n<p data-start=\"494\" data-end=\"586\">\ud83c\udfa8 Ideel til DIY-projekter &#8211; Perfekt til h\u00e5ndv\u00e6rk, boligindretning og genbrug af glasflasker.<\/p>\n<p data-start=\"589\" data-end=\"665\">\ud83e\udd1d Let for begyndere &#8211; Enkelt design g\u00f8r det let for alle at bruge det.<\/p>\n<p data-start=\"668\" data-end=\"770\">\ud83d\udcaa St\u00e6rk konstruktion &#8211; Fremstillet af robust pc-materiale og rustfrit st\u00e5l for langvarig ydeevne.<\/p>\n<p data-start=\"668\" data-end=\"770\"><img decoding=\"async\" class=\"size-full wp-image-41623 aligncenter\" src=\"https:\/\/keluvo.com\/template\/wp-content\/uploads\/sites\/5\/2025\/11\/12c9e0d07a242c75bd25fe6d77acf253ae367acb19e71e954048b259b751fec0-700.jpg\" alt=\"\" width=\"1080\" height=\"1080\" \/><\/p>\n<h2 style=\"text-align: center\" data-start=\"777\" data-end=\"797\"><strong>S\u00e5dan Bruges<\/strong><\/h2>\n<ol data-start=\"798\" data-end=\"1099\">\n<li data-start=\"798\" data-end=\"871\">\n<p data-start=\"801\" data-end=\"871\">Placer flasken p\u00e5 kniven, og juster bredden og bladvinklen.<\/p>\n<\/li>\n<li data-start=\"872\" data-end=\"934\">\n<p data-start=\"875\" data-end=\"934\">Drej flasken langsomt for at lave en ren linje omkring den.<\/p>\n<\/li>\n<li data-start=\"935\" data-end=\"1006\">\n<p data-start=\"938\" data-end=\"1006\">Opvarm den ridsede linje med varmt vand, og afk\u00f8l den derefter med koldt vand.<\/p>\n<\/li>\n<li data-start=\"1007\" data-end=\"1058\">\n<p data-start=\"1010\" data-end=\"1058\">Flasken skilles ad langs den ridsede linje.<\/p>\n<\/li>\n<li data-start=\"1059\" data-end=\"1099\">\n<p data-start=\"1062\" data-end=\"1099\">Slib kanterne for at f\u00e5 en glat finish.<\/p>\n<\/li>\n<\/ol>\n<h2 style=\"text-align: center\" data-start=\"1106\" data-end=\"1130\"><strong>Produktdetaljer<\/strong><\/h2>\n<ul data-start=\"1131\" data-end=\"1301\">\n<li data-start=\"1131\" data-end=\"1175\">\n<p data-start=\"1133\" data-end=\"1175\">Materiale: PC + skruestang i rustfrit st\u00e5l<\/p>\n<\/li>\n<li data-start=\"1176\" data-end=\"1203\">\n<p data-start=\"1178\" data-end=\"1203\">St\u00f8rrelse: 200 x 150 mm<\/p>\n<\/li>\n<li data-start=\"1234\" data-end=\"1301\">\n<p data-start=\"1236\" data-end=\"1301\">Velegnet til: Sk\u00e6ring af glasflasker i forskellige former og st\u00f8rrelser<\/p>\n<\/li>\n<\/ul>\n<h2 style=\"text-align: center\" data-start=\"1308\" data-end=\"1333\"><strong>Pakken indeholder<\/strong><\/h2>\n<ul data-start=\"1334\" data-end=\"1361\">\n<li data-start=\"1334\" data-end=\"1361\">\n<p data-start=\"1336\" data-end=\"1361\">1x glasflaskesk\u00e6rer.<\/p>\n<\/li>\n<\/ul>\n","protected":false},"excerpt":{"rendered":"<p>Sk\u00e6r nemt i glasflasker, og forvandl dem til smukke DIY-kreationer. \ud83c\udf77 Denne glasflaskesk\u00e6rer hj\u00e6lper dig med at sk\u00e6re flasker j\u00e6vnt, [&hellip;]<\/p>\n","protected":false},"featured_media":35929,"comment_status":"open","ping_status":"closed","template":"","meta":{"site-sidebar-layout":"default","site-content-layout":"","ast-site-content-layout":"default","site-content-style":"default","site-sidebar-style":"default","ast-global-header-display":"","ast-banner-title-visibility":"","ast-main-header-display":"","ast-hfb-above-header-display":"","ast-hfb-below-header-display":"","ast-hfb-mobile-header-display":"","site-post-title":"","ast-breadcrumbs-content":"","ast-featured-img":"","footer-sml-layout":"","theme-transparent-header-meta":"default","adv-header-id-meta":"","stick-header-meta":"","header-above-stick-meta":"","header-main-stick-meta":"","header-below-stick-meta":"","astra-migrate-meta-layouts":"set","ast-page-background-enabled":"default","ast-page-background-meta":{"desktop":{"background-color":"var(--ast-global-color-5)","background-image":"","background-repeat":"repeat","background-position":"center center","background-size":"auto","background-attachment":"scroll","background-type":"","background-media":"","overlay-type":"","overlay-color":"","overlay-opacity":"","overlay-gradient":""},"tablet":{"background-color":"","background-image":"","background-repeat":"repeat","background-position":"center center","background-size":"auto","background-attachment":"scroll","background-type":"","background-media":"","overlay-type":"","overlay-color":"","overlay-opacity":"","overlay-gradient":""},"mobile":{"background-color":"","background-image":"","background-repeat":"repeat","background-position":"center center","background-size":"auto","background-attachment":"scroll","background-type":"","background-media":"","overlay-type":"","overlay-color":"","overlay-opacity":"","overlay-gradient":""}},"ast-content-background-meta":{"desktop":{"background-color":"var(--ast-global-color-4)","background-image":"","background-repeat":"repeat","background-position":"center center","background-size":"auto","background-attachment":"scroll","background-type":"","background-media":"","overlay-type":"","overlay-color":"","overlay-opacity":"","overlay-gradient":""},"tablet":{"background-color":"var(--ast-global-color-4)","background-image":"","background-repeat":"repeat","background-position":"center center","background-size":"auto","background-attachment":"scroll","background-type":"","background-media":"","overlay-type":"","overlay-color":"","overlay-opacity":"","overlay-gradient":""},"mobile":{"background-color":"var(--ast-global-color-4)","background-image":"","background-repeat":"repeat","background-position":"center center","background-size":"auto","background-attachment":"scroll","background-type":"","background-media":"","overlay-type":"","overlay-color":"","overlay-opacity":"","overlay-gradient":""}}},"product_brand":[],"product_cat":[19],"product_tag":[],"class_list":{"0":"post-35933","1":"product","2":"type-product","3":"status-publish","4":"has-post-thumbnail","6":"product_cat-uncategorized","7":"desktop-align-left","8":"tablet-align-left","9":"mobile-align-left","11":"first","12":"instock","13":"shipping-taxable","14":"purchasable","15":"product-type-simple"},"_links":{"self":[{"href":"https:\/\/ecostera.com\/dk\/wp-json\/wp\/v2\/product\/35933","targetHints":{"allow":["GET"]}}],"collection":[{"href":"https:\/\/ecostera.com\/dk\/wp-json\/wp\/v2\/product"}],"about":[{"href":"https:\/\/ecostera.com\/dk\/wp-json\/wp\/v2\/types\/product"}],"replies":[{"embeddable":true,"href":"https:\/\/ecostera.com\/dk\/wp-json\/wp\/v2\/comments?post=35933"}],"wp:featuredmedia":[{"embeddable":true,"href":"https:\/\/ecostera.com\/dk\/wp-json\/wp\/v2\/media\/35929"}],"wp:attachment":[{"href":"https:\/\/ecostera.com\/dk\/wp-json\/wp\/v2\/media?parent=35933"}],"wp:term":[{"taxonomy":"product_brand","embeddable":true,"href":"https:\/\/ecostera.com\/dk\/wp-json\/wp\/v2\/product_brand?post=35933"},{"taxonomy":"product_cat","embeddable":true,"href":"https:\/\/ecostera.com\/dk\/wp-json\/wp\/v2\/product_cat?post=35933"},{"taxonomy":"product_tag","embeddable":true,"href":"https:\/\/ecostera.com\/dk\/wp-json\/wp\/v2\/product_tag?post=35933"}],"curies":[{"name":"wp","href":"https:\/\/api.w.org\/{rel}","templated":true}]}}