{"id":35942,"date":"2025-11-19T12:43:09","date_gmt":"2025-11-19T10:43:09","guid":{"rendered":"https:\/\/ecostera.com\/dk\/product\/aaa-til-aa-batterikonverter-20-stk\/"},"modified":"2025-11-24T20:06:08","modified_gmt":"2025-11-24T18:06:08","slug":"aaa-til-aa-batterikonverter-20-stk","status":"publish","type":"product","link":"https:\/\/ecostera.com\/dk\/product\/aaa-til-aa-batterikonverter-20-stk\/","title":{"rendered":"AAA til AA-batterikonverter (20 stk.)"},"content":{"rendered":"<p style=\"text-align: center\" data-start=\"0\" data-end=\"47\"><strong data-start=\"0\" data-end=\"47\">Lav et AAA-batteri om til et AA-batteri p\u00e5 f\u00e5 sekunder. \ud83d\udd0b<\/strong><\/p>\n<p style=\"text-align: center\" data-start=\"49\" data-end=\"285\">Med denne AAA til AA-batterikonverter kan du bruge et AAA-batteri, hvor der er brug for et AA-batteri. Det er en enkel, let og b\u00e6rbar l\u00f8sning, der sparer tid, penge og frustrationer &#8211; perfekt til fjernbetjeninger, leget\u00f8j, lommelygter og meget mere.<\/p>\n<p data-start=\"49\" data-end=\"285\"><img decoding=\"async\" class=\"size-full wp-image-41629 aligncenter\" src=\"https:\/\/keluvo.com\/template\/wp-content\/uploads\/sites\/5\/2025\/11\/a9248084-53fd-462e-9957-4a8df7668690.gif\" alt=\"\" \/><\/p>\n<h2 style=\"text-align: center\" data-start=\"292\" data-end=\"314\">\ud83c\udf1f Vigtigste Fordele<\/h2>\n<p data-start=\"317\" data-end=\"392\">\ud83d\udd0b \u00d8jeblikkelig AA-erstatning \u2014 et AAA-batteri fungerer som et AA-batteri.<\/p>\n<p data-start=\"395\" data-end=\"469\">\ud83e\uddf3 Lille og b\u00e6rbar \u2014 nem at have med i tasker, skuffer eller v\u00e6rkt\u00f8jskasser.<\/p>\n<p data-start=\"472\" data-end=\"541\">\ud83d\udc8e Holdbart PP-materiale \u2014 St\u00e6rkt, let og langtidsholdbart.<\/p>\n<p data-start=\"544\" data-end=\"616\">\ud83d\udee0\ufe0f P\u00e6nt og organiseret \u2014 Hj\u00e6lper med at opbevare ekstra batterier sikkert.<\/p>\n<p data-start=\"619\" data-end=\"687\">\ud83d\udca1 Omkostningseffektivt \u2014 Reducer behovet for at k\u00f8be ekstra AA-batterier.<\/p>\n<p data-start=\"619\" data-end=\"687\"><img fetchpriority=\"high\" decoding=\"async\" class=\" wp-image-41628 aligncenter\" src=\"https:\/\/keluvo.com\/template\/wp-content\/uploads\/sites\/5\/2025\/11\/5a8f5662-8126-496c-aa03-ad1187922ac5.webp\" alt=\"\" width=\"500\" height=\"500\" \/><\/p>\n<h2 style=\"text-align: center\" data-start=\"694\" data-end=\"714\">\ud83d\udee0\ufe0f S\u00e5dan Bruges<\/h2>\n<ol data-start=\"715\" data-end=\"856\">\n<li data-start=\"715\" data-end=\"744\">\n<p data-start=\"718\" data-end=\"744\">\u00c5bn konverteretuiet.<\/p>\n<\/li>\n<li data-start=\"745\" data-end=\"778\">\n<p data-start=\"748\" data-end=\"778\">S\u00e6t et AAA-batteri i.<\/p>\n<\/li>\n<li data-start=\"779\" data-end=\"808\">\n<p data-start=\"782\" data-end=\"808\">Luk etuiet forsvarligt.<\/p>\n<\/li>\n<li data-start=\"809\" data-end=\"856\">\n<p data-start=\"812\" data-end=\"856\">Brug det overalt, hvor der er brug for et AA-batteri.<\/p>\n<\/li>\n<\/ol>\n<h2 style=\"text-align: center\" data-start=\"863\" data-end=\"887\">\ud83d\udccc Produktdetaljer<\/h2>\n<ul data-start=\"888\" data-end=\"1027\">\n<li data-start=\"888\" data-end=\"912\">\n<p data-start=\"890\" data-end=\"912\">Materiale: PP-plast<\/p>\n<\/li>\n<li data-start=\"936\" data-end=\"955\">\n<p data-start=\"938\" data-end=\"955\">Nettov\u00e6gt: 10g<\/p>\n<\/li>\n<li data-start=\"956\" data-end=\"1027\">\n<p data-start=\"958\" data-end=\"1027\">Funktion: Konverterer 1x AAA-batteri til AA-st\u00f8rrelse (batteri medf\u00f8lger ikke)<\/p>\n<\/li>\n<\/ul>\n<h2 style=\"text-align: center\" data-start=\"1034\" data-end=\"1059\">\ud83c\udf81 Pakken indeholder<\/h2>\n<ul data-start=\"1060\" data-end=\"1139\">\n<li data-start=\"1060\" data-end=\"1139\">\n<p data-start=\"1062\" data-end=\"1139\">20x AAA til AA-batterikonvertere.<\/p>\n<\/li>\n<\/ul>\n","protected":false},"excerpt":{"rendered":"<p>Lav et AAA-batteri om til et AA-batteri p\u00e5 f\u00e5 sekunder. \ud83d\udd0b Med denne AAA til AA-batterikonverter kan du bruge et [&hellip;]<\/p>\n","protected":false},"featured_media":35938,"comment_status":"open","ping_status":"closed","template":"","meta":{"site-sidebar-layout":"default","site-content-layout":"","ast-site-content-layout":"default","site-content-style":"default","site-sidebar-style":"default","ast-global-header-display":"","ast-banner-title-visibility":"","ast-main-header-display":"","ast-hfb-above-header-display":"","ast-hfb-below-header-display":"","ast-hfb-mobile-header-display":"","site-post-title":"","ast-breadcrumbs-content":"","ast-featured-img":"","footer-sml-layout":"","theme-transparent-header-meta":"default","adv-header-id-meta":"","stick-header-meta":"","header-above-stick-meta":"","header-main-stick-meta":"","header-below-stick-meta":"","astra-migrate-meta-layouts":"set","ast-page-background-enabled":"default","ast-page-background-meta":{"desktop":{"background-color":"var(--ast-global-color-5)","background-image":"","background-repeat":"repeat","background-position":"center center","background-size":"auto","background-attachment":"scroll","background-type":"","background-media":"","overlay-type":"","overlay-color":"","overlay-opacity":"","overlay-gradient":""},"tablet":{"background-color":"","background-image":"","background-repeat":"repeat","background-position":"center center","background-size":"auto","background-attachment":"scroll","background-type":"","background-media":"","overlay-type":"","overlay-color":"","overlay-opacity":"","overlay-gradient":""},"mobile":{"background-color":"","background-image":"","background-repeat":"repeat","background-position":"center center","background-size":"auto","background-attachment":"scroll","background-type":"","background-media":"","overlay-type":"","overlay-color":"","overlay-opacity":"","overlay-gradient":""}},"ast-content-background-meta":{"desktop":{"background-color":"var(--ast-global-color-4)","background-image":"","background-repeat":"repeat","background-position":"center center","background-size":"auto","background-attachment":"scroll","background-type":"","background-media":"","overlay-type":"","overlay-color":"","overlay-opacity":"","overlay-gradient":""},"tablet":{"background-color":"var(--ast-global-color-4)","background-image":"","background-repeat":"repeat","background-position":"center center","background-size":"auto","background-attachment":"scroll","background-type":"","background-media":"","overlay-type":"","overlay-color":"","overlay-opacity":"","overlay-gradient":""},"mobile":{"background-color":"var(--ast-global-color-4)","background-image":"","background-repeat":"repeat","background-position":"center center","background-size":"auto","background-attachment":"scroll","background-type":"","background-media":"","overlay-type":"","overlay-color":"","overlay-opacity":"","overlay-gradient":""}}},"product_brand":[],"product_cat":[19],"product_tag":[],"class_list":{"0":"post-35942","1":"product","2":"type-product","3":"status-publish","4":"has-post-thumbnail","6":"product_cat-uncategorized","7":"desktop-align-left","8":"tablet-align-left","9":"mobile-align-left","11":"first","12":"instock","13":"shipping-taxable","14":"purchasable","15":"product-type-simple"},"_links":{"self":[{"href":"https:\/\/ecostera.com\/dk\/wp-json\/wp\/v2\/product\/35942","targetHints":{"allow":["GET"]}}],"collection":[{"href":"https:\/\/ecostera.com\/dk\/wp-json\/wp\/v2\/product"}],"about":[{"href":"https:\/\/ecostera.com\/dk\/wp-json\/wp\/v2\/types\/product"}],"replies":[{"embeddable":true,"href":"https:\/\/ecostera.com\/dk\/wp-json\/wp\/v2\/comments?post=35942"}],"wp:featuredmedia":[{"embeddable":true,"href":"https:\/\/ecostera.com\/dk\/wp-json\/wp\/v2\/media\/35938"}],"wp:attachment":[{"href":"https:\/\/ecostera.com\/dk\/wp-json\/wp\/v2\/media?parent=35942"}],"wp:term":[{"taxonomy":"product_brand","embeddable":true,"href":"https:\/\/ecostera.com\/dk\/wp-json\/wp\/v2\/product_brand?post=35942"},{"taxonomy":"product_cat","embeddable":true,"href":"https:\/\/ecostera.com\/dk\/wp-json\/wp\/v2\/product_cat?post=35942"},{"taxonomy":"product_tag","embeddable":true,"href":"https:\/\/ecostera.com\/dk\/wp-json\/wp\/v2\/product_tag?post=35942"}],"curies":[{"name":"wp","href":"https:\/\/api.w.org\/{rel}","templated":true}]}}