{"id":36165,"date":"2025-11-20T18:27:05","date_gmt":"2025-11-20T16:27:05","guid":{"rendered":"https:\/\/ecostera.com\/dk\/product\/ultratyndt-webcam-cover-slide\/"},"modified":"2025-12-01T13:01:47","modified_gmt":"2025-12-01T11:01:47","slug":"ultratyndt-webcam-cover-slide","status":"publish","type":"product","link":"https:\/\/ecostera.com\/dk\/product\/ultratyndt-webcam-cover-slide\/","title":{"rendered":"Ultratyndt webcam-d\u00e6ksel"},"content":{"rendered":"<p style=\"text-align: center\" data-start=\"0\" data-end=\"94\"><strong data-start=\"0\" data-end=\"94\">Beskyt dit privatliv med det samme med et slankt, sikkert webcam-cover, som du kan bruge p\u00e5 alle enheder. \ud83d\udcbb<\/strong><\/p>\n<p style=\"text-align: center\" data-start=\"96\" data-end=\"338\">Dette ultratynde webcam-cover holder dig sikker mod u\u00f8nsket kameraadgang med et enkelt glide-for-at-\u00e5bne-design. Det er kun 0,06 cm tyndt og passer perfekt til b\u00e6rbare computere, tablets og telefoner uden at p\u00e5virke, hvordan din enhed lukkes eller fungerer.<\/p>\n<p data-start=\"96\" data-end=\"338\"><img fetchpriority=\"high\" decoding=\"async\" class=\"size-full wp-image-41708 aligncenter\" src=\"https:\/\/keluvo.com\/template\/wp-content\/uploads\/sites\/5\/2025\/11\/1022-ezgif.com-video-to-webp-converter-1-1.webp\" alt=\"\" width=\"500\" height=\"500\" \/><\/p>\n<h2 style=\"text-align: center\" data-start=\"345\" data-end=\"366\"><strong>Hovedfordele<\/strong><\/h2>\n<p data-start=\"369\" data-end=\"464\">\ud83d\udd12 \u00d8jeblikkelig beskyttelse af privatlivets fred &#8211; Blokerer dit webcam fra hackere eller utilsigtet aktivering.<\/p>\n<p data-start=\"467\" data-end=\"553\">\ud83c\udf19 Ultratyndt design &#8211; Kun 0,06 cm, s\u00e5 din b\u00e6rbare computer lukkes glat uden huller.<\/p>\n<p data-start=\"556\" data-end=\"650\">\ud83d\udcf1 Fungerer p\u00e5 n\u00e6sten alle enheder &#8211; Kompatibel med telefoner, tablets, b\u00e6rbare computere og sk\u00e6rme.<\/p>\n<p data-start=\"653\" data-end=\"754\">\ud83e\uddf2 St\u00e6rk 3.0 kl\u00e6bemiddel &#8211; Holder sig p\u00e5 plads i op til 365 dage uden at beskadige din enhed.<\/p>\n<p data-start=\"757\" data-end=\"837\">\u26a1 Hurtig og nem installation &#8211; Reng\u00f8r, kl\u00e6b, juster, tryk &#8211; f\u00e6rdig p\u00e5 f\u00e5 sekunder.<\/p>\n<p data-start=\"757\" data-end=\"837\"><img decoding=\"async\" class=\"size-full wp-image-41709 aligncenter\" src=\"https:\/\/keluvo.com\/template\/wp-content\/uploads\/sites\/5\/2025\/11\/8ccadbcde983a848b243bece6cf32adb658d0e16-700.jpg\" alt=\"\" width=\"1080\" height=\"1030\" \/><\/p>\n<h2 style=\"text-align: center\" data-start=\"844\" data-end=\"863\"><strong>S\u00e5dan Bruges<\/strong><\/h2>\n<ol data-start=\"864\" data-end=\"1088\">\n<li data-start=\"864\" data-end=\"906\">\n<p data-start=\"867\" data-end=\"906\">Reng\u00f8r webkameraomr\u00e5det p\u00e5 din enhed.<\/p>\n<\/li>\n<li data-start=\"907\" data-end=\"970\">\n<p data-start=\"910\" data-end=\"970\">Tr\u00e6k bagsiden af, og placer d\u00e6kslet over kameralinsen.<\/p>\n<\/li>\n<li data-start=\"971\" data-end=\"1026\">\n<p data-start=\"974\" data-end=\"1026\">Juster det omhyggeligt, f\u00f8r du trykker ned for at fastg\u00f8re det.<\/p>\n<\/li>\n<li data-start=\"1027\" data-end=\"1088\">\n<p data-start=\"1030\" data-end=\"1088\">Skyd op for at bruge dit kamera, skyd lukket for privatlivets fred.<\/p>\n<\/li>\n<\/ol>\n<h2 style=\"text-align: center\" data-start=\"1095\" data-end=\"1119\"><strong>Produktdetaljer<\/strong><\/h2>\n<ul data-start=\"1120\" data-end=\"1317\">\n<li data-start=\"1120\" data-end=\"1141\">\n<p data-start=\"1122\" data-end=\"1141\">Tykkelse: 0,06 cm<\/p>\n<\/li>\n<li data-start=\"1120\" data-end=\"1141\">\n<p data-start=\"1122\" data-end=\"1141\">St\u00f8rrelse: 18 x 9 mm<\/p>\n<\/li>\n<li data-start=\"1142\" data-end=\"1195\">\n<p data-start=\"1144\" data-end=\"1195\">Kompatibilitet: B\u00e6rbare computere, telefoner, tabletter, sk\u00e6rme<\/p>\n<\/li>\n<li data-start=\"1196\" data-end=\"1244\">\n<p data-start=\"1198\" data-end=\"1244\">Kl\u00e6bemiddel: Opgraderet 3.0 langtidsholdbart kl\u00e6bemiddel<\/p>\n<\/li>\n<li data-start=\"1245\" data-end=\"1317\">\n<p data-start=\"1247\" data-end=\"1317\">Ikke egnet til: Enheder med fuld sk\u00e6rm eller indhakket h\u00e6rdet glasfilm<\/p>\n<\/li>\n<\/ul>\n<h2 style=\"text-align: center\" data-start=\"1324\" data-end=\"1349\"><strong>Pakken indeholder<\/strong><\/h2>\n<ul data-start=\"1350\" data-end=\"1387\">\n<li data-start=\"1350\" data-end=\"1387\">\n<p data-start=\"1352\" data-end=\"1387\">20, 40x Ultratynd webcam-d\u00e6ksel.<\/p>\n<\/li>\n<\/ul>\n","protected":false},"excerpt":{"rendered":"<p>Beskyt dit privatliv med det samme med et slankt, sikkert webcam-cover, som du kan bruge p\u00e5 alle enheder. \ud83d\udcbb Dette [&hellip;]<\/p>\n","protected":false},"featured_media":36161,"comment_status":"open","ping_status":"closed","template":"","meta":{"site-sidebar-layout":"default","site-content-layout":"","ast-site-content-layout":"default","site-content-style":"default","site-sidebar-style":"default","ast-global-header-display":"","ast-banner-title-visibility":"","ast-main-header-display":"","ast-hfb-above-header-display":"","ast-hfb-below-header-display":"","ast-hfb-mobile-header-display":"","site-post-title":"","ast-breadcrumbs-content":"","ast-featured-img":"","footer-sml-layout":"","theme-transparent-header-meta":"default","adv-header-id-meta":"","stick-header-meta":"","header-above-stick-meta":"","header-main-stick-meta":"","header-below-stick-meta":"","astra-migrate-meta-layouts":"set","ast-page-background-enabled":"default","ast-page-background-meta":{"desktop":{"background-color":"var(--ast-global-color-5)","background-image":"","background-repeat":"repeat","background-position":"center center","background-size":"auto","background-attachment":"scroll","background-type":"","background-media":"","overlay-type":"","overlay-color":"","overlay-opacity":"","overlay-gradient":""},"tablet":{"background-color":"","background-image":"","background-repeat":"repeat","background-position":"center center","background-size":"auto","background-attachment":"scroll","background-type":"","background-media":"","overlay-type":"","overlay-color":"","overlay-opacity":"","overlay-gradient":""},"mobile":{"background-color":"","background-image":"","background-repeat":"repeat","background-position":"center center","background-size":"auto","background-attachment":"scroll","background-type":"","background-media":"","overlay-type":"","overlay-color":"","overlay-opacity":"","overlay-gradient":""}},"ast-content-background-meta":{"desktop":{"background-color":"var(--ast-global-color-4)","background-image":"","background-repeat":"repeat","background-position":"center center","background-size":"auto","background-attachment":"scroll","background-type":"","background-media":"","overlay-type":"","overlay-color":"","overlay-opacity":"","overlay-gradient":""},"tablet":{"background-color":"var(--ast-global-color-4)","background-image":"","background-repeat":"repeat","background-position":"center center","background-size":"auto","background-attachment":"scroll","background-type":"","background-media":"","overlay-type":"","overlay-color":"","overlay-opacity":"","overlay-gradient":""},"mobile":{"background-color":"var(--ast-global-color-4)","background-image":"","background-repeat":"repeat","background-position":"center center","background-size":"auto","background-attachment":"scroll","background-type":"","background-media":"","overlay-type":"","overlay-color":"","overlay-opacity":"","overlay-gradient":""}}},"product_brand":[],"product_cat":[19],"product_tag":[],"class_list":{"0":"post-36165","1":"product","2":"type-product","3":"status-publish","4":"has-post-thumbnail","6":"product_cat-uncategorized","7":"pa_52055_2ys9epwu-hvid","8":"pa_52055_2ys9epwu-sort","9":"pa_52055_pe3qj6fy-20-stk","10":"pa_52055_pe3qj6fy-40-stk","11":"desktop-align-left","12":"tablet-align-left","13":"mobile-align-left","15":"first","16":"instock","17":"shipping-taxable","18":"purchasable","19":"product-type-variable","20":"has-default-attributes"},"_links":{"self":[{"href":"https:\/\/ecostera.com\/dk\/wp-json\/wp\/v2\/product\/36165","targetHints":{"allow":["GET"]}}],"collection":[{"href":"https:\/\/ecostera.com\/dk\/wp-json\/wp\/v2\/product"}],"about":[{"href":"https:\/\/ecostera.com\/dk\/wp-json\/wp\/v2\/types\/product"}],"replies":[{"embeddable":true,"href":"https:\/\/ecostera.com\/dk\/wp-json\/wp\/v2\/comments?post=36165"}],"wp:featuredmedia":[{"embeddable":true,"href":"https:\/\/ecostera.com\/dk\/wp-json\/wp\/v2\/media\/36161"}],"wp:attachment":[{"href":"https:\/\/ecostera.com\/dk\/wp-json\/wp\/v2\/media?parent=36165"}],"wp:term":[{"taxonomy":"product_brand","embeddable":true,"href":"https:\/\/ecostera.com\/dk\/wp-json\/wp\/v2\/product_brand?post=36165"},{"taxonomy":"product_cat","embeddable":true,"href":"https:\/\/ecostera.com\/dk\/wp-json\/wp\/v2\/product_cat?post=36165"},{"taxonomy":"product_tag","embeddable":true,"href":"https:\/\/ecostera.com\/dk\/wp-json\/wp\/v2\/product_tag?post=36165"}],"curies":[{"name":"wp","href":"https:\/\/api.w.org\/{rel}","templated":true}]}}