{"id":36191,"date":"2025-11-20T18:30:39","date_gmt":"2025-11-20T16:30:39","guid":{"rendered":"https:\/\/ecostera.com\/dk\/product\/smart-bogmaerke-i-silikone-6-stk\/"},"modified":"2025-12-01T13:01:21","modified_gmt":"2025-12-01T11:01:21","slug":"smart-bogmaerke-i-silikone-6-stk","status":"publish","type":"product","link":"https:\/\/ecostera.com\/dk\/product\/smart-bogmaerke-i-silikone-6-stk\/","title":{"rendered":"Smart bogm\u00e6rke i silikone (6 stk.)"},"content":{"rendered":"<p style=\"text-align: center\" data-start=\"0\" data-end=\"90\"><strong data-start=\"0\" data-end=\"90\">Med dette smarte, fleksible silikone-bogm\u00e6rke kan du nemt holde styr p\u00e5 dit l\u00e6sested. \ud83d\udcd8<\/strong><\/p>\n<p style=\"text-align: center\" data-start=\"92\" data-end=\"309\">Dette smarte silikone-bogm\u00e6rke s\u00e6ttes sikkert p\u00e5 enhver bog og f\u00f8lger automatisk siden, mens du l\u00e6ser. Ingen b\u00f8jning, glidning eller tab af plads &#8211; bare enkel, \u00f8jeblikkelig sidemarkering, hver gang du \u00e5bner din bog.<\/p>\n<p data-start=\"92\" data-end=\"309\"><img fetchpriority=\"high\" decoding=\"async\" class=\" wp-image-41736 aligncenter\" src=\"https:\/\/keluvo.com\/template\/wp-content\/uploads\/sites\/5\/2025\/11\/94491acde281a50ad902e0e038b835fa1256baee.webp\" alt=\"\" width=\"500\" height=\"500\" \/><\/p>\n<h2 style=\"text-align: center\" data-start=\"316\" data-end=\"337\"><strong>Hovedfordele<\/strong><\/h2>\n<p data-start=\"340\" data-end=\"423\">\ud83d\udcd8 Tab aldrig din side &#8211; F\u00f8lger din l\u00e6sning og holder din plads perfekt.<\/p>\n<p data-start=\"426\" data-end=\"511\">\ud83d\udca1 Fungerer med enhver bog &#8211; Passer til romaner, l\u00e6reb\u00f8ger, tidsskrifter, notesb\u00f8ger og meget mere.<\/p>\n<p data-start=\"514\" data-end=\"586\">\ud83e\uddfd Bl\u00f8d, holdbar silikone &#8211; Beskadiger ikke sider og forbliver i form.<\/p>\n<p data-start=\"589\" data-end=\"663\">\ud83c\udf81 God gaveid\u00e9 &#8211; Perfekt til studerende, forfattere og bogelskere.<\/p>\n<p data-start=\"666\" data-end=\"744\">\ud83e\uddf2 Nem klipning &#8211; Let, fleksibel og nem at s\u00e6tte p\u00e5 fra alle vinkler.<\/p>\n<p data-start=\"666\" data-end=\"744\"><img decoding=\"async\" class=\"size-full wp-image-41731 aligncenter\" src=\"https:\/\/keluvo.com\/template\/wp-content\/uploads\/sites\/5\/2025\/11\/10221-ezgif.com-video-to-webp-converter-1-1.webp\" alt=\"\" width=\"500\" height=\"500\" \/><\/p>\n<h2 style=\"text-align: center\" data-start=\"751\" data-end=\"770\"><strong>S\u00e5dan Bruges<\/strong><\/h2>\n<ol data-start=\"771\" data-end=\"1039\">\n<li data-start=\"771\" data-end=\"821\">\n<p data-start=\"774\" data-end=\"821\">Klip bogm\u00e6rket p\u00e5 kanten af din bog.<\/p>\n<\/li>\n<li data-start=\"822\" data-end=\"884\">\n<p data-start=\"825\" data-end=\"884\">Juster silikonearmen, s\u00e5 den hviler p\u00e5 den aktuelle side.<\/p>\n<\/li>\n<li data-start=\"885\" data-end=\"963\">\n<p data-start=\"888\" data-end=\"963\">N\u00e5r du l\u00e6ser, kan du flytte det eller bladre normalt &#8211; dit sted forbliver markeret.<\/p>\n<\/li>\n<li data-start=\"964\" data-end=\"1039\">\n<p data-start=\"967\" data-end=\"1039\">Luk din bog, og bogm\u00e6rket husker din sidst l\u00e6ste side.<\/p>\n<\/li>\n<\/ol>\n<h2 style=\"text-align: center\" data-start=\"1046\" data-end=\"1070\"><strong>Produktdetaljer<\/strong><\/h2>\n<ul data-start=\"1071\" data-end=\"1234\">\n<li data-start=\"1071\" data-end=\"1106\">\n<p data-start=\"1073\" data-end=\"1106\">Materiale: Metal + bl\u00f8d silikone<\/p>\n<\/li>\n<li data-start=\"1107\" data-end=\"1153\">\n<p data-start=\"1109\" data-end=\"1153\">St\u00f8rrelse: 9,2 x 1,8 x 1,4 cm<\/p>\n<\/li>\n<li data-start=\"1154\" data-end=\"1169\">\n<p data-start=\"1156\" data-end=\"1169\">V\u00e6gt: 9 g<\/p>\n<\/li>\n<li data-start=\"1170\" data-end=\"1206\">\n<p data-start=\"1172\" data-end=\"1206\">Fleksibel, vaskbar, langtidsholdbar<\/p>\n<\/li>\n<li data-start=\"1207\" data-end=\"1234\">\n<p data-start=\"1209\" data-end=\"1234\">Sikker til alle sidetyper<\/p>\n<\/li>\n<\/ul>\n<h2 style=\"text-align: center\" data-start=\"1241\" data-end=\"1266\"><strong>Pakken indeholder<\/strong><\/h2>\n<ul data-start=\"1267\" data-end=\"1298\">\n<li data-start=\"1267\" data-end=\"1298\">\n<p data-start=\"1269\" data-end=\"1298\">6x smarte silikonebogm\u00e6rker.<\/p>\n<\/li>\n<\/ul>\n","protected":false},"excerpt":{"rendered":"<p>Med dette smarte, fleksible silikone-bogm\u00e6rke kan du nemt holde styr p\u00e5 dit l\u00e6sested. \ud83d\udcd8 Dette smarte silikone-bogm\u00e6rke s\u00e6ttes sikkert p\u00e5 [&hellip;]<\/p>\n","protected":false},"featured_media":36187,"comment_status":"open","ping_status":"closed","template":"","meta":{"site-sidebar-layout":"default","site-content-layout":"","ast-site-content-layout":"default","site-content-style":"default","site-sidebar-style":"default","ast-global-header-display":"","ast-banner-title-visibility":"","ast-main-header-display":"","ast-hfb-above-header-display":"","ast-hfb-below-header-display":"","ast-hfb-mobile-header-display":"","site-post-title":"","ast-breadcrumbs-content":"","ast-featured-img":"","footer-sml-layout":"","theme-transparent-header-meta":"default","adv-header-id-meta":"","stick-header-meta":"","header-above-stick-meta":"","header-main-stick-meta":"","header-below-stick-meta":"","astra-migrate-meta-layouts":"set","ast-page-background-enabled":"default","ast-page-background-meta":{"desktop":{"background-color":"var(--ast-global-color-5)","background-image":"","background-repeat":"repeat","background-position":"center center","background-size":"auto","background-attachment":"scroll","background-type":"","background-media":"","overlay-type":"","overlay-color":"","overlay-opacity":"","overlay-gradient":""},"tablet":{"background-color":"","background-image":"","background-repeat":"repeat","background-position":"center center","background-size":"auto","background-attachment":"scroll","background-type":"","background-media":"","overlay-type":"","overlay-color":"","overlay-opacity":"","overlay-gradient":""},"mobile":{"background-color":"","background-image":"","background-repeat":"repeat","background-position":"center center","background-size":"auto","background-attachment":"scroll","background-type":"","background-media":"","overlay-type":"","overlay-color":"","overlay-opacity":"","overlay-gradient":""}},"ast-content-background-meta":{"desktop":{"background-color":"var(--ast-global-color-4)","background-image":"","background-repeat":"repeat","background-position":"center center","background-size":"auto","background-attachment":"scroll","background-type":"","background-media":"","overlay-type":"","overlay-color":"","overlay-opacity":"","overlay-gradient":""},"tablet":{"background-color":"var(--ast-global-color-4)","background-image":"","background-repeat":"repeat","background-position":"center center","background-size":"auto","background-attachment":"scroll","background-type":"","background-media":"","overlay-type":"","overlay-color":"","overlay-opacity":"","overlay-gradient":""},"mobile":{"background-color":"var(--ast-global-color-4)","background-image":"","background-repeat":"repeat","background-position":"center center","background-size":"auto","background-attachment":"scroll","background-type":"","background-media":"","overlay-type":"","overlay-color":"","overlay-opacity":"","overlay-gradient":""}}},"product_brand":[],"product_cat":[19],"product_tag":[],"class_list":{"0":"post-36191","1":"product","2":"type-product","3":"status-publish","4":"has-post-thumbnail","6":"product_cat-uncategorized","7":"pa_52069_m06g7lxa-blaa","8":"pa_52069_m06g7lxa-groen","9":"pa_52069_m06g7lxa-gul","10":"pa_52069_m06g7lxa-lyseroed","11":"pa_52069_m06g7lxa-orange","12":"pa_52069_m06g7lxa-rosenroed","13":"desktop-align-left","14":"tablet-align-left","15":"mobile-align-left","17":"first","18":"instock","19":"shipping-taxable","20":"purchasable","21":"product-type-variable"},"_links":{"self":[{"href":"https:\/\/ecostera.com\/dk\/wp-json\/wp\/v2\/product\/36191","targetHints":{"allow":["GET"]}}],"collection":[{"href":"https:\/\/ecostera.com\/dk\/wp-json\/wp\/v2\/product"}],"about":[{"href":"https:\/\/ecostera.com\/dk\/wp-json\/wp\/v2\/types\/product"}],"replies":[{"embeddable":true,"href":"https:\/\/ecostera.com\/dk\/wp-json\/wp\/v2\/comments?post=36191"}],"wp:featuredmedia":[{"embeddable":true,"href":"https:\/\/ecostera.com\/dk\/wp-json\/wp\/v2\/media\/36187"}],"wp:attachment":[{"href":"https:\/\/ecostera.com\/dk\/wp-json\/wp\/v2\/media?parent=36191"}],"wp:term":[{"taxonomy":"product_brand","embeddable":true,"href":"https:\/\/ecostera.com\/dk\/wp-json\/wp\/v2\/product_brand?post=36191"},{"taxonomy":"product_cat","embeddable":true,"href":"https:\/\/ecostera.com\/dk\/wp-json\/wp\/v2\/product_cat?post=36191"},{"taxonomy":"product_tag","embeddable":true,"href":"https:\/\/ecostera.com\/dk\/wp-json\/wp\/v2\/product_tag?post=36191"}],"curies":[{"name":"wp","href":"https:\/\/api.w.org\/{rel}","templated":true}]}}