{"id":36213,"date":"2025-11-20T18:33:01","date_gmt":"2025-11-20T16:33:01","guid":{"rendered":"https:\/\/ecostera.com\/dk\/product\/vandtaet-telefonholder-til-brusebad\/"},"modified":"2025-12-01T13:02:12","modified_gmt":"2025-12-01T11:02:12","slug":"vandtaet-telefonholder-til-brusebad","status":"publish","type":"product","link":"https:\/\/ecostera.com\/dk\/product\/vandtaet-telefonholder-til-brusebad\/","title":{"rendered":"Vandt\u00e6t telefonholder til brusebad"},"content":{"rendered":"<p style=\"text-align: center\" data-start=\"0\" data-end=\"68\"><strong data-start=\"0\" data-end=\"68\">Hold Din Telefon T\u00f8r, Sikker Og Nem At Bruge &#8211; Selv Under Bruseren. \ud83d\udcf1\ud83d\udec1<\/strong><\/p>\n<p style=\"text-align: center\" data-start=\"70\" data-end=\"352\">Med denne justerbare, vandt\u00e6tte telefonholder til bruseren kan du se serier, lytte til musik eller tjekke beskeder, mens din telefon er helt beskyttet. Med fuld vandt\u00e6t forsegling og en f\u00f8lsom ber\u00f8ringssk\u00e6rm kan du nyde underholdning uden at bekymre dig om damp eller st\u00e6nk.<\/p>\n<p data-start=\"70\" data-end=\"352\"><img fetchpriority=\"high\" decoding=\"async\" class=\"size-full wp-image-41752 aligncenter\" src=\"https:\/\/keluvo.com\/template\/wp-content\/uploads\/sites\/5\/2025\/11\/d79e6504-ed08-479b-8ed3-ae0b30dd31d0.gif\" alt=\"\" width=\"400\" height=\"480\" \/><\/p>\n<h2 style=\"text-align: center\" data-start=\"359\" data-end=\"380\">\u2b50 Hovedfordele<\/h2>\n<p data-start=\"383\" data-end=\"481\">\ud83d\udca7 100% vandt\u00e6t &amp; anti-t\u00e5ge &#8211; IPX68-beskyttelse holder din telefon sikker mod vand og damp.<\/p>\n<p data-start=\"484\" data-end=\"583\">\ud83d\udcf1 Glat ber\u00f8ringsrespons &#8211; 0,25 mm f\u00f8lsomhed giver dig mulighed for at trykke, rulle og stryge normalt.<\/p>\n<p data-start=\"586\" data-end=\"692\">\ud83d\udd04 Justerbar synsvinkel &#8211; Vip og drej for at f\u00e5 den perfekte position, mens du sidder eller st\u00e5r.<\/p>\n<p data-start=\"695\" data-end=\"811\">\ud83e\uddfc H\u00e5ndfri bekvemmelighed &#8211; Perfekt til brusere, k\u00f8kkener, spejle eller andre steder, hvor du har brug for at beskytte din telefon.<\/p>\n<p data-start=\"814\" data-end=\"887\">\ud83d\udd12 St\u00e6rk, sikker forsegling &#8211; Holder din enhed t\u00f8r og godt p\u00e5 plads.<\/p>\n<p data-start=\"890\" data-end=\"977\">\ud83d\udec1 Installation uden at bore &#8211; Kl\u00e6ber til enhver ren v\u00e6g med st\u00e6rk selvkl\u00e6bende bagside.<\/p>\n<p data-start=\"890\" data-end=\"977\"><img decoding=\"async\" class=\"size-full wp-image-41751 aligncenter\" src=\"https:\/\/keluvo.com\/template\/wp-content\/uploads\/sites\/5\/2025\/11\/2762de6f5efda1b0b4165c8004d84c62bab37a1e.gif\" alt=\"\" width=\"360\" height=\"480\" \/><\/p>\n<h2 style=\"text-align: center\" data-start=\"984\" data-end=\"1003\">\ud83d\udd27 S\u00e5dan Bruges<\/h2>\n<ol data-start=\"1004\" data-end=\"1235\">\n<li data-start=\"1004\" data-end=\"1040\">\n<p data-start=\"1007\" data-end=\"1040\">Reng\u00f8r og t\u00f8r v\u00e6goverfladen af.<\/p>\n<\/li>\n<li data-start=\"1041\" data-end=\"1076\">\n<p data-start=\"1044\" data-end=\"1076\">Tr\u00e6k den selvkl\u00e6bende bagside af.<\/p>\n<\/li>\n<li data-start=\"1077\" data-end=\"1120\">\n<p data-start=\"1080\" data-end=\"1120\">S\u00e6t holderen fast p\u00e5 v\u00e6ggen.<\/p>\n<\/li>\n<li data-start=\"1121\" data-end=\"1169\">\n<p data-start=\"1124\" data-end=\"1169\">\u00c5bn d\u00e6kslet, og l\u00e6g din telefon indeni.<\/p>\n<\/li>\n<li data-start=\"1170\" data-end=\"1235\">\n<p data-start=\"1173\" data-end=\"1235\">Luk det vandt\u00e6tte l\u00e5g, og nyd h\u00e5ndfri underholdning.<\/p>\n<\/li>\n<\/ol>\n<h2 style=\"text-align: center\" data-start=\"1242\" data-end=\"1266\">\ud83d\udccc Produktdetaljer<\/h2>\n<ul data-start=\"1267\" data-end=\"1456\">\n<li data-start=\"1302\" data-end=\"1331\">\n<p data-start=\"1304\" data-end=\"1331\">Materiale: Holdbar plast<\/p>\n<\/li>\n<li data-start=\"1352\" data-end=\"1391\">\n<p data-start=\"1354\" data-end=\"1391\">St\u00f8rrelse: 19,8 x 11 cm<\/p>\n<\/li>\n<li data-start=\"1392\" data-end=\"1420\">\n<p data-start=\"1394\" data-end=\"1420\">Vandt\u00e6t klassificering: IPX68<\/p>\n<\/li>\n<li data-start=\"1421\" data-end=\"1456\">\n<p data-start=\"1423\" data-end=\"1456\">Touchsk\u00e6rmens tykkelse: 0,25 mm<\/p>\n<\/li>\n<\/ul>\n<h2 style=\"text-align: center\" data-start=\"1463\" data-end=\"1488\">\ud83d\udce6 Pakken indeholder<\/h2>\n<ul data-start=\"1489\" data-end=\"1538\">\n<li data-start=\"1489\" data-end=\"1538\">\n<p data-start=\"1491\" data-end=\"1538\">1x justerbar vandt\u00e6t telefonholder til brusebad.<\/p>\n<\/li>\n<\/ul>\n","protected":false},"excerpt":{"rendered":"<p>Hold Din Telefon T\u00f8r, Sikker Og Nem At Bruge &#8211; Selv Under Bruseren. \ud83d\udcf1\ud83d\udec1 Med denne justerbare, vandt\u00e6tte telefonholder til [&hellip;]<\/p>\n","protected":false},"featured_media":36209,"comment_status":"open","ping_status":"closed","template":"","meta":{"site-sidebar-layout":"default","site-content-layout":"","ast-site-content-layout":"default","site-content-style":"default","site-sidebar-style":"default","ast-global-header-display":"","ast-banner-title-visibility":"","ast-main-header-display":"","ast-hfb-above-header-display":"","ast-hfb-below-header-display":"","ast-hfb-mobile-header-display":"","site-post-title":"","ast-breadcrumbs-content":"","ast-featured-img":"","footer-sml-layout":"","theme-transparent-header-meta":"default","adv-header-id-meta":"","stick-header-meta":"","header-above-stick-meta":"","header-main-stick-meta":"","header-below-stick-meta":"","astra-migrate-meta-layouts":"set","ast-page-background-enabled":"default","ast-page-background-meta":{"desktop":{"background-color":"var(--ast-global-color-5)","background-image":"","background-repeat":"repeat","background-position":"center center","background-size":"auto","background-attachment":"scroll","background-type":"","background-media":"","overlay-type":"","overlay-color":"","overlay-opacity":"","overlay-gradient":""},"tablet":{"background-color":"","background-image":"","background-repeat":"repeat","background-position":"center center","background-size":"auto","background-attachment":"scroll","background-type":"","background-media":"","overlay-type":"","overlay-color":"","overlay-opacity":"","overlay-gradient":""},"mobile":{"background-color":"","background-image":"","background-repeat":"repeat","background-position":"center center","background-size":"auto","background-attachment":"scroll","background-type":"","background-media":"","overlay-type":"","overlay-color":"","overlay-opacity":"","overlay-gradient":""}},"ast-content-background-meta":{"desktop":{"background-color":"var(--ast-global-color-4)","background-image":"","background-repeat":"repeat","background-position":"center center","background-size":"auto","background-attachment":"scroll","background-type":"","background-media":"","overlay-type":"","overlay-color":"","overlay-opacity":"","overlay-gradient":""},"tablet":{"background-color":"var(--ast-global-color-4)","background-image":"","background-repeat":"repeat","background-position":"center center","background-size":"auto","background-attachment":"scroll","background-type":"","background-media":"","overlay-type":"","overlay-color":"","overlay-opacity":"","overlay-gradient":""},"mobile":{"background-color":"var(--ast-global-color-4)","background-image":"","background-repeat":"repeat","background-position":"center center","background-size":"auto","background-attachment":"scroll","background-type":"","background-media":"","overlay-type":"","overlay-color":"","overlay-opacity":"","overlay-gradient":""}}},"product_brand":[],"product_cat":[19],"product_tag":[],"class_list":{"0":"post-36213","1":"product","2":"type-product","3":"status-publish","4":"has-post-thumbnail","6":"product_cat-uncategorized","7":"pa_52071_6hlk84mh-groen","8":"pa_52071_6hlk84mh-hvid","9":"pa_52071_6hlk84mh-lilla","10":"pa_52071_6hlk84mh-lyseroed","11":"desktop-align-left","12":"tablet-align-left","13":"mobile-align-left","15":"first","16":"instock","17":"shipping-taxable","18":"purchasable","19":"product-type-variable"},"_links":{"self":[{"href":"https:\/\/ecostera.com\/dk\/wp-json\/wp\/v2\/product\/36213","targetHints":{"allow":["GET"]}}],"collection":[{"href":"https:\/\/ecostera.com\/dk\/wp-json\/wp\/v2\/product"}],"about":[{"href":"https:\/\/ecostera.com\/dk\/wp-json\/wp\/v2\/types\/product"}],"replies":[{"embeddable":true,"href":"https:\/\/ecostera.com\/dk\/wp-json\/wp\/v2\/comments?post=36213"}],"wp:featuredmedia":[{"embeddable":true,"href":"https:\/\/ecostera.com\/dk\/wp-json\/wp\/v2\/media\/36209"}],"wp:attachment":[{"href":"https:\/\/ecostera.com\/dk\/wp-json\/wp\/v2\/media?parent=36213"}],"wp:term":[{"taxonomy":"product_brand","embeddable":true,"href":"https:\/\/ecostera.com\/dk\/wp-json\/wp\/v2\/product_brand?post=36213"},{"taxonomy":"product_cat","embeddable":true,"href":"https:\/\/ecostera.com\/dk\/wp-json\/wp\/v2\/product_cat?post=36213"},{"taxonomy":"product_tag","embeddable":true,"href":"https:\/\/ecostera.com\/dk\/wp-json\/wp\/v2\/product_tag?post=36213"}],"curies":[{"name":"wp","href":"https:\/\/api.w.org\/{rel}","templated":true}]}}