{"id":36263,"date":"2025-11-20T18:39:30","date_gmt":"2025-11-20T16:39:30","guid":{"rendered":"https:\/\/ecostera.com\/dk\/product\/clips-til-madposer-med-haeldetud-2-stk\/"},"modified":"2025-12-08T12:04:20","modified_gmt":"2025-12-08T10:04:20","slug":"clips-til-madposer-med-haeldetud-2-stk","status":"publish","type":"product","link":"https:\/\/ecostera.com\/dk\/product\/clips-til-madposer-med-haeldetud-2-stk\/","title":{"rendered":"Clips til madposer med h\u00e6ldetud (2 stk.)"},"content":{"rendered":"<p style=\"text-align: center\" data-start=\"0\" data-end=\"95\"><strong data-start=\"0\" data-end=\"95\">Forsegl, opbevar og h\u00e6ld nemt dine madvarer op med denne smarte poseclips med indbygget dyse. \ud83e\udd6b<\/strong><\/p>\n<p style=\"text-align: center\" data-start=\"97\" data-end=\"326\">Denne madposeclips med h\u00e6ldetud holder dine snacks, korn og frosne f\u00f8devarer friske, samtidig med at den g\u00f8r det nemt at h\u00e6lde uden at \u00e5bne hele posen. Den forhindrer spild, holder maden luftt\u00e6t og sparer dig tid i k\u00f8kkenet.<\/p>\n<p data-start=\"97\" data-end=\"326\"><img decoding=\"async\" class=\"size-full wp-image-41828 aligncenter\" src=\"https:\/\/keluvo.com\/template\/wp-content\/uploads\/sites\/5\/2025\/11\/10223-ezgif.com-video-to-webp-converter-1-1.webp\" alt=\"\" \/><\/p>\n<h2 style=\"text-align: center\" data-start=\"333\" data-end=\"355\"><strong>Hovedfordele<\/strong><\/h2>\n<p data-start=\"358\" data-end=\"452\">\ud83e\udd6b Holder maden frisk ved at forsegle poserne t\u00e6t for at beskytte mod luft, fugt og ford\u00e6rv.<\/p>\n<p data-start=\"455\" data-end=\"552\">\ud83d\udd04 Med den nemme h\u00e6ldetud kan du h\u00e6lde chips, kerner, korn eller n\u00f8dder uden at fjerne klemmen.<\/p>\n<p data-start=\"555\" data-end=\"627\">\ud83e\uddca Frysesikker og holdbar til spisekammer, k\u00f8leskab eller frossen opbevaring.<\/p>\n<p data-start=\"630\" data-end=\"697\">\ud83c\udfa8 Lyse farver g\u00f8r den nem at f\u00e5 \u00f8je p\u00e5 i enhver skuffe eller hylde.<\/p>\n<p data-start=\"700\" data-end=\"775\">\ud83d\udd01 Genanvendeligt design, der er robust, t\u00e5ler opvaskemaskine og holder l\u00e6nge.<\/p>\n<p data-start=\"700\" data-end=\"775\"><img fetchpriority=\"high\" decoding=\"async\" class=\"size-full wp-image-41832 aligncenter\" src=\"https:\/\/keluvo.com\/template\/wp-content\/uploads\/sites\/5\/2025\/11\/d28c50359e1a6ecaefbf49f4c047e8ac63262f98.jpg\" alt=\"\" width=\"1080\" height=\"1047\" \/><\/p>\n<h2 style=\"text-align: center\" data-start=\"782\" data-end=\"801\"><strong>S\u00e5dan Bruges<\/strong><\/h2>\n<ol data-start=\"802\" data-end=\"1018\">\n<li data-start=\"802\" data-end=\"865\">\n<p data-start=\"805\" data-end=\"865\">\u00c5bn klemmen, og placer den over kanten af din madpose.<\/p>\n<\/li>\n<li data-start=\"866\" data-end=\"904\">\n<p data-start=\"869\" data-end=\"904\">Tryk fast for at l\u00e5se den p\u00e5 plads.<\/p>\n<\/li>\n<li data-start=\"905\" data-end=\"960\">\n<p data-start=\"908\" data-end=\"960\">Vip h\u00e6tten p\u00e5 dysen op for nemt at h\u00e6lde din mad.<\/p>\n<\/li>\n<li data-start=\"961\" data-end=\"1018\">\n<p data-start=\"964\" data-end=\"1018\">Luk h\u00e6tten efter hver brug for at holde indholdet frisk.<\/p>\n<\/li>\n<\/ol>\n<h2 style=\"text-align: center\" data-start=\"1025\" data-end=\"1049\"><strong>Produktdetaljer<\/strong><\/h2>\n<ul data-start=\"1050\" data-end=\"1233\">\n<li data-start=\"1050\" data-end=\"1071\">\n<p data-start=\"1052\" data-end=\"1071\">Materiale: Plastik<\/p>\n<\/li>\n<li data-start=\"1072\" data-end=\"1099\">\n<p data-start=\"1074\" data-end=\"1099\">St\u00f8rrelse: 13 x 6,1 x 4,3 cm<\/p>\n<\/li>\n<li data-start=\"1165\" data-end=\"1233\">\n<p data-start=\"1167\" data-end=\"1233\">Velegnet til: Chips, morgenmadsprodukter, br\u00f8d, n\u00f8dder, frosne f\u00f8devarer og meget mere<\/p>\n<\/li>\n<\/ul>\n<h2 style=\"text-align: center\" data-start=\"1240\" data-end=\"1265\"><strong>Pakken indeholder<\/strong><\/h2>\n<ul data-start=\"1266\" data-end=\"1307\">\n<li data-start=\"1266\" data-end=\"1307\">\n<p data-start=\"1268\" data-end=\"1307\">2x madposeclips med h\u00e6ldetud.<\/p>\n<\/li>\n<\/ul>\n","protected":false},"excerpt":{"rendered":"<p>Forsegl, opbevar og h\u00e6ld nemt dine madvarer op med denne smarte poseclips med indbygget dyse. \ud83e\udd6b Denne madposeclips med h\u00e6ldetud [&hellip;]<\/p>\n","protected":false},"featured_media":36259,"comment_status":"open","ping_status":"closed","template":"","meta":{"site-sidebar-layout":"default","site-content-layout":"","ast-site-content-layout":"default","site-content-style":"default","site-sidebar-style":"default","ast-global-header-display":"","ast-banner-title-visibility":"","ast-main-header-display":"","ast-hfb-above-header-display":"","ast-hfb-below-header-display":"","ast-hfb-mobile-header-display":"","site-post-title":"","ast-breadcrumbs-content":"","ast-featured-img":"","footer-sml-layout":"","theme-transparent-header-meta":"default","adv-header-id-meta":"","stick-header-meta":"","header-above-stick-meta":"","header-main-stick-meta":"","header-below-stick-meta":"","astra-migrate-meta-layouts":"set","ast-page-background-enabled":"default","ast-page-background-meta":{"desktop":{"background-color":"var(--ast-global-color-5)","background-image":"","background-repeat":"repeat","background-position":"center center","background-size":"auto","background-attachment":"scroll","background-type":"","background-media":"","overlay-type":"","overlay-color":"","overlay-opacity":"","overlay-gradient":""},"tablet":{"background-color":"","background-image":"","background-repeat":"repeat","background-position":"center center","background-size":"auto","background-attachment":"scroll","background-type":"","background-media":"","overlay-type":"","overlay-color":"","overlay-opacity":"","overlay-gradient":""},"mobile":{"background-color":"","background-image":"","background-repeat":"repeat","background-position":"center center","background-size":"auto","background-attachment":"scroll","background-type":"","background-media":"","overlay-type":"","overlay-color":"","overlay-opacity":"","overlay-gradient":""}},"ast-content-background-meta":{"desktop":{"background-color":"var(--ast-global-color-4)","background-image":"","background-repeat":"repeat","background-position":"center center","background-size":"auto","background-attachment":"scroll","background-type":"","background-media":"","overlay-type":"","overlay-color":"","overlay-opacity":"","overlay-gradient":""},"tablet":{"background-color":"var(--ast-global-color-4)","background-image":"","background-repeat":"repeat","background-position":"center center","background-size":"auto","background-attachment":"scroll","background-type":"","background-media":"","overlay-type":"","overlay-color":"","overlay-opacity":"","overlay-gradient":""},"mobile":{"background-color":"var(--ast-global-color-4)","background-image":"","background-repeat":"repeat","background-position":"center center","background-size":"auto","background-attachment":"scroll","background-type":"","background-media":"","overlay-type":"","overlay-color":"","overlay-opacity":"","overlay-gradient":""}}},"product_brand":[],"product_cat":[19],"product_tag":[],"class_list":{"0":"post-36263","1":"product","2":"type-product","3":"status-publish","4":"has-post-thumbnail","6":"product_cat-uncategorized","7":"pa_52093_itj6ekr6-blaa","8":"pa_52093_itj6ekr6-graa","9":"pa_52093_itj6ekr6-groen","10":"pa_52093_itj6ekr6-gul","11":"pa_52093_itj6ekr6-hvid","12":"pa_52093_itj6ekr6-orange","13":"pa_52093_itj6ekr6-roed","14":"pa_52093_itj6ekr6-sort","15":"desktop-align-left","16":"tablet-align-left","17":"mobile-align-left","19":"first","20":"instock","21":"shipping-taxable","22":"purchasable","23":"product-type-variable"},"_links":{"self":[{"href":"https:\/\/ecostera.com\/dk\/wp-json\/wp\/v2\/product\/36263","targetHints":{"allow":["GET"]}}],"collection":[{"href":"https:\/\/ecostera.com\/dk\/wp-json\/wp\/v2\/product"}],"about":[{"href":"https:\/\/ecostera.com\/dk\/wp-json\/wp\/v2\/types\/product"}],"replies":[{"embeddable":true,"href":"https:\/\/ecostera.com\/dk\/wp-json\/wp\/v2\/comments?post=36263"}],"wp:featuredmedia":[{"embeddable":true,"href":"https:\/\/ecostera.com\/dk\/wp-json\/wp\/v2\/media\/36259"}],"wp:attachment":[{"href":"https:\/\/ecostera.com\/dk\/wp-json\/wp\/v2\/media?parent=36263"}],"wp:term":[{"taxonomy":"product_brand","embeddable":true,"href":"https:\/\/ecostera.com\/dk\/wp-json\/wp\/v2\/product_brand?post=36263"},{"taxonomy":"product_cat","embeddable":true,"href":"https:\/\/ecostera.com\/dk\/wp-json\/wp\/v2\/product_cat?post=36263"},{"taxonomy":"product_tag","embeddable":true,"href":"https:\/\/ecostera.com\/dk\/wp-json\/wp\/v2\/product_tag?post=36263"}],"curies":[{"name":"wp","href":"https:\/\/api.w.org\/{rel}","templated":true}]}}