{"id":36301,"date":"2025-11-20T18:43:11","date_gmt":"2025-11-20T16:43:11","guid":{"rendered":"https:\/\/ecostera.com\/dk\/product\/integreret-gevindskaerevaerktoej-til-roer\/"},"modified":"2025-11-24T20:49:13","modified_gmt":"2025-11-24T18:49:13","slug":"integreret-gevindskaerevaerktoej-til-roer","status":"publish","type":"product","link":"https:\/\/ecostera.com\/dk\/product\/integreret-gevindskaerevaerktoej-til-roer\/","title":{"rendered":"Integreret gevindsk\u00e6rev\u00e6rkt\u00f8j til r\u00f8r"},"content":{"rendered":"<p style=\"text-align: center\" data-start=\"0\" data-end=\"77\"><strong data-start=\"0\" data-end=\"77\">Sk\u00e6r perfekte indvendige og udvendige r\u00f8rgevind med \u00e9t brugervenligt v\u00e6rkt\u00f8j. \ud83e\uddf0<\/strong><\/p>\n<p style=\"text-align: center\" data-start=\"79\" data-end=\"360\">Dette integrerede gevindsk\u00e6rev\u00e6rkt\u00f8j til r\u00f8r er designet til at give dig rene, pr\u00e6cise gevind p\u00e5 PVC-r\u00f8r uden at skulle skifte mellem flere v\u00e6rkt\u00f8jer. Uanset om du er blikkenslager eller g\u00f8r-det-selv-begynder, g\u00f8r dette v\u00e6rkt\u00f8j gevindsk\u00e6ring hurtigere, nemmere og mere pr\u00e6cis ved hj\u00e6lp af din elektriske boremaskine.<\/p>\n<p data-start=\"79\" data-end=\"360\"><img fetchpriority=\"high\" decoding=\"async\" class=\" wp-image-41862 aligncenter\" src=\"https:\/\/keluvo.com\/template\/wp-content\/uploads\/sites\/5\/2025\/11\/b84c66c6aefe7173493e3b5271133b60bf5d3932.webp\" alt=\"\" width=\"500\" height=\"666\" \/><\/p>\n<h2 style=\"text-align: center\" data-start=\"367\" data-end=\"389\"><strong>Vigtigste Fordele<\/strong><\/h2>\n<p data-start=\"392\" data-end=\"458\">\ud83d\udd27 2-i-1-gevindsk\u00e6ring sk\u00e6rer b\u00e5de indvendige og udvendige gevind.<\/p>\n<p data-start=\"461\" data-end=\"536\">\u26a1 Kompatibel med de fleste elektriske boremaskiner til hurtigt og ubesv\u00e6ret arbejde.<\/p>\n<p data-start=\"539\" data-end=\"622\">\ud83e\uddf0 Designet til PVC-r\u00f8r, hvilket sikrer j\u00e6vn og p\u00e5lidelig gevindsk\u00e6ring hver gang.<\/p>\n<p data-start=\"625\" data-end=\"700\">\ud83d\udc4c Begyndervenligt med et enkelt, ligetil betjeningsdesign.<\/p>\n<p data-start=\"703\" data-end=\"771\">\ud83d\udce6 Komplet s\u00e6t, s\u00e5 du er klar til at g\u00e5 i gang med det samme.<\/p>\n<p data-start=\"703\" data-end=\"771\"><img decoding=\"async\" class=\" wp-image-41861 aligncenter\" src=\"https:\/\/keluvo.com\/template\/wp-content\/uploads\/sites\/5\/2025\/11\/839797009461c57b53418d7102e42912d2ea8371.webp\" alt=\"\" width=\"500\" height=\"666\" \/><\/p>\n<h2 style=\"text-align: center\" data-start=\"778\" data-end=\"797\"><strong>S\u00e5dan Bruges<\/strong><\/h2>\n<ol data-start=\"798\" data-end=\"1111\">\n<li data-start=\"798\" data-end=\"852\">\n<p data-start=\"801\" data-end=\"852\">Fastg\u00f8r gevindv\u00e6rkt\u00f8jet til din elektriske boremaskine.<\/p>\n<\/li>\n<li data-start=\"853\" data-end=\"925\">\n<p data-start=\"856\" data-end=\"925\">Placer v\u00e6rkt\u00f8jet p\u00e5 r\u00f8renden (indvendigt eller udvendigt efter behov).<\/p>\n<\/li>\n<li data-start=\"926\" data-end=\"988\">\n<p data-start=\"929\" data-end=\"988\">Start boremaskinen ved en lav hastighed for at begynde at danne gevind.<\/p>\n<\/li>\n<li data-start=\"989\" data-end=\"1051\">\n<p data-start=\"992\" data-end=\"1051\">Anvend et let, stabilt tryk, indtil gevindsk\u00e6ringen er f\u00e6rdig.<\/p>\n<\/li>\n<li data-start=\"1052\" data-end=\"1111\">\n<p data-start=\"1055\" data-end=\"1111\">Fjern v\u00e6rkt\u00f8jet, og reng\u00f8r r\u00f8rets kanter, hvis det er n\u00f8dvendigt.<\/p>\n<\/li>\n<\/ol>\n<h2 style=\"text-align: center\" data-start=\"1118\" data-end=\"1142\"><strong>Produktdetaljer<\/strong><\/h2>\n<ul data-start=\"1143\" data-end=\"1299\">\n<li data-start=\"1143\" data-end=\"1162\">\n<p data-start=\"1145\" data-end=\"1162\">Materiale: Metal<\/p>\n<\/li>\n<li data-start=\"1183\" data-end=\"1226\">\n<p data-start=\"1185\" data-end=\"1226\">R\u00f8rkompatibilitet: Ideel til PVC-r\u00f8r<\/p>\n<\/li>\n<li data-start=\"1227\" data-end=\"1255\">\n<p data-start=\"1229\" data-end=\"1255\">St\u00f8rrelser: 20 mm, 26 mm<\/p>\n<\/li>\n<li data-start=\"1256\" data-end=\"1299\">\n<p data-start=\"1258\" data-end=\"1299\">Drevet af: Enhver standard elektrisk boremaskine<\/p>\n<\/li>\n<\/ul>\n<h2 style=\"text-align: center\" data-start=\"1306\" data-end=\"1331\"><strong>Pakken indeholder<\/strong><\/h2>\n<ul data-start=\"1332\" data-end=\"1364\">\n<li data-start=\"1332\" data-end=\"1364\">\n<p data-start=\"1334\" data-end=\"1364\">1, 2x integreret gevindsk\u00e6rev\u00e6rkt\u00f8j til r\u00f8r.<\/p>\n<\/li>\n<\/ul>\n","protected":false},"excerpt":{"rendered":"<p>Sk\u00e6r perfekte indvendige og udvendige r\u00f8rgevind med \u00e9t brugervenligt v\u00e6rkt\u00f8j. \ud83e\uddf0 Dette integrerede gevindsk\u00e6rev\u00e6rkt\u00f8j til r\u00f8r er designet til at [&hellip;]<\/p>\n","protected":false},"featured_media":36297,"comment_status":"open","ping_status":"closed","template":"","meta":{"site-sidebar-layout":"default","site-content-layout":"","ast-site-content-layout":"default","site-content-style":"default","site-sidebar-style":"default","ast-global-header-display":"","ast-banner-title-visibility":"","ast-main-header-display":"","ast-hfb-above-header-display":"","ast-hfb-below-header-display":"","ast-hfb-mobile-header-display":"","site-post-title":"","ast-breadcrumbs-content":"","ast-featured-img":"","footer-sml-layout":"","theme-transparent-header-meta":"default","adv-header-id-meta":"","stick-header-meta":"","header-above-stick-meta":"","header-main-stick-meta":"","header-below-stick-meta":"","astra-migrate-meta-layouts":"set","ast-page-background-enabled":"default","ast-page-background-meta":{"desktop":{"background-color":"var(--ast-global-color-5)","background-image":"","background-repeat":"repeat","background-position":"center center","background-size":"auto","background-attachment":"scroll","background-type":"","background-media":"","overlay-type":"","overlay-color":"","overlay-opacity":"","overlay-gradient":""},"tablet":{"background-color":"","background-image":"","background-repeat":"repeat","background-position":"center center","background-size":"auto","background-attachment":"scroll","background-type":"","background-media":"","overlay-type":"","overlay-color":"","overlay-opacity":"","overlay-gradient":""},"mobile":{"background-color":"","background-image":"","background-repeat":"repeat","background-position":"center center","background-size":"auto","background-attachment":"scroll","background-type":"","background-media":"","overlay-type":"","overlay-color":"","overlay-opacity":"","overlay-gradient":""}},"ast-content-background-meta":{"desktop":{"background-color":"var(--ast-global-color-4)","background-image":"","background-repeat":"repeat","background-position":"center center","background-size":"auto","background-attachment":"scroll","background-type":"","background-media":"","overlay-type":"","overlay-color":"","overlay-opacity":"","overlay-gradient":""},"tablet":{"background-color":"var(--ast-global-color-4)","background-image":"","background-repeat":"repeat","background-position":"center center","background-size":"auto","background-attachment":"scroll","background-type":"","background-media":"","overlay-type":"","overlay-color":"","overlay-opacity":"","overlay-gradient":""},"mobile":{"background-color":"var(--ast-global-color-4)","background-image":"","background-repeat":"repeat","background-position":"center center","background-size":"auto","background-attachment":"scroll","background-type":"","background-media":"","overlay-type":"","overlay-color":"","overlay-opacity":"","overlay-gradient":""}}},"product_brand":[],"product_cat":[19],"product_tag":[],"class_list":{"0":"post-36301","1":"product","2":"type-product","3":"status-publish","4":"has-post-thumbnail","6":"product_cat-uncategorized","7":"pa_52250_bk5kqvf9-20-mm","8":"pa_52250_bk5kqvf9-26-mm","9":"pa_52250_bk5kqvf9-saet-med-2-stk","10":"desktop-align-left","11":"tablet-align-left","12":"mobile-align-left","14":"first","15":"instock","16":"shipping-taxable","17":"purchasable","18":"product-type-variable"},"_links":{"self":[{"href":"https:\/\/ecostera.com\/dk\/wp-json\/wp\/v2\/product\/36301","targetHints":{"allow":["GET"]}}],"collection":[{"href":"https:\/\/ecostera.com\/dk\/wp-json\/wp\/v2\/product"}],"about":[{"href":"https:\/\/ecostera.com\/dk\/wp-json\/wp\/v2\/types\/product"}],"replies":[{"embeddable":true,"href":"https:\/\/ecostera.com\/dk\/wp-json\/wp\/v2\/comments?post=36301"}],"wp:featuredmedia":[{"embeddable":true,"href":"https:\/\/ecostera.com\/dk\/wp-json\/wp\/v2\/media\/36297"}],"wp:attachment":[{"href":"https:\/\/ecostera.com\/dk\/wp-json\/wp\/v2\/media?parent=36301"}],"wp:term":[{"taxonomy":"product_brand","embeddable":true,"href":"https:\/\/ecostera.com\/dk\/wp-json\/wp\/v2\/product_brand?post=36301"},{"taxonomy":"product_cat","embeddable":true,"href":"https:\/\/ecostera.com\/dk\/wp-json\/wp\/v2\/product_cat?post=36301"},{"taxonomy":"product_tag","embeddable":true,"href":"https:\/\/ecostera.com\/dk\/wp-json\/wp\/v2\/product_tag?post=36301"}],"curies":[{"name":"wp","href":"https:\/\/api.w.org\/{rel}","templated":true}]}}