{"id":3631,"date":"2025-07-21T08:48:43","date_gmt":"2025-07-21T08:48:43","guid":{"rendered":"https:\/\/ecostera.com\/dk\/product\/mini-smartphone\/"},"modified":"2025-11-18T15:43:38","modified_gmt":"2025-11-18T13:43:38","slug":"mini-smartphone","status":"publish","type":"product","link":"https:\/\/ecostera.com\/dk\/product\/mini-smartphone\/","title":{"rendered":"Mini smartphone"},"content":{"rendered":"<h2 style=\"text-align: center\" data-start=\"43\" data-end=\"71\">I Lommeformat<\/h2>\n<p class=\"\" style=\"text-align: center\" data-start=\"73\" data-end=\"192\"><span class=\"relative -mx-px my-[-0.2rem] rounded px-px py-[0.2rem]\">Oplev den ultimative b\u00e6rbarhed med vores mini-smartphone.<\/span> <span class=\"relative -mx-px my-[-0.2rem] rounded px-px py-[0.2rem]\">Den m\u00e5ler kun 90 mm x 47 mm x 12,2 mm og vejer kun 67 gram, s\u00e5 den ligger godt i h\u00e5nden eller lommen, hvilket g\u00f8r den perfekt til brug p\u00e5 farten.<\/span><\/p>\n<p class=\"\" style=\"text-align: center\" data-start=\"73\" data-end=\"192\"><img decoding=\"async\" class=\"alignnone size-medium wp-image-12959\" src=\"https:\/\/keluvo.com\/template\/wp-content\/uploads\/sites\/5\/2025\/03\/pocket-phone.jpg\" alt=\"\" \/>\u200b<\/p>\n<h2 style=\"text-align: center\" data-start=\"194\" data-end=\"219\">Effektiv Ydeevne<\/h2>\n<p class=\"\" style=\"text-align: center\" data-start=\"221\" data-end=\"340\"><span class=\"relative -mx-px my-[-0.2rem] rounded px-px py-[0.2rem]\">Drevet af MTK6580 Quad-Core-processoren og udstyret med 2 GB RAM og 16 GB internt lager, h\u00e5ndterer denne smartphone de daglige opgaver med lethed.<\/span> <span class=\"relative -mx-px my-[-0.2rem] rounded px-px py-[0.2rem]\">Uanset om du surfer p\u00e5 nettet, tjekker e-mails eller bruger dine yndlingsapps, kan du nyde en j\u00e6vn og responsiv oplevelse.<\/span><\/p>\n<p class=\"\" style=\"text-align: center\" data-start=\"221\" data-end=\"340\"><img decoding=\"async\" class=\"alignnone size-medium wp-image-12958\" src=\"https:\/\/keluvo.com\/template\/wp-content\/uploads\/sites\/5\/2025\/03\/minismartphonevideo-ezgif.com-gif-to-webp-converter.webp\" alt=\"\" \/>\u200b<\/p>\n<h2 style=\"text-align: center\" data-start=\"342\" data-end=\"366\">Dobbelt SIM-Fleksibilitet<\/h2>\n<p class=\"\" style=\"text-align: center\" data-start=\"368\" data-end=\"487\"><span class=\"relative -mx-px my-[-0.2rem] rounded px-px py-[0.2rem]\">Bliv forbundet, uanset hvor du er, med underst\u00f8ttelse af dobbelt SIM-kort.<\/span> <span class=\"relative -mx-px my-[-0.2rem] rounded px-px py-[0.2rem]\">Administrer personlige og arbejdsm\u00e6ssige kontakter p\u00e5 en enkelt enhed, eller udnyt forskellige operat\u00f8rplaner for at optimere d\u00e6kning og omkostninger.<\/span><\/p>\n<p class=\"\" style=\"text-align: center\" data-start=\"368\" data-end=\"487\"><img decoding=\"async\" class=\"alignnone size-medium wp-image-12957\" src=\"https:\/\/keluvo.com\/template\/wp-content\/uploads\/sites\/5\/2025\/03\/dual-sim-smart-phone.jpg\" alt=\"\" \/>\u200b<\/p>\n<h2 style=\"text-align: center\" data-start=\"489\" data-end=\"517\">Brugervenligt Android OS<\/h2>\n<p class=\"\" style=\"text-align: center\" data-start=\"519\" data-end=\"642\"><span class=\"relative -mx-px my-[-0.2rem] rounded px-px py-[0.2rem]\">Denne mini-smartphone k\u00f8rer p\u00e5 Android 9.0 og giver adgang til et stort udvalg af apps via Google Play Store.<\/span> <span class=\"relative -mx-px my-[-0.2rem] rounded px-px py-[0.2rem]\">Tilpas din enhed, s\u00e5 den passer til dine behov, og nyd en brugervenlig gr\u00e6nseflade, der er designet til enkelhed og effektivitet.<\/span><\/p>\n<p class=\"\" style=\"text-align: center\" data-start=\"519\" data-end=\"642\"><img decoding=\"async\" class=\"alignnone size-medium wp-image-12954\" src=\"https:\/\/keluvo.com\/template\/wp-content\/uploads\/sites\/5\/2025\/03\/android-mini-phone.jpg\" alt=\"\" \/>\u200b<\/p>\n<h2 style=\"text-align: center\" data-start=\"644\" data-end=\"666\">Fang \u00d8jeblikket<\/h2>\n<p class=\"\" style=\"text-align: center\" data-start=\"668\" data-end=\"793\"><span class=\"relative -mx-px my-[-0.2rem] rounded px-px py-[0.2rem]\">P\u00e5 trods af sin kompakte st\u00f8rrelse har enheden et 5MP-bagkamera og et 2MP-frontkamera, s\u00e5 du nemt kan tage billeder og videochatte.<\/span> <span class=\"relative -mx-px my-[-0.2rem] rounded px-px py-[0.2rem]\">Bem\u00e6rk, at kun det ene kamera p\u00e5 bagsiden er funktionelt. De andre linser er dekorative.<\/span><\/p>\n<p class=\"\" style=\"text-align: center\" data-start=\"668\" data-end=\"793\"><img decoding=\"async\" class=\"alignnone size-medium wp-image-12947\" src=\"https:\/\/keluvo.com\/template\/wp-content\/uploads\/sites\/5\/2025\/03\/main-image-6-removebg-preview.png\" alt=\"\" \/>\u200b<\/p>\n<h2 style=\"text-align: center\" data-start=\"795\" data-end=\"836\">Vigtige Funktioner Lige Ved H\u00e5nden<\/h2>\n<p class=\"\" style=\"text-align: center\" data-start=\"838\" data-end=\"963\"><span class=\"relative -mx-px my-[-0.2rem] rounded px-px py-[0.2rem]\">Denne mini-smartphone indeholder vigtige v\u00e6rkt\u00f8jer som lommeregner, v\u00e6kkeur, kalender, notesblok og meget mere.<\/span> <span class=\"relative -mx-px my-[-0.2rem] rounded px-px py-[0.2rem]\">Hold dig organiseret og produktiv hele dagen med disse praktiske funktioner.<\/span>\u200b<\/p>\n<h2 style=\"text-align: center\" data-start=\"965\" data-end=\"987\">Hvad Er Der I Kassen:<\/h2>\n<ul style=\"text-align: center\" data-start=\"989\" data-end=\"1521\">\n<li class=\"\" data-start=\"989\" data-end=\"1076\">\n<p class=\"\" data-start=\"991\" data-end=\"1076\"><span class=\"relative -mx-px my-[-0.2rem] rounded px-px py-[0.2rem]\">1 x Mini-Smartphone<\/span>\u200b<\/p>\n<\/li>\n<li class=\"\" data-start=\"1078\" data-end=\"1165\">\n<p class=\"\" data-start=\"1080\" data-end=\"1165\"><span class=\"relative -mx-px my-[-0.2rem] rounded px-px py-[0.2rem]\">1 x Brugervejledning<\/span>\u200b<\/p>\n<\/li>\n<li class=\"\" data-start=\"1167\" data-end=\"1254\">\n<p class=\"\" data-start=\"1169\" data-end=\"1254\"><span class=\"relative -mx-px my-[-0.2rem] rounded px-px py-[0.2rem]\">1 x SIM-Kortudtagningsn\u00e5l<\/span>\u200b<\/p>\n<\/li>\n<li class=\"\" data-start=\"1434\" data-end=\"1521\">\n<p class=\"\" data-start=\"1436\" data-end=\"1521\"><span class=\"relative -mx-px my-[-0.2rem] rounded px-px py-[0.2rem]\">1 x USB Type-C-Kabel<\/span>\u200b<\/p>\n<\/li>\n<\/ul>\n<p class=\"\" style=\"text-align: center\" data-start=\"1523\" data-end=\"1697\"><em data-start=\"1523\" data-end=\"1651\"><span class=\"relative -mx-px my-[-0.2rem] rounded px-px py-[0.2rem]\">Der medf\u00f8lger ikke en str\u00f8madapter.<\/span> <span class=\"relative -mx-px my-[-0.2rem] rounded px-px py-[0.2rem]\">Pakken indeholder et USB Type-C-kabel, der er kompatibelt med standardopladningsstik.<\/span> <span class=\"relative -mx-px my-[-0.2rem] rounded px-px py-[0.2rem]\">S\u00f8rg for at have en 5V-opladningsadapter for optimal opladningsydelse.<\/span><\/em>\u200b<\/p>\n","protected":false},"excerpt":{"rendered":"<p>I Lommeformat Oplev den ultimative b\u00e6rbarhed med vores mini-smartphone. Den m\u00e5ler kun 90 mm x 47 mm x 12,2 mm [&hellip;]<\/p>\n","protected":false},"featured_media":3626,"comment_status":"open","ping_status":"closed","template":"","meta":{"site-sidebar-layout":"default","site-content-layout":"","ast-site-content-layout":"default","site-content-style":"default","site-sidebar-style":"default","ast-global-header-display":"","ast-banner-title-visibility":"","ast-main-header-display":"","ast-hfb-above-header-display":"","ast-hfb-below-header-display":"","ast-hfb-mobile-header-display":"","site-post-title":"","ast-breadcrumbs-content":"","ast-featured-img":"","footer-sml-layout":"","theme-transparent-header-meta":"default","adv-header-id-meta":"","stick-header-meta":"","header-above-stick-meta":"","header-main-stick-meta":"","header-below-stick-meta":"","astra-migrate-meta-layouts":"set","ast-page-background-enabled":"default","ast-page-background-meta":{"desktop":{"background-color":"var(--ast-global-color-5)","background-image":"","background-repeat":"repeat","background-position":"center center","background-size":"auto","background-attachment":"scroll","background-type":"","background-media":"","overlay-type":"","overlay-color":"","overlay-opacity":"","overlay-gradient":""},"tablet":{"background-color":"","background-image":"","background-repeat":"repeat","background-position":"center center","background-size":"auto","background-attachment":"scroll","background-type":"","background-media":"","overlay-type":"","overlay-color":"","overlay-opacity":"","overlay-gradient":""},"mobile":{"background-color":"","background-image":"","background-repeat":"repeat","background-position":"center center","background-size":"auto","background-attachment":"scroll","background-type":"","background-media":"","overlay-type":"","overlay-color":"","overlay-opacity":"","overlay-gradient":""}},"ast-content-background-meta":{"desktop":{"background-color":"var(--ast-global-color-4)","background-image":"","background-repeat":"repeat","background-position":"center center","background-size":"auto","background-attachment":"scroll","background-type":"","background-media":"","overlay-type":"","overlay-color":"","overlay-opacity":"","overlay-gradient":""},"tablet":{"background-color":"var(--ast-global-color-4)","background-image":"","background-repeat":"repeat","background-position":"center center","background-size":"auto","background-attachment":"scroll","background-type":"","background-media":"","overlay-type":"","overlay-color":"","overlay-opacity":"","overlay-gradient":""},"mobile":{"background-color":"var(--ast-global-color-4)","background-image":"","background-repeat":"repeat","background-position":"center center","background-size":"auto","background-attachment":"scroll","background-type":"","background-media":"","overlay-type":"","overlay-color":"","overlay-opacity":"","overlay-gradient":""}}},"product_brand":[],"product_cat":[19],"product_tag":[],"class_list":{"0":"post-3631","1":"product","2":"type-product","3":"status-publish","4":"has-post-thumbnail","6":"product_cat-uncategorized","7":"pa_17968_6qjjolgo-blaa","8":"pa_17968_6qjjolgo-graa","9":"pa_17968_6qjjolgo-lilla","10":"pa_17968_6qjjolgo-lyseroed","11":"pa_17968_6qjjolgo-sort","12":"desktop-align-left","13":"tablet-align-left","14":"mobile-align-left","16":"first","17":"instock","18":"shipping-taxable","19":"purchasable","20":"product-type-variable"},"_links":{"self":[{"href":"https:\/\/ecostera.com\/dk\/wp-json\/wp\/v2\/product\/3631","targetHints":{"allow":["GET"]}}],"collection":[{"href":"https:\/\/ecostera.com\/dk\/wp-json\/wp\/v2\/product"}],"about":[{"href":"https:\/\/ecostera.com\/dk\/wp-json\/wp\/v2\/types\/product"}],"replies":[{"embeddable":true,"href":"https:\/\/ecostera.com\/dk\/wp-json\/wp\/v2\/comments?post=3631"}],"wp:featuredmedia":[{"embeddable":true,"href":"https:\/\/ecostera.com\/dk\/wp-json\/wp\/v2\/media\/3626"}],"wp:attachment":[{"href":"https:\/\/ecostera.com\/dk\/wp-json\/wp\/v2\/media?parent=3631"}],"wp:term":[{"taxonomy":"product_brand","embeddable":true,"href":"https:\/\/ecostera.com\/dk\/wp-json\/wp\/v2\/product_brand?post=3631"},{"taxonomy":"product_cat","embeddable":true,"href":"https:\/\/ecostera.com\/dk\/wp-json\/wp\/v2\/product_cat?post=3631"},{"taxonomy":"product_tag","embeddable":true,"href":"https:\/\/ecostera.com\/dk\/wp-json\/wp\/v2\/product_tag?post=3631"}],"curies":[{"name":"wp","href":"https:\/\/api.w.org\/{rel}","templated":true}]}}