{"id":36316,"date":"2025-11-20T18:44:40","date_gmt":"2025-11-20T16:44:40","guid":{"rendered":"https:\/\/ecostera.com\/dk\/product\/paraplyholder-til-bilen-2-stk\/"},"modified":"2025-12-01T13:01:22","modified_gmt":"2025-12-01T11:01:22","slug":"paraplyholder-til-bilen-2-stk","status":"publish","type":"product","link":"https:\/\/ecostera.com\/dk\/product\/paraplyholder-til-bilen-2-stk\/","title":{"rendered":"Paraplyholder til bilen (2 stk.)"},"content":{"rendered":"<p style=\"text-align: center\" data-start=\"0\" data-end=\"74\"><strong data-start=\"0\" data-end=\"74\">Hold din paraply sikker, t\u00f8r og altid inden for r\u00e6kkevidde, mens du k\u00f8rer. \ud83d\ude97 \ud83c\udf02<\/strong><\/p>\n<p style=\"text-align: center\" data-start=\"76\" data-end=\"327\">Denne bilparaplyholder giver din paraply et perfekt, dedikeret sted i din bil &#8211; ikke mere rullende, dryppende eller rodet bagagerum. Den er designet til at blive installeret p\u00e5 f\u00e5 sekunder uden at bore, sidder godt fast og passer perfekt ind i ethvert bilinteri\u00f8r.<\/p>\n<p data-start=\"76\" data-end=\"327\"><img fetchpriority=\"high\" decoding=\"async\" class=\"size-full wp-image-41878 aligncenter\" src=\"https:\/\/keluvo.com\/template\/wp-content\/uploads\/sites\/5\/2025\/11\/10224-ezgif.com-video-to-webp-converter-1-1.webp\" alt=\"\" width=\"500\" height=\"500\" \/><\/p>\n<h2 style=\"text-align: center\" data-start=\"334\" data-end=\"356\"><strong>Vigtigste Fordele<\/strong><\/h2>\n<p data-start=\"359\" data-end=\"442\">\ud83d\ude97 Perfekt pasform uden at vakle &#8211; holder din paraply fast uden st\u00f8j.<\/p>\n<p data-start=\"445\" data-end=\"532\">\ud83c\udf27\ufe0f \u00d8jeblikkelig adgang p\u00e5 regnfulde dage &#8211; tag fat i din paraply, lige n\u00e5r du \u00e5bner d\u00f8ren.<\/p>\n<p data-start=\"535\" data-end=\"624\">\ud83e\uddfc Holder din bil ren &#8211; ikke flere v\u00e5de paraplyer, der ruller rundt p\u00e5 s\u00e6derne eller i bagagerummet.<\/p>\n<p data-start=\"627\" data-end=\"714\">\ud83d\udd27 Nem installation uden at bore &#8211; sidder godt fast og forbliver stabil under k\u00f8rslen.<\/p>\n<p data-start=\"717\" data-end=\"791\">\ud83c\udfa8 Minimalistisk design &#8211; elegant udseende, der matcher ethvert bilinteri\u00f8r.<\/p>\n<p data-start=\"717\" data-end=\"791\"><img decoding=\"async\" class=\"size-full wp-image-41881 aligncenter\" src=\"https:\/\/keluvo.com\/template\/wp-content\/uploads\/sites\/5\/2025\/11\/91481ab287b6755900e77e09b1d89c0c70f8503a.avif\" alt=\"\" \/><\/p>\n<h2 style=\"text-align: center\" data-start=\"798\" data-end=\"817\"><strong>S\u00e5dan Bruges<\/strong><\/h2>\n<ol data-start=\"818\" data-end=\"1142\">\n<li data-start=\"818\" data-end=\"882\">\n<p data-start=\"821\" data-end=\"882\">Reng\u00f8r det omr\u00e5de, hvor du vil montere paraplyholderen.<\/p>\n<\/li>\n<li data-start=\"883\" data-end=\"929\">\n<p data-start=\"886\" data-end=\"929\">Tr\u00e6k den selvkl\u00e6bende bagside af krogene.<\/p>\n<\/li>\n<li data-start=\"930\" data-end=\"1012\">\n<p data-start=\"933\" data-end=\"1012\">Tryk fast p\u00e5 det valgte sted (d\u00f8rside, s\u00e6de eller midterkonsol).<\/p>\n<\/li>\n<li data-start=\"1013\" data-end=\"1074\">\n<p data-start=\"1016\" data-end=\"1074\">Skub din paraply ind i krogene for at opbevare den sikkert.<\/p>\n<\/li>\n<li data-start=\"1075\" data-end=\"1142\">\n<p data-start=\"1078\" data-end=\"1142\">Fjern og s\u00e6t den fast igen efter behov &#8211; der kr\u00e6ves ingen boring eller v\u00e6rkt\u00f8j.<\/p>\n<\/li>\n<\/ol>\n<h2 style=\"text-align: center\" data-start=\"1149\" data-end=\"1173\"><strong>Produktoplysninger<\/strong><\/h2>\n<ul data-start=\"1174\" data-end=\"1331\">\n<li data-start=\"1174\" data-end=\"1203\">\n<p data-start=\"1176\" data-end=\"1203\">Materiale: Holdbar plast<\/p>\n<\/li>\n<li data-start=\"1234\" data-end=\"1275\">\n<p data-start=\"1236\" data-end=\"1275\">Kompatibilitet: Passer til alle k\u00f8ret\u00f8jstyper<\/p>\n<\/li>\n<li data-start=\"1276\" data-end=\"1331\">\n<p data-start=\"1278\" data-end=\"1331\">Design: St\u00f8jfri, stabil og vibrationsresistent<\/p>\n<\/li>\n<\/ul>\n<h2 style=\"text-align: center\" data-start=\"1338\" data-end=\"1363\"><strong>Pakken indeholder<\/strong><\/h2>\n<ul data-start=\"1364\" data-end=\"1407\">\n<li data-start=\"1364\" data-end=\"1407\">\n<p data-start=\"1366\" data-end=\"1407\">2x bilparaplykroge.<\/p>\n<\/li>\n<\/ul>\n","protected":false},"excerpt":{"rendered":"<p>Hold din paraply sikker, t\u00f8r og altid inden for r\u00e6kkevidde, mens du k\u00f8rer. \ud83d\ude97 \ud83c\udf02 Denne bilparaplyholder giver din paraply [&hellip;]<\/p>\n","protected":false},"featured_media":36312,"comment_status":"open","ping_status":"closed","template":"","meta":{"site-sidebar-layout":"default","site-content-layout":"","ast-site-content-layout":"default","site-content-style":"default","site-sidebar-style":"default","ast-global-header-display":"","ast-banner-title-visibility":"","ast-main-header-display":"","ast-hfb-above-header-display":"","ast-hfb-below-header-display":"","ast-hfb-mobile-header-display":"","site-post-title":"","ast-breadcrumbs-content":"","ast-featured-img":"","footer-sml-layout":"","theme-transparent-header-meta":"default","adv-header-id-meta":"","stick-header-meta":"","header-above-stick-meta":"","header-main-stick-meta":"","header-below-stick-meta":"","astra-migrate-meta-layouts":"set","ast-page-background-enabled":"default","ast-page-background-meta":{"desktop":{"background-color":"var(--ast-global-color-5)","background-image":"","background-repeat":"repeat","background-position":"center center","background-size":"auto","background-attachment":"scroll","background-type":"","background-media":"","overlay-type":"","overlay-color":"","overlay-opacity":"","overlay-gradient":""},"tablet":{"background-color":"","background-image":"","background-repeat":"repeat","background-position":"center center","background-size":"auto","background-attachment":"scroll","background-type":"","background-media":"","overlay-type":"","overlay-color":"","overlay-opacity":"","overlay-gradient":""},"mobile":{"background-color":"","background-image":"","background-repeat":"repeat","background-position":"center center","background-size":"auto","background-attachment":"scroll","background-type":"","background-media":"","overlay-type":"","overlay-color":"","overlay-opacity":"","overlay-gradient":""}},"ast-content-background-meta":{"desktop":{"background-color":"var(--ast-global-color-4)","background-image":"","background-repeat":"repeat","background-position":"center center","background-size":"auto","background-attachment":"scroll","background-type":"","background-media":"","overlay-type":"","overlay-color":"","overlay-opacity":"","overlay-gradient":""},"tablet":{"background-color":"var(--ast-global-color-4)","background-image":"","background-repeat":"repeat","background-position":"center center","background-size":"auto","background-attachment":"scroll","background-type":"","background-media":"","overlay-type":"","overlay-color":"","overlay-opacity":"","overlay-gradient":""},"mobile":{"background-color":"var(--ast-global-color-4)","background-image":"","background-repeat":"repeat","background-position":"center center","background-size":"auto","background-attachment":"scroll","background-type":"","background-media":"","overlay-type":"","overlay-color":"","overlay-opacity":"","overlay-gradient":""}}},"product_brand":[],"product_cat":[19],"product_tag":[],"class_list":{"0":"post-36316","1":"product","2":"type-product","3":"status-publish","4":"has-post-thumbnail","6":"product_cat-uncategorized","7":"pa_52328_owa89mgx-roed","8":"pa_52328_owa89mgx-sort","9":"desktop-align-left","10":"tablet-align-left","11":"mobile-align-left","13":"first","14":"instock","15":"shipping-taxable","16":"purchasable","17":"product-type-variable"},"_links":{"self":[{"href":"https:\/\/ecostera.com\/dk\/wp-json\/wp\/v2\/product\/36316","targetHints":{"allow":["GET"]}}],"collection":[{"href":"https:\/\/ecostera.com\/dk\/wp-json\/wp\/v2\/product"}],"about":[{"href":"https:\/\/ecostera.com\/dk\/wp-json\/wp\/v2\/types\/product"}],"replies":[{"embeddable":true,"href":"https:\/\/ecostera.com\/dk\/wp-json\/wp\/v2\/comments?post=36316"}],"wp:featuredmedia":[{"embeddable":true,"href":"https:\/\/ecostera.com\/dk\/wp-json\/wp\/v2\/media\/36312"}],"wp:attachment":[{"href":"https:\/\/ecostera.com\/dk\/wp-json\/wp\/v2\/media?parent=36316"}],"wp:term":[{"taxonomy":"product_brand","embeddable":true,"href":"https:\/\/ecostera.com\/dk\/wp-json\/wp\/v2\/product_brand?post=36316"},{"taxonomy":"product_cat","embeddable":true,"href":"https:\/\/ecostera.com\/dk\/wp-json\/wp\/v2\/product_cat?post=36316"},{"taxonomy":"product_tag","embeddable":true,"href":"https:\/\/ecostera.com\/dk\/wp-json\/wp\/v2\/product_tag?post=36316"}],"curies":[{"name":"wp","href":"https:\/\/api.w.org\/{rel}","templated":true}]}}