{"id":3646,"date":"2025-07-21T08:49:59","date_gmt":"2025-07-21T08:49:59","guid":{"rendered":"https:\/\/ecostera.com\/dk\/product\/livreddende-armbaand\/"},"modified":"2025-11-18T15:43:08","modified_gmt":"2025-11-18T13:43:08","slug":"livreddende-armbaand","status":"publish","type":"product","link":"https:\/\/ecostera.com\/dk\/product\/livreddende-armbaand\/","title":{"rendered":"Livreddende armb\u00e5nd"},"content":{"rendered":"<h2 style=\"text-align: center\">Et armb\u00e5nd, der kan redde dit liv.<\/h2>\n<p style=\"text-align: center\">Medicinske n\u00f8dsituationer kan opst\u00e5 n\u00e5r som helst og hvor som helst. Uanset om det er en ulykke, en pludselig sundhedskrise eller bevidstl\u00f8shed, t\u00e6ller hvert sekund. Det livreddende armb\u00e5nd sikrer, at f\u00f8rstehj\u00e6lpere, medicinsk personale og selv tilskuere straks genkender din medicinske tilstand, s\u00e5 de kan yde den rette pleje uden forsinkelser. Med dine essentielle sundhedsoplysninger tydeligt indgraveret kan du have ro i sindet og vide, at din tilstand ikke g\u00e5r ubem\u00e6rket hen, n\u00e5r det allermest g\u00e6lder.<\/p>\n<p><img decoding=\"async\" class=\"size-medium wp-image-12027 aligncenter\" src=\"https:\/\/keluvo.com\/template\/wp-content\/uploads\/sites\/5\/2024\/11\/ad1Bracelet.jpg\" alt=\"\" \/><\/p>\n<h2><\/h2>\n<h2 style=\"text-align: center\">F\u00f8rsteklasses kvalitet og behagelig at have p\u00e5<\/h2>\n<p style=\"text-align: center\">Designet til b\u00e5de holdbarhed og komfort er det livreddende armb\u00e5nd fremstillet af \u00e6gte l\u00e6der af h\u00f8j kvalitet og rustfrit st\u00e5l, hvilket g\u00f8r det stilfuldt, let og modstandsdygtigt over for daglig brug. Den justerbare rem sikrer en perfekt pasform, s\u00e5 du kan have det p\u00e5 hele dagen uden ubehag. Uanset om du er p\u00e5 arbejde, p\u00e5 en rejse eller dyrker sport, sidder armb\u00e5ndet sikkert p\u00e5 dit h\u00e5ndled &#8211; altid klar til at kommunikere dine vigtige sundhedsoplysninger.<\/p>\n<p><img decoding=\"async\" class=\"size-medium wp-image-12029 aligncenter\" src=\"https:\/\/keluvo.com\/template\/wp-content\/uploads\/sites\/5\/2024\/11\/desc2Bracelet.webp\" alt=\"\" \/><\/p>\n<h2><\/h2>\n<h2 style=\"text-align: center\">Brugerdefineret gravering til forskellige medicinske tilstande.<\/h2>\n<p style=\"text-align: center\">Vi tilbyder brugerdefineret gravering til en lang r\u00e6kke medicinske tilstande, s\u00e5 du er sikker p\u00e5, at dit armb\u00e5nd afspejler dine specifikke sundhedsbehov. Hvis du har en unik sygdom, kan vi indgravere den for dig. V\u00e6r sikker, v\u00e6r forberedt, og lad dit livreddende armb\u00e5nd tale for dig, n\u00e5r du ikke kan.<\/p>\n<p><img decoding=\"async\" class=\"size-medium wp-image-12030 aligncenter\" src=\"https:\/\/keluvo.com\/template\/wp-content\/uploads\/sites\/5\/2024\/11\/WhatsApp-Image-2025-03-10-at-15.20.28_b8a0b041.jpg\" alt=\"\" \/><\/p>\n","protected":false},"excerpt":{"rendered":"<p>Et armb\u00e5nd, der kan redde dit liv. Medicinske n\u00f8dsituationer kan opst\u00e5 n\u00e5r som helst og hvor som helst. Uanset om [&hellip;]<\/p>\n","protected":false},"featured_media":3642,"comment_status":"open","ping_status":"closed","template":"","meta":{"site-sidebar-layout":"default","site-content-layout":"","ast-site-content-layout":"default","site-content-style":"default","site-sidebar-style":"default","ast-global-header-display":"","ast-banner-title-visibility":"","ast-main-header-display":"","ast-hfb-above-header-display":"","ast-hfb-below-header-display":"","ast-hfb-mobile-header-display":"","site-post-title":"","ast-breadcrumbs-content":"","ast-featured-img":"","footer-sml-layout":"","theme-transparent-header-meta":"default","adv-header-id-meta":"","stick-header-meta":"","header-above-stick-meta":"","header-main-stick-meta":"","header-below-stick-meta":"","astra-migrate-meta-layouts":"set","ast-page-background-enabled":"default","ast-page-background-meta":{"desktop":{"background-color":"var(--ast-global-color-5)","background-image":"","background-repeat":"repeat","background-position":"center center","background-size":"auto","background-attachment":"scroll","background-type":"","background-media":"","overlay-type":"","overlay-color":"","overlay-opacity":"","overlay-gradient":""},"tablet":{"background-color":"","background-image":"","background-repeat":"repeat","background-position":"center center","background-size":"auto","background-attachment":"scroll","background-type":"","background-media":"","overlay-type":"","overlay-color":"","overlay-opacity":"","overlay-gradient":""},"mobile":{"background-color":"","background-image":"","background-repeat":"repeat","background-position":"center center","background-size":"auto","background-attachment":"scroll","background-type":"","background-media":"","overlay-type":"","overlay-color":"","overlay-opacity":"","overlay-gradient":""}},"ast-content-background-meta":{"desktop":{"background-color":"var(--ast-global-color-4)","background-image":"","background-repeat":"repeat","background-position":"center center","background-size":"auto","background-attachment":"scroll","background-type":"","background-media":"","overlay-type":"","overlay-color":"","overlay-opacity":"","overlay-gradient":""},"tablet":{"background-color":"var(--ast-global-color-4)","background-image":"","background-repeat":"repeat","background-position":"center center","background-size":"auto","background-attachment":"scroll","background-type":"","background-media":"","overlay-type":"","overlay-color":"","overlay-opacity":"","overlay-gradient":""},"mobile":{"background-color":"var(--ast-global-color-4)","background-image":"","background-repeat":"repeat","background-position":"center center","background-size":"auto","background-attachment":"scroll","background-type":"","background-media":"","overlay-type":"","overlay-color":"","overlay-opacity":"","overlay-gradient":""}}},"product_brand":[],"product_cat":[19],"product_tag":[],"class_list":{"0":"post-3646","1":"product","2":"type-product","3":"status-publish","4":"has-post-thumbnail","6":"product_cat-uncategorized","7":"pa_15075_ula62g3k-allergi","8":"pa_15075_ula62g3k-alzheimers","9":"pa_15075_ula62g3k-epilepsi","10":"pa_15075_ula62g3k-hjertesygdom","11":"pa_15075_ula62g3k-hoejt-blodtryk","12":"pa_15075_ula62g3k-kol","13":"pa_15075_ula62g3k-lungesygdom","14":"pa_15075_ula62g3k-pacemaker","15":"pa_15075_ula62g3k-type-1-diabetes","16":"pa_15075_ula62g3k-type-2-diabetes","17":"desktop-align-left","18":"tablet-align-left","19":"mobile-align-left","21":"first","22":"instock","23":"shipping-taxable","24":"purchasable","25":"product-type-variable"},"_links":{"self":[{"href":"https:\/\/ecostera.com\/dk\/wp-json\/wp\/v2\/product\/3646","targetHints":{"allow":["GET"]}}],"collection":[{"href":"https:\/\/ecostera.com\/dk\/wp-json\/wp\/v2\/product"}],"about":[{"href":"https:\/\/ecostera.com\/dk\/wp-json\/wp\/v2\/types\/product"}],"replies":[{"embeddable":true,"href":"https:\/\/ecostera.com\/dk\/wp-json\/wp\/v2\/comments?post=3646"}],"wp:featuredmedia":[{"embeddable":true,"href":"https:\/\/ecostera.com\/dk\/wp-json\/wp\/v2\/media\/3642"}],"wp:attachment":[{"href":"https:\/\/ecostera.com\/dk\/wp-json\/wp\/v2\/media?parent=3646"}],"wp:term":[{"taxonomy":"product_brand","embeddable":true,"href":"https:\/\/ecostera.com\/dk\/wp-json\/wp\/v2\/product_brand?post=3646"},{"taxonomy":"product_cat","embeddable":true,"href":"https:\/\/ecostera.com\/dk\/wp-json\/wp\/v2\/product_cat?post=3646"},{"taxonomy":"product_tag","embeddable":true,"href":"https:\/\/ecostera.com\/dk\/wp-json\/wp\/v2\/product_tag?post=3646"}],"curies":[{"name":"wp","href":"https:\/\/api.w.org\/{rel}","templated":true}]}}