{"id":36492,"date":"2025-11-21T19:29:27","date_gmt":"2025-11-21T17:29:27","guid":{"rendered":"https:\/\/ecostera.com\/dk\/product\/champagne-og-vinpropper-3-stk\/"},"modified":"2025-12-25T16:41:49","modified_gmt":"2025-12-25T14:41:49","slug":"champagne-og-vinpropper-3-stk","status":"publish","type":"product","link":"https:\/\/ecostera.com\/dk\/product\/champagne-og-vinpropper-3-stk\/","title":{"rendered":"Champagne- og vinpropper (3 stk.)"},"content":{"rendered":"<p style=\"text-align: center;\" data-start=\"0\" data-end=\"70\"><strong data-start=\"0\" data-end=\"70\">Hold din champagne og vin frisk i flere dage med et enkelt vrid. \ud83c\udf7e<\/strong><\/p>\n<p style=\"text-align: center;\" data-start=\"72\" data-end=\"318\">Disse champagne- og vinpropper skaber en luftt\u00e6t forsegling, der bevarer bobler, smag og friskhed l\u00e6nge efter, at flasken er \u00e5bnet. Det er slut med at k\u00e6mpe med propper eller spilde halvfyldte flasker &#8211; bare drej, l\u00e5s og nyd din vin n\u00e5r som helst.<\/p>\n<p data-start=\"72\" data-end=\"318\"><img fetchpriority=\"high\" decoding=\"async\" class=\" wp-image-41961 aligncenter\" src=\"https:\/\/keluvo.com\/template\/wp-content\/uploads\/sites\/5\/2025\/11\/6811dd48cdac8ab321ae7202bd76765ada5085e0ecbcafecb211c55ad415d7f4.webp\" alt=\"\" width=\"500\" height=\"500\" \/><\/p>\n<h2 style=\"text-align: center;\" data-start=\"325\" data-end=\"347\"><strong>Vigtigste fordele<\/strong><\/h2>\n<p data-start=\"350\" data-end=\"449\">\ud83c\udf7e Holder vin og champagne frisk &#8211; forsegler t\u00e6t for at holde p\u00e5 kulsyre og smag i flere dage.<\/p>\n<p data-start=\"452\" data-end=\"540\">\ud83d\udd12 Sikkert design med drejel\u00e5s &#8211; drej for at \u00e5bne, drej for at forsegle, hurtigt og ubesv\u00e6ret.<\/p>\n<p data-start=\"543\" data-end=\"637\">\ud83e\udde2 Kompakt &#8220;sikkerhedshat&#8221;-form &#8211; passer perfekt til mousserende vinflasker og er nem at opbevare.<\/p>\n<p data-start=\"640\" data-end=\"736\">\ud83e\uddfc Materialer af f\u00f8devarekvalitet &#8211; indvendig silikoneforsegling + holdbar ABS-skal til sikker, langvarig brug.<\/p>\n<p data-start=\"739\" data-end=\"831\">\ud83d\ude4c Ingen kamp med propper &#8211; erstatter traditionelle propper med en nemmere, renere l\u00f8sning.<\/p>\n<p data-start=\"739\" data-end=\"831\"><img decoding=\"async\" class=\" wp-image-41960 aligncenter\" src=\"https:\/\/keluvo.com\/template\/wp-content\/uploads\/sites\/5\/2025\/11\/05cbe4339c5798bebea57579a3ab2ccda957bd05c6a9b6c2dad4a36ac76b0771-800.webp\" alt=\"\" width=\"500\" height=\"500\" \/><\/p>\n<h2 style=\"text-align: center;\" data-start=\"838\" data-end=\"857\">S\u00e5dan bruges de<\/h2>\n<ol data-start=\"858\" data-end=\"1081\">\n<li data-start=\"858\" data-end=\"903\">\n<p data-start=\"861\" data-end=\"903\">Drej toppen af proppen for at l\u00e5se den op.<\/p>\n<\/li>\n<li data-start=\"904\" data-end=\"959\">\n<p data-start=\"907\" data-end=\"959\">S\u00e6t proppen sikkert ned i flaske\u00e5bningen.<\/p>\n<\/li>\n<li data-start=\"960\" data-end=\"1026\">\n<p data-start=\"963\" data-end=\"1026\">Drej toppen tilbage til den l\u00e5ste position for at forsegle flasken.<\/p>\n<\/li>\n<li data-start=\"1027\" data-end=\"1081\">\n<p data-start=\"1030\" data-end=\"1081\">For at \u00e5bne igen skal du blot dreje igen for at l\u00e5se den op og fjerne den.<\/p>\n<\/li>\n<\/ol>\n<h2 style=\"text-align: center;\" data-start=\"1088\" data-end=\"1112\"><strong>Produktdetaljer<\/strong><\/h2>\n<ul data-start=\"1113\" data-end=\"1327\">\n<li data-start=\"1113\" data-end=\"1152\">\n<p data-start=\"1115\" data-end=\"1152\">Materiale: ABS + f\u00f8devaregodkendt silikone<\/p>\n<\/li>\n<li data-start=\"1153\" data-end=\"1169\">\n<p data-start=\"1155\" data-end=\"1169\">Farve: Sort<\/p>\n<\/li>\n<li data-start=\"1170\" data-end=\"1250\">\n<p data-start=\"1172\" data-end=\"1180\">St\u00f8rrelser: <span style=\"font-size: 16px;\">3,9 x 3,2 cm, <\/span><span style=\"font-size: 16px;\">3,9 x 4 cm\u00a0<\/span><\/p>\n<\/li>\n<li data-start=\"1251\" data-end=\"1327\">\n<p data-start=\"1253\" data-end=\"1327\">Kompatibel med champagne, mousserende vin og de fleste standard vinflasker.<\/p>\n<\/li>\n<\/ul>\n<h2 style=\"text-align: center;\" data-start=\"1334\" data-end=\"1359\"><strong>Pakken indeholder<\/strong><\/h2>\n<ul data-start=\"1360\" data-end=\"1392\" data-is-last-node=\"\" data-is-only-node=\"\">\n<li data-start=\"1360\" data-end=\"1392\" data-is-last-node=\"\">\n<p data-start=\"1362\" data-end=\"1392\" data-is-last-node=\"\">3x champagnepropper eller<\/p>\n<\/li>\n<li data-start=\"1360\" data-end=\"1392\" data-is-last-node=\"\">3x vinpropper.<\/li>\n<\/ul>\n","protected":false},"excerpt":{"rendered":"<p>Hold din champagne og vin frisk i flere dage med et enkelt vrid. \ud83c\udf7e Disse champagne- og vinpropper skaber en [&hellip;]<\/p>\n","protected":false},"featured_media":36488,"comment_status":"open","ping_status":"closed","template":"","meta":{"site-sidebar-layout":"default","site-content-layout":"","ast-site-content-layout":"default","site-content-style":"default","site-sidebar-style":"default","ast-global-header-display":"","ast-banner-title-visibility":"","ast-main-header-display":"","ast-hfb-above-header-display":"","ast-hfb-below-header-display":"","ast-hfb-mobile-header-display":"","site-post-title":"","ast-breadcrumbs-content":"","ast-featured-img":"","footer-sml-layout":"","theme-transparent-header-meta":"default","adv-header-id-meta":"","stick-header-meta":"","header-above-stick-meta":"","header-main-stick-meta":"","header-below-stick-meta":"","astra-migrate-meta-layouts":"set","ast-page-background-enabled":"default","ast-page-background-meta":{"desktop":{"background-color":"var(--ast-global-color-5)","background-image":"","background-repeat":"repeat","background-position":"center center","background-size":"auto","background-attachment":"scroll","background-type":"","background-media":"","overlay-type":"","overlay-color":"","overlay-opacity":"","overlay-gradient":""},"tablet":{"background-color":"","background-image":"","background-repeat":"repeat","background-position":"center center","background-size":"auto","background-attachment":"scroll","background-type":"","background-media":"","overlay-type":"","overlay-color":"","overlay-opacity":"","overlay-gradient":""},"mobile":{"background-color":"","background-image":"","background-repeat":"repeat","background-position":"center center","background-size":"auto","background-attachment":"scroll","background-type":"","background-media":"","overlay-type":"","overlay-color":"","overlay-opacity":"","overlay-gradient":""}},"ast-content-background-meta":{"desktop":{"background-color":"var(--ast-global-color-4)","background-image":"","background-repeat":"repeat","background-position":"center center","background-size":"auto","background-attachment":"scroll","background-type":"","background-media":"","overlay-type":"","overlay-color":"","overlay-opacity":"","overlay-gradient":""},"tablet":{"background-color":"var(--ast-global-color-4)","background-image":"","background-repeat":"repeat","background-position":"center center","background-size":"auto","background-attachment":"scroll","background-type":"","background-media":"","overlay-type":"","overlay-color":"","overlay-opacity":"","overlay-gradient":""},"mobile":{"background-color":"var(--ast-global-color-4)","background-image":"","background-repeat":"repeat","background-position":"center center","background-size":"auto","background-attachment":"scroll","background-type":"","background-media":"","overlay-type":"","overlay-color":"","overlay-opacity":"","overlay-gradient":""}}},"product_brand":[],"product_cat":[19],"product_tag":[],"class_list":{"0":"post-36492","1":"product","2":"type-product","3":"status-publish","4":"has-post-thumbnail","6":"product_cat-uncategorized","7":"pa_52455_laz8jg5l-champagne","8":"pa_52455_laz8jg5l-vin","9":"desktop-align-left","10":"tablet-align-left","11":"mobile-align-left","13":"first","14":"instock","15":"shipping-taxable","16":"purchasable","17":"product-type-variable"},"_links":{"self":[{"href":"https:\/\/ecostera.com\/dk\/wp-json\/wp\/v2\/product\/36492","targetHints":{"allow":["GET"]}}],"collection":[{"href":"https:\/\/ecostera.com\/dk\/wp-json\/wp\/v2\/product"}],"about":[{"href":"https:\/\/ecostera.com\/dk\/wp-json\/wp\/v2\/types\/product"}],"replies":[{"embeddable":true,"href":"https:\/\/ecostera.com\/dk\/wp-json\/wp\/v2\/comments?post=36492"}],"wp:featuredmedia":[{"embeddable":true,"href":"https:\/\/ecostera.com\/dk\/wp-json\/wp\/v2\/media\/36488"}],"wp:attachment":[{"href":"https:\/\/ecostera.com\/dk\/wp-json\/wp\/v2\/media?parent=36492"}],"wp:term":[{"taxonomy":"product_brand","embeddable":true,"href":"https:\/\/ecostera.com\/dk\/wp-json\/wp\/v2\/product_brand?post=36492"},{"taxonomy":"product_cat","embeddable":true,"href":"https:\/\/ecostera.com\/dk\/wp-json\/wp\/v2\/product_cat?post=36492"},{"taxonomy":"product_tag","embeddable":true,"href":"https:\/\/ecostera.com\/dk\/wp-json\/wp\/v2\/product_tag?post=36492"}],"curies":[{"name":"wp","href":"https:\/\/api.w.org\/{rel}","templated":true}]}}