{"id":36505,"date":"2025-11-21T19:31:21","date_gmt":"2025-11-21T17:31:21","guid":{"rendered":"https:\/\/ecostera.com\/dk\/product\/automatisk-optraekkeligt-maalebaand-3-stk\/"},"modified":"2025-12-01T13:01:46","modified_gmt":"2025-12-01T11:01:46","slug":"automatisk-optraekkeligt-maalebaand-3-stk","status":"publish","type":"product","link":"https:\/\/ecostera.com\/dk\/product\/automatisk-optraekkeligt-maalebaand-3-stk\/","title":{"rendered":"Automatisk optr\u00e6kkeligt m\u00e5leb\u00e5nd (3 stk.)"},"content":{"rendered":"<p style=\"text-align: center\" data-start=\"0\" data-end=\"67\"><strong data-start=\"0\" data-end=\"67\">F\u00e5 Hurtige, N\u00f8jagtige M\u00e5linger Med Et Enkelt Tryk P\u00e5 En Knap. \ud83d\udccf<\/strong><\/p>\n<p style=\"text-align: center\" data-start=\"69\" data-end=\"320\">Dette automatisk indtr\u00e6kkelige m\u00e5leb\u00e5nd er designet til at give dig pr\u00e6cise afl\u00e6sninger uden besv\u00e6r. Dets st\u00e6rke, fleksible b\u00e5nd og indbyggede l\u00e5s g\u00f8r det nemmere og mere p\u00e5lideligt end nogensinde at m\u00e5le t\u00f8j, kropsst\u00f8rrelser, buede overflader og g\u00f8r-det-selv-projekter.<\/p>\n<p data-start=\"69\" data-end=\"320\"><img fetchpriority=\"high\" decoding=\"async\" class=\" wp-image-41978 aligncenter\" src=\"https:\/\/keluvo.com\/template\/wp-content\/uploads\/sites\/5\/2025\/11\/94f29adb-ee3b-41ad-a77f-12652b4f33a3.gif\" alt=\"\" width=\"501\" height=\"501\" \/><\/p>\n<h2 style=\"text-align: center\" data-start=\"327\" data-end=\"349\"><strong>Vigtigste Fordele<\/strong><\/h2>\n<p data-start=\"352\" data-end=\"453\">\ud83c\udfaf N\u00f8jagtig hver gang &#8211; sikr din m\u00e5ling med stiftl\u00e5sen, og tr\u00e6k den tilbage med en enkelt knap.<\/p>\n<p data-start=\"456\" data-end=\"552\">\ud83d\udcaa Holdbar konstruktion &#8211; ABS-skal + PVC-fiberb\u00e5nd modst\u00e5r varme, vand, str\u00e6kning og b\u00f8jning.<\/p>\n<p data-start=\"555\" data-end=\"658\">\ud83d\udd04 Alsidig til mange form\u00e5l &#8211; ideel til skr\u00e6ddere, h\u00e5ndv\u00e6rkere, kropsm\u00e5linger og husholdningsopgaver.<\/p>\n<p data-start=\"661\" data-end=\"741\">\ud83d\udccf Langt m\u00e5leomr\u00e5de &#8211; 152 cm til at d\u00e6kke flere projekter med lethed.<\/p>\n<p data-start=\"744\" data-end=\"829\">\ud83e\uddf5 Glat indtr\u00e6kkeligt design &#8211; nemt at opbevare, nemt at b\u00e6re, altid klar til brug.<\/p>\n<p data-start=\"744\" data-end=\"829\"><img decoding=\"async\" class=\"size-full wp-image-41973 aligncenter\" src=\"https:\/\/keluvo.com\/template\/wp-content\/uploads\/sites\/5\/2025\/11\/7dccb806569dc819018b3d185bb0ff2c448a3d0dc7d7c5cefed5d7a6becbf390-800.jpg\" alt=\"\" width=\"1075\" height=\"1080\" \/><\/p>\n<h2 style=\"text-align: center\" data-start=\"836\" data-end=\"856\"><strong>S\u00e5dan Bruges<\/strong><\/h2>\n<ol data-start=\"857\" data-end=\"1076\">\n<li data-start=\"857\" data-end=\"903\">\n<p data-start=\"860\" data-end=\"903\">Tr\u00e6k b\u00e5ndet ud til den \u00f8nskede l\u00e6ngde.<\/p>\n<\/li>\n<li data-start=\"904\" data-end=\"959\">\n<p data-start=\"907\" data-end=\"959\">Brug pinl\u00e5sen til at holde m\u00e5lingen p\u00e5 plads.<\/p>\n<\/li>\n<li data-start=\"960\" data-end=\"1009\">\n<p data-start=\"963\" data-end=\"1009\">L\u00e6s m\u00e5lingen tydeligt langs b\u00e5ndet.<\/p>\n<\/li>\n<li data-start=\"1010\" data-end=\"1076\">\n<p data-start=\"1013\" data-end=\"1076\">Tryk p\u00e5 indtr\u00e6ksknappen for at tr\u00e6kke b\u00e5ndet tilbage i etuiet.<\/p>\n<\/li>\n<\/ol>\n<h2 style=\"text-align: center\" data-start=\"1083\" data-end=\"1107\"><strong>Produktdetaljer<\/strong><\/h2>\n<ul data-start=\"1108\" data-end=\"1346\">\n<li data-start=\"1108\" data-end=\"1156\">\n<p data-start=\"1110\" data-end=\"1156\">Materiale: ABS-plastskal + PVC-fiberb\u00e5nd<\/p>\n<\/li>\n<li data-start=\"1157\" data-end=\"1199\">\n<p data-start=\"1159\" data-end=\"1199\">M\u00e5leomr\u00e5de: 1-152 cm<\/p>\n<\/li>\n<li data-start=\"1239\" data-end=\"1282\">\n<p data-start=\"1241\" data-end=\"1282\">Etuiets st\u00f8rrelse: 12 cm x 6 cm<\/p>\n<\/li>\n<li data-start=\"1283\" data-end=\"1346\">\n<p data-start=\"1285\" data-end=\"1346\">Funktioner: vandt\u00e6t, varmebestandigt, optr\u00e6kkeligt, b\u00e6rbart<\/p>\n<\/li>\n<\/ul>\n<h2 style=\"text-align: center\" data-start=\"1353\" data-end=\"1378\"><strong>Pakken indeholder<\/strong><\/h2>\n<ul data-start=\"1379\" data-end=\"1421\" data-is-last-node=\"\" data-is-only-node=\"\">\n<li data-start=\"1379\" data-end=\"1421\" data-is-last-node=\"\">\n<p data-start=\"1381\" data-end=\"1421\" data-is-last-node=\"\">3x automatisk optr\u00e6kkeligt m\u00e5leb\u00e5nd.<\/p>\n<\/li>\n<\/ul>\n","protected":false},"excerpt":{"rendered":"<p>F\u00e5 Hurtige, N\u00f8jagtige M\u00e5linger Med Et Enkelt Tryk P\u00e5 En Knap. \ud83d\udccf Dette automatisk indtr\u00e6kkelige m\u00e5leb\u00e5nd er designet til at [&hellip;]<\/p>\n","protected":false},"featured_media":36501,"comment_status":"open","ping_status":"closed","template":"","meta":{"site-sidebar-layout":"default","site-content-layout":"","ast-site-content-layout":"default","site-content-style":"default","site-sidebar-style":"default","ast-global-header-display":"","ast-banner-title-visibility":"","ast-main-header-display":"","ast-hfb-above-header-display":"","ast-hfb-below-header-display":"","ast-hfb-mobile-header-display":"","site-post-title":"","ast-breadcrumbs-content":"","ast-featured-img":"","footer-sml-layout":"","theme-transparent-header-meta":"default","adv-header-id-meta":"","stick-header-meta":"","header-above-stick-meta":"","header-main-stick-meta":"","header-below-stick-meta":"","astra-migrate-meta-layouts":"set","ast-page-background-enabled":"default","ast-page-background-meta":{"desktop":{"background-color":"var(--ast-global-color-5)","background-image":"","background-repeat":"repeat","background-position":"center center","background-size":"auto","background-attachment":"scroll","background-type":"","background-media":"","overlay-type":"","overlay-color":"","overlay-opacity":"","overlay-gradient":""},"tablet":{"background-color":"","background-image":"","background-repeat":"repeat","background-position":"center center","background-size":"auto","background-attachment":"scroll","background-type":"","background-media":"","overlay-type":"","overlay-color":"","overlay-opacity":"","overlay-gradient":""},"mobile":{"background-color":"","background-image":"","background-repeat":"repeat","background-position":"center center","background-size":"auto","background-attachment":"scroll","background-type":"","background-media":"","overlay-type":"","overlay-color":"","overlay-opacity":"","overlay-gradient":""}},"ast-content-background-meta":{"desktop":{"background-color":"var(--ast-global-color-4)","background-image":"","background-repeat":"repeat","background-position":"center center","background-size":"auto","background-attachment":"scroll","background-type":"","background-media":"","overlay-type":"","overlay-color":"","overlay-opacity":"","overlay-gradient":""},"tablet":{"background-color":"var(--ast-global-color-4)","background-image":"","background-repeat":"repeat","background-position":"center center","background-size":"auto","background-attachment":"scroll","background-type":"","background-media":"","overlay-type":"","overlay-color":"","overlay-opacity":"","overlay-gradient":""},"mobile":{"background-color":"var(--ast-global-color-4)","background-image":"","background-repeat":"repeat","background-position":"center center","background-size":"auto","background-attachment":"scroll","background-type":"","background-media":"","overlay-type":"","overlay-color":"","overlay-opacity":"","overlay-gradient":""}}},"product_brand":[],"product_cat":[19],"product_tag":[],"class_list":{"0":"post-36505","1":"product","2":"type-product","3":"status-publish","4":"has-post-thumbnail","6":"product_cat-uncategorized","7":"pa_52467_fjjl5mpm-blaa","8":"pa_52467_fjjl5mpm-groen","9":"pa_52467_fjjl5mpm-hvid","10":"pa_52467_fjjl5mpm-lyseroed","11":"desktop-align-left","12":"tablet-align-left","13":"mobile-align-left","15":"first","16":"instock","17":"shipping-taxable","18":"purchasable","19":"product-type-variable"},"_links":{"self":[{"href":"https:\/\/ecostera.com\/dk\/wp-json\/wp\/v2\/product\/36505","targetHints":{"allow":["GET"]}}],"collection":[{"href":"https:\/\/ecostera.com\/dk\/wp-json\/wp\/v2\/product"}],"about":[{"href":"https:\/\/ecostera.com\/dk\/wp-json\/wp\/v2\/types\/product"}],"replies":[{"embeddable":true,"href":"https:\/\/ecostera.com\/dk\/wp-json\/wp\/v2\/comments?post=36505"}],"wp:featuredmedia":[{"embeddable":true,"href":"https:\/\/ecostera.com\/dk\/wp-json\/wp\/v2\/media\/36501"}],"wp:attachment":[{"href":"https:\/\/ecostera.com\/dk\/wp-json\/wp\/v2\/media?parent=36505"}],"wp:term":[{"taxonomy":"product_brand","embeddable":true,"href":"https:\/\/ecostera.com\/dk\/wp-json\/wp\/v2\/product_brand?post=36505"},{"taxonomy":"product_cat","embeddable":true,"href":"https:\/\/ecostera.com\/dk\/wp-json\/wp\/v2\/product_cat?post=36505"},{"taxonomy":"product_tag","embeddable":true,"href":"https:\/\/ecostera.com\/dk\/wp-json\/wp\/v2\/product_tag?post=36505"}],"curies":[{"name":"wp","href":"https:\/\/api.w.org\/{rel}","templated":true}]}}