{"id":36522,"date":"2025-11-21T19:33:07","date_gmt":"2025-11-21T17:33:07","guid":{"rendered":"https:\/\/ecostera.com\/dk\/product\/vaerktoej-til-justering-af-doerhaengsler\/"},"modified":"2025-12-22T18:19:15","modified_gmt":"2025-12-22T16:19:15","slug":"vaerktoej-til-justering-af-doerhaengsler","status":"publish","type":"product","link":"https:\/\/ecostera.com\/dk\/product\/vaerktoej-til-justering-af-doerhaengsler\/","title":{"rendered":"V\u00e6rkt\u00f8j til justering af d\u00f8rh\u00e6ngsler"},"content":{"rendered":"<p style=\"text-align: center\">Stor diameter: 18 mm &#8211; 24,5 mm<\/p>\n<p style=\"text-align: center\">Lille diameter: 9 mm &#8211; 17,5 mm<\/p>\n<p style=\"text-align: center\" data-start=\"0\" data-end=\"68\"><strong>Reparer h\u00e6ngende eller sk\u00e6ve d\u00f8re p\u00e5 f\u00e5 sekunder med et enkelt v\u00e6rkt\u00f8j. \ud83d\udd27<\/strong><\/p>\n<p style=\"text-align: center\" data-start=\"70\" data-end=\"320\">Dette v\u00e6rkt\u00f8j til justering af d\u00f8rh\u00e6ngsler giver dig en nem og pr\u00e6cis m\u00e5de at rette op p\u00e5 h\u00e6ngende, gnidende eller uj\u00e6vne d\u00f8re &#8211; uden at fjerne h\u00e6ngslet eller ringe til en professionel. Bare drej n\u00f8glen for at justere h\u00e6ngselhullet og \u00f8jeblikkeligt forbedre d\u00f8rens bev\u00e6gelse.<\/p>\n<p data-start=\"70\" data-end=\"320\"><img decoding=\"async\" class=\"size-full wp-image-41988 aligncenter\" src=\"https:\/\/keluvo.com\/template\/wp-content\/uploads\/sites\/5\/2025\/11\/10227-ezgif.com-video-to-webp-converter-5.webp\" alt=\"\" \/><\/p>\n<h2 style=\"text-align: center\" data-start=\"327\" data-end=\"349\">Hovedfordele \ud83d\udd27<\/h2>\n<p data-start=\"352\" data-end=\"446\">\ud83d\udd27 Pr\u00e6cise h\u00e6ngseljusteringer &#8211; udvid hullerne ved at dreje til venstre, indsn\u00e6vre dem ved at dreje til h\u00f8jre.<\/p>\n<p data-start=\"352\" data-end=\"446\">\ud83d\udeaa L\u00f8s almindelige d\u00f8rproblemer &#8211; l\u00f8ser hurtigt h\u00e6ngende, fastsiddende eller sk\u00e6ve d\u00f8re.<\/p>\n<p data-start=\"352\" data-end=\"446\">\ud83d\udcaa Kraftig st\u00e5lkonstruktion &#8211; fremstillet af 45-st\u00e5l for langvarig styrke og holdbarhed.<\/p>\n<p data-start=\"352\" data-end=\"446\">\ud83d\udee1\ufe0f Lavet til s\u00e6rlige d\u00f8rtyper &#8211; ideel til brandd\u00f8re, renrumsd\u00f8re og sikkerhedsd\u00f8re med flagh\u00e6ngsler.<\/p>\n<p data-start=\"352\" data-end=\"446\">\ud83e\udd32 Enkel og ergonomisk &#8211; nem at bruge selv p\u00e5 trange steder eller i vanskelige installationer.<\/p>\n<p data-start=\"755\" data-end=\"842\"><img fetchpriority=\"high\" decoding=\"async\" class=\"size-full wp-image-41989 aligncenter\" src=\"https:\/\/keluvo.com\/template\/wp-content\/uploads\/sites\/5\/2025\/11\/18f1445ea8cdb6cc9f74552749ea70a8541c401c-900.jpg\" alt=\"\" width=\"1039\" height=\"1080\" \/><\/p>\n<h2 style=\"text-align: center\" data-start=\"849\" data-end=\"869\">S\u00e5dan bruges den \ud83d\udccc<\/h2>\n<ol data-start=\"870\" data-end=\"1080\">\n<li data-start=\"870\" data-end=\"928\">Placer skruen\u00f8glen omkring det h\u00e6ngsel, du vil justere.<\/li>\n<li data-start=\"870\" data-end=\"928\">Drej til venstre for at udvide h\u00e6ngselhullet.<\/li>\n<li data-start=\"870\" data-end=\"928\">Drej til h\u00f8jre for at reducere h\u00e6ngselhullet.<\/li>\n<li data-start=\"870\" data-end=\"928\">Test d\u00f8rens bev\u00e6gelse, og gentag om n\u00f8dvendigt, indtil den \u00e5bner j\u00e6vnt.<\/li>\n<\/ol>\n<h2 style=\"text-align: center\" data-start=\"1087\" data-end=\"1111\">Produktoplysninger \ud83d\udccf<\/h2>\n<ul data-start=\"1112\" data-end=\"1352\">\n<li data-start=\"1158\" data-end=\"1180\">Materiale: 45-st\u00e5l<\/li>\n<li data-start=\"1158\" data-end=\"1180\">Farve: S\u00f8lv<\/li>\n<li data-start=\"1158\" data-end=\"1180\">Tilg\u00e6ngelige st\u00f8rrelser: Lille (20,3 cm), stor (22,5 cm)<\/li>\n<li data-start=\"1158\" data-end=\"1180\"><span style=\"font-size: 16px\">Designet til: Brandd\u00f8re, renrumsd\u00f8re, sikkerhedsd\u00f8re med flagh\u00e6ngsler<\/span><\/li>\n<\/ul>\n<h2 style=\"text-align: center\" data-start=\"1359\" data-end=\"1384\">Pakken indeholder \ud83d\udce6<\/h2>\n<ul data-start=\"1385\" data-end=\"1417\" data-is-last-node=\"\" data-is-only-node=\"\">\n<li data-start=\"1385\" data-end=\"1417\" data-is-last-node=\"\">\n<p data-start=\"1387\" data-end=\"1417\" data-is-last-node=\"\">1, 2x v\u00e6rkt\u00f8j til justering af d\u00f8rh\u00e6ngsler.<\/p>\n<\/li>\n<\/ul>\n","protected":false},"excerpt":{"rendered":"<p>Stor diameter: 18 mm &#8211; 24,5 mm Lille diameter: 9 mm &#8211; 17,5 mm Reparer h\u00e6ngende eller sk\u00e6ve d\u00f8re p\u00e5 [&hellip;]<\/p>\n","protected":false},"featured_media":36518,"comment_status":"open","ping_status":"closed","template":"","meta":{"site-sidebar-layout":"default","site-content-layout":"","ast-site-content-layout":"default","site-content-style":"default","site-sidebar-style":"default","ast-global-header-display":"","ast-banner-title-visibility":"","ast-main-header-display":"","ast-hfb-above-header-display":"","ast-hfb-below-header-display":"","ast-hfb-mobile-header-display":"","site-post-title":"","ast-breadcrumbs-content":"","ast-featured-img":"","footer-sml-layout":"","theme-transparent-header-meta":"default","adv-header-id-meta":"","stick-header-meta":"","header-above-stick-meta":"","header-main-stick-meta":"","header-below-stick-meta":"","astra-migrate-meta-layouts":"set","ast-page-background-enabled":"default","ast-page-background-meta":{"desktop":{"background-color":"var(--ast-global-color-5)","background-image":"","background-repeat":"repeat","background-position":"center center","background-size":"auto","background-attachment":"scroll","background-type":"","background-media":"","overlay-type":"","overlay-color":"","overlay-opacity":"","overlay-gradient":""},"tablet":{"background-color":"","background-image":"","background-repeat":"repeat","background-position":"center center","background-size":"auto","background-attachment":"scroll","background-type":"","background-media":"","overlay-type":"","overlay-color":"","overlay-opacity":"","overlay-gradient":""},"mobile":{"background-color":"","background-image":"","background-repeat":"repeat","background-position":"center center","background-size":"auto","background-attachment":"scroll","background-type":"","background-media":"","overlay-type":"","overlay-color":"","overlay-opacity":"","overlay-gradient":""}},"ast-content-background-meta":{"desktop":{"background-color":"var(--ast-global-color-4)","background-image":"","background-repeat":"repeat","background-position":"center center","background-size":"auto","background-attachment":"scroll","background-type":"","background-media":"","overlay-type":"","overlay-color":"","overlay-opacity":"","overlay-gradient":""},"tablet":{"background-color":"var(--ast-global-color-4)","background-image":"","background-repeat":"repeat","background-position":"center center","background-size":"auto","background-attachment":"scroll","background-type":"","background-media":"","overlay-type":"","overlay-color":"","overlay-opacity":"","overlay-gradient":""},"mobile":{"background-color":"var(--ast-global-color-4)","background-image":"","background-repeat":"repeat","background-position":"center center","background-size":"auto","background-attachment":"scroll","background-type":"","background-media":"","overlay-type":"","overlay-color":"","overlay-opacity":"","overlay-gradient":""}}},"product_brand":[],"product_cat":[19],"product_tag":[],"class_list":{"0":"post-36522","1":"product","2":"type-product","3":"status-publish","4":"has-post-thumbnail","6":"product_cat-uncategorized","7":"pa_52519_z7k6zlww-lille","8":"pa_52519_z7k6zlww-stor","9":"pa_52519_z7k6zlww-saet-med-2-stk","10":"desktop-align-left","11":"tablet-align-left","12":"mobile-align-left","14":"first","15":"instock","16":"shipping-taxable","17":"purchasable","18":"product-type-variable"},"_links":{"self":[{"href":"https:\/\/ecostera.com\/dk\/wp-json\/wp\/v2\/product\/36522","targetHints":{"allow":["GET"]}}],"collection":[{"href":"https:\/\/ecostera.com\/dk\/wp-json\/wp\/v2\/product"}],"about":[{"href":"https:\/\/ecostera.com\/dk\/wp-json\/wp\/v2\/types\/product"}],"replies":[{"embeddable":true,"href":"https:\/\/ecostera.com\/dk\/wp-json\/wp\/v2\/comments?post=36522"}],"wp:featuredmedia":[{"embeddable":true,"href":"https:\/\/ecostera.com\/dk\/wp-json\/wp\/v2\/media\/36518"}],"wp:attachment":[{"href":"https:\/\/ecostera.com\/dk\/wp-json\/wp\/v2\/media?parent=36522"}],"wp:term":[{"taxonomy":"product_brand","embeddable":true,"href":"https:\/\/ecostera.com\/dk\/wp-json\/wp\/v2\/product_brand?post=36522"},{"taxonomy":"product_cat","embeddable":true,"href":"https:\/\/ecostera.com\/dk\/wp-json\/wp\/v2\/product_cat?post=36522"},{"taxonomy":"product_tag","embeddable":true,"href":"https:\/\/ecostera.com\/dk\/wp-json\/wp\/v2\/product_tag?post=36522"}],"curies":[{"name":"wp","href":"https:\/\/api.w.org\/{rel}","templated":true}]}}