{"id":36575,"date":"2025-11-21T19:39:15","date_gmt":"2025-11-21T17:39:15","guid":{"rendered":"https:\/\/ecostera.com\/dk\/product\/traadloes-skaeresaks\/"},"modified":"2025-12-01T13:01:17","modified_gmt":"2025-12-01T11:01:17","slug":"traadloes-skaeresaks","status":"publish","type":"product","link":"https:\/\/ecostera.com\/dk\/product\/traadloes-skaeresaks\/","title":{"rendered":"Tr\u00e5dl\u00f8s sk\u00e6resaks"},"content":{"rendered":"<p style=\"text-align: center\" data-start=\"0\" data-end=\"71\"><strong data-start=\"0\" data-end=\"71\">Klip gennem h\u00e5rde materialer uden anstrengelse og med maksimal pr\u00e6cision. \u2702\ufe0f<\/strong><\/p>\n<p style=\"text-align: center\" data-start=\"73\" data-end=\"323\">Dette tr\u00e5dl\u00f8se sakse giver dig hurtig, ren og ubesv\u00e6ret klipning med et enkelt tryk p\u00e5 en knap. Denne elektriske saks er designet til komfort, b\u00e6rbarhed og kraft og g\u00f8r h\u00e5ndv\u00e6rk, g\u00f8r-det-selv-projekter og professionelt arbejde nemmere end nogensinde.<\/p>\n<p data-start=\"73\" data-end=\"323\"><img fetchpriority=\"high\" decoding=\"async\" class=\"size-full wp-image-42037 aligncenter\" src=\"https:\/\/keluvo.com\/template\/wp-content\/uploads\/sites\/5\/2025\/11\/7ea75e07-0e4d-4c9f-97de-d94f1f948264.gif\" alt=\"\" width=\"480\" height=\"854\" \/><\/p>\n<h2 style=\"text-align: center\" data-start=\"330\" data-end=\"352\"><strong>Vigtigste Fordele<\/strong><\/h2>\n<p data-start=\"355\" data-end=\"431\">\ud83d\udd18 One-touch-klipning &#8211; tryk for at klippe, slip for at stoppe for fuld kontrol.<\/p>\n<p data-start=\"434\" data-end=\"505\">\u270b Ergonomisk komforth\u00e5ndtag &#8211; reducerer belastningen af h\u00e5nden ved lang tids brug.<\/p>\n<p data-start=\"508\" data-end=\"589\">\u26a1 Kraftig motor med h\u00f8j hastighed &#8211; giver j\u00e6vne og pr\u00e6cise klip hver gang.<\/p>\n<p data-start=\"592\" data-end=\"667\">\ud83c\udf92 Let og b\u00e6rbar &#8211; nem at have med i enhver v\u00e6rkt\u00f8jskasse eller rygs\u00e6k.<\/p>\n<p data-start=\"670\" data-end=\"776\">\u2702\ufe0f Klipning i flere materialer &#8211; perfekt til pap, l\u00e6der, stof, t\u00e6pper, plastik, filt og meget mere.<\/p>\n<p data-start=\"779\" data-end=\"867\">\ud83d\udee0\ufe0f Holdbart blad i wolframst\u00e5l &#8211; bygget til langvarig skarphed og ydeevne.<\/p>\n<p data-start=\"779\" data-end=\"867\"><img decoding=\"async\" class=\"size-full wp-image-42043 aligncenter\" src=\"https:\/\/keluvo.com\/template\/wp-content\/uploads\/sites\/5\/2025\/11\/6-4.jpeg\" alt=\"\" width=\"1000\" height=\"1000\" \/><\/p>\n<h2 style=\"text-align: center\" data-start=\"874\" data-end=\"893\"><strong>S\u00e5dan Bruges<\/strong><\/h2>\n<ol data-start=\"894\" data-end=\"1162\">\n<li data-start=\"894\" data-end=\"944\">\n<p data-start=\"897\" data-end=\"944\">Lad saksen op ved hj\u00e6lp af det medf\u00f8lgende kabel.<\/p>\n<\/li>\n<li data-start=\"945\" data-end=\"985\">\n<p data-start=\"948\" data-end=\"985\">Hold godt fast i h\u00e5ndtaget, og placer klingen p\u00e5 materialet.<\/p>\n<\/li>\n<li data-start=\"986\" data-end=\"1058\">\n<p data-start=\"989\" data-end=\"1058\">Tryk og hold knappen nede for at klippe; slip for at stoppe.<\/p>\n<\/li>\n<li data-start=\"1059\" data-end=\"1114\">\n<p data-start=\"1062\" data-end=\"1114\">Reng\u00f8r klingen efter brug, og opbevar den sikkert.<\/p>\n<\/li>\n<\/ol>\n<h2 style=\"text-align: center\" data-start=\"1169\" data-end=\"1193\"><strong>Produktdetaljer<\/strong><\/h2>\n<ul data-start=\"1194\" data-end=\"1523\">\n<li data-start=\"1246\" data-end=\"1276\">\n<p data-start=\"1248\" data-end=\"1276\">Batterikapacitet: 2000 mAh<\/p>\n<\/li>\n<li data-start=\"1277\" data-end=\"1329\">\n<p data-start=\"1279\" data-end=\"1329\">Motor: H\u00f8jhastighedsmotor i fuld kobber (15.000\/min)<\/p>\n<\/li>\n<li data-start=\"1330\" data-end=\"1356\">\n<p data-start=\"1332\" data-end=\"1356\">Materiale: Plastik<\/p>\n<\/li>\n<li data-start=\"1357\" data-end=\"1391\">\n<p data-start=\"1359\" data-end=\"1391\">Bladmateriale: Wolframst\u00e5l<\/p>\n<\/li>\n<li data-start=\"1392\" data-end=\"1523\">\n<p data-start=\"1394\" data-end=\"1413\">Sk\u00e6rekapacitet:<\/p>\n<ul data-start=\"1416\" data-end=\"1523\">\n<li data-start=\"1416\" data-end=\"1434\">\n<p data-start=\"1418\" data-end=\"1434\">Stof: 2,5 mm<\/p>\n<\/li>\n<li data-start=\"1437\" data-end=\"1451\">\n<p data-start=\"1439\" data-end=\"1451\">Filt: 6 mm<\/p>\n<\/li>\n<li data-start=\"1454\" data-end=\"1473\">\n<p data-start=\"1456\" data-end=\"1473\">L\u00e6der: 3,5 mm<\/p>\n<\/li>\n<li data-start=\"1476\" data-end=\"1502\">\n<p data-start=\"1478\" data-end=\"1502\">Korrugeret papir: 5 mm<\/p>\n<\/li>\n<li data-start=\"1505\" data-end=\"1523\">\n<p data-start=\"1507\" data-end=\"1523\">T\u00e6ppe: 3,5 mm<\/p>\n<\/li>\n<\/ul>\n<\/li>\n<\/ul>\n<h2 style=\"text-align: center\" data-start=\"1530\" data-end=\"1555\"><strong>Pakken indeholder<\/strong><\/h2>\n<ul data-start=\"1556\" data-end=\"1663\" data-is-last-node=\"\" data-is-only-node=\"\">\n<li data-start=\"1556\" data-end=\"1589\">\n<p data-start=\"1558\" data-end=\"1589\">1x tr\u00e5dl\u00f8s sk\u00e6resaks<\/p>\n<\/li>\n<li data-start=\"1590\" data-end=\"1615\">\n<p data-start=\"1592\" data-end=\"1615\">1, 2x blad i legeret st\u00e5l<\/p>\n<\/li>\n<li data-start=\"1616\" data-end=\"1638\">\n<p data-start=\"1618\" data-end=\"1638\">1x opladerkabel<\/p>\n<\/li>\n<li data-start=\"1639\" data-end=\"1663\" data-is-last-node=\"\">\n<p data-start=\"1641\" data-end=\"1663\" data-is-last-node=\"\">1x brugsanvisning.<\/p>\n<\/li>\n<\/ul>\n","protected":false},"excerpt":{"rendered":"<p>Klip gennem h\u00e5rde materialer uden anstrengelse og med maksimal pr\u00e6cision. \u2702\ufe0f Dette tr\u00e5dl\u00f8se sakse giver dig hurtig, ren og ubesv\u00e6ret [&hellip;]<\/p>\n","protected":false},"featured_media":36571,"comment_status":"open","ping_status":"closed","template":"","meta":{"site-sidebar-layout":"default","site-content-layout":"","ast-site-content-layout":"default","site-content-style":"default","site-sidebar-style":"default","ast-global-header-display":"","ast-banner-title-visibility":"","ast-main-header-display":"","ast-hfb-above-header-display":"","ast-hfb-below-header-display":"","ast-hfb-mobile-header-display":"","site-post-title":"","ast-breadcrumbs-content":"","ast-featured-img":"","footer-sml-layout":"","theme-transparent-header-meta":"default","adv-header-id-meta":"","stick-header-meta":"","header-above-stick-meta":"","header-main-stick-meta":"","header-below-stick-meta":"","astra-migrate-meta-layouts":"set","ast-page-background-enabled":"default","ast-page-background-meta":{"desktop":{"background-color":"var(--ast-global-color-5)","background-image":"","background-repeat":"repeat","background-position":"center center","background-size":"auto","background-attachment":"scroll","background-type":"","background-media":"","overlay-type":"","overlay-color":"","overlay-opacity":"","overlay-gradient":""},"tablet":{"background-color":"","background-image":"","background-repeat":"repeat","background-position":"center center","background-size":"auto","background-attachment":"scroll","background-type":"","background-media":"","overlay-type":"","overlay-color":"","overlay-opacity":"","overlay-gradient":""},"mobile":{"background-color":"","background-image":"","background-repeat":"repeat","background-position":"center center","background-size":"auto","background-attachment":"scroll","background-type":"","background-media":"","overlay-type":"","overlay-color":"","overlay-opacity":"","overlay-gradient":""}},"ast-content-background-meta":{"desktop":{"background-color":"var(--ast-global-color-4)","background-image":"","background-repeat":"repeat","background-position":"center center","background-size":"auto","background-attachment":"scroll","background-type":"","background-media":"","overlay-type":"","overlay-color":"","overlay-opacity":"","overlay-gradient":""},"tablet":{"background-color":"var(--ast-global-color-4)","background-image":"","background-repeat":"repeat","background-position":"center center","background-size":"auto","background-attachment":"scroll","background-type":"","background-media":"","overlay-type":"","overlay-color":"","overlay-opacity":"","overlay-gradient":""},"mobile":{"background-color":"var(--ast-global-color-4)","background-image":"","background-repeat":"repeat","background-position":"center center","background-size":"auto","background-attachment":"scroll","background-type":"","background-media":"","overlay-type":"","overlay-color":"","overlay-opacity":"","overlay-gradient":""}}},"product_brand":[],"product_cat":[19],"product_tag":[],"class_list":{"0":"post-36575","1":"product","2":"type-product","3":"status-publish","4":"has-post-thumbnail","6":"product_cat-uncategorized","7":"pa_52617_n74697m5-et-blad-i-legeret-staal","8":"pa_52617_n74697m5-to-blade-af-legeret-staal","9":"desktop-align-left","10":"tablet-align-left","11":"mobile-align-left","13":"first","14":"instock","15":"shipping-taxable","16":"purchasable","17":"product-type-variable"},"_links":{"self":[{"href":"https:\/\/ecostera.com\/dk\/wp-json\/wp\/v2\/product\/36575","targetHints":{"allow":["GET"]}}],"collection":[{"href":"https:\/\/ecostera.com\/dk\/wp-json\/wp\/v2\/product"}],"about":[{"href":"https:\/\/ecostera.com\/dk\/wp-json\/wp\/v2\/types\/product"}],"replies":[{"embeddable":true,"href":"https:\/\/ecostera.com\/dk\/wp-json\/wp\/v2\/comments?post=36575"}],"wp:featuredmedia":[{"embeddable":true,"href":"https:\/\/ecostera.com\/dk\/wp-json\/wp\/v2\/media\/36571"}],"wp:attachment":[{"href":"https:\/\/ecostera.com\/dk\/wp-json\/wp\/v2\/media?parent=36575"}],"wp:term":[{"taxonomy":"product_brand","embeddable":true,"href":"https:\/\/ecostera.com\/dk\/wp-json\/wp\/v2\/product_brand?post=36575"},{"taxonomy":"product_cat","embeddable":true,"href":"https:\/\/ecostera.com\/dk\/wp-json\/wp\/v2\/product_cat?post=36575"},{"taxonomy":"product_tag","embeddable":true,"href":"https:\/\/ecostera.com\/dk\/wp-json\/wp\/v2\/product_tag?post=36575"}],"curies":[{"name":"wp","href":"https:\/\/api.w.org\/{rel}","templated":true}]}}