{"id":36588,"date":"2025-11-21T19:41:09","date_gmt":"2025-11-21T17:41:09","guid":{"rendered":"https:\/\/ecostera.com\/dk\/product\/smart-stemningslampe\/"},"modified":"2025-12-01T18:24:20","modified_gmt":"2025-12-01T16:24:20","slug":"smart-stemningslampe","status":"publish","type":"product","link":"https:\/\/ecostera.com\/dk\/product\/smart-stemningslampe\/","title":{"rendered":"Smart stemningslampe"},"content":{"rendered":"<p style=\"text-align: center\" data-start=\"0\" data-end=\"84\"><strong data-start=\"0\" data-end=\"84\">Lys op, oplad din telefon, og nyd musik &#8211; alt sammen i \u00e9n smart enhed. \ud83d\udca1<\/strong><\/p>\n<p style=\"text-align: center\" data-start=\"86\" data-end=\"331\">Denne smarte stemningslampe kombinerer en hurtig tr\u00e5dl\u00f8s oplader, en Bluetooth-h\u00f8jttaler og en multimode omgivelseslampe i en kompakt og moderne sengelampe. Den tilf\u00f8jer stil, komfort og bekvemmelighed til ethvert rum, samtidig med at den g\u00f8r din daglige rutine lettere.<\/p>\n<p data-start=\"86\" data-end=\"331\"><img fetchpriority=\"high\" decoding=\"async\" class=\"size-full wp-image-42050 aligncenter\" src=\"https:\/\/keluvo.com\/template\/wp-content\/uploads\/sites\/5\/2025\/11\/102211-ezgif.com-video-to-webp-converter-4.webp\" alt=\"\" width=\"500\" height=\"500\" \/><\/p>\n<h2 style=\"text-align: center\" data-start=\"338\" data-end=\"360\"><strong>Vigtigste Fordele<\/strong><\/h2>\n<p data-start=\"363\" data-end=\"461\">\ud83d\udca1 9 omgivende lystilstande &#8211; v\u00e6lg ensfarvede, 2-farvede, 3-farvede eller 7-farvede k\u00f8relys.<\/p>\n<p data-start=\"464\" data-end=\"542\">\u26a1 15W hurtig tr\u00e5dl\u00f8s opladning &#8211; giv din telefon str\u00f8m hurtigt, mens du slapper af.<\/p>\n<p data-start=\"545\" data-end=\"633\">\ud83d\udd0a Indbygget Bluetooth-h\u00f8jttaler &#8211; nyd klar 5W-lyd fra dine yndlingsafspilningslister.<\/p>\n<p data-start=\"636\" data-end=\"716\">\ud83c\udfb5 Flere afspilningsmuligheder &#8211; Bluetooth-, AUX- og TF-korttilstande inkluderet.<\/p>\n<p data-start=\"719\" data-end=\"791\">\u23f0 Ur + alarmfunktioner &#8211; perfekt til din seng eller arbejdsplads.<\/p>\n<p data-start=\"794\" data-end=\"882\">\ud83c\udfa8 Kompakt, stilfuldt design &#8211; f\u00e5s i hvid eller sort med et elegant, moderne udseende.<\/p>\n<p data-start=\"794\" data-end=\"882\"><img decoding=\"async\" class=\"size-full wp-image-42051 aligncenter\" src=\"https:\/\/keluvo.com\/template\/wp-content\/uploads\/sites\/5\/2025\/11\/102210-ezgif.com-video-to-webp-converter-4.webp\" alt=\"\" width=\"500\" height=\"889\" \/><\/p>\n<h2 style=\"text-align: center\" data-start=\"889\" data-end=\"908\"><strong>S\u00e5dan Bruger Du<\/strong><\/h2>\n<ol data-start=\"909\" data-end=\"1258\">\n<li data-start=\"909\" data-end=\"968\">\n<p data-start=\"912\" data-end=\"968\">Slut stemningslampen til med det medf\u00f8lgende Type-C-kabel.<\/p>\n<\/li>\n<li data-start=\"969\" data-end=\"1032\">\n<p data-start=\"972\" data-end=\"1032\">Tryk p\u00e5 &#8220;M&#8221;-knappen for at skifte mellem 9 belysningstilstande.<\/p>\n<\/li>\n<li data-start=\"1033\" data-end=\"1121\">\n<p data-start=\"1036\" data-end=\"1121\">Placer din telefon p\u00e5 den \u00f8verste pude for at aktivere hurtig tr\u00e5dl\u00f8s opladning (hold den tilsluttet).<\/p>\n<\/li>\n<li data-start=\"1122\" data-end=\"1196\">\n<p data-start=\"1125\" data-end=\"1196\">Tilslut via Bluetooth (version 5.0) eller brug AUX\/TF-kort til at afspille musik.<\/p>\n<\/li>\n<li data-start=\"1197\" data-end=\"1258\">\n<p data-start=\"1200\" data-end=\"1258\">Indstil tiden eller alarmen ved hj\u00e6lp af kontrolknapperne, hvis det er n\u00f8dvendigt.<\/p>\n<\/li>\n<\/ol>\n<h2 style=\"text-align: center\" data-start=\"1265\" data-end=\"1289\"><strong>Produktdetaljer<\/strong><\/h2>\n<ul data-start=\"1290\" data-end=\"1774\">\n<li data-start=\"1290\" data-end=\"1323\">\n<p data-start=\"1292\" data-end=\"1323\">Inputsp\u00e6nding: 12V \/ 2,5A<\/p>\n<\/li>\n<li data-start=\"1324\" data-end=\"1370\">\n<p data-start=\"1326\" data-end=\"1370\">Tr\u00e5dl\u00f8s udgang: 5W, 7,5W, 10W, 15W<\/p>\n<\/li>\n<li data-start=\"1371\" data-end=\"1406\">\n<p data-start=\"1373\" data-end=\"1406\">Bluetooth-h\u00f8jttalereffekt: 5W<\/p>\n<\/li>\n<li data-start=\"1407\" data-end=\"1433\">\n<p data-start=\"1409\" data-end=\"1433\">Materiale: ABS + PC<\/p>\n<\/li>\n<li data-start=\"1434\" data-end=\"1464\">\n<p data-start=\"1436\" data-end=\"1464\">Bluetooth-version: 5.0<\/p>\n<\/li>\n<li data-start=\"1465\" data-end=\"1503\">\n<p data-start=\"1467\" data-end=\"1503\">Transmissionsafstand: 5-10 mm<\/p>\n<\/li>\n<li data-start=\"1504\" data-end=\"1536\">\n<p data-start=\"1506\" data-end=\"1536\">Opladningseffektivitet: 75%<\/p>\n<\/li>\n<li data-start=\"1537\" data-end=\"1579\">\n<p data-start=\"1539\" data-end=\"1579\">V\u00e6gt: 250 g<\/p>\n<\/li>\n<li data-start=\"1580\" data-end=\"1610\">\n<p data-start=\"1582\" data-end=\"1610\">St\u00f8rrelse: 15 x 15 x 5,5 cm<\/p>\n<\/li>\n<li data-start=\"1648\" data-end=\"1679\">\n<p data-start=\"1650\" data-end=\"1679\">Metoder: 9 belysningstilstande<\/p>\n<\/li>\n<li data-start=\"1680\" data-end=\"1774\">\n<p data-start=\"1682\" data-end=\"1774\">Funktioner: Tr\u00e5dl\u00f8s opladning, Bluetooth-lyd, AUX, TF-kort, ur, alarm, stemningslampe<\/p>\n<\/li>\n<\/ul>\n<h2 style=\"text-align: center\" data-start=\"1781\" data-end=\"1806\"><strong>Pakken indeholder<\/strong><\/h2>\n<ul data-start=\"1807\" data-end=\"1878\" data-is-last-node=\"\" data-is-only-node=\"\">\n<li data-start=\"1807\" data-end=\"1830\">\n<p data-start=\"1809\" data-end=\"1830\">1x smart stemningslampe<\/p>\n<\/li>\n<li data-start=\"1831\" data-end=\"1860\">\n<p data-start=\"1833\" data-end=\"1860\">1x Type-C-opladerkabel<\/p>\n<\/li>\n<li data-start=\"1861\" data-end=\"1878\" data-is-last-node=\"\">\n<p data-start=\"1863\" data-end=\"1878\" data-is-last-node=\"\">1x brugervejledning.<\/p>\n<\/li>\n<\/ul>\n","protected":false},"excerpt":{"rendered":"<p>Lys op, oplad din telefon, og nyd musik &#8211; alt sammen i \u00e9n smart enhed. \ud83d\udca1 Denne smarte stemningslampe kombinerer [&hellip;]<\/p>\n","protected":false},"featured_media":36584,"comment_status":"open","ping_status":"closed","template":"","meta":{"site-sidebar-layout":"default","site-content-layout":"","ast-site-content-layout":"default","site-content-style":"default","site-sidebar-style":"default","ast-global-header-display":"","ast-banner-title-visibility":"","ast-main-header-display":"","ast-hfb-above-header-display":"","ast-hfb-below-header-display":"","ast-hfb-mobile-header-display":"","site-post-title":"","ast-breadcrumbs-content":"","ast-featured-img":"","footer-sml-layout":"","theme-transparent-header-meta":"default","adv-header-id-meta":"","stick-header-meta":"","header-above-stick-meta":"","header-main-stick-meta":"","header-below-stick-meta":"","astra-migrate-meta-layouts":"set","ast-page-background-enabled":"default","ast-page-background-meta":{"desktop":{"background-color":"var(--ast-global-color-5)","background-image":"","background-repeat":"repeat","background-position":"center center","background-size":"auto","background-attachment":"scroll","background-type":"","background-media":"","overlay-type":"","overlay-color":"","overlay-opacity":"","overlay-gradient":""},"tablet":{"background-color":"","background-image":"","background-repeat":"repeat","background-position":"center center","background-size":"auto","background-attachment":"scroll","background-type":"","background-media":"","overlay-type":"","overlay-color":"","overlay-opacity":"","overlay-gradient":""},"mobile":{"background-color":"","background-image":"","background-repeat":"repeat","background-position":"center center","background-size":"auto","background-attachment":"scroll","background-type":"","background-media":"","overlay-type":"","overlay-color":"","overlay-opacity":"","overlay-gradient":""}},"ast-content-background-meta":{"desktop":{"background-color":"var(--ast-global-color-4)","background-image":"","background-repeat":"repeat","background-position":"center center","background-size":"auto","background-attachment":"scroll","background-type":"","background-media":"","overlay-type":"","overlay-color":"","overlay-opacity":"","overlay-gradient":""},"tablet":{"background-color":"var(--ast-global-color-4)","background-image":"","background-repeat":"repeat","background-position":"center center","background-size":"auto","background-attachment":"scroll","background-type":"","background-media":"","overlay-type":"","overlay-color":"","overlay-opacity":"","overlay-gradient":""},"mobile":{"background-color":"var(--ast-global-color-4)","background-image":"","background-repeat":"repeat","background-position":"center center","background-size":"auto","background-attachment":"scroll","background-type":"","background-media":"","overlay-type":"","overlay-color":"","overlay-opacity":"","overlay-gradient":""}}},"product_brand":[],"product_cat":[19],"product_tag":[],"class_list":{"0":"post-36588","1":"product","2":"type-product","3":"status-publish","4":"has-post-thumbnail","6":"product_cat-uncategorized","7":"pa_52685_0rb6wzip-hvid","8":"pa_52685_0rb6wzip-sort","9":"desktop-align-left","10":"tablet-align-left","11":"mobile-align-left","13":"first","14":"instock","15":"shipping-taxable","16":"purchasable","17":"product-type-variable"},"_links":{"self":[{"href":"https:\/\/ecostera.com\/dk\/wp-json\/wp\/v2\/product\/36588","targetHints":{"allow":["GET"]}}],"collection":[{"href":"https:\/\/ecostera.com\/dk\/wp-json\/wp\/v2\/product"}],"about":[{"href":"https:\/\/ecostera.com\/dk\/wp-json\/wp\/v2\/types\/product"}],"replies":[{"embeddable":true,"href":"https:\/\/ecostera.com\/dk\/wp-json\/wp\/v2\/comments?post=36588"}],"wp:featuredmedia":[{"embeddable":true,"href":"https:\/\/ecostera.com\/dk\/wp-json\/wp\/v2\/media\/36584"}],"wp:attachment":[{"href":"https:\/\/ecostera.com\/dk\/wp-json\/wp\/v2\/media?parent=36588"}],"wp:term":[{"taxonomy":"product_brand","embeddable":true,"href":"https:\/\/ecostera.com\/dk\/wp-json\/wp\/v2\/product_brand?post=36588"},{"taxonomy":"product_cat","embeddable":true,"href":"https:\/\/ecostera.com\/dk\/wp-json\/wp\/v2\/product_cat?post=36588"},{"taxonomy":"product_tag","embeddable":true,"href":"https:\/\/ecostera.com\/dk\/wp-json\/wp\/v2\/product_tag?post=36588"}],"curies":[{"name":"wp","href":"https:\/\/api.w.org\/{rel}","templated":true}]}}