{"id":36646,"date":"2025-11-21T19:47:21","date_gmt":"2025-11-21T17:47:21","guid":{"rendered":"https:\/\/ecostera.com\/dk\/product\/skraber-og-haandtag-i-rustfrit-staal-2-stk\/"},"modified":"2025-12-01T13:01:35","modified_gmt":"2025-12-01T11:01:35","slug":"skraber-og-haandtag-i-rustfrit-staal-2-stk","status":"publish","type":"product","link":"https:\/\/ecostera.com\/dk\/product\/skraber-og-haandtag-i-rustfrit-staal-2-stk\/","title":{"rendered":"Skraber og h\u00e5ndtag i rustfrit st\u00e5l (2 stk.)"},"content":{"rendered":"<p style=\"text-align: center\" data-start=\"0\" data-end=\"84\"><strong data-start=\"0\" data-end=\"84\">Et St\u00e6rkt, Skarpt Og P\u00e5Lideligt V\u00e6Rkt\u00f8j Til Alle Lirke-, Skrabe- Og Reng\u00f8ringsopgaver. \ud83d\udd27<\/strong><\/p>\n<p style=\"text-align: center\" data-start=\"86\" data-end=\"371\">Denne skraber og h\u00e5ndtag i rustfrit st\u00e5l er bygget til h\u00e5rde opgaver &#8211; uanset om du skal fjerne gammel fugemasse, l\u00f8fte sm\u00e5 genstande, skrabe rester eller tr\u00e6kke s\u00f8m ud. Med et skarpt design med to ender og en kraftig konstruktion i rustfrit st\u00e5l g\u00f8r den kr\u00e6vende arbejde hurtigere, sikrere og nemmere.<\/p>\n<p data-start=\"86\" data-end=\"371\"><img fetchpriority=\"high\" decoding=\"async\" class=\"size-full wp-image-42129 aligncenter\" src=\"https:\/\/keluvo.com\/template\/wp-content\/uploads\/sites\/5\/2025\/11\/10222-ezgif.com-video-to-webp-converter-1-1.webp\" alt=\"\" width=\"500\" height=\"889\" \/><\/p>\n<h2 style=\"text-align: center\" data-start=\"378\" data-end=\"400\">\ud83c\udf1f Vigtigste Fordele<\/h2>\n<p data-start=\"403\" data-end=\"492\">\ud83d\udd27 2-i-1 lirkejern + skraber &#8211; \u00e9t v\u00e6rkt\u00f8j til at lirke, skrabe, l\u00f8fte og reng\u00f8re.<\/p>\n<p data-start=\"495\" data-end=\"584\">\ud83e\ude9b Ultraskarpe ender &#8211; fjern nemt fugemasse, maling, lim og genstridige rester.<\/p>\n<p data-start=\"587\" data-end=\"685\">\ud83d\udee0\ufe0f Kraftig st\u00e5lkonstruktion &#8211; t\u00e5ler b\u00f8jning, slag, tr\u00e6k og mange \u00e5rs brug.<\/p>\n<p data-start=\"688\" data-end=\"784\">\ud83e\uddf2 Indbygget s\u00f8mudtr\u00e6kker &#8211; fjern hurtigt s\u00f8m fra v\u00e6gge, lister og nedrivningsomr\u00e5der.<\/p>\n<p data-start=\"787\" data-end=\"889\">\ud83d\udca6 Rust- og korrosionsbestandig &#8211; emaljebel\u00e6gning og poleret rustfrit st\u00e5l f\u00e5r den til at se ny ud.<\/p>\n<p data-start=\"787\" data-end=\"889\"><img decoding=\"async\" class=\"size-full wp-image-42128 aligncenter\" src=\"https:\/\/keluvo.com\/template\/wp-content\/uploads\/sites\/5\/2025\/11\/e1705770145106d7de5db3bf1c2e1938a235dc82-800.avif\" alt=\"\" \/><\/p>\n<h2 style=\"text-align: center\" data-start=\"896\" data-end=\"915\">\ud83d\udcdd S\u00e5dan Bruges<\/h2>\n<ol data-start=\"916\" data-end=\"1284\">\n<li data-start=\"916\" data-end=\"994\">\n<p data-start=\"919\" data-end=\"994\">V\u00e6lg den ende, du har brug for &#8211; l\u00f8ftestangsenden til at lirke eller skrabeenden til reng\u00f8ring.<\/p>\n<\/li>\n<li data-start=\"995\" data-end=\"1070\">\n<p data-start=\"998\" data-end=\"1070\">Placer den skarpe kant under det materiale, du vil l\u00f8fte eller fjerne.<\/p>\n<\/li>\n<li data-start=\"1071\" data-end=\"1138\">\n<p data-start=\"1074\" data-end=\"1138\">L\u00e6g et j\u00e6vnt tryk for at lirke, skrabe, l\u00f8fte eller fjerne rester.<\/p>\n<\/li>\n<li data-start=\"1139\" data-end=\"1220\">\n<p data-start=\"1142\" data-end=\"1220\">Brug s\u00f8mudtr\u00e6kkerens \u00f8je til at gribe og fjerne s\u00f8m under nedrivningsopgaver.<\/p>\n<\/li>\n<li data-start=\"1221\" data-end=\"1284\">\n<p data-start=\"1224\" data-end=\"1284\">T\u00f8r af efter brug for at bevare skarphed og holdbarhed.<\/p>\n<\/li>\n<\/ol>\n<h2 style=\"text-align: center\" data-start=\"1291\" data-end=\"1315\">\ud83d\udccc Produktdetaljer<\/h2>\n<ul data-start=\"1316\" data-end=\"1592\">\n<li data-start=\"1316\" data-end=\"1386\">\n<p data-start=\"1318\" data-end=\"1386\">Materiale: Rustfrit st\u00e5l (varmebehandlet &amp; korrosionsbestandigt)<\/p>\n<\/li>\n<li data-start=\"1316\" data-end=\"1386\">\n<p data-start=\"1318\" data-end=\"1386\">St\u00f8rrelse: 17 x 2,8 x 1,9 cm<\/p>\n<\/li>\n<li data-start=\"1316\" data-end=\"1386\">\n<p data-start=\"1318\" data-end=\"1386\">V\u00e6gt: 170g<\/p>\n<\/li>\n<li data-start=\"1467\" data-end=\"1592\">\n<p data-start=\"1469\" data-end=\"1480\">Funktioner: <span style=\"font-size: 16px\">V\u00e6rkt\u00f8j med to ender (skraber + br\u00e6kjern), <\/span><span style=\"font-size: 16px\">90\u00b0 h\u00e5ndtagsdesign, s\u00f8mudtr\u00e6kker\u00f8je, ultraskarpe kanter<\/span><\/p>\n<\/li>\n<\/ul>\n<h2 style=\"text-align: center\" data-start=\"1599\" data-end=\"1624\">\ud83d\udce6 Pakken indeholder<\/h2>\n<ul data-start=\"1625\" data-end=\"1673\">\n<li data-start=\"1625\" data-end=\"1673\">\n<p data-start=\"1627\" data-end=\"1673\">2x skraber og h\u00e5ndtagsv\u00e6rkt\u00f8j i rustfrit st\u00e5l.<\/p>\n<\/li>\n<\/ul>\n","protected":false},"excerpt":{"rendered":"<p>Et St\u00e6rkt, Skarpt Og P\u00e5Lideligt V\u00e6Rkt\u00f8j Til Alle Lirke-, Skrabe- Og Reng\u00f8ringsopgaver. \ud83d\udd27 Denne skraber og h\u00e5ndtag i rustfrit st\u00e5l [&hellip;]<\/p>\n","protected":false},"featured_media":36642,"comment_status":"open","ping_status":"closed","template":"","meta":{"site-sidebar-layout":"default","site-content-layout":"","ast-site-content-layout":"default","site-content-style":"default","site-sidebar-style":"default","ast-global-header-display":"","ast-banner-title-visibility":"","ast-main-header-display":"","ast-hfb-above-header-display":"","ast-hfb-below-header-display":"","ast-hfb-mobile-header-display":"","site-post-title":"","ast-breadcrumbs-content":"","ast-featured-img":"","footer-sml-layout":"","theme-transparent-header-meta":"default","adv-header-id-meta":"","stick-header-meta":"","header-above-stick-meta":"","header-main-stick-meta":"","header-below-stick-meta":"","astra-migrate-meta-layouts":"set","ast-page-background-enabled":"default","ast-page-background-meta":{"desktop":{"background-color":"var(--ast-global-color-5)","background-image":"","background-repeat":"repeat","background-position":"center center","background-size":"auto","background-attachment":"scroll","background-type":"","background-media":"","overlay-type":"","overlay-color":"","overlay-opacity":"","overlay-gradient":""},"tablet":{"background-color":"","background-image":"","background-repeat":"repeat","background-position":"center center","background-size":"auto","background-attachment":"scroll","background-type":"","background-media":"","overlay-type":"","overlay-color":"","overlay-opacity":"","overlay-gradient":""},"mobile":{"background-color":"","background-image":"","background-repeat":"repeat","background-position":"center center","background-size":"auto","background-attachment":"scroll","background-type":"","background-media":"","overlay-type":"","overlay-color":"","overlay-opacity":"","overlay-gradient":""}},"ast-content-background-meta":{"desktop":{"background-color":"var(--ast-global-color-4)","background-image":"","background-repeat":"repeat","background-position":"center center","background-size":"auto","background-attachment":"scroll","background-type":"","background-media":"","overlay-type":"","overlay-color":"","overlay-opacity":"","overlay-gradient":""},"tablet":{"background-color":"var(--ast-global-color-4)","background-image":"","background-repeat":"repeat","background-position":"center center","background-size":"auto","background-attachment":"scroll","background-type":"","background-media":"","overlay-type":"","overlay-color":"","overlay-opacity":"","overlay-gradient":""},"mobile":{"background-color":"var(--ast-global-color-4)","background-image":"","background-repeat":"repeat","background-position":"center center","background-size":"auto","background-attachment":"scroll","background-type":"","background-media":"","overlay-type":"","overlay-color":"","overlay-opacity":"","overlay-gradient":""}}},"product_brand":[],"product_cat":[19],"product_tag":[],"class_list":{"0":"post-36646","1":"product","2":"type-product","3":"status-publish","4":"has-post-thumbnail","6":"product_cat-uncategorized","7":"desktop-align-left","8":"tablet-align-left","9":"mobile-align-left","11":"first","12":"instock","13":"shipping-taxable","14":"purchasable","15":"product-type-simple"},"_links":{"self":[{"href":"https:\/\/ecostera.com\/dk\/wp-json\/wp\/v2\/product\/36646","targetHints":{"allow":["GET"]}}],"collection":[{"href":"https:\/\/ecostera.com\/dk\/wp-json\/wp\/v2\/product"}],"about":[{"href":"https:\/\/ecostera.com\/dk\/wp-json\/wp\/v2\/types\/product"}],"replies":[{"embeddable":true,"href":"https:\/\/ecostera.com\/dk\/wp-json\/wp\/v2\/comments?post=36646"}],"wp:featuredmedia":[{"embeddable":true,"href":"https:\/\/ecostera.com\/dk\/wp-json\/wp\/v2\/media\/36642"}],"wp:attachment":[{"href":"https:\/\/ecostera.com\/dk\/wp-json\/wp\/v2\/media?parent=36646"}],"wp:term":[{"taxonomy":"product_brand","embeddable":true,"href":"https:\/\/ecostera.com\/dk\/wp-json\/wp\/v2\/product_brand?post=36646"},{"taxonomy":"product_cat","embeddable":true,"href":"https:\/\/ecostera.com\/dk\/wp-json\/wp\/v2\/product_cat?post=36646"},{"taxonomy":"product_tag","embeddable":true,"href":"https:\/\/ecostera.com\/dk\/wp-json\/wp\/v2\/product_tag?post=36646"}],"curies":[{"name":"wp","href":"https:\/\/api.w.org\/{rel}","templated":true}]}}