{"id":36655,"date":"2025-11-21T19:48:48","date_gmt":"2025-11-21T17:48:48","guid":{"rendered":"https:\/\/ecostera.com\/dk\/product\/udvidelig-organizer-i-flere-niveauer\/"},"modified":"2025-11-24T21:36:14","modified_gmt":"2025-11-24T19:36:14","slug":"udvidelig-organizer-i-flere-niveauer","status":"publish","type":"product","link":"https:\/\/ecostera.com\/dk\/product\/udvidelig-organizer-i-flere-niveauer\/","title":{"rendered":"Udvidelig organizer i flere niveauer"},"content":{"rendered":"<p style=\"text-align: center\" data-start=\"0\" data-end=\"68\"><strong data-start=\"0\" data-end=\"68\">Skab \u00f8jeblikkelig ekstra opbevaring og hold alle rum p\u00e6ne og ryddelige. \ud83c\udfe0<\/strong><\/p>\n<p style=\"text-align: center\" data-start=\"70\" data-end=\"315\">Denne udvidelige flerlags organizer giver dig en enkel, justerbar og holdbar m\u00e5de at organisere sko, b\u00f8ger, h\u00e5ndkl\u00e6der og meget mere p\u00e5. Det udvidelige design giver dig mulighed for at v\u00e6lge den n\u00f8jagtige l\u00e6ngde, du har brug for, hvilket g\u00f8r den perfekt til ethvert skab, hylde eller garderobe.<\/p>\n<p data-start=\"70\" data-end=\"315\"><img fetchpriority=\"high\" decoding=\"async\" class=\" wp-image-42132 aligncenter\" src=\"https:\/\/keluvo.com\/template\/wp-content\/uploads\/sites\/5\/2025\/11\/a97e3c32-5dab-4771-acbe-9955873c1755.gif\" alt=\"\" width=\"686\" height=\"686\" \/><\/p>\n<h2 style=\"text-align: center\" data-start=\"322\" data-end=\"344\"><strong>Hovedfordele<\/strong><\/h2>\n<p data-start=\"347\" data-end=\"422\">\ud83d\ude80 Pladsbesparende design &#8211; holder sko og andre ting p\u00e6nt arrangeret.<\/p>\n<p data-start=\"425\" data-end=\"500\">\ud83d\udccf Justerbar l\u00e6ngde &#8211; udvides fra 42 til 80 cm for fleksibel opbevaring.<\/p>\n<p data-start=\"503\" data-end=\"595\">\ud83c\udfe0 Alsidig brug &#8211; fantastisk til badev\u00e6relser, k\u00f8kkener, skabe, boghylder og garderobeskabe.<\/p>\n<p data-start=\"598\" data-end=\"690\">\ud83d\udcaa St\u00e6rk og holdbar &#8211; lavet af jern med en rustbestandig bel\u00e6gning til langvarig brug.<\/p>\n<p data-start=\"693\" data-end=\"762\">\ud83d\udd27 Intet v\u00e6rkt\u00f8j n\u00f8dvendigt &#8211; h\u00e6ng den op, og begynd at bruge den med det samme.<\/p>\n<p data-start=\"693\" data-end=\"762\"><img decoding=\"async\" class=\"size-full wp-image-42131 aligncenter\" src=\"https:\/\/keluvo.com\/template\/wp-content\/uploads\/sites\/5\/2025\/11\/99e2da2c-3847-408d-8f99-7ece8940eae1.webp\" alt=\"\" width=\"800\" height=\"800\" \/><\/p>\n<h2 style=\"text-align: center\" data-start=\"769\" data-end=\"788\"><strong>S\u00e5dan Bruges<\/strong><\/h2>\n<ol data-start=\"789\" data-end=\"1062\">\n<li data-start=\"789\" data-end=\"869\">\n<p data-start=\"792\" data-end=\"869\">V\u00e6lg det sted, hvor du vil tilf\u00f8je opbevaring &#8211; skab, hylde eller garderobe.<\/p>\n<\/li>\n<li data-start=\"870\" data-end=\"937\">\n<p data-start=\"873\" data-end=\"937\">Juster arrang\u00f8ren ved at forl\u00e6nge den til din foretrukne l\u00e6ngde.<\/p>\n<\/li>\n<li data-start=\"938\" data-end=\"987\">\n<p data-start=\"941\" data-end=\"987\">H\u00e6ng eller placer den sikkert p\u00e5 overfladen.<\/p>\n<\/li>\n<li data-start=\"988\" data-end=\"1062\">\n<p data-start=\"991\" data-end=\"1062\">Placer dine sko, b\u00f8ger, t\u00f8j eller andre ting p\u00e5 den lagdelte hylde.<\/p>\n<\/li>\n<\/ol>\n<h2 style=\"text-align: center\" data-start=\"1069\" data-end=\"1093\"><strong>Produktoplysninger<\/strong><\/h2>\n<ul data-start=\"1094\" data-end=\"1279\">\n<li data-start=\"1094\" data-end=\"1141\">\n<p data-start=\"1096\" data-end=\"1141\">Materiale: Jern (rustbestandig bel\u00e6gning)<\/p>\n<\/li>\n<li data-start=\"1179\" data-end=\"1211\">\n<p data-start=\"1181\" data-end=\"1211\">St\u00f8rrelse: 42-80 x 20 x 10 cm<\/p>\n<\/li>\n<li data-start=\"1212\" data-end=\"1233\">\n<p data-start=\"1214\" data-end=\"1233\">V\u00e6gt: 900 g<\/p>\n<\/li>\n<li data-start=\"1234\" data-end=\"1279\">\n<p data-start=\"1236\" data-end=\"1279\">Type: Udvidbar flerlagsorganizer<\/p>\n<\/li>\n<\/ul>\n<h2 style=\"text-align: center\" data-start=\"1286\" data-end=\"1311\"><strong>Pakken indeholder<\/strong><\/h2>\n<ul data-start=\"1312\" data-end=\"1347\">\n<li data-start=\"1312\" data-end=\"1347\">\n<p data-start=\"1314\" data-end=\"1347\">1, 2, 3x udvidelige organisers med flere niveauer<\/p>\n<\/li>\n<\/ul>\n","protected":false},"excerpt":{"rendered":"<p>Skab \u00f8jeblikkelig ekstra opbevaring og hold alle rum p\u00e6ne og ryddelige. \ud83c\udfe0 Denne udvidelige flerlags organizer giver dig en enkel, [&hellip;]<\/p>\n","protected":false},"featured_media":36651,"comment_status":"open","ping_status":"closed","template":"","meta":{"site-sidebar-layout":"default","site-content-layout":"","ast-site-content-layout":"default","site-content-style":"default","site-sidebar-style":"default","ast-global-header-display":"","ast-banner-title-visibility":"","ast-main-header-display":"","ast-hfb-above-header-display":"","ast-hfb-below-header-display":"","ast-hfb-mobile-header-display":"","site-post-title":"","ast-breadcrumbs-content":"","ast-featured-img":"","footer-sml-layout":"","theme-transparent-header-meta":"default","adv-header-id-meta":"","stick-header-meta":"","header-above-stick-meta":"","header-main-stick-meta":"","header-below-stick-meta":"","astra-migrate-meta-layouts":"set","ast-page-background-enabled":"default","ast-page-background-meta":{"desktop":{"background-color":"var(--ast-global-color-5)","background-image":"","background-repeat":"repeat","background-position":"center center","background-size":"auto","background-attachment":"scroll","background-type":"","background-media":"","overlay-type":"","overlay-color":"","overlay-opacity":"","overlay-gradient":""},"tablet":{"background-color":"","background-image":"","background-repeat":"repeat","background-position":"center center","background-size":"auto","background-attachment":"scroll","background-type":"","background-media":"","overlay-type":"","overlay-color":"","overlay-opacity":"","overlay-gradient":""},"mobile":{"background-color":"","background-image":"","background-repeat":"repeat","background-position":"center center","background-size":"auto","background-attachment":"scroll","background-type":"","background-media":"","overlay-type":"","overlay-color":"","overlay-opacity":"","overlay-gradient":""}},"ast-content-background-meta":{"desktop":{"background-color":"var(--ast-global-color-4)","background-image":"","background-repeat":"repeat","background-position":"center center","background-size":"auto","background-attachment":"scroll","background-type":"","background-media":"","overlay-type":"","overlay-color":"","overlay-opacity":"","overlay-gradient":""},"tablet":{"background-color":"var(--ast-global-color-4)","background-image":"","background-repeat":"repeat","background-position":"center center","background-size":"auto","background-attachment":"scroll","background-type":"","background-media":"","overlay-type":"","overlay-color":"","overlay-opacity":"","overlay-gradient":""},"mobile":{"background-color":"var(--ast-global-color-4)","background-image":"","background-repeat":"repeat","background-position":"center center","background-size":"auto","background-attachment":"scroll","background-type":"","background-media":"","overlay-type":"","overlay-color":"","overlay-opacity":"","overlay-gradient":""}}},"product_brand":[],"product_cat":[19],"product_tag":[],"class_list":{"0":"post-36655","1":"product","2":"type-product","3":"status-publish","4":"has-post-thumbnail","6":"product_cat-uncategorized","7":"pa_52883_2lu9syag-hvid","8":"pa_52883_2lu9syag-sort","9":"pa_52883_r6qcmh9u-1-stk","10":"pa_52883_r6qcmh9u-2-stk","11":"pa_52883_r6qcmh9u-3-stk","12":"desktop-align-left","13":"tablet-align-left","14":"mobile-align-left","16":"first","17":"instock","18":"shipping-taxable","19":"purchasable","20":"product-type-variable","21":"has-default-attributes"},"_links":{"self":[{"href":"https:\/\/ecostera.com\/dk\/wp-json\/wp\/v2\/product\/36655","targetHints":{"allow":["GET"]}}],"collection":[{"href":"https:\/\/ecostera.com\/dk\/wp-json\/wp\/v2\/product"}],"about":[{"href":"https:\/\/ecostera.com\/dk\/wp-json\/wp\/v2\/types\/product"}],"replies":[{"embeddable":true,"href":"https:\/\/ecostera.com\/dk\/wp-json\/wp\/v2\/comments?post=36655"}],"wp:featuredmedia":[{"embeddable":true,"href":"https:\/\/ecostera.com\/dk\/wp-json\/wp\/v2\/media\/36651"}],"wp:attachment":[{"href":"https:\/\/ecostera.com\/dk\/wp-json\/wp\/v2\/media?parent=36655"}],"wp:term":[{"taxonomy":"product_brand","embeddable":true,"href":"https:\/\/ecostera.com\/dk\/wp-json\/wp\/v2\/product_brand?post=36655"},{"taxonomy":"product_cat","embeddable":true,"href":"https:\/\/ecostera.com\/dk\/wp-json\/wp\/v2\/product_cat?post=36655"},{"taxonomy":"product_tag","embeddable":true,"href":"https:\/\/ecostera.com\/dk\/wp-json\/wp\/v2\/product_tag?post=36655"}],"curies":[{"name":"wp","href":"https:\/\/api.w.org\/{rel}","templated":true}]}}