{"id":3677,"date":"2025-07-21T12:13:54","date_gmt":"2025-07-21T12:13:54","guid":{"rendered":"https:\/\/ecostera.com\/dk\/product\/sproejte-til-olieoverfoersel\/"},"modified":"2025-07-21T12:14:38","modified_gmt":"2025-07-21T12:14:38","slug":"sproejte-til-olieoverfoersel","status":"publish","type":"product","link":"https:\/\/ecostera.com\/dk\/product\/sproejte-til-olieoverfoersel\/","title":{"rendered":"Spr\u00f8jte til olieoverf\u00f8rsel"},"content":{"rendered":"<h2 style=\"text-align: center\">Stor Kapacitet P\u00e5 1,5 L<\/h2>\n<p style=\"text-align: center\">Olieoverf\u00f8ringsspr\u00f8jten har en kapacitet p\u00e5 1,5 l, hvilket g\u00f8r den ideel til h\u00e5ndtering af st\u00f8rre m\u00e6ngder olie eller v\u00e6sker. Uanset om du skifter olie eller overf\u00f8rer br\u00e6ndstof, giver dette v\u00e6rkt\u00f8j plads nok til effektiv og problemfri drift.<\/p>\n<p style=\"text-align: center\"><img decoding=\"async\" class=\"alignnone size-medium wp-image-7524\" src=\"https:\/\/keluvo.com\/template\/wp-content\/uploads\/sites\/5\/2025\/01\/S97c360afa09840399367bd506fa1d7a5O.jpg_960x960q75.jpg_.webp\" alt=\"\" \/><\/p>\n<h2 style=\"text-align: center\">Holdbar Og Nem At Bruge<\/h2>\n<p style=\"text-align: center\">Lavet af materialer af h\u00f8j kvalitet er olieoverf\u00f8ringsspr\u00f8jten bygget til at modst\u00e5 hyppig brug. Dens enkle design sikrer brugervenlighed, selv for begyndere, og g\u00f8r olieskift og v\u00e6skeoverf\u00f8rsler hurtige og problemfri.<\/p>\n<p><img decoding=\"async\" class=\"alignnone size-medium wp-image-7521 aligncenter\" src=\"https:\/\/keluvo.com\/template\/wp-content\/uploads\/sites\/5\/2025\/01\/a37f8ccc-2978-4752-91bd-037ee128db1b.webp\" alt=\"\" \/><\/p>\n","protected":false},"excerpt":{"rendered":"<p>Stor Kapacitet P\u00e5 1,5 L Olieoverf\u00f8ringsspr\u00f8jten har en kapacitet p\u00e5 1,5 l, hvilket g\u00f8r den ideel til h\u00e5ndtering af st\u00f8rre [&hellip;]<\/p>\n","protected":false},"featured_media":3673,"comment_status":"open","ping_status":"closed","template":"","meta":{"site-sidebar-layout":"default","site-content-layout":"","ast-site-content-layout":"default","site-content-style":"default","site-sidebar-style":"default","ast-global-header-display":"","ast-banner-title-visibility":"","ast-main-header-display":"","ast-hfb-above-header-display":"","ast-hfb-below-header-display":"","ast-hfb-mobile-header-display":"","site-post-title":"","ast-breadcrumbs-content":"","ast-featured-img":"","footer-sml-layout":"","theme-transparent-header-meta":"default","adv-header-id-meta":"","stick-header-meta":"","header-above-stick-meta":"","header-main-stick-meta":"","header-below-stick-meta":"","astra-migrate-meta-layouts":"set","ast-page-background-enabled":"default","ast-page-background-meta":{"desktop":{"background-color":"var(--ast-global-color-5)","background-image":"","background-repeat":"repeat","background-position":"center center","background-size":"auto","background-attachment":"scroll","background-type":"","background-media":"","overlay-type":"","overlay-color":"","overlay-opacity":"","overlay-gradient":""},"tablet":{"background-color":"","background-image":"","background-repeat":"repeat","background-position":"center center","background-size":"auto","background-attachment":"scroll","background-type":"","background-media":"","overlay-type":"","overlay-color":"","overlay-opacity":"","overlay-gradient":""},"mobile":{"background-color":"","background-image":"","background-repeat":"repeat","background-position":"center center","background-size":"auto","background-attachment":"scroll","background-type":"","background-media":"","overlay-type":"","overlay-color":"","overlay-opacity":"","overlay-gradient":""}},"ast-content-background-meta":{"desktop":{"background-color":"var(--ast-global-color-4)","background-image":"","background-repeat":"repeat","background-position":"center center","background-size":"auto","background-attachment":"scroll","background-type":"","background-media":"","overlay-type":"","overlay-color":"","overlay-opacity":"","overlay-gradient":""},"tablet":{"background-color":"var(--ast-global-color-4)","background-image":"","background-repeat":"repeat","background-position":"center center","background-size":"auto","background-attachment":"scroll","background-type":"","background-media":"","overlay-type":"","overlay-color":"","overlay-opacity":"","overlay-gradient":""},"mobile":{"background-color":"var(--ast-global-color-4)","background-image":"","background-repeat":"repeat","background-position":"center center","background-size":"auto","background-attachment":"scroll","background-type":"","background-media":"","overlay-type":"","overlay-color":"","overlay-opacity":"","overlay-gradient":""}}},"product_brand":[],"product_cat":[19],"product_tag":[],"class_list":{"0":"post-3677","1":"product","2":"type-product","3":"status-publish","4":"has-post-thumbnail","6":"product_cat-uncategorized","7":"pa_42508_r3uqwnoa-200cc","8":"pa_42508_r3uqwnoa-500cc","9":"pa_42508_r3uqwnoa-1500cc","10":"desktop-align-left","11":"tablet-align-left","12":"mobile-align-left","14":"first","15":"instock","16":"shipping-taxable","17":"purchasable","18":"product-type-variable"},"_links":{"self":[{"href":"https:\/\/ecostera.com\/dk\/wp-json\/wp\/v2\/product\/3677","targetHints":{"allow":["GET"]}}],"collection":[{"href":"https:\/\/ecostera.com\/dk\/wp-json\/wp\/v2\/product"}],"about":[{"href":"https:\/\/ecostera.com\/dk\/wp-json\/wp\/v2\/types\/product"}],"replies":[{"embeddable":true,"href":"https:\/\/ecostera.com\/dk\/wp-json\/wp\/v2\/comments?post=3677"}],"wp:featuredmedia":[{"embeddable":true,"href":"https:\/\/ecostera.com\/dk\/wp-json\/wp\/v2\/media\/3673"}],"wp:attachment":[{"href":"https:\/\/ecostera.com\/dk\/wp-json\/wp\/v2\/media?parent=3677"}],"wp:term":[{"taxonomy":"product_brand","embeddable":true,"href":"https:\/\/ecostera.com\/dk\/wp-json\/wp\/v2\/product_brand?post=3677"},{"taxonomy":"product_cat","embeddable":true,"href":"https:\/\/ecostera.com\/dk\/wp-json\/wp\/v2\/product_cat?post=3677"},{"taxonomy":"product_tag","embeddable":true,"href":"https:\/\/ecostera.com\/dk\/wp-json\/wp\/v2\/product_tag?post=3677"}],"curies":[{"name":"wp","href":"https:\/\/api.w.org\/{rel}","templated":true}]}}