{"id":3693,"date":"2025-07-21T12:16:54","date_gmt":"2025-07-21T12:16:54","guid":{"rendered":"https:\/\/ecostera.com\/dk\/product\/bilkrog-i-ruskind\/"},"modified":"2025-07-21T12:17:42","modified_gmt":"2025-07-21T12:17:42","slug":"bilkrog-i-ruskind","status":"publish","type":"product","link":"https:\/\/ecostera.com\/dk\/product\/bilkrog-i-ruskind\/","title":{"rendered":"Bilkrog i ruskind"},"content":{"rendered":"<h2 style=\"text-align: center\">F\u00f8rsteklasses Ruskindsmateriale<\/h2>\n<p style=\"text-align: center\">Bilkrogen i ruskind er lavet af ruskind af h\u00f8j kvalitet og tilf\u00f8jer et strejf af luksus til din bils interi\u00f8r. Den bl\u00f8de tekstur passer perfekt til bilens design, samtidig med at den giver et solidt og holdbart greb.<\/p>\n<p><img decoding=\"async\" class=\"alignnone size-medium wp-image-10585 aligncenter\" src=\"https:\/\/keluvo.com\/template\/wp-content\/uploads\/sites\/5\/2025\/02\/Sb9c5db93504b48b79961dfe446953dd8U.jpg_960x960q75.jpg_.jpeg\" alt=\"\" \/><\/p>\n<h2 style=\"text-align: center\">Dobbeltkrog Til Mere Opbevaring<\/h2>\n<p style=\"text-align: center\">Med et design med to kroge giver ruskindskrogen ekstra plads til at h\u00e6nge tasker, punge og mindre v\u00e6rkt\u00f8j p\u00e5. Den hj\u00e6lper med at holde din bil organiseret ved at forhindre ting i at rulle rundt p\u00e5 gulvet.<\/p>\n<p><img decoding=\"async\" class=\"alignnone size-medium wp-image-10591 aligncenter\" src=\"https:\/\/keluvo.com\/template\/wp-content\/uploads\/sites\/5\/2025\/02\/S60a9dfdc2c534d2ea319cf54677fbac8K.jpg_960x960q75.jpg_.jpeg\" alt=\"\" \/><\/p>\n","protected":false},"excerpt":{"rendered":"<p>F\u00f8rsteklasses Ruskindsmateriale Bilkrogen i ruskind er lavet af ruskind af h\u00f8j kvalitet og tilf\u00f8jer et strejf af luksus til din [&hellip;]<\/p>\n","protected":false},"featured_media":3689,"comment_status":"open","ping_status":"closed","template":"","meta":{"site-sidebar-layout":"default","site-content-layout":"","ast-site-content-layout":"default","site-content-style":"default","site-sidebar-style":"default","ast-global-header-display":"","ast-banner-title-visibility":"","ast-main-header-display":"","ast-hfb-above-header-display":"","ast-hfb-below-header-display":"","ast-hfb-mobile-header-display":"","site-post-title":"","ast-breadcrumbs-content":"","ast-featured-img":"","footer-sml-layout":"","theme-transparent-header-meta":"default","adv-header-id-meta":"","stick-header-meta":"","header-above-stick-meta":"","header-main-stick-meta":"","header-below-stick-meta":"","astra-migrate-meta-layouts":"set","ast-page-background-enabled":"default","ast-page-background-meta":{"desktop":{"background-color":"var(--ast-global-color-5)","background-image":"","background-repeat":"repeat","background-position":"center center","background-size":"auto","background-attachment":"scroll","background-type":"","background-media":"","overlay-type":"","overlay-color":"","overlay-opacity":"","overlay-gradient":""},"tablet":{"background-color":"","background-image":"","background-repeat":"repeat","background-position":"center center","background-size":"auto","background-attachment":"scroll","background-type":"","background-media":"","overlay-type":"","overlay-color":"","overlay-opacity":"","overlay-gradient":""},"mobile":{"background-color":"","background-image":"","background-repeat":"repeat","background-position":"center center","background-size":"auto","background-attachment":"scroll","background-type":"","background-media":"","overlay-type":"","overlay-color":"","overlay-opacity":"","overlay-gradient":""}},"ast-content-background-meta":{"desktop":{"background-color":"var(--ast-global-color-4)","background-image":"","background-repeat":"repeat","background-position":"center center","background-size":"auto","background-attachment":"scroll","background-type":"","background-media":"","overlay-type":"","overlay-color":"","overlay-opacity":"","overlay-gradient":""},"tablet":{"background-color":"var(--ast-global-color-4)","background-image":"","background-repeat":"repeat","background-position":"center center","background-size":"auto","background-attachment":"scroll","background-type":"","background-media":"","overlay-type":"","overlay-color":"","overlay-opacity":"","overlay-gradient":""},"mobile":{"background-color":"var(--ast-global-color-4)","background-image":"","background-repeat":"repeat","background-position":"center center","background-size":"auto","background-attachment":"scroll","background-type":"","background-media":"","overlay-type":"","overlay-color":"","overlay-opacity":"","overlay-gradient":""}}},"product_brand":[],"product_cat":[19],"product_tag":[],"class_list":{"0":"post-3693","1":"product","2":"type-product","3":"status-publish","4":"has-post-thumbnail","6":"product_cat-uncategorized","7":"pa_41082_tsqfeqw8-brun","8":"pa_41082_tsqfeqw8-graa","9":"pa_41082_tsqfeqw8-sort","10":"desktop-align-left","11":"tablet-align-left","12":"mobile-align-left","14":"first","15":"instock","16":"shipping-taxable","17":"purchasable","18":"product-type-variable"},"_links":{"self":[{"href":"https:\/\/ecostera.com\/dk\/wp-json\/wp\/v2\/product\/3693","targetHints":{"allow":["GET"]}}],"collection":[{"href":"https:\/\/ecostera.com\/dk\/wp-json\/wp\/v2\/product"}],"about":[{"href":"https:\/\/ecostera.com\/dk\/wp-json\/wp\/v2\/types\/product"}],"replies":[{"embeddable":true,"href":"https:\/\/ecostera.com\/dk\/wp-json\/wp\/v2\/comments?post=3693"}],"wp:featuredmedia":[{"embeddable":true,"href":"https:\/\/ecostera.com\/dk\/wp-json\/wp\/v2\/media\/3689"}],"wp:attachment":[{"href":"https:\/\/ecostera.com\/dk\/wp-json\/wp\/v2\/media?parent=3693"}],"wp:term":[{"taxonomy":"product_brand","embeddable":true,"href":"https:\/\/ecostera.com\/dk\/wp-json\/wp\/v2\/product_brand?post=3693"},{"taxonomy":"product_cat","embeddable":true,"href":"https:\/\/ecostera.com\/dk\/wp-json\/wp\/v2\/product_cat?post=3693"},{"taxonomy":"product_tag","embeddable":true,"href":"https:\/\/ecostera.com\/dk\/wp-json\/wp\/v2\/product_tag?post=3693"}],"curies":[{"name":"wp","href":"https:\/\/api.w.org\/{rel}","templated":true}]}}