{"id":37065,"date":"2025-11-26T02:13:02","date_gmt":"2025-11-26T00:13:02","guid":{"rendered":"https:\/\/ecostera.com\/dk\/product\/usynlige-sokker\/"},"modified":"2025-11-27T18:40:37","modified_gmt":"2025-11-27T16:40:37","slug":"usynlige-sokker","status":"publish","type":"product","link":"https:\/\/ecostera.com\/dk\/product\/usynlige-sokker\/","title":{"rendered":"Usynlige sokker"},"content":{"rendered":"<p style=\"text-align: center\" data-start=\"0\" data-end=\"70\"><strong data-start=\"0\" data-end=\"70\">Nyd perfekt komfort og et rent, usynligt look ved hvert skridt. \ud83e\udd7f\ud83d\udc57<\/strong><\/p>\n<p style=\"text-align: center\" data-start=\"72\" data-end=\"330\">Disse usynlige sokker er designet til at holde dine f\u00f8dder k\u00f8lige, st\u00f8ttede og skridsikre &#8211; uden nogensinde at blive vist inde i dine sko. Str\u00f8mperne er lavet af bl\u00f8de, \u00e5ndbare materialer med et gennemsigtigt sling-back-design og forbliver skjulte, mens de giver dig komfort hele dagen.<\/p>\n<p data-start=\"72\" data-end=\"330\"><img fetchpriority=\"high\" decoding=\"async\" class=\"size-full wp-image-42169 aligncenter\" src=\"https:\/\/keluvo.com\/template\/wp-content\/uploads\/sites\/5\/2025\/11\/10224-ezgif.com-video-to-webp-converter-2-1.webp\" alt=\"\" width=\"500\" height=\"500\" \/><\/p>\n<h2 style=\"text-align: center\" data-start=\"337\" data-end=\"359\"><strong>Vigtigste fordele<\/strong><\/h2>\n<p data-start=\"362\" data-end=\"458\">\u2600\ufe0f Sommerklar &amp; \u00e5ndbar &#8211; ultratyndt stof holder dine t\u00e6er k\u00f8lige, t\u00f8rre og lugtfri.<\/p>\n<p data-start=\"461\" data-end=\"558\">\ud83d\udc63 Skridsikkert greb &#8211; silikone og TPU-elastikb\u00e5nd forhindrer glidning i sko eller under gang.<\/p>\n<p data-start=\"561\" data-end=\"655\">\ud83d\udc57 Usynligt design &#8211; gennemsigtig bagrem + lavt t\u00e5cover forbliver helt skjult.<\/p>\n<p data-start=\"658\" data-end=\"755\">\ud83e\udd7f Perfekt til enhver sko &#8211; ideel til h\u00e6le, flade sko, slingbacks, tr\u00e6sko, kjole sko og meget mere.<\/p>\n<p data-start=\"758\" data-end=\"856\">\ud83e\udde6 En st\u00f8rrelse passer alle komfort &#8211; str\u00e6kker sig j\u00e6vnt for at matche enhver fodform uden at klemme.<\/p>\n<p data-start=\"859\" data-end=\"957\">\ud83d\udcaa Bl\u00f8d &amp; holdbare materialer &#8211; bomuld + polyesterblanding for komfort, str\u00e6k og lang levetid.<\/p>\n<p data-start=\"859\" data-end=\"957\"><img decoding=\"async\" class=\"size-full wp-image-42174 aligncenter\" src=\"https:\/\/keluvo.com\/template\/wp-content\/uploads\/sites\/5\/2025\/11\/Sf35e9bf9a36a4bb08d8fad1dc9c776dbu.jpg_960x960q75.jpg_.avif\" alt=\"\" width=\"800\" height=\"800\" \/><\/p>\n<h2 style=\"text-align: center\" data-start=\"964\" data-end=\"983\">S\u00e5dan bruges<\/h2>\n<ol data-start=\"984\" data-end=\"1216\">\n<li data-start=\"984\" data-end=\"1035\">\n<p data-start=\"987\" data-end=\"1035\">Glid dine t\u00e6er ind i den lave str\u00f8mpe\u00e5bning.<\/p>\n<\/li>\n<li data-start=\"1036\" data-end=\"1088\">\n<p data-start=\"1039\" data-end=\"1088\">Tr\u00e6k det gennemsigtige slyngeb\u00e5nd over din h\u00e6l.<\/p>\n<\/li>\n<li data-start=\"1089\" data-end=\"1150\">\n<p data-start=\"1092\" data-end=\"1150\">Juster sokken, s\u00e5 den sidder behageligt og forbliver skjult.<\/p>\n<\/li>\n<li data-start=\"1151\" data-end=\"1216\">\n<p data-start=\"1154\" data-end=\"1216\">Tag dine sko p\u00e5 og nyd en sikker, usynlig pasform hele dagen.<\/p>\n<\/li>\n<\/ol>\n<h2 style=\"text-align: center\" data-start=\"1223\" data-end=\"1247\">Produktdetaljer<\/h2>\n<ul data-start=\"1248\" data-end=\"1557\">\n<li data-start=\"1248\" data-end=\"1309\">\n<p data-start=\"1250\" data-end=\"1309\">Materiale: Bomuld + polyester + TPU-elastik<\/p>\n<\/li>\n<li data-start=\"1310\" data-end=\"1399\">\n<p data-start=\"1312\" data-end=\"1399\">Design: Lavt t\u00e5d\u00e6kke, gennemsigtig h\u00e6lrem, skridsikkert silikonegreb<\/p>\n<\/li>\n<li data-start=\"1400\" data-end=\"1430\">\n<p data-start=\"1402\" data-end=\"1430\">Pasform: En st\u00f8rrelse passer alle<\/p>\n<\/li>\n<li data-start=\"1431\" data-end=\"1500\">\n<p data-start=\"1433\" data-end=\"1500\">Stil:\u00a0Usynlig til \u00e5ben ryg og elegant fodt\u00f8j<\/p>\n<\/li>\n<li data-start=\"1501\" data-end=\"1557\">\n<p data-start=\"1503\" data-end=\"1557\">\u00c5ndbarhed: Ultratyndt sommervenligt stof<\/p>\n<\/li>\n<\/ul>\n<h2 style=\"text-align: center\" data-start=\"1564\" data-end=\"1589\">Pakken indeholder<\/h2>\n<ul data-start=\"1590\" data-end=\"1623\">\n<li data-start=\"1590\" data-end=\"1623\">\n<p data-start=\"1592\" data-end=\"1623\">1, 2, 4x par usynlige sokker (2, 4, 8 stk.).<\/p>\n<\/li>\n<\/ul>\n","protected":false},"excerpt":{"rendered":"<p>Nyd perfekt komfort og et rent, usynligt look ved hvert skridt. \ud83e\udd7f\ud83d\udc57 Disse usynlige sokker er designet til at holde [&hellip;]<\/p>\n","protected":false},"featured_media":37061,"comment_status":"open","ping_status":"closed","template":"","meta":{"site-sidebar-layout":"default","site-content-layout":"","ast-site-content-layout":"default","site-content-style":"default","site-sidebar-style":"default","ast-global-header-display":"","ast-banner-title-visibility":"","ast-main-header-display":"","ast-hfb-above-header-display":"","ast-hfb-below-header-display":"","ast-hfb-mobile-header-display":"","site-post-title":"","ast-breadcrumbs-content":"","ast-featured-img":"","footer-sml-layout":"","theme-transparent-header-meta":"default","adv-header-id-meta":"","stick-header-meta":"","header-above-stick-meta":"","header-main-stick-meta":"","header-below-stick-meta":"","astra-migrate-meta-layouts":"set","ast-page-background-enabled":"default","ast-page-background-meta":{"desktop":{"background-color":"var(--ast-global-color-5)","background-image":"","background-repeat":"repeat","background-position":"center center","background-size":"auto","background-attachment":"scroll","background-type":"","background-media":"","overlay-type":"","overlay-color":"","overlay-opacity":"","overlay-gradient":""},"tablet":{"background-color":"","background-image":"","background-repeat":"repeat","background-position":"center center","background-size":"auto","background-attachment":"scroll","background-type":"","background-media":"","overlay-type":"","overlay-color":"","overlay-opacity":"","overlay-gradient":""},"mobile":{"background-color":"","background-image":"","background-repeat":"repeat","background-position":"center center","background-size":"auto","background-attachment":"scroll","background-type":"","background-media":"","overlay-type":"","overlay-color":"","overlay-opacity":"","overlay-gradient":""}},"ast-content-background-meta":{"desktop":{"background-color":"var(--ast-global-color-4)","background-image":"","background-repeat":"repeat","background-position":"center center","background-size":"auto","background-attachment":"scroll","background-type":"","background-media":"","overlay-type":"","overlay-color":"","overlay-opacity":"","overlay-gradient":""},"tablet":{"background-color":"var(--ast-global-color-4)","background-image":"","background-repeat":"repeat","background-position":"center center","background-size":"auto","background-attachment":"scroll","background-type":"","background-media":"","overlay-type":"","overlay-color":"","overlay-opacity":"","overlay-gradient":""},"mobile":{"background-color":"var(--ast-global-color-4)","background-image":"","background-repeat":"repeat","background-position":"center center","background-size":"auto","background-attachment":"scroll","background-type":"","background-media":"","overlay-type":"","overlay-color":"","overlay-opacity":"","overlay-gradient":""}}},"product_brand":[],"product_cat":[19],"product_tag":[],"class_list":{"0":"post-37065","1":"product","2":"type-product","3":"status-publish","4":"has-post-thumbnail","6":"product_cat-uncategorized","7":"pa_53226_8ga2ul5q-armygroen","8":"pa_53226_8ga2ul5q-blaa","9":"pa_53226_8ga2ul5q-gul","10":"pa_53226_8ga2ul5q-hudfarve","11":"pa_53226_8ga2ul5q-hvid","12":"pa_53226_8ga2ul5q-lilla","13":"pa_53226_8ga2ul5q-lysegraa","14":"pa_53226_8ga2ul5q-roedvin","15":"pa_53226_8ga2ul5q-sort","16":"pa_53226_at8j77ez-1-par","17":"pa_53226_at8j77ez-2-par","18":"pa_53226_at8j77ez-4-par","19":"desktop-align-left","20":"tablet-align-left","21":"mobile-align-left","23":"first","24":"instock","25":"shipping-taxable","26":"purchasable","27":"product-type-variable","28":"has-default-attributes"},"_links":{"self":[{"href":"https:\/\/ecostera.com\/dk\/wp-json\/wp\/v2\/product\/37065","targetHints":{"allow":["GET"]}}],"collection":[{"href":"https:\/\/ecostera.com\/dk\/wp-json\/wp\/v2\/product"}],"about":[{"href":"https:\/\/ecostera.com\/dk\/wp-json\/wp\/v2\/types\/product"}],"replies":[{"embeddable":true,"href":"https:\/\/ecostera.com\/dk\/wp-json\/wp\/v2\/comments?post=37065"}],"wp:featuredmedia":[{"embeddable":true,"href":"https:\/\/ecostera.com\/dk\/wp-json\/wp\/v2\/media\/37061"}],"wp:attachment":[{"href":"https:\/\/ecostera.com\/dk\/wp-json\/wp\/v2\/media?parent=37065"}],"wp:term":[{"taxonomy":"product_brand","embeddable":true,"href":"https:\/\/ecostera.com\/dk\/wp-json\/wp\/v2\/product_brand?post=37065"},{"taxonomy":"product_cat","embeddable":true,"href":"https:\/\/ecostera.com\/dk\/wp-json\/wp\/v2\/product_cat?post=37065"},{"taxonomy":"product_tag","embeddable":true,"href":"https:\/\/ecostera.com\/dk\/wp-json\/wp\/v2\/product_tag?post=37065"}],"curies":[{"name":"wp","href":"https:\/\/api.w.org\/{rel}","templated":true}]}}