{"id":37128,"date":"2025-11-26T02:16:31","date_gmt":"2025-11-26T00:16:31","guid":{"rendered":"https:\/\/ecostera.com\/dk\/product\/gyroskopisk-kopholder\/"},"modified":"2025-11-27T18:44:27","modified_gmt":"2025-11-27T16:44:27","slug":"gyroskopisk-kopholder","status":"publish","type":"product","link":"https:\/\/ecostera.com\/dk\/product\/gyroskopisk-kopholder\/","title":{"rendered":"Gyroskopisk kopholder"},"content":{"rendered":"<p style=\"text-align: center\" data-start=\"0\" data-end=\"74\"><strong data-start=\"0\" data-end=\"74\">Hold din drik oprejst og spildfri p\u00e5 enhver vej, sti eller i terr\u00e6n. \ud83d\udeab\ud83e\udd64<\/strong><\/p>\n<p style=\"text-align: center\" data-start=\"76\" data-end=\"352\">Denne gyroskopiske kopholder bruger automatisk nivellering teknologi til at holde din drik stabil, selv under bump, sving og off-road-ture. Uanset om du er p\u00e5 motorcykel, traktor, lastbil eller cykel, absorberer denne holder vibrationer og forhindrer spild, s\u00e5 du kan holde fokus p\u00e5 vejen.<\/p>\n<p data-start=\"76\" data-end=\"352\"><img fetchpriority=\"high\" decoding=\"async\" class=\"size-full wp-image-42231 aligncenter\" src=\"https:\/\/keluvo.com\/template\/wp-content\/uploads\/sites\/5\/2025\/11\/10225-ezgif.com-video-to-webp-converter-1-1.webp\" alt=\"\" width=\"500\" height=\"889\" \/><\/p>\n<h2 style=\"text-align: center\" data-start=\"359\" data-end=\"381\"><strong>Hovedfordele<\/strong><\/h2>\n<p data-start=\"384\" data-end=\"480\">\ud83d\udeab\ud83e\udd64 Ikke mere spild &#8211; gyroskopisk design holder din kop oprejst i h\u00e5rdt eller uj\u00e6vnt terr\u00e6n.<\/p>\n<p data-start=\"483\" data-end=\"570\">\ud83d\ude9c Perfekt til alle k\u00f8ret\u00f8jer &#8211; ideel til motorcykler, lastbiler, traktorer og cykler.<\/p>\n<p data-start=\"573\" data-end=\"661\">\u26a1 Vibrationsabsorberende stabilitet &#8211; reducerer 95 % af rystelser for mere sikker transport af drikkevarer.<\/p>\n<p data-start=\"664\" data-end=\"754\">\ud83d\udd04 Justerbar &amp; roterbar &#8211; roter eller flyt holderen ved hj\u00e6lp af den fleksible klips.<\/p>\n<p data-start=\"757\" data-end=\"844\">\ud83d\udd10 Sikkert greb &#8211; skridsikker silikoneforing holder din d\u00e5se eller kop p\u00e5 plads.<\/p>\n<p data-start=\"847\" data-end=\"942\">\ud83c\udf26\ufe0f Vejrbestandig &#8211; holdbar teknisk plast t\u00e5ler varme, kulde og kraftig brug.<\/p>\n<p data-start=\"847\" data-end=\"942\"><img decoding=\"async\" class=\" wp-image-42233 aligncenter\" src=\"https:\/\/keluvo.com\/template\/wp-content\/uploads\/sites\/5\/2025\/11\/56dfc425ca1b2f4ee6623c81386f5e18604b2609-900.avif\" alt=\"\" width=\"511\" height=\"484\" \/><\/p>\n<h2 style=\"text-align: center\" data-start=\"949\" data-end=\"968\"><strong>S\u00e5dan Bruges<\/strong><\/h2>\n<ol data-start=\"969\" data-end=\"1228\">\n<li data-start=\"969\" data-end=\"1040\">\n<p data-start=\"972\" data-end=\"1040\">Fastg\u00f8r den justerbare klips til dit styr, stel eller sideskinne.<\/p>\n<\/li>\n<li data-start=\"1041\" data-end=\"1110\">\n<p data-start=\"1044\" data-end=\"1110\">Juster holderens vinkel efter behov ved hj\u00e6lp af den drejelige mekanisme.<\/p>\n<\/li>\n<li data-start=\"1111\" data-end=\"1158\">\n<p data-start=\"1114\" data-end=\"1158\">Inds\u00e6t din drik (op til 6,5 cm i diameter).<\/p>\n<\/li>\n<li data-start=\"1159\" data-end=\"1228\">\n<p data-start=\"1162\" data-end=\"1228\">K\u00f8r, k\u00f8r eller arbejd &#8211; din drik forbliver automatisk oprejst.<\/p>\n<\/li>\n<\/ol>\n<h2 style=\"text-align: center\" data-start=\"1235\" data-end=\"1259\"><strong>Produktoplysninger<\/strong><\/h2>\n<ul data-start=\"1260\" data-end=\"1495\">\n<li data-start=\"1260\" data-end=\"1298\">\n<p data-start=\"1262\" data-end=\"1298\">Materiale: ABS + skridsikker silikone<\/p>\n<\/li>\n<li data-start=\"1299\" data-end=\"1343\">\n<p data-start=\"1301\" data-end=\"1343\">Passer til d\u00e5ser\/kopper med en diameter p\u00e5 op til 6,5 cm<\/p>\n<\/li>\n<li data-start=\"1344\" data-end=\"1379\">\n<p data-start=\"1346\" data-end=\"1379\">Automatisk nivellering gyroskopisk design<\/p>\n<\/li>\n<li data-start=\"1380\" data-end=\"1412\">\n<p data-start=\"1382\" data-end=\"1412\">St\u00f8dabsorberende konstruktion<\/p>\n<\/li>\n<li data-start=\"1413\" data-end=\"1446\">\n<p data-start=\"1415\" data-end=\"1446\">Vejrbestandig og holdbar<\/p>\n<\/li>\n<\/ul>\n<h2 style=\"text-align: center\" data-start=\"1502\" data-end=\"1527\"><strong>Pakken indeholder<\/strong><\/h2>\n<ul data-start=\"1528\" data-end=\"1559\">\n<li data-start=\"1528\" data-end=\"1559\">\n<p data-start=\"1530\" data-end=\"1559\">1, 2x gyroskopisk kopholder.<\/p>\n<\/li>\n<\/ul>\n","protected":false},"excerpt":{"rendered":"<p>Hold din drik oprejst og spildfri p\u00e5 enhver vej, sti eller i terr\u00e6n. \ud83d\udeab\ud83e\udd64 Denne gyroskopiske kopholder bruger automatisk nivellering [&hellip;]<\/p>\n","protected":false},"featured_media":37124,"comment_status":"open","ping_status":"closed","template":"","meta":{"site-sidebar-layout":"default","site-content-layout":"","ast-site-content-layout":"default","site-content-style":"default","site-sidebar-style":"default","ast-global-header-display":"","ast-banner-title-visibility":"","ast-main-header-display":"","ast-hfb-above-header-display":"","ast-hfb-below-header-display":"","ast-hfb-mobile-header-display":"","site-post-title":"","ast-breadcrumbs-content":"","ast-featured-img":"","footer-sml-layout":"","theme-transparent-header-meta":"default","adv-header-id-meta":"","stick-header-meta":"","header-above-stick-meta":"","header-main-stick-meta":"","header-below-stick-meta":"","astra-migrate-meta-layouts":"set","ast-page-background-enabled":"default","ast-page-background-meta":{"desktop":{"background-color":"var(--ast-global-color-5)","background-image":"","background-repeat":"repeat","background-position":"center center","background-size":"auto","background-attachment":"scroll","background-type":"","background-media":"","overlay-type":"","overlay-color":"","overlay-opacity":"","overlay-gradient":""},"tablet":{"background-color":"","background-image":"","background-repeat":"repeat","background-position":"center center","background-size":"auto","background-attachment":"scroll","background-type":"","background-media":"","overlay-type":"","overlay-color":"","overlay-opacity":"","overlay-gradient":""},"mobile":{"background-color":"","background-image":"","background-repeat":"repeat","background-position":"center center","background-size":"auto","background-attachment":"scroll","background-type":"","background-media":"","overlay-type":"","overlay-color":"","overlay-opacity":"","overlay-gradient":""}},"ast-content-background-meta":{"desktop":{"background-color":"var(--ast-global-color-4)","background-image":"","background-repeat":"repeat","background-position":"center center","background-size":"auto","background-attachment":"scroll","background-type":"","background-media":"","overlay-type":"","overlay-color":"","overlay-opacity":"","overlay-gradient":""},"tablet":{"background-color":"var(--ast-global-color-4)","background-image":"","background-repeat":"repeat","background-position":"center center","background-size":"auto","background-attachment":"scroll","background-type":"","background-media":"","overlay-type":"","overlay-color":"","overlay-opacity":"","overlay-gradient":""},"mobile":{"background-color":"var(--ast-global-color-4)","background-image":"","background-repeat":"repeat","background-position":"center center","background-size":"auto","background-attachment":"scroll","background-type":"","background-media":"","overlay-type":"","overlay-color":"","overlay-opacity":"","overlay-gradient":""}}},"product_brand":[],"product_cat":[19],"product_tag":[],"class_list":{"0":"post-37128","1":"product","2":"type-product","3":"status-publish","4":"has-post-thumbnail","6":"product_cat-uncategorized","7":"pa_53433_2wbudt0l-1-stk","8":"pa_53433_2wbudt0l-2-stk","9":"pa_53433_wer4q7dp-groen","10":"pa_53433_wer4q7dp-gul","11":"pa_53433_wer4q7dp-roed","12":"pa_53433_wer4q7dp-sort","13":"desktop-align-left","14":"tablet-align-left","15":"mobile-align-left","17":"first","18":"instock","19":"shipping-taxable","20":"purchasable","21":"product-type-variable","22":"has-default-attributes"},"_links":{"self":[{"href":"https:\/\/ecostera.com\/dk\/wp-json\/wp\/v2\/product\/37128","targetHints":{"allow":["GET"]}}],"collection":[{"href":"https:\/\/ecostera.com\/dk\/wp-json\/wp\/v2\/product"}],"about":[{"href":"https:\/\/ecostera.com\/dk\/wp-json\/wp\/v2\/types\/product"}],"replies":[{"embeddable":true,"href":"https:\/\/ecostera.com\/dk\/wp-json\/wp\/v2\/comments?post=37128"}],"wp:featuredmedia":[{"embeddable":true,"href":"https:\/\/ecostera.com\/dk\/wp-json\/wp\/v2\/media\/37124"}],"wp:attachment":[{"href":"https:\/\/ecostera.com\/dk\/wp-json\/wp\/v2\/media?parent=37128"}],"wp:term":[{"taxonomy":"product_brand","embeddable":true,"href":"https:\/\/ecostera.com\/dk\/wp-json\/wp\/v2\/product_brand?post=37128"},{"taxonomy":"product_cat","embeddable":true,"href":"https:\/\/ecostera.com\/dk\/wp-json\/wp\/v2\/product_cat?post=37128"},{"taxonomy":"product_tag","embeddable":true,"href":"https:\/\/ecostera.com\/dk\/wp-json\/wp\/v2\/product_tag?post=37128"}],"curies":[{"name":"wp","href":"https:\/\/api.w.org\/{rel}","templated":true}]}}