{"id":3715,"date":"2025-07-21T12:20:46","date_gmt":"2025-07-21T12:20:46","guid":{"rendered":"https:\/\/ecostera.com\/dk\/product\/handsker-til-havearbejde\/"},"modified":"2025-07-21T12:20:46","modified_gmt":"2025-07-21T12:20:46","slug":"handsker-til-havearbejde","status":"publish","type":"product","link":"https:\/\/ecostera.com\/dk\/product\/handsker-til-havearbejde\/","title":{"rendered":"Handsker til havearbejde"},"content":{"rendered":"<h2 style=\"text-align: center\">Indbyggede Kl\u00f8er Til Havearbejde<\/h2>\n<p style=\"text-align: center\">Havehandskerne har indbyggede ABS plastkl\u00f8er, der g\u00f8r grave-, plante- og riveopgaver nemmere og hurtigere. Disse kl\u00f8er giver ekstra pr\u00e6cision og beskyttelse af fingrene og g\u00f8r handskerne til et praktisk alt-i-et-redskab til havearbejde.<\/p>\n<p><img decoding=\"async\" class=\"alignnone size-medium wp-image-8477 aligncenter\" src=\"https:\/\/keluvo.com\/template\/wp-content\/uploads\/sites\/5\/2025\/01\/Sf78082a9cb0840eb9282afe6c7b23bfbP.jpg_960x960q75.jpg_.jpeg\" \/><\/p>\n<h2 style=\"text-align: center\">Holdbart Og Fleksibelt Materiale<\/h2>\n<p style=\"text-align: center\">Lavet af holdbart ABS-plast og fleksibelt stof er disse havehandsker rivebestandige og designet til langvarig brug. De er velegnede til en bred vifte af opgaver, fra plantning til generel forbedring af hjemmet, og giver b\u00e5de styrke og komfort.<\/p>\n<p><img decoding=\"async\" class=\"alignnone size-medium wp-image-8481 aligncenter\" src=\"https:\/\/keluvo.com\/template\/wp-content\/uploads\/sites\/5\/2025\/01\/S4486c3196278428b83b597a9ef5019f7S.jpg_960x960q75.jpg_.jpeg\" \/><\/p>\n","protected":false},"excerpt":{"rendered":"<p>Indbyggede Kl\u00f8er Til Havearbejde Havehandskerne har indbyggede ABS plastkl\u00f8er, der g\u00f8r grave-, plante- og riveopgaver nemmere og hurtigere. Disse kl\u00f8er [&hellip;]<\/p>\n","protected":false},"featured_media":3711,"comment_status":"open","ping_status":"closed","template":"","meta":{"site-sidebar-layout":"default","site-content-layout":"","ast-site-content-layout":"default","site-content-style":"default","site-sidebar-style":"default","ast-global-header-display":"","ast-banner-title-visibility":"","ast-main-header-display":"","ast-hfb-above-header-display":"","ast-hfb-below-header-display":"","ast-hfb-mobile-header-display":"","site-post-title":"","ast-breadcrumbs-content":"","ast-featured-img":"","footer-sml-layout":"","ast-disable-related-posts":"","theme-transparent-header-meta":"default","adv-header-id-meta":"","stick-header-meta":"","header-above-stick-meta":"","header-main-stick-meta":"","header-below-stick-meta":"","astra-migrate-meta-layouts":"set","ast-page-background-enabled":"default","ast-page-background-meta":{"desktop":{"background-color":"var(--ast-global-color-5)","background-image":"","background-repeat":"repeat","background-position":"center center","background-size":"auto","background-attachment":"scroll","background-type":"","background-media":"","overlay-type":"","overlay-color":"","overlay-opacity":"","overlay-gradient":""},"tablet":{"background-color":"","background-image":"","background-repeat":"repeat","background-position":"center center","background-size":"auto","background-attachment":"scroll","background-type":"","background-media":"","overlay-type":"","overlay-color":"","overlay-opacity":"","overlay-gradient":""},"mobile":{"background-color":"","background-image":"","background-repeat":"repeat","background-position":"center center","background-size":"auto","background-attachment":"scroll","background-type":"","background-media":"","overlay-type":"","overlay-color":"","overlay-opacity":"","overlay-gradient":""}},"ast-content-background-meta":{"desktop":{"background-color":"var(--ast-global-color-4)","background-image":"","background-repeat":"repeat","background-position":"center center","background-size":"auto","background-attachment":"scroll","background-type":"","background-media":"","overlay-type":"","overlay-color":"","overlay-opacity":"","overlay-gradient":""},"tablet":{"background-color":"var(--ast-global-color-4)","background-image":"","background-repeat":"repeat","background-position":"center center","background-size":"auto","background-attachment":"scroll","background-type":"","background-media":"","overlay-type":"","overlay-color":"","overlay-opacity":"","overlay-gradient":""},"mobile":{"background-color":"var(--ast-global-color-4)","background-image":"","background-repeat":"repeat","background-position":"center center","background-size":"auto","background-attachment":"scroll","background-type":"","background-media":"","overlay-type":"","overlay-color":"","overlay-opacity":"","overlay-gradient":""}}},"product_brand":[],"product_cat":[19],"product_tag":[],"class_list":{"0":"post-3715","1":"product","2":"type-product","3":"status-publish","4":"has-post-thumbnail","6":"product_cat-uncategorized","7":"desktop-align-left","8":"tablet-align-left","9":"mobile-align-left","11":"first","12":"instock","13":"shipping-taxable","14":"purchasable","15":"product-type-simple"},"_links":{"self":[{"href":"https:\/\/ecostera.com\/dk\/wp-json\/wp\/v2\/product\/3715","targetHints":{"allow":["GET"]}}],"collection":[{"href":"https:\/\/ecostera.com\/dk\/wp-json\/wp\/v2\/product"}],"about":[{"href":"https:\/\/ecostera.com\/dk\/wp-json\/wp\/v2\/types\/product"}],"replies":[{"embeddable":true,"href":"https:\/\/ecostera.com\/dk\/wp-json\/wp\/v2\/comments?post=3715"}],"wp:featuredmedia":[{"embeddable":true,"href":"https:\/\/ecostera.com\/dk\/wp-json\/wp\/v2\/media\/3711"}],"wp:attachment":[{"href":"https:\/\/ecostera.com\/dk\/wp-json\/wp\/v2\/media?parent=3715"}],"wp:term":[{"taxonomy":"product_brand","embeddable":true,"href":"https:\/\/ecostera.com\/dk\/wp-json\/wp\/v2\/product_brand?post=3715"},{"taxonomy":"product_cat","embeddable":true,"href":"https:\/\/ecostera.com\/dk\/wp-json\/wp\/v2\/product_cat?post=3715"},{"taxonomy":"product_tag","embeddable":true,"href":"https:\/\/ecostera.com\/dk\/wp-json\/wp\/v2\/product_tag?post=3715"}],"curies":[{"name":"wp","href":"https:\/\/api.w.org\/{rel}","templated":true}]}}