{"id":3720,"date":"2025-07-21T12:22:58","date_gmt":"2025-07-21T12:22:58","guid":{"rendered":"https:\/\/ecostera.com\/dk\/product\/regina-opvaskeboerste\/"},"modified":"2025-09-15T12:08:02","modified_gmt":"2025-09-15T09:08:02","slug":"regina-opvaskeboerste","status":"publish","type":"product","link":"https:\/\/ecostera.com\/dk\/product\/regina-opvaskeboerste\/","title":{"rendered":"Regina opvaskeb\u00f8rste"},"content":{"rendered":"<h2 style=\"text-align: center\" data-start=\"0\" data-end=\"66\">\ud83e\uddfd G\u00f8r opvasken hurtig, ren og nem!<\/h2>\n<p class=\"\" style=\"text-align: center\" data-start=\"68\" data-end=\"319\">Tr\u00e6t af beskidte svampe og spildt s\u00e6be?<\/p>\n<p class=\"\" style=\"text-align: center\" data-start=\"68\" data-end=\"319\">Regina-opvaskeb\u00f8rsten er her for at spare dig tid og holde dit k\u00f8kken renere. Med indbygget s\u00e6bedispenser, opbevaringsstativ og bl\u00f8de, men robuste b\u00f8rsteh\u00e5r g\u00f8r den opvasken hurtigere og sjovere.<\/p>\n<p data-start=\"68\" data-end=\"319\"><img decoding=\"async\" class=\"size-full wp-image-14681 aligncenter\" src=\"https:\/\/keluvo.com\/template\/wp-content\/uploads\/sites\/5\/2025\/01\/reginadishwashvideo-ezgif.com-gif-to-webp-converter.webp\" alt=\"\" \/><\/p>\n<h2 style=\"text-align: center\">S\u00e5dan bruges den:<\/h2>\n<p style=\"text-align: center\">Regina opvaskeb\u00f8rste g\u00f8r reng\u00f8ringen let med sin indbyggede s\u00e6bedispenser. Bare tryk p\u00e5 knappen for at frigive den rigtige m\u00e6ngde s\u00e6be, mens du skrubber. Det sparer tid og reducerer behovet for ekstra s\u00e6beflasker i k\u00f8kkenet.<\/p>\n<p><img decoding=\"async\" class=\"alignnone size-medium wp-image-10169 aligncenter\" src=\"https:\/\/keluvo.com\/template\/wp-content\/uploads\/sites\/5\/2025\/01\/S5912607a1bf343ab8fd80875042f03f8U.jpg_960x960q75.jpg_.jpeg\" alt=\"\" \/><\/p>\n<h2 style=\"text-align: center\" data-start=\"326\" data-end=\"351\">\u2705 Derfor vil du elske den:<\/h2>\n<ul data-start=\"353\" data-end=\"1147\">\n<li class=\"\" data-start=\"353\" data-end=\"525\">\n<p class=\"\" data-start=\"355\" data-end=\"525\"><strong data-start=\"355\" data-end=\"380\">Alt-I-En-S\u00e6beb\u00f8rste: <\/strong>Bare fyld den med opvaskemiddel \u00e9n gang, og tryk p\u00e5 den bl\u00f8de knap p\u00e5 toppen for at frig\u00f8re s\u00e6ben, mens du skrubber. Du beh\u00f8ver ikke l\u00e6ngere stoppe op for at hente flasken!<\/p>\n<\/li>\n<li class=\"\" data-start=\"527\" data-end=\"701\">\n<p class=\"\" data-start=\"529\" data-end=\"701\"><strong data-start=\"529\" data-end=\"555\">Inkluderer Opbevaringsstativ: <\/strong>Leveres med sin egen holder til at holde din b\u00f8rste oprejst og t\u00f8r. Sm\u00e5 huller i bakken opsamler vand, og den kan tages af for nem reng\u00f8ring.<\/p>\n<\/li>\n<li class=\"\" data-start=\"703\" data-end=\"871\">\n<p class=\"\" data-start=\"705\" data-end=\"871\"><strong data-start=\"705\" data-end=\"740\">H\u00e5rd Mod Fedt, Sk\u00e5nsom Mod Pander: <\/strong>Nylonb\u00f8rster fjerner snavs og fedt uden at ridse non-stick overflader. Sikker til gryder, pander, tallerkener, kogeplader m.m.<\/p>\n<\/li>\n<li class=\"\" data-start=\"873\" data-end=\"1025\">\n<p class=\"\" data-start=\"875\" data-end=\"1025\"><strong data-start=\"875\" data-end=\"898\">Behagelig At Holde P\u00e5: <\/strong>Ergonomisk silikonegreb f\u00f8les godt i h\u00e5nden, selv n\u00e5r det er v\u00e5dt. Den lille st\u00f8rrelse passer perfekt til din h\u00e5ndflade, s\u00e5 du nemt kan skrubbe.<\/p>\n<\/li>\n<li class=\"\" data-start=\"1027\" data-end=\"1147\">\n<p class=\"\" data-start=\"1029\" data-end=\"1147\"><strong data-start=\"1029\" data-end=\"1055\">Udskifteligt B\u00f8rstehoved: <\/strong>N\u00e5r b\u00f8rsteh\u00e5rene er slidte, skal du bare dreje og udskifte dem. Enkelt, rent og budgetvenligt.<\/p>\n<\/li>\n<\/ul>\n<h2 style=\"text-align: center\" data-start=\"1154\" data-end=\"1187\">\ud83d\udce6 Hvad indeholder pakken:<\/h2>\n<p><img decoding=\"async\" class=\"size-full wp-image-14682 aligncenter\" src=\"https:\/\/keluvo.com\/template\/wp-content\/uploads\/sites\/5\/2025\/01\/ff4b3198-99a9-4185-a10f-b1b2f7b6feeb.webp\" alt=\"\" \/><\/p>\n<ul data-start=\"1189\" data-end=\"1311\">\n<li class=\"\" data-start=\"1189\" data-end=\"1230\">\n<p class=\"\" data-start=\"1191\" data-end=\"1230\">1 x regina s\u00e6bedispenserende opvaskeb\u00f8rste<\/p>\n<\/li>\n<li class=\"\" data-start=\"1231\" data-end=\"1267\">\n<p class=\"\" data-start=\"1233\" data-end=\"1267\">1 x opbevaringsstativ med drypbakke<\/p>\n<\/li>\n<\/ul>\n<h2 style=\"text-align: center\"><\/h2>\n","protected":false},"excerpt":{"rendered":"<p>\ud83e\uddfd G\u00f8r opvasken hurtig, ren og nem! Tr\u00e6t af beskidte svampe og spildt s\u00e6be? Regina-opvaskeb\u00f8rsten er her for at spare [&hellip;]<\/p>\n","protected":false},"featured_media":3716,"comment_status":"open","ping_status":"closed","template":"","meta":{"site-sidebar-layout":"default","site-content-layout":"","ast-site-content-layout":"default","site-content-style":"default","site-sidebar-style":"default","ast-global-header-display":"","ast-banner-title-visibility":"","ast-main-header-display":"","ast-hfb-above-header-display":"","ast-hfb-below-header-display":"","ast-hfb-mobile-header-display":"","site-post-title":"","ast-breadcrumbs-content":"","ast-featured-img":"","footer-sml-layout":"","theme-transparent-header-meta":"default","adv-header-id-meta":"","stick-header-meta":"","header-above-stick-meta":"","header-main-stick-meta":"","header-below-stick-meta":"","astra-migrate-meta-layouts":"set","ast-page-background-enabled":"default","ast-page-background-meta":{"desktop":{"background-color":"var(--ast-global-color-5)","background-image":"","background-repeat":"repeat","background-position":"center center","background-size":"auto","background-attachment":"scroll","background-type":"","background-media":"","overlay-type":"","overlay-color":"","overlay-opacity":"","overlay-gradient":""},"tablet":{"background-color":"","background-image":"","background-repeat":"repeat","background-position":"center center","background-size":"auto","background-attachment":"scroll","background-type":"","background-media":"","overlay-type":"","overlay-color":"","overlay-opacity":"","overlay-gradient":""},"mobile":{"background-color":"","background-image":"","background-repeat":"repeat","background-position":"center center","background-size":"auto","background-attachment":"scroll","background-type":"","background-media":"","overlay-type":"","overlay-color":"","overlay-opacity":"","overlay-gradient":""}},"ast-content-background-meta":{"desktop":{"background-color":"var(--ast-global-color-4)","background-image":"","background-repeat":"repeat","background-position":"center center","background-size":"auto","background-attachment":"scroll","background-type":"","background-media":"","overlay-type":"","overlay-color":"","overlay-opacity":"","overlay-gradient":""},"tablet":{"background-color":"var(--ast-global-color-4)","background-image":"","background-repeat":"repeat","background-position":"center center","background-size":"auto","background-attachment":"scroll","background-type":"","background-media":"","overlay-type":"","overlay-color":"","overlay-opacity":"","overlay-gradient":""},"mobile":{"background-color":"var(--ast-global-color-4)","background-image":"","background-repeat":"repeat","background-position":"center center","background-size":"auto","background-attachment":"scroll","background-type":"","background-media":"","overlay-type":"","overlay-color":"","overlay-opacity":"","overlay-gradient":""}}},"product_brand":[],"product_cat":[19],"product_tag":[],"class_list":{"0":"post-3720","1":"product","2":"type-product","3":"status-publish","4":"has-post-thumbnail","6":"product_cat-uncategorized","7":"pa_41800_bzl3hh0i-graa","8":"pa_41800_bzl3hh0i-groen","9":"desktop-align-left","10":"tablet-align-left","11":"mobile-align-left","13":"first","14":"instock","15":"shipping-taxable","16":"purchasable","17":"product-type-variable"},"_links":{"self":[{"href":"https:\/\/ecostera.com\/dk\/wp-json\/wp\/v2\/product\/3720","targetHints":{"allow":["GET"]}}],"collection":[{"href":"https:\/\/ecostera.com\/dk\/wp-json\/wp\/v2\/product"}],"about":[{"href":"https:\/\/ecostera.com\/dk\/wp-json\/wp\/v2\/types\/product"}],"replies":[{"embeddable":true,"href":"https:\/\/ecostera.com\/dk\/wp-json\/wp\/v2\/comments?post=3720"}],"wp:featuredmedia":[{"embeddable":true,"href":"https:\/\/ecostera.com\/dk\/wp-json\/wp\/v2\/media\/3716"}],"wp:attachment":[{"href":"https:\/\/ecostera.com\/dk\/wp-json\/wp\/v2\/media?parent=3720"}],"wp:term":[{"taxonomy":"product_brand","embeddable":true,"href":"https:\/\/ecostera.com\/dk\/wp-json\/wp\/v2\/product_brand?post=3720"},{"taxonomy":"product_cat","embeddable":true,"href":"https:\/\/ecostera.com\/dk\/wp-json\/wp\/v2\/product_cat?post=3720"},{"taxonomy":"product_tag","embeddable":true,"href":"https:\/\/ecostera.com\/dk\/wp-json\/wp\/v2\/product_tag?post=3720"}],"curies":[{"name":"wp","href":"https:\/\/api.w.org\/{rel}","templated":true}]}}