{"id":37205,"date":"2025-11-26T02:24:38","date_gmt":"2025-11-26T00:24:38","guid":{"rendered":"https:\/\/ecostera.com\/dk\/product\/haette-til-gasmaske\/"},"modified":"2025-11-28T11:00:12","modified_gmt":"2025-11-28T09:00:12","slug":"haette-til-gasmaske","status":"publish","type":"product","link":"https:\/\/ecostera.com\/dk\/product\/haette-til-gasmaske\/","title":{"rendered":"H\u00e6tte til gasmaske"},"content":{"rendered":"<p style=\"text-align: center\" data-start=\"0\" data-end=\"73\"><strong data-start=\"0\" data-end=\"73\">Beskyt dit anh\u00e6ngertr\u00e6k, og giv samtidig din bil et dristigt, unikt look. \ud83d\ude97<\/strong><\/p>\n<p style=\"text-align: center\" data-start=\"75\" data-end=\"331\">Denne gasmaskeh\u00e6tte er et 3D-printet anh\u00e6ngertr\u00e6k, der beskytter dit anh\u00e6ngertr\u00e6k mod st\u00f8v, rust og skader &#8211; samtidig med at det tilf\u00f8jer et markant design bag p\u00e5 dit k\u00f8ret\u00f8j. Det er bygget af holdbart PLA-materiale og holder dit anh\u00e6ngertr\u00e6k rent og sikkert i al slags vejr.<\/p>\n<p data-start=\"75\" data-end=\"331\"><img decoding=\"async\" class=\"size-full wp-image-42374 aligncenter\" src=\"https:\/\/keluvo.com\/template\/wp-content\/uploads\/sites\/5\/2025\/11\/10229-ezgif.com-video-to-webp-converter-5.webp\" alt=\"\" \/><\/p>\n<h2 style=\"text-align: center\" data-start=\"338\" data-end=\"360\"><strong>Vigtigste Fordele<\/strong><\/h2>\n<p data-start=\"363\" data-end=\"430\">\ud83c\udfa8 Stilfuldt design &#8211; tilf\u00f8jer et dristigt, tilpasset look til dit k\u00f8ret\u00f8j.<\/p>\n<p data-start=\"433\" data-end=\"529\">\ud83d\udee1\ufe0f Beskytter mod snavs og rust &#8211; holder st\u00f8v, regn og snavs v\u00e6k fra anh\u00e6ngertr\u00e6kket.<\/p>\n<p data-start=\"532\" data-end=\"612\">\ud83d\udea7 Forbedrer sikkerheden &#8211; d\u00e6kker skarpe dele for at forhindre ulykker eller ridser.<\/p>\n<p data-start=\"615\" data-end=\"705\">\u2744\ufe0f Vejrbestandig konstruktion &#8211; st\u00e6rkt PLA-materiale h\u00e5ndterer varme, kulde og dagligt slid.<\/p>\n<p data-start=\"708\" data-end=\"787\">\ud83d\udd27 Nem installation &#8211; monteres og afmonteres hurtigt uden brug af v\u00e6rkt\u00f8j.<\/p>\n<p data-start=\"708\" data-end=\"787\"><img fetchpriority=\"high\" decoding=\"async\" class=\"size-full wp-image-42372 aligncenter\" src=\"https:\/\/keluvo.com\/template\/wp-content\/uploads\/sites\/5\/2025\/11\/Sb581425edfd240449df7172eb1ff9497Y.jpg_960x960q75.jpg_.avif\" alt=\"\" width=\"800\" height=\"800\" \/><\/p>\n<h2 style=\"text-align: center\" data-start=\"794\" data-end=\"814\"><strong>S\u00e5dan Bruges<\/strong><\/h2>\n<ol data-start=\"815\" data-end=\"1030\">\n<li data-start=\"815\" data-end=\"855\">\n<p data-start=\"818\" data-end=\"855\">Reng\u00f8r anh\u00e6ngertr\u00e6kket, hvis det er n\u00f8dvendigt.<\/p>\n<\/li>\n<li data-start=\"856\" data-end=\"929\">\n<p data-start=\"859\" data-end=\"929\">Skub gasmaskeh\u00e6tten direkte p\u00e5 anh\u00e6ngertr\u00e6kkets kugle eller modtagerr\u00f8r.<\/p>\n<\/li>\n<li data-start=\"930\" data-end=\"968\">\n<p data-start=\"933\" data-end=\"968\">S\u00f8rg for, at den sidder t\u00e6t og j\u00e6vnt.<\/p>\n<\/li>\n<li data-start=\"969\" data-end=\"1030\">\n<p data-start=\"972\" data-end=\"1030\">For at fjerne den skal du blot tr\u00e6kke den af med h\u00e5nden &#8211; der kr\u00e6ves ikke v\u00e6rkt\u00f8j.<\/p>\n<\/li>\n<\/ol>\n<h2 style=\"text-align: center\" data-start=\"1037\" data-end=\"1061\"><strong>Produktdetaljer<\/strong><\/h2>\n<ul data-start=\"1062\" data-end=\"1274\">\n<li data-start=\"1062\" data-end=\"1115\">\n<p data-start=\"1064\" data-end=\"1115\">Materiale: PLA (holdbar og vejrbestandig)<\/p>\n<\/li>\n<li data-start=\"1141\" data-end=\"1213\">\n<p data-start=\"1143\" data-end=\"1155\">St\u00f8rrelser: S (<span style=\"font-size: 16px\">11 x 8,5 x 8,5 cm), <\/span><span style=\"font-size: 16px\">L (<\/span><span style=\"font-size: 16px\">15 x 8 x 8 cm)<\/span><\/p>\n<\/li>\n<li data-start=\"1214\" data-end=\"1274\">\n<p data-start=\"1216\" data-end=\"1274\">Design: St\u00e5lhjelm + gasmaske 3D-stil tr\u00e6kstangsovertr\u00e6k<\/p>\n<\/li>\n<\/ul>\n<h2 style=\"text-align: center\" data-start=\"1281\" data-end=\"1306\"><strong>Pakken indeholder<\/strong><\/h2>\n<ul data-start=\"1307\" data-end=\"1353\">\n<li data-start=\"1307\" data-end=\"1353\">\n<p data-start=\"1309\" data-end=\"1353\">1, 2x gasmaskeh\u00e6tte (trailerkoblingsd\u00e6ksel).<\/p>\n<\/li>\n<\/ul>\n","protected":false},"excerpt":{"rendered":"<p>Beskyt dit anh\u00e6ngertr\u00e6k, og giv samtidig din bil et dristigt, unikt look. \ud83d\ude97 Denne gasmaskeh\u00e6tte er et 3D-printet anh\u00e6ngertr\u00e6k, der [&hellip;]<\/p>\n","protected":false},"featured_media":37201,"comment_status":"open","ping_status":"closed","template":"","meta":{"site-sidebar-layout":"default","site-content-layout":"","ast-site-content-layout":"default","site-content-style":"default","site-sidebar-style":"default","ast-global-header-display":"","ast-banner-title-visibility":"","ast-main-header-display":"","ast-hfb-above-header-display":"","ast-hfb-below-header-display":"","ast-hfb-mobile-header-display":"","site-post-title":"","ast-breadcrumbs-content":"","ast-featured-img":"","footer-sml-layout":"","theme-transparent-header-meta":"default","adv-header-id-meta":"","stick-header-meta":"","header-above-stick-meta":"","header-main-stick-meta":"","header-below-stick-meta":"","astra-migrate-meta-layouts":"set","ast-page-background-enabled":"default","ast-page-background-meta":{"desktop":{"background-color":"var(--ast-global-color-5)","background-image":"","background-repeat":"repeat","background-position":"center center","background-size":"auto","background-attachment":"scroll","background-type":"","background-media":"","overlay-type":"","overlay-color":"","overlay-opacity":"","overlay-gradient":""},"tablet":{"background-color":"","background-image":"","background-repeat":"repeat","background-position":"center center","background-size":"auto","background-attachment":"scroll","background-type":"","background-media":"","overlay-type":"","overlay-color":"","overlay-opacity":"","overlay-gradient":""},"mobile":{"background-color":"","background-image":"","background-repeat":"repeat","background-position":"center center","background-size":"auto","background-attachment":"scroll","background-type":"","background-media":"","overlay-type":"","overlay-color":"","overlay-opacity":"","overlay-gradient":""}},"ast-content-background-meta":{"desktop":{"background-color":"var(--ast-global-color-4)","background-image":"","background-repeat":"repeat","background-position":"center center","background-size":"auto","background-attachment":"scroll","background-type":"","background-media":"","overlay-type":"","overlay-color":"","overlay-opacity":"","overlay-gradient":""},"tablet":{"background-color":"var(--ast-global-color-4)","background-image":"","background-repeat":"repeat","background-position":"center center","background-size":"auto","background-attachment":"scroll","background-type":"","background-media":"","overlay-type":"","overlay-color":"","overlay-opacity":"","overlay-gradient":""},"mobile":{"background-color":"var(--ast-global-color-4)","background-image":"","background-repeat":"repeat","background-position":"center center","background-size":"auto","background-attachment":"scroll","background-type":"","background-media":"","overlay-type":"","overlay-color":"","overlay-opacity":"","overlay-gradient":""}}},"product_brand":[],"product_cat":[19],"product_tag":[],"class_list":{"0":"post-37205","1":"product","2":"type-product","3":"status-publish","4":"has-post-thumbnail","6":"product_cat-uncategorized","7":"pa_53679_0v608jfs-groen","8":"pa_53679_0v608jfs-guld","9":"pa_53679_0v608jfs-lilla","10":"pa_53679_0v608jfs-roed","11":"pa_53679_0v608jfs-sort","12":"pa_53679_25f39amn-s","13":"pa_53679_25f39amn-l","14":"pa_53679_a96v50lg-1-stk","15":"pa_53679_a96v50lg-2-stk","16":"desktop-align-left","17":"tablet-align-left","18":"mobile-align-left","20":"first","21":"instock","22":"shipping-taxable","23":"purchasable","24":"product-type-variable","25":"has-default-attributes"},"_links":{"self":[{"href":"https:\/\/ecostera.com\/dk\/wp-json\/wp\/v2\/product\/37205","targetHints":{"allow":["GET"]}}],"collection":[{"href":"https:\/\/ecostera.com\/dk\/wp-json\/wp\/v2\/product"}],"about":[{"href":"https:\/\/ecostera.com\/dk\/wp-json\/wp\/v2\/types\/product"}],"replies":[{"embeddable":true,"href":"https:\/\/ecostera.com\/dk\/wp-json\/wp\/v2\/comments?post=37205"}],"wp:featuredmedia":[{"embeddable":true,"href":"https:\/\/ecostera.com\/dk\/wp-json\/wp\/v2\/media\/37201"}],"wp:attachment":[{"href":"https:\/\/ecostera.com\/dk\/wp-json\/wp\/v2\/media?parent=37205"}],"wp:term":[{"taxonomy":"product_brand","embeddable":true,"href":"https:\/\/ecostera.com\/dk\/wp-json\/wp\/v2\/product_brand?post=37205"},{"taxonomy":"product_cat","embeddable":true,"href":"https:\/\/ecostera.com\/dk\/wp-json\/wp\/v2\/product_cat?post=37205"},{"taxonomy":"product_tag","embeddable":true,"href":"https:\/\/ecostera.com\/dk\/wp-json\/wp\/v2\/product_tag?post=37205"}],"curies":[{"name":"wp","href":"https:\/\/api.w.org\/{rel}","templated":true}]}}