{"id":37254,"date":"2025-11-26T02:27:51","date_gmt":"2025-11-26T00:27:51","guid":{"rendered":"https:\/\/ecostera.com\/dk\/product\/skumrengoeringsmiddel-til-alle-formaal\/"},"modified":"2025-12-01T13:02:32","modified_gmt":"2025-12-01T11:02:32","slug":"skumrengoeringsmiddel-til-alle-formaal","status":"publish","type":"product","link":"https:\/\/ecostera.com\/dk\/product\/skumrengoeringsmiddel-til-alle-formaal\/","title":{"rendered":"Skumreng\u00f8ringsmiddel til alle form\u00e5l"},"content":{"rendered":"<p style=\"text-align: center\" data-start=\"0\" data-end=\"69\"><strong data-start=\"0\" data-end=\"69\">Reng\u00f8r Alle Overflader I Dybden P\u00e5 F\u00e5 Sekunder Med Kraftigt Ekspanderende Skum. \ud83d\ude97\ud83e\uddfc<\/strong><\/p>\n<p style=\"text-align: center\" data-start=\"71\" data-end=\"364\">Denne skumrens til alle form\u00e5l fjerner \u00f8jeblikkeligt snavs, pletter og skidt fra bilens interi\u00f8r og efterlader en ren, frisk og mat finish, der ser ud som ny. Den vandbaserede formel udvider sig til et fyldigt skum, der nedbryder h\u00e5rdt snavs og samtidig beskytter overflader med langtidsholdbart UV-forsvar.<\/p>\n<p data-start=\"71\" data-end=\"364\"><img fetchpriority=\"high\" decoding=\"async\" class=\"size-full wp-image-42420 aligncenter\" src=\"https:\/\/keluvo.com\/template\/wp-content\/uploads\/sites\/5\/2025\/11\/102210-ezgif.com-video-to-webp-converter-5.webp\" alt=\"\" width=\"500\" height=\"625\" \/><\/p>\n<h2 style=\"text-align: center\" data-start=\"371\" data-end=\"393\">\ud83c\udf1f Vigtigste Fordele<\/h2>\n<p data-start=\"396\" data-end=\"499\">\ud83d\ude97 Renser alle overflader &#8211; sikkert p\u00e5 stof, l\u00e6der, plast, vinyl, gummi, metal, glas og meget mere.<\/p>\n<p data-start=\"502\" data-end=\"595\">\ud83e\uddfc Fjerner genstridigt snavs &#8211; t\u00f8rrer st\u00f8v, fingeraftryk, pletter og fedt v\u00e6k med det samme.<\/p>\n<p data-start=\"598\" data-end=\"687\">\ud83c\udf1e UV-beskyttelse &#8211; forhindrer falmning, revner og misfarvning i op til 3 m\u00e5neder.<\/p>\n<p data-start=\"690\" data-end=\"751\">\u274c Skyllefri formel &#8211; bare spray, t\u00f8r af, og du er f\u00e6rdig.<\/p>\n<p data-start=\"754\" data-end=\"827\">\ud83c\udf3f Giftfri &amp; fedtfri &#8211; efterlader en t\u00f8r, mat og lugtfri finish.<\/p>\n<p data-start=\"830\" data-end=\"914\">\ud83c\udf38 Frisk lavendelduft &#8211; neutraliserer lugt og holder din bil velduftende.<\/p>\n<p data-start=\"830\" data-end=\"914\"><img decoding=\"async\" class=\"size-full wp-image-42417 aligncenter\" src=\"https:\/\/keluvo.com\/template\/wp-content\/uploads\/sites\/5\/2025\/11\/e3a4ed951ca958294f58260dd636ef5eb66b4bca-800.jpg\" alt=\"\" width=\"1080\" height=\"1080\" \/><\/p>\n<h2 style=\"text-align: center\" data-start=\"921\" data-end=\"940\">\ud83d\udd27 S\u00e5dan Bruges<\/h2>\n<ol data-start=\"941\" data-end=\"1156\">\n<li data-start=\"941\" data-end=\"968\">\n<p data-start=\"944\" data-end=\"968\">Ryst flasken godt.<\/p>\n<\/li>\n<li data-start=\"969\" data-end=\"1033\">\n<p data-start=\"972\" data-end=\"1033\">Spr\u00f8jt skummet direkte p\u00e5 den overflade, du vil reng\u00f8re.<\/p>\n<\/li>\n<li data-start=\"1034\" data-end=\"1098\">\n<p data-start=\"1037\" data-end=\"1098\">T\u00f8r omr\u00e5det af med et h\u00e5ndkl\u00e6de eller en svamp, indtil snavset l\u00f8sner sig.<\/p>\n<\/li>\n<li data-start=\"1099\" data-end=\"1156\">\n<p data-start=\"1102\" data-end=\"1156\">Du beh\u00f8ver ikke at skylle &#8211; t\u00f8r blot det resterende skum af.<\/p>\n<\/li>\n<\/ol>\n<h2 style=\"text-align: center\" data-start=\"1163\" data-end=\"1187\">\ud83d\udccc Produktdetaljer<\/h2>\n<ul data-start=\"1188\" data-end=\"1429\">\n<li data-start=\"1188\" data-end=\"1237\">\n<p data-start=\"1190\" data-end=\"1237\">Formula: Vandbaseret, ikke skyllende, ikke-giftig<\/p>\n<\/li>\n<li data-start=\"1238\" data-end=\"1271\">\n<p data-start=\"1240\" data-end=\"1271\">Finish: Mat, ikke-fedtet<\/p>\n<\/li>\n<li data-start=\"1272\" data-end=\"1380\">\n<p data-start=\"1274\" data-end=\"1380\">Sikkert til: Motorer, instrumentbr\u00e6tter, l\u00e6ders\u00e6der, plastikbekl\u00e6dning, vinyl, gummi, glas, konsoller og meget mere<\/p>\n<\/li>\n<li data-start=\"1381\" data-end=\"1429\">\n<p data-start=\"1383\" data-end=\"1429\">Kapacitet: 30 ml, 100 ml, 300 ml<\/p>\n<\/li>\n<\/ul>\n<h2 style=\"text-align: center\" data-start=\"1436\" data-end=\"1461\">\ud83d\udce6 Pakken indeholder<\/h2>\n<ul data-start=\"1462\" data-end=\"1498\">\n<li data-start=\"1462\" data-end=\"1498\">\n<p data-start=\"1464\" data-end=\"1498\">1x skumreng\u00f8ringsmiddel til alle form\u00e5l.<\/p>\n<\/li>\n<\/ul>\n","protected":false},"excerpt":{"rendered":"<p>Reng\u00f8r Alle Overflader I Dybden P\u00e5 F\u00e5 Sekunder Med Kraftigt Ekspanderende Skum. \ud83d\ude97\ud83e\uddfc Denne skumrens til alle form\u00e5l fjerner \u00f8jeblikkeligt [&hellip;]<\/p>\n","protected":false},"featured_media":37250,"comment_status":"open","ping_status":"closed","template":"","meta":{"site-sidebar-layout":"default","site-content-layout":"","ast-site-content-layout":"default","site-content-style":"default","site-sidebar-style":"default","ast-global-header-display":"","ast-banner-title-visibility":"","ast-main-header-display":"","ast-hfb-above-header-display":"","ast-hfb-below-header-display":"","ast-hfb-mobile-header-display":"","site-post-title":"","ast-breadcrumbs-content":"","ast-featured-img":"","footer-sml-layout":"","theme-transparent-header-meta":"default","adv-header-id-meta":"","stick-header-meta":"","header-above-stick-meta":"","header-main-stick-meta":"","header-below-stick-meta":"","astra-migrate-meta-layouts":"set","ast-page-background-enabled":"default","ast-page-background-meta":{"desktop":{"background-color":"var(--ast-global-color-5)","background-image":"","background-repeat":"repeat","background-position":"center center","background-size":"auto","background-attachment":"scroll","background-type":"","background-media":"","overlay-type":"","overlay-color":"","overlay-opacity":"","overlay-gradient":""},"tablet":{"background-color":"","background-image":"","background-repeat":"repeat","background-position":"center center","background-size":"auto","background-attachment":"scroll","background-type":"","background-media":"","overlay-type":"","overlay-color":"","overlay-opacity":"","overlay-gradient":""},"mobile":{"background-color":"","background-image":"","background-repeat":"repeat","background-position":"center center","background-size":"auto","background-attachment":"scroll","background-type":"","background-media":"","overlay-type":"","overlay-color":"","overlay-opacity":"","overlay-gradient":""}},"ast-content-background-meta":{"desktop":{"background-color":"var(--ast-global-color-4)","background-image":"","background-repeat":"repeat","background-position":"center center","background-size":"auto","background-attachment":"scroll","background-type":"","background-media":"","overlay-type":"","overlay-color":"","overlay-opacity":"","overlay-gradient":""},"tablet":{"background-color":"var(--ast-global-color-4)","background-image":"","background-repeat":"repeat","background-position":"center center","background-size":"auto","background-attachment":"scroll","background-type":"","background-media":"","overlay-type":"","overlay-color":"","overlay-opacity":"","overlay-gradient":""},"mobile":{"background-color":"var(--ast-global-color-4)","background-image":"","background-repeat":"repeat","background-position":"center center","background-size":"auto","background-attachment":"scroll","background-type":"","background-media":"","overlay-type":"","overlay-color":"","overlay-opacity":"","overlay-gradient":""}}},"product_brand":[],"product_cat":[19],"product_tag":[],"class_list":{"0":"post-37254","1":"product","2":"type-product","3":"status-publish","4":"has-post-thumbnail","6":"product_cat-uncategorized","7":"pa_53692_lcx0zbf6-30-ml","8":"pa_53692_lcx0zbf6-100-ml","9":"pa_53692_lcx0zbf6-300-ml","10":"desktop-align-left","11":"tablet-align-left","12":"mobile-align-left","14":"first","15":"instock","16":"shipping-taxable","17":"purchasable","18":"product-type-variable"},"_links":{"self":[{"href":"https:\/\/ecostera.com\/dk\/wp-json\/wp\/v2\/product\/37254","targetHints":{"allow":["GET"]}}],"collection":[{"href":"https:\/\/ecostera.com\/dk\/wp-json\/wp\/v2\/product"}],"about":[{"href":"https:\/\/ecostera.com\/dk\/wp-json\/wp\/v2\/types\/product"}],"replies":[{"embeddable":true,"href":"https:\/\/ecostera.com\/dk\/wp-json\/wp\/v2\/comments?post=37254"}],"wp:featuredmedia":[{"embeddable":true,"href":"https:\/\/ecostera.com\/dk\/wp-json\/wp\/v2\/media\/37250"}],"wp:attachment":[{"href":"https:\/\/ecostera.com\/dk\/wp-json\/wp\/v2\/media?parent=37254"}],"wp:term":[{"taxonomy":"product_brand","embeddable":true,"href":"https:\/\/ecostera.com\/dk\/wp-json\/wp\/v2\/product_brand?post=37254"},{"taxonomy":"product_cat","embeddable":true,"href":"https:\/\/ecostera.com\/dk\/wp-json\/wp\/v2\/product_cat?post=37254"},{"taxonomy":"product_tag","embeddable":true,"href":"https:\/\/ecostera.com\/dk\/wp-json\/wp\/v2\/product_tag?post=37254"}],"curies":[{"name":"wp","href":"https:\/\/api.w.org\/{rel}","templated":true}]}}