{"id":37319,"date":"2025-11-26T02:33:10","date_gmt":"2025-11-26T00:33:10","guid":{"rendered":"https:\/\/ecostera.com\/dk\/product\/dobbeltklaebende-kraftig-tape\/"},"modified":"2025-12-01T13:03:20","modified_gmt":"2025-12-01T11:03:20","slug":"dobbeltklaebende-kraftig-tape","status":"publish","type":"product","link":"https:\/\/ecostera.com\/dk\/product\/dobbeltklaebende-kraftig-tape\/","title":{"rendered":"Dobbeltkl\u00e6bende, kraftig tape"},"content":{"rendered":"<p style=\"text-align: center\" data-start=\"0\" data-end=\"78\"><strong>St\u00e6rk, Ren Og P\u00e5Lidelig Kl\u00e6beevne Til Alle Dine Hjemme- Og G\u00f8r-Det-Selv-Behov. \ud83c\udfe0<\/strong><\/p>\n<p style=\"text-align: center\" data-start=\"80\" data-end=\"297\">Denne dobbeltsidede kraftigt tape giver dig greb p\u00e5 industrielt niveau p\u00e5 f\u00e5 sekunder. Den sidder godt fast p\u00e5 ru eller glatte overflader, holder let p\u00e5 tunge genstande og fjernes rent uden at efterlade kl\u00e6brige rester.<\/p>\n<p data-start=\"80\" data-end=\"297\"><img fetchpriority=\"high\" decoding=\"async\" class=\" wp-image-42612 aligncenter\" src=\"https:\/\/keluvo.com\/template\/wp-content\/uploads\/sites\/5\/2025\/11\/263025e6e2b66f62f5b07b202d796caeb3c5f421.gif\" alt=\"\" width=\"499\" height=\"624\" \/><\/p>\n<h2 style=\"text-align: center\" data-start=\"304\" data-end=\"324\">\u2b50 Hovedfordele<\/h2>\n<p data-start=\"325\" data-end=\"896\">\ud83d\udcaa H\u00f8j kl\u00e6bestyrke &#8211; Ekstra st\u00e6rk lim og netstof holder b\u00e5de lette og tunge genstande sikkert fast.<\/p>\n<p data-start=\"325\" data-end=\"896\">\ud83e\uddf1 Fungerer p\u00e5 mange overflader &#8211; Ideel til h\u00e5rdt tr\u00e6, fliser, glas, plastik, beton og meget mere.<\/p>\n<p data-start=\"325\" data-end=\"896\">\u270b Rives af i h\u00e5nden &#8211; Let at rive eller klippe til den n\u00f8jagtige l\u00e6ngde, du har brug for.<\/p>\n<p data-start=\"325\" data-end=\"896\">\ud83e\uddfc Fjernes uden rester &#8211; Tr\u00e6kkes rent af uden at beskadige overflader.<\/p>\n<p data-start=\"325\" data-end=\"896\">\ud83c\udfe0 Kan bruges til flere form\u00e5l &#8211; Perfekt til t\u00e6pper, plakater, billedrammer, g\u00f8r-det-selv-projekter og boligtilbeh\u00f8r.<\/p>\n<p data-start=\"325\" data-end=\"896\">\ud83e\uddf5 Holdbart PE + stofdesign &#8211; Lavet med forbedret PE-materiale og st\u00e6rkt fibernet for lang levetid.<\/p>\n<p data-start=\"325\" data-end=\"896\"><img decoding=\"async\" class=\"size-full wp-image-42611 aligncenter\" src=\"https:\/\/keluvo.com\/template\/wp-content\/uploads\/sites\/5\/2025\/11\/00ebee78-2176-46c6-bbd6-b6489dd9e4de.gif\" alt=\"\" width=\"994\" height=\"480\" \/><\/p>\n<h2 style=\"text-align: center\" data-start=\"903\" data-end=\"921\">\ud83d\udd27 S\u00e5dan Bruges<\/h2>\n<ol data-start=\"922\" data-end=\"1238\">\n<li data-start=\"922\" data-end=\"966\">\n<p data-start=\"925\" data-end=\"966\">S\u00f8rg for, at overfladen er ren og t\u00f8r.<\/p>\n<\/li>\n<li data-start=\"967\" data-end=\"1015\">\n<p data-start=\"970\" data-end=\"1015\">Riv eller klip tapen til den \u00f8nskede l\u00e6ngde.<\/p>\n<\/li>\n<li data-start=\"1016\" data-end=\"1068\">\n<p data-start=\"1019\" data-end=\"1068\">P\u00e5f\u00f8r tapen p\u00e5 overfladen, og tryk fast.<\/p>\n<\/li>\n<li data-start=\"1069\" data-end=\"1107\">\n<p data-start=\"1072\" data-end=\"1107\">Tr\u00e6k den gule bagsidefilm af.<\/p>\n<\/li>\n<li data-start=\"1108\" data-end=\"1175\">\n<p data-start=\"1111\" data-end=\"1175\">Placer genstanden p\u00e5 det eksponerede kl\u00e6bemiddel, og tryk for at fastg\u00f8re den.<\/p>\n<\/li>\n<li data-start=\"1176\" data-end=\"1238\">\n<p data-start=\"1179\" data-end=\"1238\">Tr\u00e6k forsigtigt tapen af for at fjerne den &#8211; der er ingen rester tilbage.<\/p>\n<\/li>\n<\/ol>\n<h2 style=\"text-align: center\" data-start=\"1245\" data-end=\"1268\">\ud83d\udccf Produktdetaljer<\/h2>\n<ul data-start=\"1269\" data-end=\"1627\">\n<li data-start=\"1315\" data-end=\"1337\">\n<p data-start=\"1317\" data-end=\"1337\">Tykkelse: 0,22 mm<\/p>\n<\/li>\n<li data-start=\"1338\" data-end=\"1355\">\n<p data-start=\"1340\" data-end=\"1355\">V\u00e6gt: 100 g<\/p>\n<\/li>\n<li data-start=\"1356\" data-end=\"1402\">\n<p data-start=\"1358\" data-end=\"1402\">L\u00e6ngde: 20 m<\/p>\n<\/li>\n<li data-start=\"1356\" data-end=\"1402\">\n<p data-start=\"1358\" data-end=\"1402\">Bredde: 1 cm, 2 cm, 3 cm, 4 cm, 5 cm<\/p>\n<\/li>\n<li data-start=\"1356\" data-end=\"1402\">\n<p data-start=\"1358\" data-end=\"1402\">Farve: Gennemsigtig<\/p>\n<\/li>\n<li data-start=\"1356\" data-end=\"1402\">\n<p data-start=\"1358\" data-end=\"1402\">Materiale: Forbedret PE + st\u00e6rkt fibernet<\/p>\n<\/li>\n<li data-start=\"1449\" data-end=\"1494\">\n<p data-start=\"1451\" data-end=\"1494\">Kl\u00e6bemiddel: Klart kl\u00e6bemiddel af industriel kvalitet<\/p>\n<\/li>\n<li data-start=\"1495\" data-end=\"1565\">\n<p data-start=\"1497\" data-end=\"1565\">Egnede overflader: H\u00e5rdttr\u00e6, fliser, beton, glas, plast osv.<\/p>\n<\/li>\n<li data-start=\"1566\" data-end=\"1627\">\n<p data-start=\"1568\" data-end=\"1627\">Anvendelser: T\u00e6pper, rammer, plakater, DIY, boligtilbeh\u00f8r<\/p>\n<\/li>\n<\/ul>\n<h2 style=\"text-align: center\" data-start=\"1634\" data-end=\"1658\">\ud83d\udce6 Pakken indeholder<\/h2>\n<ul data-start=\"1659\" data-end=\"1708\">\n<li data-start=\"1659\" data-end=\"1708\">\n<p data-start=\"1661\" data-end=\"1708\">1x dobbeltsidet kraftig tape.<\/p>\n<\/li>\n<\/ul>\n","protected":false},"excerpt":{"rendered":"<p>St\u00e6rk, Ren Og P\u00e5Lidelig Kl\u00e6beevne Til Alle Dine Hjemme- Og G\u00f8r-Det-Selv-Behov. \ud83c\udfe0 Denne dobbeltsidede kraftigt tape giver dig greb p\u00e5 [&hellip;]<\/p>\n","protected":false},"featured_media":37315,"comment_status":"open","ping_status":"closed","template":"","meta":{"site-sidebar-layout":"default","site-content-layout":"","ast-site-content-layout":"default","site-content-style":"default","site-sidebar-style":"default","ast-global-header-display":"","ast-banner-title-visibility":"","ast-main-header-display":"","ast-hfb-above-header-display":"","ast-hfb-below-header-display":"","ast-hfb-mobile-header-display":"","site-post-title":"","ast-breadcrumbs-content":"","ast-featured-img":"","footer-sml-layout":"","theme-transparent-header-meta":"default","adv-header-id-meta":"","stick-header-meta":"","header-above-stick-meta":"","header-main-stick-meta":"","header-below-stick-meta":"","astra-migrate-meta-layouts":"set","ast-page-background-enabled":"default","ast-page-background-meta":{"desktop":{"background-color":"var(--ast-global-color-5)","background-image":"","background-repeat":"repeat","background-position":"center center","background-size":"auto","background-attachment":"scroll","background-type":"","background-media":"","overlay-type":"","overlay-color":"","overlay-opacity":"","overlay-gradient":""},"tablet":{"background-color":"","background-image":"","background-repeat":"repeat","background-position":"center center","background-size":"auto","background-attachment":"scroll","background-type":"","background-media":"","overlay-type":"","overlay-color":"","overlay-opacity":"","overlay-gradient":""},"mobile":{"background-color":"","background-image":"","background-repeat":"repeat","background-position":"center center","background-size":"auto","background-attachment":"scroll","background-type":"","background-media":"","overlay-type":"","overlay-color":"","overlay-opacity":"","overlay-gradient":""}},"ast-content-background-meta":{"desktop":{"background-color":"var(--ast-global-color-4)","background-image":"","background-repeat":"repeat","background-position":"center center","background-size":"auto","background-attachment":"scroll","background-type":"","background-media":"","overlay-type":"","overlay-color":"","overlay-opacity":"","overlay-gradient":""},"tablet":{"background-color":"var(--ast-global-color-4)","background-image":"","background-repeat":"repeat","background-position":"center center","background-size":"auto","background-attachment":"scroll","background-type":"","background-media":"","overlay-type":"","overlay-color":"","overlay-opacity":"","overlay-gradient":""},"mobile":{"background-color":"var(--ast-global-color-4)","background-image":"","background-repeat":"repeat","background-position":"center center","background-size":"auto","background-attachment":"scroll","background-type":"","background-media":"","overlay-type":"","overlay-color":"","overlay-opacity":"","overlay-gradient":""}}},"product_brand":[],"product_cat":[19],"product_tag":[],"class_list":{"0":"post-37319","1":"product","2":"type-product","3":"status-publish","4":"has-post-thumbnail","6":"product_cat-uncategorized","7":"pa_53711_mwfsmne1-1-cm","8":"pa_53711_mwfsmne1-2-cm","9":"pa_53711_mwfsmne1-3-cm","10":"pa_53711_mwfsmne1-4-cm","11":"pa_53711_mwfsmne1-5-cm","12":"desktop-align-left","13":"tablet-align-left","14":"mobile-align-left","16":"first","17":"instock","18":"shipping-taxable","19":"purchasable","20":"product-type-variable"},"_links":{"self":[{"href":"https:\/\/ecostera.com\/dk\/wp-json\/wp\/v2\/product\/37319","targetHints":{"allow":["GET"]}}],"collection":[{"href":"https:\/\/ecostera.com\/dk\/wp-json\/wp\/v2\/product"}],"about":[{"href":"https:\/\/ecostera.com\/dk\/wp-json\/wp\/v2\/types\/product"}],"replies":[{"embeddable":true,"href":"https:\/\/ecostera.com\/dk\/wp-json\/wp\/v2\/comments?post=37319"}],"wp:featuredmedia":[{"embeddable":true,"href":"https:\/\/ecostera.com\/dk\/wp-json\/wp\/v2\/media\/37315"}],"wp:attachment":[{"href":"https:\/\/ecostera.com\/dk\/wp-json\/wp\/v2\/media?parent=37319"}],"wp:term":[{"taxonomy":"product_brand","embeddable":true,"href":"https:\/\/ecostera.com\/dk\/wp-json\/wp\/v2\/product_brand?post=37319"},{"taxonomy":"product_cat","embeddable":true,"href":"https:\/\/ecostera.com\/dk\/wp-json\/wp\/v2\/product_cat?post=37319"},{"taxonomy":"product_tag","embeddable":true,"href":"https:\/\/ecostera.com\/dk\/wp-json\/wp\/v2\/product_tag?post=37319"}],"curies":[{"name":"wp","href":"https:\/\/api.w.org\/{rel}","templated":true}]}}