{"id":37338,"date":"2025-11-26T02:34:31","date_gmt":"2025-11-26T00:34:31","guid":{"rendered":"https:\/\/ecostera.com\/dk\/product\/beholder-med-dobbelt-rum\/"},"modified":"2025-11-27T22:50:38","modified_gmt":"2025-11-27T20:50:38","slug":"beholder-med-dobbelt-rum","status":"publish","type":"product","link":"https:\/\/ecostera.com\/dk\/product\/beholder-med-dobbelt-rum\/","title":{"rendered":"Beholder med dobbelt rum"},"content":{"rendered":"<p style=\"text-align: center\" data-start=\"0\" data-end=\"71\"><strong data-start=\"0\" data-end=\"71\">Opbevar to f\u00f8devarer p\u00e5 \u00e9n gang, mens hver smag holdes helt frisk.\u00a0 \ud83e\uddc2<\/strong><\/p>\n<p style=\"text-align: center\" data-start=\"73\" data-end=\"316\">Denne beholder med dobbeltrum g\u00f8r det nemt at organisere snacks, krydderier, saucer eller sm\u00e5ting. Med sit dobbeltkammerdesign kan du have forskellige f\u00f8devarer med uden at blande smagene &#8211; perfekt til tilberedning af m\u00e5ltider, madkasser, rejser eller opbevaring derhjemme.<\/p>\n<p data-start=\"73\" data-end=\"316\"><img fetchpriority=\"high\" decoding=\"async\" class=\"size-full wp-image-42477 aligncenter\" src=\"https:\/\/keluvo.com\/template\/wp-content\/uploads\/sites\/5\/2025\/11\/102213-ezgif.com-video-to-webp-converter-2.webp\" alt=\"\" width=\"500\" height=\"667\" \/><\/p>\n<h2 style=\"text-align: center\" data-start=\"323\" data-end=\"345\"><strong>Vigtigste Fordele<\/strong><\/h2>\n<p data-start=\"348\" data-end=\"425\">\ud83e\uddc2 To-i-en-opbevaring &#8211; separate rum forhindrer, at smagene blandes.<\/p>\n<p data-start=\"428\" data-end=\"502\">\ud83d\udcaa Holdbar &amp; f\u00f8devaregodkendt &#8211; fremstillet af st\u00e6rk, sikker plast, der holder.<\/p>\n<p data-start=\"505\" data-end=\"582\">\ud83d\udca7 L\u00e6kagesikkert l\u00e5g &#8211; tryk for at forsegle og forhindre spild, l\u00e6kager eller rod.<\/p>\n<p data-start=\"585\" data-end=\"693\">\ud83d\udd04 Genanvendelig eller engangsbrug &#8211; t\u00e5ler opvaskemaskine til gentagen brug, men er ogs\u00e5 ideel til engangsbrug.<\/p>\n<p data-start=\"696\" data-end=\"785\">\ud83c\udf92 B\u00e6rbar og alsidig &#8211; fantastisk til krydderier, snacks, dips, saucer, h\u00e5ndv\u00e6rk og meget mere.<\/p>\n<p data-start=\"696\" data-end=\"785\"><img decoding=\"async\" class=\"size-full wp-image-42480 aligncenter\" src=\"https:\/\/keluvo.com\/template\/wp-content\/uploads\/sites\/5\/2025\/11\/S73e2d58816fe44d480e4b5e4fbd6a544m.jpg_960x960q75.jpg_.avif\" alt=\"\" width=\"800\" height=\"800\" \/><\/p>\n<h2 style=\"text-align: center\" data-start=\"792\" data-end=\"811\"><strong>S\u00e5dan Bruges<\/strong><\/h2>\n<ol data-start=\"812\" data-end=\"1119\">\n<li data-start=\"812\" data-end=\"897\">\n<p data-start=\"815\" data-end=\"897\">\u00c5bn l\u00e5get, og fyld hvert rum med din foretrukne mad, krydderi eller genstand.<\/p>\n<\/li>\n<li data-start=\"898\" data-end=\"976\">\n<p data-start=\"901\" data-end=\"976\">Luk l\u00e5get ordentligt, og tryk let for at aktivere den l\u00e6kagesikre forsegling.<\/p>\n<\/li>\n<li data-start=\"977\" data-end=\"1054\">\n<p data-start=\"980\" data-end=\"1054\">Opbevar i k\u00f8leskabet, pak i en madpakke, eller placer p\u00e5 en hylde efter behov.<\/p>\n<\/li>\n<li data-start=\"1055\" data-end=\"1119\">\n<p data-start=\"1058\" data-end=\"1119\">Vask og genbrug, eller bortskaf efter engangsbrug &#8211; dit valg.<\/p>\n<\/li>\n<\/ol>\n<h2 style=\"text-align: center\" data-start=\"1126\" data-end=\"1150\"><strong>Produktdetaljer<\/strong><\/h2>\n<ul data-start=\"1151\" data-end=\"1394\">\n<li data-start=\"1151\" data-end=\"1187\">\n<p data-start=\"1153\" data-end=\"1187\">Materiale: F\u00f8devaregodkendt plast<\/p>\n<\/li>\n<li data-start=\"1188\" data-end=\"1235\">\n<p data-start=\"1190\" data-end=\"1235\">Temperaturbestandighed: +120\u00b0C til -20\u00b0C<\/p>\n<\/li>\n<li data-start=\"1236\" data-end=\"1314\">\n<p data-start=\"1238\" data-end=\"1314\">Funktioner: Dobbelte rum, l\u00e6kagesikkert l\u00e5g, genanvendelig &amp; mikrob\u00f8lgesikker<\/p>\n<\/li>\n<li data-start=\"1315\" data-end=\"1394\">\n<p data-start=\"1317\" data-end=\"1394\">Brugssager: Krydderier, saucer, dips, snacks, h\u00e5ndv\u00e6rk, sm\u00e5ting, m\u00e5ltidstilberedning<\/p>\n<\/li>\n<li data-start=\"1315\" data-end=\"1394\">St\u00f8rrelse: 14 x 8,5 x 2,5 cm<\/li>\n<\/ul>\n<h2 style=\"text-align: center\" data-start=\"1401\" data-end=\"1426\"><strong>Pakken indeholder<\/strong><\/h2>\n<ul data-start=\"1427\" data-end=\"1467\">\n<li data-start=\"1427\" data-end=\"1467\">\n<p data-start=\"1429\" data-end=\"1467\">10, 20, 30, 40x beholdere med dobbeltrum.<\/p>\n<\/li>\n<\/ul>\n","protected":false},"excerpt":{"rendered":"<p>Opbevar to f\u00f8devarer p\u00e5 \u00e9n gang, mens hver smag holdes helt frisk.\u00a0 \ud83e\uddc2 Denne beholder med dobbeltrum g\u00f8r det nemt [&hellip;]<\/p>\n","protected":false},"featured_media":37334,"comment_status":"open","ping_status":"closed","template":"","meta":{"site-sidebar-layout":"default","site-content-layout":"","ast-site-content-layout":"default","site-content-style":"default","site-sidebar-style":"default","ast-global-header-display":"","ast-banner-title-visibility":"","ast-main-header-display":"","ast-hfb-above-header-display":"","ast-hfb-below-header-display":"","ast-hfb-mobile-header-display":"","site-post-title":"","ast-breadcrumbs-content":"","ast-featured-img":"","footer-sml-layout":"","theme-transparent-header-meta":"default","adv-header-id-meta":"","stick-header-meta":"","header-above-stick-meta":"","header-main-stick-meta":"","header-below-stick-meta":"","astra-migrate-meta-layouts":"set","ast-page-background-enabled":"default","ast-page-background-meta":{"desktop":{"background-color":"var(--ast-global-color-5)","background-image":"","background-repeat":"repeat","background-position":"center center","background-size":"auto","background-attachment":"scroll","background-type":"","background-media":"","overlay-type":"","overlay-color":"","overlay-opacity":"","overlay-gradient":""},"tablet":{"background-color":"","background-image":"","background-repeat":"repeat","background-position":"center center","background-size":"auto","background-attachment":"scroll","background-type":"","background-media":"","overlay-type":"","overlay-color":"","overlay-opacity":"","overlay-gradient":""},"mobile":{"background-color":"","background-image":"","background-repeat":"repeat","background-position":"center center","background-size":"auto","background-attachment":"scroll","background-type":"","background-media":"","overlay-type":"","overlay-color":"","overlay-opacity":"","overlay-gradient":""}},"ast-content-background-meta":{"desktop":{"background-color":"var(--ast-global-color-4)","background-image":"","background-repeat":"repeat","background-position":"center center","background-size":"auto","background-attachment":"scroll","background-type":"","background-media":"","overlay-type":"","overlay-color":"","overlay-opacity":"","overlay-gradient":""},"tablet":{"background-color":"var(--ast-global-color-4)","background-image":"","background-repeat":"repeat","background-position":"center center","background-size":"auto","background-attachment":"scroll","background-type":"","background-media":"","overlay-type":"","overlay-color":"","overlay-opacity":"","overlay-gradient":""},"mobile":{"background-color":"var(--ast-global-color-4)","background-image":"","background-repeat":"repeat","background-position":"center center","background-size":"auto","background-attachment":"scroll","background-type":"","background-media":"","overlay-type":"","overlay-color":"","overlay-opacity":"","overlay-gradient":""}}},"product_brand":[],"product_cat":[19],"product_tag":[],"class_list":{"0":"post-37338","1":"product","2":"type-product","3":"status-publish","4":"has-post-thumbnail","6":"product_cat-uncategorized","7":"pa_53712_kfylxpc3-10-stk","8":"pa_53712_kfylxpc3-20-stk","9":"pa_53712_kfylxpc3-30-stk","10":"pa_53712_kfylxpc3-40-stk","11":"desktop-align-left","12":"tablet-align-left","13":"mobile-align-left","15":"first","16":"instock","17":"shipping-taxable","18":"purchasable","19":"product-type-variable"},"_links":{"self":[{"href":"https:\/\/ecostera.com\/dk\/wp-json\/wp\/v2\/product\/37338","targetHints":{"allow":["GET"]}}],"collection":[{"href":"https:\/\/ecostera.com\/dk\/wp-json\/wp\/v2\/product"}],"about":[{"href":"https:\/\/ecostera.com\/dk\/wp-json\/wp\/v2\/types\/product"}],"replies":[{"embeddable":true,"href":"https:\/\/ecostera.com\/dk\/wp-json\/wp\/v2\/comments?post=37338"}],"wp:featuredmedia":[{"embeddable":true,"href":"https:\/\/ecostera.com\/dk\/wp-json\/wp\/v2\/media\/37334"}],"wp:attachment":[{"href":"https:\/\/ecostera.com\/dk\/wp-json\/wp\/v2\/media?parent=37338"}],"wp:term":[{"taxonomy":"product_brand","embeddable":true,"href":"https:\/\/ecostera.com\/dk\/wp-json\/wp\/v2\/product_brand?post=37338"},{"taxonomy":"product_cat","embeddable":true,"href":"https:\/\/ecostera.com\/dk\/wp-json\/wp\/v2\/product_cat?post=37338"},{"taxonomy":"product_tag","embeddable":true,"href":"https:\/\/ecostera.com\/dk\/wp-json\/wp\/v2\/product_tag?post=37338"}],"curies":[{"name":"wp","href":"https:\/\/api.w.org\/{rel}","templated":true}]}}