{"id":37439,"date":"2025-11-26T19:11:37","date_gmt":"2025-11-26T17:11:37","guid":{"rendered":"https:\/\/ecostera.com\/dk\/product\/ur-med-tre-akser\/"},"modified":"2025-11-27T22:56:54","modified_gmt":"2025-11-27T20:56:54","slug":"ur-med-tre-akser","status":"publish","type":"product","link":"https:\/\/ecostera.com\/dk\/product\/ur-med-tre-akser\/","title":{"rendered":"Ur med tre akser"},"content":{"rendered":"<p style=\"text-align: center\" data-start=\"0\" data-end=\"65\"><strong>Et Futuristisk Ur, Der Viser Tiden Med Roterende 3D-Cifre. \ud83d\udd70<\/strong><\/p>\n<p style=\"text-align: center\" data-start=\"67\" data-end=\"337\">Dette unikke ur med tre akser kombinerer moderne design, j\u00e6vn rotation og 3D-printet h\u00e5ndv\u00e6rk for at skabe et fantastisk og funktionelt ur. Det viser tiden gennem roterende digitale paneler, hvilket g\u00f8r det b\u00e5de praktisk og meget dekorativt til ethvert rum i dit hjem.<\/p>\n<p data-start=\"67\" data-end=\"337\"><img fetchpriority=\"high\" decoding=\"async\" class=\"size-full wp-image-42526 aligncenter\" src=\"https:\/\/keluvo.com\/template\/wp-content\/uploads\/sites\/5\/2025\/11\/10223-ezgif.com-video-to-webp-converter-6.webp\" alt=\"\" width=\"500\" height=\"889\" \/><\/p>\n<h2 style=\"text-align: center\" data-start=\"344\" data-end=\"364\"><strong>Hovedfordele<\/strong><\/h2>\n<p data-start=\"365\" data-end=\"892\">\ud83c\udf00 Roterende digitalt display &#8211; Tiden vises gennem glatte roterende cifre for et futuristisk udseende.<\/p>\n<p data-start=\"365\" data-end=\"892\">\ud83d\udee0\ufe0f 3D-printet struktur af h\u00f8j kvalitet &#8211; Lavet af st\u00e6rkt PLA-materiale, der er holdbart, slidst\u00e6rkt og langtidsholdbart.<\/p>\n<p data-start=\"365\" data-end=\"892\">\ud83c\udfe1 Stilfuld boligindretning &#8211; Tilf\u00f8jer et moderne kunstpr\u00e6g til dit kontor, sovev\u00e6relse, stue eller arbejdsv\u00e6relse.<\/p>\n<p data-start=\"365\" data-end=\"892\">\ud83c\udf81 Perfekt gave &#8211; En unik og i\u00f8jnefaldende gave til f\u00f8dselsdage, ferier og s\u00e6rlige lejligheder.<\/p>\n<p data-start=\"365\" data-end=\"892\">\u2728 Meget dekorativ &#8211; Fungerer som et ur og et stykke hjemmekunst p\u00e5 samme tid.<\/p>\n<p data-start=\"365\" data-end=\"892\"><img decoding=\"async\" class=\"size-full wp-image-42524 aligncenter\" src=\"https:\/\/keluvo.com\/template\/wp-content\/uploads\/sites\/5\/2025\/11\/5-7.jpeg\" alt=\"\" width=\"800\" height=\"800\" \/><\/p>\n<h2 style=\"text-align: center\" data-start=\"899\" data-end=\"917\"><strong>S\u00e5dan Bruges<\/strong><\/h2>\n<ol data-start=\"918\" data-end=\"1174\">\n<li data-start=\"918\" data-end=\"980\">\n<p data-start=\"921\" data-end=\"980\">Placer uret p\u00e5 dit skrivebord, en hylde eller en anden flad overflade.<\/p>\n<\/li>\n<li data-start=\"981\" data-end=\"1054\">\n<p data-start=\"984\" data-end=\"1054\">Inds\u00e6t batterier (medf\u00f8lger ikke).<\/p>\n<\/li>\n<li data-start=\"1055\" data-end=\"1110\">\n<p data-start=\"1058\" data-end=\"1110\">Indstil den korrekte tid ved hj\u00e6lp af justeringsknapperne.<\/p>\n<\/li>\n<li data-start=\"1111\" data-end=\"1174\">\n<p data-start=\"1114\" data-end=\"1174\">Se de roterende cifre vende j\u00e6vnt for at vise tiden.<\/p>\n<\/li>\n<\/ol>\n<h2 style=\"text-align: center\" data-start=\"1181\" data-end=\"1204\"><strong>Produktdetaljer<\/strong><\/h2>\n<ul data-start=\"1205\" data-end=\"1459\">\n<li data-start=\"1205\" data-end=\"1235\">\n<p data-start=\"1207\" data-end=\"1235\">Materiale: PLA<\/p>\n<\/li>\n<li data-start=\"1236\" data-end=\"1289\">\n<p data-start=\"1238\" data-end=\"1289\">Design af h\u00f8j kvalitet: 3D-printet med en glat, solid struktur<\/p>\n<\/li>\n<li data-start=\"1290\" data-end=\"1332\">\n<p data-start=\"1292\" data-end=\"1332\">Display: Roterende digital tidsvisning<\/p>\n<\/li>\n<li data-start=\"1369\" data-end=\"1422\">\n<p data-start=\"1371\" data-end=\"1422\">St\u00f8rrelse: 25 x 22 cm<\/p>\n<\/li>\n<li data-start=\"1423\" data-end=\"1459\">\n<p data-start=\"1425\" data-end=\"1459\">Brug: Ur + dekorativ genstand til hjemmet<\/p>\n<\/li>\n<\/ul>\n<h2 style=\"text-align: center\" data-start=\"1466\" data-end=\"1490\"><strong>Pakken indeholder<\/strong><\/h2>\n<ul data-start=\"1491\" data-end=\"1512\">\n<li data-start=\"1491\" data-end=\"1512\">\n<p data-start=\"1493\" data-end=\"1512\">1x treakset ur.<\/p>\n<\/li>\n<\/ul>\n","protected":false},"excerpt":{"rendered":"<p>Et Futuristisk Ur, Der Viser Tiden Med Roterende 3D-Cifre. \ud83d\udd70 Dette unikke ur med tre akser kombinerer moderne design, j\u00e6vn [&hellip;]<\/p>\n","protected":false},"featured_media":37435,"comment_status":"open","ping_status":"closed","template":"","meta":{"site-sidebar-layout":"default","site-content-layout":"","ast-site-content-layout":"default","site-content-style":"default","site-sidebar-style":"default","ast-global-header-display":"","ast-banner-title-visibility":"","ast-main-header-display":"","ast-hfb-above-header-display":"","ast-hfb-below-header-display":"","ast-hfb-mobile-header-display":"","site-post-title":"","ast-breadcrumbs-content":"","ast-featured-img":"","footer-sml-layout":"","theme-transparent-header-meta":"default","adv-header-id-meta":"","stick-header-meta":"","header-above-stick-meta":"","header-main-stick-meta":"","header-below-stick-meta":"","astra-migrate-meta-layouts":"set","ast-page-background-enabled":"default","ast-page-background-meta":{"desktop":{"background-color":"var(--ast-global-color-5)","background-image":"","background-repeat":"repeat","background-position":"center center","background-size":"auto","background-attachment":"scroll","background-type":"","background-media":"","overlay-type":"","overlay-color":"","overlay-opacity":"","overlay-gradient":""},"tablet":{"background-color":"","background-image":"","background-repeat":"repeat","background-position":"center center","background-size":"auto","background-attachment":"scroll","background-type":"","background-media":"","overlay-type":"","overlay-color":"","overlay-opacity":"","overlay-gradient":""},"mobile":{"background-color":"","background-image":"","background-repeat":"repeat","background-position":"center center","background-size":"auto","background-attachment":"scroll","background-type":"","background-media":"","overlay-type":"","overlay-color":"","overlay-opacity":"","overlay-gradient":""}},"ast-content-background-meta":{"desktop":{"background-color":"var(--ast-global-color-4)","background-image":"","background-repeat":"repeat","background-position":"center center","background-size":"auto","background-attachment":"scroll","background-type":"","background-media":"","overlay-type":"","overlay-color":"","overlay-opacity":"","overlay-gradient":""},"tablet":{"background-color":"var(--ast-global-color-4)","background-image":"","background-repeat":"repeat","background-position":"center center","background-size":"auto","background-attachment":"scroll","background-type":"","background-media":"","overlay-type":"","overlay-color":"","overlay-opacity":"","overlay-gradient":""},"mobile":{"background-color":"var(--ast-global-color-4)","background-image":"","background-repeat":"repeat","background-position":"center center","background-size":"auto","background-attachment":"scroll","background-type":"","background-media":"","overlay-type":"","overlay-color":"","overlay-opacity":"","overlay-gradient":""}}},"product_brand":[],"product_cat":[19],"product_tag":[],"class_list":{"0":"post-37439","1":"product","2":"type-product","3":"status-publish","4":"has-post-thumbnail","6":"product_cat-uncategorized","7":"pa_53714_gglle6pt-groen","8":"pa_53714_gglle6pt-gul","9":"pa_53714_gglle6pt-hvid","10":"pa_53714_gglle6pt-sort","11":"desktop-align-left","12":"tablet-align-left","13":"mobile-align-left","15":"first","16":"instock","17":"shipping-taxable","18":"purchasable","19":"product-type-variable"},"_links":{"self":[{"href":"https:\/\/ecostera.com\/dk\/wp-json\/wp\/v2\/product\/37439","targetHints":{"allow":["GET"]}}],"collection":[{"href":"https:\/\/ecostera.com\/dk\/wp-json\/wp\/v2\/product"}],"about":[{"href":"https:\/\/ecostera.com\/dk\/wp-json\/wp\/v2\/types\/product"}],"replies":[{"embeddable":true,"href":"https:\/\/ecostera.com\/dk\/wp-json\/wp\/v2\/comments?post=37439"}],"wp:featuredmedia":[{"embeddable":true,"href":"https:\/\/ecostera.com\/dk\/wp-json\/wp\/v2\/media\/37435"}],"wp:attachment":[{"href":"https:\/\/ecostera.com\/dk\/wp-json\/wp\/v2\/media?parent=37439"}],"wp:term":[{"taxonomy":"product_brand","embeddable":true,"href":"https:\/\/ecostera.com\/dk\/wp-json\/wp\/v2\/product_brand?post=37439"},{"taxonomy":"product_cat","embeddable":true,"href":"https:\/\/ecostera.com\/dk\/wp-json\/wp\/v2\/product_cat?post=37439"},{"taxonomy":"product_tag","embeddable":true,"href":"https:\/\/ecostera.com\/dk\/wp-json\/wp\/v2\/product_tag?post=37439"}],"curies":[{"name":"wp","href":"https:\/\/api.w.org\/{rel}","templated":true}]}}