{"id":3745,"date":"2025-07-21T12:28:28","date_gmt":"2025-07-21T12:28:28","guid":{"rendered":"https:\/\/ecostera.com\/dk\/product\/starthjaelpskompressor\/"},"modified":"2025-07-21T12:28:28","modified_gmt":"2025-07-21T12:28:28","slug":"starthjaelpskompressor","status":"publish","type":"product","link":"https:\/\/ecostera.com\/dk\/product\/starthjaelpskompressor\/","title":{"rendered":"Starthj\u00e6lpskompressor"},"content":{"rendered":"<h2 style=\"text-align: center\">Hurtig Motorstart<\/h2>\n<p style=\"text-align: center\">Starthj\u00e6lpskompressoren leverer en kraftig 2000A str\u00f8m til at genstarte din bil p\u00e5 bare f\u00e5 sekunder. Den er perfekt til n\u00f8dsituationer og fungerer i ekstreme temperaturer eller med biler, der ikke har v\u00e6ret brugt i lang tid.<\/p>\n<p><img decoding=\"async\" class=\"alignnone size-medium wp-image-7914 aligncenter\" src=\"https:\/\/keluvo.com\/template\/wp-content\/uploads\/sites\/5\/2025\/01\/0c13b324-1a3a-40cc-9059-aff25a6ba3f3.webp\" alt=\"\" \/><\/p>\n<h2 style=\"text-align: center\">Hurtig Oppumpning Af D\u00e6k<\/h2>\n<p style=\"text-align: center\">Denne enhed har en turboladet luftpumpe med 40L\/Min luftstr\u00f8m, der pumper d\u00e6kkene op fra 0 til 35 PSI p\u00e5 5 minutter. Dens LED-display sikrer n\u00f8jagtige trykm\u00e5linger med en automatisk stopfunktion for sikker oppumpning.<\/p>\n<p><img decoding=\"async\" class=\"alignnone size-medium wp-image-7915 aligncenter\" src=\"https:\/\/keluvo.com\/template\/wp-content\/uploads\/sites\/5\/2025\/01\/ce007a7c-14ec-42df-b58c-834020d088c8.webp\" alt=\"\" \/><\/p>\n","protected":false},"excerpt":{"rendered":"<p>Hurtig Motorstart Starthj\u00e6lpskompressoren leverer en kraftig 2000A str\u00f8m til at genstarte din bil p\u00e5 bare f\u00e5 sekunder. Den er perfekt [&hellip;]<\/p>\n","protected":false},"featured_media":3741,"comment_status":"open","ping_status":"closed","template":"","meta":{"site-sidebar-layout":"default","site-content-layout":"","ast-site-content-layout":"default","site-content-style":"default","site-sidebar-style":"default","ast-global-header-display":"","ast-banner-title-visibility":"","ast-main-header-display":"","ast-hfb-above-header-display":"","ast-hfb-below-header-display":"","ast-hfb-mobile-header-display":"","site-post-title":"","ast-breadcrumbs-content":"","ast-featured-img":"","footer-sml-layout":"","theme-transparent-header-meta":"default","adv-header-id-meta":"","stick-header-meta":"","header-above-stick-meta":"","header-main-stick-meta":"","header-below-stick-meta":"","astra-migrate-meta-layouts":"set","ast-page-background-enabled":"default","ast-page-background-meta":{"desktop":{"background-color":"var(--ast-global-color-5)","background-image":"","background-repeat":"repeat","background-position":"center center","background-size":"auto","background-attachment":"scroll","background-type":"","background-media":"","overlay-type":"","overlay-color":"","overlay-opacity":"","overlay-gradient":""},"tablet":{"background-color":"","background-image":"","background-repeat":"repeat","background-position":"center center","background-size":"auto","background-attachment":"scroll","background-type":"","background-media":"","overlay-type":"","overlay-color":"","overlay-opacity":"","overlay-gradient":""},"mobile":{"background-color":"","background-image":"","background-repeat":"repeat","background-position":"center center","background-size":"auto","background-attachment":"scroll","background-type":"","background-media":"","overlay-type":"","overlay-color":"","overlay-opacity":"","overlay-gradient":""}},"ast-content-background-meta":{"desktop":{"background-color":"var(--ast-global-color-4)","background-image":"","background-repeat":"repeat","background-position":"center center","background-size":"auto","background-attachment":"scroll","background-type":"","background-media":"","overlay-type":"","overlay-color":"","overlay-opacity":"","overlay-gradient":""},"tablet":{"background-color":"var(--ast-global-color-4)","background-image":"","background-repeat":"repeat","background-position":"center center","background-size":"auto","background-attachment":"scroll","background-type":"","background-media":"","overlay-type":"","overlay-color":"","overlay-opacity":"","overlay-gradient":""},"mobile":{"background-color":"var(--ast-global-color-4)","background-image":"","background-repeat":"repeat","background-position":"center center","background-size":"auto","background-attachment":"scroll","background-type":"","background-media":"","overlay-type":"","overlay-color":"","overlay-opacity":"","overlay-gradient":""}}},"product_brand":[],"product_cat":[19],"product_tag":[],"class_list":{"0":"post-3745","1":"product","2":"type-product","3":"status-publish","4":"has-post-thumbnail","6":"product_cat-uncategorized","7":"desktop-align-left","8":"tablet-align-left","9":"mobile-align-left","11":"first","12":"instock","13":"shipping-taxable","14":"purchasable","15":"product-type-simple"},"_links":{"self":[{"href":"https:\/\/ecostera.com\/dk\/wp-json\/wp\/v2\/product\/3745","targetHints":{"allow":["GET"]}}],"collection":[{"href":"https:\/\/ecostera.com\/dk\/wp-json\/wp\/v2\/product"}],"about":[{"href":"https:\/\/ecostera.com\/dk\/wp-json\/wp\/v2\/types\/product"}],"replies":[{"embeddable":true,"href":"https:\/\/ecostera.com\/dk\/wp-json\/wp\/v2\/comments?post=3745"}],"wp:featuredmedia":[{"embeddable":true,"href":"https:\/\/ecostera.com\/dk\/wp-json\/wp\/v2\/media\/3741"}],"wp:attachment":[{"href":"https:\/\/ecostera.com\/dk\/wp-json\/wp\/v2\/media?parent=3745"}],"wp:term":[{"taxonomy":"product_brand","embeddable":true,"href":"https:\/\/ecostera.com\/dk\/wp-json\/wp\/v2\/product_brand?post=3745"},{"taxonomy":"product_cat","embeddable":true,"href":"https:\/\/ecostera.com\/dk\/wp-json\/wp\/v2\/product_cat?post=3745"},{"taxonomy":"product_tag","embeddable":true,"href":"https:\/\/ecostera.com\/dk\/wp-json\/wp\/v2\/product_tag?post=3745"}],"curies":[{"name":"wp","href":"https:\/\/api.w.org\/{rel}","templated":true}]}}