{"id":3750,"date":"2025-07-21T12:29:39","date_gmt":"2025-07-21T12:29:39","guid":{"rendered":"https:\/\/ecostera.com\/dk\/product\/armbaand-af-stenlaeder\/"},"modified":"2025-07-21T12:30:40","modified_gmt":"2025-07-21T12:30:40","slug":"armbaand-af-stenlaeder","status":"publish","type":"product","link":"https:\/\/ecostera.com\/dk\/product\/armbaand-af-stenlaeder\/","title":{"rendered":"Armb\u00e5nd af stenl\u00e6der"},"content":{"rendered":"<h2 style=\"text-align: center\">Stilfuldt Og Moderne Design<\/h2>\n<p style=\"text-align: center\">Armb\u00e5ndet i stenl\u00e6der kombinerer naturstenskugler med en elegant l\u00e6derrem og giver et dristigt og moderne look. Det lagdelte design giver dybde og karakter, hvilket g\u00f8r det perfekt til b\u00e5de casual og business outfits. Dette armb\u00e5nd er et alsidigt tilbeh\u00f8r til enhver mands garderobe.<\/p>\n<p><img decoding=\"async\" class=\"alignnone size-medium wp-image-6315 aligncenter\" src=\"https:\/\/keluvo.com\/template\/wp-content\/uploads\/sites\/5\/2025\/01\/Ae84f69147542403eb388fc1050185aa4R.jpg_960x960q75.jpg_.webp\" \/><\/p>\n<h2 style=\"text-align: center\">Holdbart Og Komfortabelt Materiale<\/h2>\n<p style=\"text-align: center\">L\u00e6derarmb\u00e5ndet er fremstillet af PU-l\u00e6der af h\u00f8j kvalitet og vulkanske sten eller tiger\u00f8je og er b\u00e5de holdbart og komfortabelt. Det bl\u00f8de l\u00e6der f\u00f8les sk\u00e5nsomt mod dit h\u00e5ndled, mens de robuste sten sikrer langvarig brug. Det er en god blanding af styrke og stil.<\/p>\n<p><img decoding=\"async\" class=\"alignnone size-medium wp-image-6317 aligncenter\" src=\"https:\/\/keluvo.com\/template\/wp-content\/uploads\/sites\/5\/2025\/01\/A9192c164ddcf4ffc83157c4828328d25L.jpg_960x960q75.jpg_.webp\" \/><\/p>\n","protected":false},"excerpt":{"rendered":"<p>Stilfuldt Og Moderne Design Armb\u00e5ndet i stenl\u00e6der kombinerer naturstenskugler med en elegant l\u00e6derrem og giver et dristigt og moderne look. [&hellip;]<\/p>\n","protected":false},"featured_media":3746,"comment_status":"open","ping_status":"closed","template":"","meta":{"site-sidebar-layout":"default","site-content-layout":"","ast-site-content-layout":"default","site-content-style":"default","site-sidebar-style":"default","ast-global-header-display":"","ast-banner-title-visibility":"","ast-main-header-display":"","ast-hfb-above-header-display":"","ast-hfb-below-header-display":"","ast-hfb-mobile-header-display":"","site-post-title":"","ast-breadcrumbs-content":"","ast-featured-img":"","footer-sml-layout":"","theme-transparent-header-meta":"default","adv-header-id-meta":"","stick-header-meta":"","header-above-stick-meta":"","header-main-stick-meta":"","header-below-stick-meta":"","astra-migrate-meta-layouts":"set","ast-page-background-enabled":"default","ast-page-background-meta":{"desktop":{"background-color":"var(--ast-global-color-5)","background-image":"","background-repeat":"repeat","background-position":"center center","background-size":"auto","background-attachment":"scroll","background-type":"","background-media":"","overlay-type":"","overlay-color":"","overlay-opacity":"","overlay-gradient":""},"tablet":{"background-color":"","background-image":"","background-repeat":"repeat","background-position":"center center","background-size":"auto","background-attachment":"scroll","background-type":"","background-media":"","overlay-type":"","overlay-color":"","overlay-opacity":"","overlay-gradient":""},"mobile":{"background-color":"","background-image":"","background-repeat":"repeat","background-position":"center center","background-size":"auto","background-attachment":"scroll","background-type":"","background-media":"","overlay-type":"","overlay-color":"","overlay-opacity":"","overlay-gradient":""}},"ast-content-background-meta":{"desktop":{"background-color":"var(--ast-global-color-4)","background-image":"","background-repeat":"repeat","background-position":"center center","background-size":"auto","background-attachment":"scroll","background-type":"","background-media":"","overlay-type":"","overlay-color":"","overlay-opacity":"","overlay-gradient":""},"tablet":{"background-color":"var(--ast-global-color-4)","background-image":"","background-repeat":"repeat","background-position":"center center","background-size":"auto","background-attachment":"scroll","background-type":"","background-media":"","overlay-type":"","overlay-color":"","overlay-opacity":"","overlay-gradient":""},"mobile":{"background-color":"var(--ast-global-color-4)","background-image":"","background-repeat":"repeat","background-position":"center center","background-size":"auto","background-attachment":"scroll","background-type":"","background-media":"","overlay-type":"","overlay-color":"","overlay-opacity":"","overlay-gradient":""}}},"product_brand":[],"product_cat":[19],"product_tag":[],"class_list":{"0":"post-3750","1":"product","2":"type-product","3":"status-publish","4":"has-post-thumbnail","6":"product_cat-uncategorized","7":"pa_42051_bdwn2cfa-brun","8":"pa_42051_bdwn2cfa-sort","9":"pa_42051_bdwn2cfa-sort-brun","10":"desktop-align-left","11":"tablet-align-left","12":"mobile-align-left","14":"first","15":"instock","16":"shipping-taxable","17":"purchasable","18":"product-type-variable"},"_links":{"self":[{"href":"https:\/\/ecostera.com\/dk\/wp-json\/wp\/v2\/product\/3750","targetHints":{"allow":["GET"]}}],"collection":[{"href":"https:\/\/ecostera.com\/dk\/wp-json\/wp\/v2\/product"}],"about":[{"href":"https:\/\/ecostera.com\/dk\/wp-json\/wp\/v2\/types\/product"}],"replies":[{"embeddable":true,"href":"https:\/\/ecostera.com\/dk\/wp-json\/wp\/v2\/comments?post=3750"}],"wp:featuredmedia":[{"embeddable":true,"href":"https:\/\/ecostera.com\/dk\/wp-json\/wp\/v2\/media\/3746"}],"wp:attachment":[{"href":"https:\/\/ecostera.com\/dk\/wp-json\/wp\/v2\/media?parent=3750"}],"wp:term":[{"taxonomy":"product_brand","embeddable":true,"href":"https:\/\/ecostera.com\/dk\/wp-json\/wp\/v2\/product_brand?post=3750"},{"taxonomy":"product_cat","embeddable":true,"href":"https:\/\/ecostera.com\/dk\/wp-json\/wp\/v2\/product_cat?post=3750"},{"taxonomy":"product_tag","embeddable":true,"href":"https:\/\/ecostera.com\/dk\/wp-json\/wp\/v2\/product_tag?post=3750"}],"curies":[{"name":"wp","href":"https:\/\/api.w.org\/{rel}","templated":true}]}}