{"id":37515,"date":"2025-11-26T19:20:46","date_gmt":"2025-11-26T17:20:46","guid":{"rendered":"https:\/\/ecostera.com\/dk\/product\/staerk-tote-bag\/"},"modified":"2025-12-01T13:02:20","modified_gmt":"2025-12-01T11:02:20","slug":"staerk-tote-bag","status":"publish","type":"product","link":"https:\/\/ecostera.com\/dk\/product\/staerk-tote-bag\/","title":{"rendered":"St\u00e6rk tote bag"},"content":{"rendered":"<p style=\"text-align: center\" data-start=\"0\" data-end=\"80\"><strong>B\u00e6r alle dine daglige forn\u00f8denheder i en let, rummelig og stilfuld taske. \ud83d\udc5c<\/strong><\/p>\n<p style=\"text-align: center\" data-start=\"82\" data-end=\"338\">Denne st\u00e6rke taske giver dig den perfekte balance mellem st\u00f8rrelse, komfort og organisering. Med en kapacitet p\u00e5 20 l, flere lommer og et ultralet design g\u00f8r den din daglige rutine lettere &#8211; uanset om du arbejder, rejser eller er p\u00e5 vej til fitnesscentret.<\/p>\n<p data-start=\"82\" data-end=\"338\"><img fetchpriority=\"high\" decoding=\"async\" class=\" wp-image-42629 aligncenter\" src=\"https:\/\/keluvo.com\/template\/wp-content\/uploads\/sites\/5\/2025\/11\/fc1fc25a-4747-461b-b083-fe9995d4a59e.gif\" alt=\"\" width=\"500\" height=\"620\" \/><\/p>\n<h2 style=\"text-align: center\" data-start=\"345\" data-end=\"365\"><strong>Vigtigste Fordele<\/strong><\/h2>\n<p data-start=\"366\" data-end=\"840\">\ud83d\udc5c Stor kapacitet p\u00e5 20 l &#8211; Passer til en 15,6&#8243; b\u00e6rbar computer, t\u00f8j, vandflaske, sko og meget mere.<\/p>\n<p data-start=\"366\" data-end=\"840\">\ud83c\udf92 Flere lommer &#8211; Hovedrum + sidelommer + forlomme for hurtig adgang.<\/p>\n<p data-start=\"366\" data-end=\"840\">\ud83d\udcaa Slidst\u00e6rkt polyesterstof &#8211; Bl\u00f8dt, st\u00e6rkt og langtidsholdbart.<\/p>\n<p data-start=\"366\" data-end=\"840\">\ud83c\udfd6\ufe0f Alsidig brug &#8211; Ideel som arbejdstaske, rejsetaske, gymnastiktaske eller strandtaske.<\/p>\n<p data-start=\"366\" data-end=\"840\">\ud83d\udd12 Sikkert lynl\u00e5sdesign &#8211; holder dine ting sikre og organiserede.<\/p>\n<p data-start=\"366\" data-end=\"840\"><img decoding=\"async\" class=\"size-full wp-image-42628 aligncenter\" src=\"https:\/\/keluvo.com\/template\/wp-content\/uploads\/sites\/5\/2025\/11\/8c565b0ada97c7753a4e09235b7f365927f9b57f-800.jpg\" alt=\"\" width=\"1080\" height=\"1080\" \/><\/p>\n<h2 style=\"text-align: center\" data-start=\"847\" data-end=\"865\"><strong>S\u00e5dan Bruges<\/strong><\/h2>\n<ol data-start=\"866\" data-end=\"1207\">\n<li data-start=\"866\" data-end=\"948\">\n<p data-start=\"869\" data-end=\"948\">\u00c5bn hovedlynl\u00e5sen, og l\u00e6g din b\u00e6rbare computer, t\u00f8j og st\u00f8rre ting i.<\/p>\n<\/li>\n<li data-start=\"949\" data-end=\"1017\">\n<p data-start=\"952\" data-end=\"1017\">Brug sidelommerne til vandflasker, paraplyer eller opladere.<\/p>\n<\/li>\n<li data-start=\"1018\" data-end=\"1092\">\n<p data-start=\"1021\" data-end=\"1092\">Opbevar ting med hurtig adgang som n\u00f8gler eller din telefon i forlommen.<\/p>\n<\/li>\n<li data-start=\"1093\" data-end=\"1143\">\n<p data-start=\"1096\" data-end=\"1143\">Lyn tasken til for at holde alt sikkert.<\/p>\n<\/li>\n<li data-start=\"1144\" data-end=\"1207\">\n<p data-start=\"1147\" data-end=\"1207\">B\u00e6r den i h\u00e5nden eller over skulderen til daglige aktiviteter.<\/p>\n<\/li>\n<\/ol>\n<h2 style=\"text-align: center\" data-start=\"1214\" data-end=\"1237\"><strong>Produktdetaljer<\/strong><\/h2>\n<ul data-start=\"1238\" data-end=\"1556\">\n<li data-start=\"1238\" data-end=\"1272\">\n<p data-start=\"1240\" data-end=\"1272\">St\u00f8rrelse: 49 x 35 x 16 cm<\/p>\n<\/li>\n<li data-start=\"1273\" data-end=\"1296\">\n<p data-start=\"1275\" data-end=\"1296\">Kapacitet: 20 liter<\/p>\n<\/li>\n<li data-start=\"1317\" data-end=\"1364\">\n<p data-start=\"1319\" data-end=\"1364\">Materiale: Let og slidst\u00e6rk polyester<\/p>\n<\/li>\n<li data-start=\"1365\" data-end=\"1499\">\n<p data-start=\"1367\" data-end=\"1382\">Rum:<\/p>\n<ul data-start=\"1385\" data-end=\"1499\">\n<li data-start=\"1385\" data-end=\"1439\">\n<p data-start=\"1387\" data-end=\"1439\">1 hovedrum i flere lag (passer til 15,6&#8243; b\u00e6rbar computer)<\/p>\n<\/li>\n<li data-start=\"1442\" data-end=\"1465\">\n<p data-start=\"1444\" data-end=\"1465\">2 brede sidelommer<\/p>\n<\/li>\n<li data-start=\"1468\" data-end=\"1499\">\n<p data-start=\"1470\" data-end=\"1499\">1 forlomme med hurtig adgang<\/p>\n<\/li>\n<\/ul>\n<\/li>\n<li data-start=\"1500\" data-end=\"1556\">\n<p data-start=\"1502\" data-end=\"1556\">Anvendelse: Arbejde, rejser, fitnesscenter, strand, indk\u00f8b, daglige \u00e6rinder<\/p>\n<\/li>\n<\/ul>\n<h2 style=\"text-align: center\" data-start=\"1563\" data-end=\"1587\"><strong>Pakken indeholder<\/strong><\/h2>\n<ul data-start=\"1588\" data-end=\"1608\">\n<li data-start=\"1588\" data-end=\"1608\">\n<p data-start=\"1590\" data-end=\"1608\">1x st\u00e6rk tote bag.<\/p>\n<\/li>\n<\/ul>\n","protected":false},"excerpt":{"rendered":"<p>B\u00e6r alle dine daglige forn\u00f8denheder i en let, rummelig og stilfuld taske. \ud83d\udc5c Denne st\u00e6rke taske giver dig den perfekte [&hellip;]<\/p>\n","protected":false},"featured_media":37511,"comment_status":"open","ping_status":"closed","template":"","meta":{"site-sidebar-layout":"default","site-content-layout":"","ast-site-content-layout":"default","site-content-style":"default","site-sidebar-style":"default","ast-global-header-display":"","ast-banner-title-visibility":"","ast-main-header-display":"","ast-hfb-above-header-display":"","ast-hfb-below-header-display":"","ast-hfb-mobile-header-display":"","site-post-title":"","ast-breadcrumbs-content":"","ast-featured-img":"","footer-sml-layout":"","theme-transparent-header-meta":"default","adv-header-id-meta":"","stick-header-meta":"","header-above-stick-meta":"","header-main-stick-meta":"","header-below-stick-meta":"","astra-migrate-meta-layouts":"set","ast-page-background-enabled":"default","ast-page-background-meta":{"desktop":{"background-color":"var(--ast-global-color-5)","background-image":"","background-repeat":"repeat","background-position":"center center","background-size":"auto","background-attachment":"scroll","background-type":"","background-media":"","overlay-type":"","overlay-color":"","overlay-opacity":"","overlay-gradient":""},"tablet":{"background-color":"","background-image":"","background-repeat":"repeat","background-position":"center center","background-size":"auto","background-attachment":"scroll","background-type":"","background-media":"","overlay-type":"","overlay-color":"","overlay-opacity":"","overlay-gradient":""},"mobile":{"background-color":"","background-image":"","background-repeat":"repeat","background-position":"center center","background-size":"auto","background-attachment":"scroll","background-type":"","background-media":"","overlay-type":"","overlay-color":"","overlay-opacity":"","overlay-gradient":""}},"ast-content-background-meta":{"desktop":{"background-color":"var(--ast-global-color-4)","background-image":"","background-repeat":"repeat","background-position":"center center","background-size":"auto","background-attachment":"scroll","background-type":"","background-media":"","overlay-type":"","overlay-color":"","overlay-opacity":"","overlay-gradient":""},"tablet":{"background-color":"var(--ast-global-color-4)","background-image":"","background-repeat":"repeat","background-position":"center center","background-size":"auto","background-attachment":"scroll","background-type":"","background-media":"","overlay-type":"","overlay-color":"","overlay-opacity":"","overlay-gradient":""},"mobile":{"background-color":"var(--ast-global-color-4)","background-image":"","background-repeat":"repeat","background-position":"center center","background-size":"auto","background-attachment":"scroll","background-type":"","background-media":"","overlay-type":"","overlay-color":"","overlay-opacity":"","overlay-gradient":""}}},"product_brand":[],"product_cat":[19],"product_tag":[],"class_list":{"0":"post-37515","1":"product","2":"type-product","3":"status-publish","4":"has-post-thumbnail","6":"product_cat-uncategorized","7":"pa_53742_0ykvm5qp-beige","8":"pa_53742_0ykvm5qp-blaa","9":"pa_53742_0ykvm5qp-brun","10":"pa_53742_0ykvm5qp-graa","11":"pa_53742_0ykvm5qp-groen","12":"pa_53742_0ykvm5qp-khaki","13":"pa_53742_0ykvm5qp-lyseroed","14":"pa_53742_0ykvm5qp-sort","15":"desktop-align-left","16":"tablet-align-left","17":"mobile-align-left","19":"first","20":"instock","21":"shipping-taxable","22":"purchasable","23":"product-type-variable"},"_links":{"self":[{"href":"https:\/\/ecostera.com\/dk\/wp-json\/wp\/v2\/product\/37515","targetHints":{"allow":["GET"]}}],"collection":[{"href":"https:\/\/ecostera.com\/dk\/wp-json\/wp\/v2\/product"}],"about":[{"href":"https:\/\/ecostera.com\/dk\/wp-json\/wp\/v2\/types\/product"}],"replies":[{"embeddable":true,"href":"https:\/\/ecostera.com\/dk\/wp-json\/wp\/v2\/comments?post=37515"}],"wp:featuredmedia":[{"embeddable":true,"href":"https:\/\/ecostera.com\/dk\/wp-json\/wp\/v2\/media\/37511"}],"wp:attachment":[{"href":"https:\/\/ecostera.com\/dk\/wp-json\/wp\/v2\/media?parent=37515"}],"wp:term":[{"taxonomy":"product_brand","embeddable":true,"href":"https:\/\/ecostera.com\/dk\/wp-json\/wp\/v2\/product_brand?post=37515"},{"taxonomy":"product_cat","embeddable":true,"href":"https:\/\/ecostera.com\/dk\/wp-json\/wp\/v2\/product_cat?post=37515"},{"taxonomy":"product_tag","embeddable":true,"href":"https:\/\/ecostera.com\/dk\/wp-json\/wp\/v2\/product_tag?post=37515"}],"curies":[{"name":"wp","href":"https:\/\/api.w.org\/{rel}","templated":true}]}}