{"id":37574,"date":"2025-11-26T19:26:35","date_gmt":"2025-11-26T17:26:35","guid":{"rendered":"https:\/\/ecostera.com\/dk\/product\/baerbar-lighter-til-hoeje-temperaturer\/"},"modified":"2025-11-27T23:17:42","modified_gmt":"2025-11-27T21:17:42","slug":"baerbar-lighter-til-hoeje-temperaturer","status":"publish","type":"product","link":"https:\/\/ecostera.com\/dk\/product\/baerbar-lighter-til-hoeje-temperaturer\/","title":{"rendered":"B\u00e6rbar lighter til h\u00f8je temperaturer"},"content":{"rendered":"<p style=\"text-align: center\" data-start=\"0\" data-end=\"73\"><strong>Nyd En Kraftig 1300\u00b0 Flamme I En Kompakt, B\u00e6rbar Lighter. \ud83d\udd25<\/strong><\/p>\n<p style=\"text-align: center\" data-start=\"75\" data-end=\"338\">Denne b\u00e6rbare lighter med h\u00f8j temperatur leverer ekstrem ildkraft til udend\u00f8rs madlavning, opt\u00e6nding af tr\u00e6kul eller smeltning af sm\u00e5 metalstykker. Den er lavet af holdbart metal og en kobberkerne og er designet til at holde, mens den giver dig p\u00e5lidelig flammestyrke, n\u00e5r som helst du har brug for det.<\/p>\n<p data-start=\"75\" data-end=\"338\"><img fetchpriority=\"high\" decoding=\"async\" class=\"size-full wp-image-42685 aligncenter\" src=\"https:\/\/keluvo.com\/template\/wp-content\/uploads\/sites\/5\/2025\/11\/10226-ezgif.com-video-to-webp-converter-1-1.webp\" alt=\"\" width=\"500\" height=\"889\" \/><\/p>\n<h2 style=\"text-align: center\" data-start=\"345\" data-end=\"365\"><strong>Hovedfordele<\/strong><\/h2>\n<p data-start=\"366\" data-end=\"895\">\ud83d\udd25 Ultrah\u00f8j 1300\u00b0 flamme &#8211; St\u00e6rk nok til at ant\u00e6nde tr\u00e6kul og smelte sm\u00e5 guld- eller s\u00f8lvstykker.<\/p>\n<p data-start=\"366\" data-end=\"895\">\ud83d\udca8 Vindt\u00e6t flamme &#8211; Fungerer udend\u00f8rs selv under bl\u00e6sende forhold.<\/p>\n<p data-start=\"366\" data-end=\"895\">\ud83d\udee0\ufe0f Holdbar konstruktion &#8211; Kobberkerne + metalhus for langvarig ydeevne.<\/p>\n<p data-start=\"366\" data-end=\"895\">\ud83c\udf7b 2-i-1 oplukker &#8211; \u00c5bn drinks n\u00e5r som helst uden at b\u00e6re ekstra v\u00e6rkt\u00f8j.<\/p>\n<p data-start=\"366\" data-end=\"895\">\ud83c\udf92 B\u00e6rbar og genopfyldelig &#8211; Kompakt st\u00f8rrelse og justerbar flamme for fuld kontrol.<\/p>\n<p data-start=\"366\" data-end=\"895\">\ud83c\udfa8 To stilfulde farver &#8211; V\u00e6lg det design, der passer til din stil, eller giv den til en s\u00e6rlig person.<\/p>\n<p data-start=\"366\" data-end=\"895\"><img decoding=\"async\" class=\"size-full wp-image-42683 aligncenter\" src=\"https:\/\/keluvo.com\/template\/wp-content\/uploads\/sites\/5\/2025\/11\/a23ceae8abf90723bad28f2f0fc83bb3bc8a5ae8.jpg\" alt=\"\" width=\"1080\" height=\"1080\" \/><\/p>\n<h2 style=\"text-align: center\" data-start=\"902\" data-end=\"920\"><strong>S\u00e5dan Bruges<\/strong><\/h2>\n<ol data-start=\"921\" data-end=\"1297\">\n<li data-start=\"921\" data-end=\"969\">\n<p data-start=\"924\" data-end=\"969\">Fyld lighteren med butangas (medf\u00f8lger ikke).<\/p>\n<\/li>\n<li data-start=\"970\" data-end=\"1024\">\n<p data-start=\"973\" data-end=\"1024\">Juster flammens st\u00f8rrelse ved hj\u00e6lp af den indbyggede kontrol.<\/p>\n<\/li>\n<li data-start=\"1025\" data-end=\"1085\">\n<p data-start=\"1028\" data-end=\"1085\">Tryk p\u00e5 t\u00e6ndingen for at frigive en flamme med h\u00f8j temperatur.<\/p>\n<\/li>\n<li data-start=\"1086\" data-end=\"1165\">\n<p data-start=\"1089\" data-end=\"1165\">Brug den til at t\u00e6nde tr\u00e6kul, starte et lejrb\u00e5l eller opvarme materialer efter behov.<\/p>\n<\/li>\n<li data-start=\"1166\" data-end=\"1233\">\n<p data-start=\"1169\" data-end=\"1233\">For at \u00e5bne flasker skal du bruge den indbyggede oplukker p\u00e5 huset.<\/p>\n<\/li>\n<li data-start=\"1234\" data-end=\"1297\">\n<p data-start=\"1237\" data-end=\"1297\">Opbevares et sikkert sted efter brug og holdes v\u00e6k fra b\u00f8rn.<\/p>\n<\/li>\n<\/ol>\n<h2 style=\"text-align: center\" data-start=\"1304\" data-end=\"1327\"><strong>Produktoplysninger<\/strong><\/h2>\n<ul data-start=\"1328\" data-end=\"1704\">\n<li data-start=\"1328\" data-end=\"1356\">\n<p data-start=\"1330\" data-end=\"1356\">Temperatur: Op til 1300\u00b0<\/p>\n<\/li>\n<li data-start=\"1357\" data-end=\"1397\">\n<p data-start=\"1359\" data-end=\"1397\">Materiale: Kobberkerne + metalhus<\/p>\n<\/li>\n<li data-start=\"1398\" data-end=\"1438\">\n<p data-start=\"1400\" data-end=\"1438\">Finish: Glat galvaniseret overflade<\/p>\n<\/li>\n<li data-start=\"1439\" data-end=\"1494\">\n<p data-start=\"1441\" data-end=\"1494\">Funktioner: H\u00f8jtemperaturlighter + oplukker<\/p>\n<\/li>\n<li data-start=\"1495\" data-end=\"1558\">\n<p data-start=\"1497\" data-end=\"1558\">Funktioner: Vindt\u00e6t flamme, genopfyldelig, justerbar ildkraft<\/p>\n<\/li>\n<li data-start=\"1559\" data-end=\"1650\">\n<p data-start=\"1561\" data-end=\"1650\">Brugssager: Grill, camping, udend\u00f8rs madlavning, opt\u00e6nding af tr\u00e6kul, generelle udend\u00f8rs aktiviteter<\/p>\n<\/li>\n<\/ul>\n<h2 style=\"text-align: center\" data-start=\"1711\" data-end=\"1735\"><strong>Pakken indeholder<\/strong><\/h2>\n<ul data-start=\"1736\" data-end=\"1774\">\n<li data-start=\"1736\" data-end=\"1774\">\n<p data-start=\"1738\" data-end=\"1774\">1x b\u00e6rbar lighter med h\u00f8j temperatur.<\/p>\n<\/li>\n<\/ul>\n","protected":false},"excerpt":{"rendered":"<p>Nyd En Kraftig 1300\u00b0 Flamme I En Kompakt, B\u00e6rbar Lighter. \ud83d\udd25 Denne b\u00e6rbare lighter med h\u00f8j temperatur leverer ekstrem ildkraft [&hellip;]<\/p>\n","protected":false},"featured_media":37570,"comment_status":"open","ping_status":"closed","template":"","meta":{"site-sidebar-layout":"default","site-content-layout":"","ast-site-content-layout":"default","site-content-style":"default","site-sidebar-style":"default","ast-global-header-display":"","ast-banner-title-visibility":"","ast-main-header-display":"","ast-hfb-above-header-display":"","ast-hfb-below-header-display":"","ast-hfb-mobile-header-display":"","site-post-title":"","ast-breadcrumbs-content":"","ast-featured-img":"","footer-sml-layout":"","theme-transparent-header-meta":"default","adv-header-id-meta":"","stick-header-meta":"","header-above-stick-meta":"","header-main-stick-meta":"","header-below-stick-meta":"","astra-migrate-meta-layouts":"set","ast-page-background-enabled":"default","ast-page-background-meta":{"desktop":{"background-color":"var(--ast-global-color-5)","background-image":"","background-repeat":"repeat","background-position":"center center","background-size":"auto","background-attachment":"scroll","background-type":"","background-media":"","overlay-type":"","overlay-color":"","overlay-opacity":"","overlay-gradient":""},"tablet":{"background-color":"","background-image":"","background-repeat":"repeat","background-position":"center center","background-size":"auto","background-attachment":"scroll","background-type":"","background-media":"","overlay-type":"","overlay-color":"","overlay-opacity":"","overlay-gradient":""},"mobile":{"background-color":"","background-image":"","background-repeat":"repeat","background-position":"center center","background-size":"auto","background-attachment":"scroll","background-type":"","background-media":"","overlay-type":"","overlay-color":"","overlay-opacity":"","overlay-gradient":""}},"ast-content-background-meta":{"desktop":{"background-color":"var(--ast-global-color-4)","background-image":"","background-repeat":"repeat","background-position":"center center","background-size":"auto","background-attachment":"scroll","background-type":"","background-media":"","overlay-type":"","overlay-color":"","overlay-opacity":"","overlay-gradient":""},"tablet":{"background-color":"var(--ast-global-color-4)","background-image":"","background-repeat":"repeat","background-position":"center center","background-size":"auto","background-attachment":"scroll","background-type":"","background-media":"","overlay-type":"","overlay-color":"","overlay-opacity":"","overlay-gradient":""},"mobile":{"background-color":"var(--ast-global-color-4)","background-image":"","background-repeat":"repeat","background-position":"center center","background-size":"auto","background-attachment":"scroll","background-type":"","background-media":"","overlay-type":"","overlay-color":"","overlay-opacity":"","overlay-gradient":""}}},"product_brand":[],"product_cat":[19],"product_tag":[],"class_list":{"0":"post-37574","1":"product","2":"type-product","3":"status-publish","4":"has-post-thumbnail","6":"product_cat-uncategorized","7":"pa_53792_mm8gh0gl-soelv","8":"pa_53792_mm8gh0gl-sort","9":"desktop-align-left","10":"tablet-align-left","11":"mobile-align-left","13":"first","14":"instock","15":"shipping-taxable","16":"purchasable","17":"product-type-variable"},"_links":{"self":[{"href":"https:\/\/ecostera.com\/dk\/wp-json\/wp\/v2\/product\/37574","targetHints":{"allow":["GET"]}}],"collection":[{"href":"https:\/\/ecostera.com\/dk\/wp-json\/wp\/v2\/product"}],"about":[{"href":"https:\/\/ecostera.com\/dk\/wp-json\/wp\/v2\/types\/product"}],"replies":[{"embeddable":true,"href":"https:\/\/ecostera.com\/dk\/wp-json\/wp\/v2\/comments?post=37574"}],"wp:featuredmedia":[{"embeddable":true,"href":"https:\/\/ecostera.com\/dk\/wp-json\/wp\/v2\/media\/37570"}],"wp:attachment":[{"href":"https:\/\/ecostera.com\/dk\/wp-json\/wp\/v2\/media?parent=37574"}],"wp:term":[{"taxonomy":"product_brand","embeddable":true,"href":"https:\/\/ecostera.com\/dk\/wp-json\/wp\/v2\/product_brand?post=37574"},{"taxonomy":"product_cat","embeddable":true,"href":"https:\/\/ecostera.com\/dk\/wp-json\/wp\/v2\/product_cat?post=37574"},{"taxonomy":"product_tag","embeddable":true,"href":"https:\/\/ecostera.com\/dk\/wp-json\/wp\/v2\/product_tag?post=37574"}],"curies":[{"name":"wp","href":"https:\/\/api.w.org\/{rel}","templated":true}]}}