{"id":37602,"date":"2025-11-26T19:30:16","date_gmt":"2025-11-26T17:30:16","guid":{"rendered":"https:\/\/ecostera.com\/dk\/product\/vinaabner-saet\/"},"modified":"2025-12-25T16:54:23","modified_gmt":"2025-12-25T14:54:23","slug":"vinaabner-saet","status":"publish","type":"product","link":"https:\/\/ecostera.com\/dk\/product\/vinaabner-saet\/","title":{"rendered":"Vin\u00e5bner-s\u00e6t"},"content":{"rendered":"<p style=\"text-align: center;\" data-start=\"0\" data-end=\"69\"><strong>\u00c5bn enhver vinflaske p\u00e5 f\u00e5 sekunder med et enkelt tryk, pump og pop. \ud83c\udf77<\/strong><\/p>\n<p style=\"text-align: center;\" data-start=\"71\" data-end=\"324\">Dette vin\u00e5bners\u00e6t bruger lufttryk til nemt at fjerne propper &#8211; ingen vridninger eller tr\u00e6k og derfor ingen kn\u00e6kkede korkstykker. Det indeholder alt, hvad du har brug for til en problemfri vinoplevelse, uanset om du \u00e5bner en flaske derhjemme, er v\u00e6rt for g\u00e6ster eller giver den perfekte gave.<\/p>\n<p data-start=\"71\" data-end=\"324\"><img fetchpriority=\"high\" decoding=\"async\" class=\"size-full wp-image-42709 aligncenter\" src=\"https:\/\/keluvo.com\/template\/wp-content\/uploads\/sites\/5\/2025\/11\/10228-ezgif.com-video-to-webp-converter-1-1.webp\" alt=\"\" width=\"500\" height=\"500\" \/><\/p>\n<h2 style=\"text-align: center;\" data-start=\"331\" data-end=\"351\">Fordele<\/h2>\n<p data-start=\"352\" data-end=\"854\">\ud83c\udf77 Ubesv\u00e6ret fjernelse af kork &#8211; \u00c5bn enhver vinflaske med blot et par pump.<\/p>\n<p data-start=\"352\" data-end=\"854\">\ud83d\udca8 Lufttryksteknologi &#8211; Fjerner propper sikkert uden at vride eller beskadige dem.<\/p>\n<p data-start=\"352\" data-end=\"854\">\ud83e\udea1 Pr\u00e6cisionsdesign &#8211; Sikrer nem fjernelse uden korkrester.<\/p>\n<p data-start=\"352\" data-end=\"854\">\ud83d\udc8e Holdbare materialer &#8211; Lavet af ABS med h\u00f8j styrke og f\u00f8rsteklasses aluminiumslegering.<\/p>\n<p data-start=\"352\" data-end=\"854\">\ud83c\udf81 Komplet vins\u00e6t &#8211; Indeholder oplukker, foliesk\u00e6rer, prop og ilter.<\/p>\n<p data-start=\"352\" data-end=\"854\">\ud83d\udcab Perfekt til gaver &#8211; Leveres i en elegant gave\u00e6ske og er fantastisk til vinelskere.<\/p>\n<p data-start=\"352\" data-end=\"854\"><img decoding=\"async\" class=\"size-full wp-image-42710 aligncenter\" src=\"https:\/\/keluvo.com\/template\/wp-content\/uploads\/sites\/5\/2025\/11\/1e7a36df-25b5-449f-817c-7204d65e67a1.gif\" alt=\"\" width=\"480\" height=\"480\" \/><\/p>\n<h2 style=\"text-align: center;\" data-start=\"861\" data-end=\"879\">S\u00e5dan bruges det<\/h2>\n<ol data-start=\"880\" data-end=\"1254\">\n<li data-start=\"880\" data-end=\"945\">\n<p data-start=\"883\" data-end=\"945\">Brug foliesk\u00e6reren til at fjerne folieforseglingen fra flasken.<\/p>\n<\/li>\n<li data-start=\"946\" data-end=\"1041\">\n<p data-start=\"949\" data-end=\"1041\">S\u00e6t n\u00e5len lige ned i midten af proppen, og s\u00f8rg for, at den g\u00e5r helt igennem.<\/p>\n<\/li>\n<li data-start=\"1042\" data-end=\"1109\">\n<p data-start=\"1045\" data-end=\"1109\">Pumpe oplukkeren op og ned 3-7 gange, indtil proppen springer ud.<\/p>\n<\/li>\n<li data-start=\"1110\" data-end=\"1175\">\n<p data-start=\"1113\" data-end=\"1175\">Skub plastb\u00f8sningen for at frig\u00f8re proppen fra n\u00e5len.<\/p>\n<\/li>\n<li data-start=\"1176\" data-end=\"1254\">\n<p data-start=\"1179\" data-end=\"1254\">Brug ilteren til at h\u00e6lde j\u00e6vnt, og proppen til at holde vinen frisk.<\/p>\n<\/li>\n<\/ol>\n<h2 style=\"text-align: center;\" data-start=\"1261\" data-end=\"1284\"><strong>Produktdetaljer<\/strong><\/h2>\n<ul data-start=\"1285\" data-end=\"1599\">\n<li data-start=\"1311\" data-end=\"1357\">\n<p data-start=\"1313\" data-end=\"1357\">Materialer: Aluminiumslegering + f\u00f8devaregodkendt ABS<\/p>\n<\/li>\n<li data-start=\"1382\" data-end=\"1418\">\n<p data-start=\"1384\" data-end=\"1418\">St\u00f8rrelse: Som vist p\u00e5 produktbillederne<\/p>\n<\/li>\n<li data-start=\"1419\" data-end=\"1460\">\n<p data-start=\"1421\" data-end=\"1460\">Teknologi: Fjernelse af kork med lufttryk<\/p>\n<\/li>\n<li data-start=\"1461\" data-end=\"1541\">\n<p data-start=\"1463\" data-end=\"1541\">Inkluderer: Vin\u00e5bner, foliesk\u00e6rer, vakuumprop, ilter, gave\u00e6ske<\/p>\n<\/li>\n<li data-start=\"1542\" data-end=\"1599\">\n<p data-start=\"1544\" data-end=\"1599\">Anvendelse: Hjem, fester, barer, professionel service, gaver<\/p>\n<\/li>\n<\/ul>\n<h2 style=\"text-align: center;\" data-start=\"1606\" data-end=\"1630\"><strong>Pakken indeholder<\/strong><\/h2>\n<ul data-start=\"1631\" data-end=\"1729\">\n<li data-start=\"1631\" data-end=\"1649\">\n<p data-start=\"1633\" data-end=\"1649\">1x vin\u00e5bner<\/p>\n<\/li>\n<li data-start=\"1650\" data-end=\"1669\">\n<p data-start=\"1652\" data-end=\"1669\">1x vinprop<\/p>\n<\/li>\n<li data-start=\"1670\" data-end=\"1688\">\n<p data-start=\"1672\" data-end=\"1688\">1x foliesk\u00e6rer<\/p>\n<\/li>\n<li data-start=\"1689\" data-end=\"1715\">\n<p data-start=\"1691\" data-end=\"1715\">1x vinsk\u00e6nker<\/p>\n<\/li>\n<li data-start=\"1716\" data-end=\"1729\">\n<p data-start=\"1718\" data-end=\"1729\">1x gave\u00e6ske.<\/p>\n<\/li>\n<\/ul>\n","protected":false},"excerpt":{"rendered":"<p>\u00c5bn enhver vinflaske p\u00e5 f\u00e5 sekunder med et enkelt tryk, pump og pop. \ud83c\udf77 Dette vin\u00e5bners\u00e6t bruger lufttryk til nemt [&hellip;]<\/p>\n","protected":false},"featured_media":37598,"comment_status":"open","ping_status":"closed","template":"","meta":{"site-sidebar-layout":"default","site-content-layout":"","ast-site-content-layout":"default","site-content-style":"default","site-sidebar-style":"default","ast-global-header-display":"","ast-banner-title-visibility":"","ast-main-header-display":"","ast-hfb-above-header-display":"","ast-hfb-below-header-display":"","ast-hfb-mobile-header-display":"","site-post-title":"","ast-breadcrumbs-content":"","ast-featured-img":"","footer-sml-layout":"","theme-transparent-header-meta":"default","adv-header-id-meta":"","stick-header-meta":"","header-above-stick-meta":"","header-main-stick-meta":"","header-below-stick-meta":"","astra-migrate-meta-layouts":"set","ast-page-background-enabled":"default","ast-page-background-meta":{"desktop":{"background-color":"var(--ast-global-color-5)","background-image":"","background-repeat":"repeat","background-position":"center center","background-size":"auto","background-attachment":"scroll","background-type":"","background-media":"","overlay-type":"","overlay-color":"","overlay-opacity":"","overlay-gradient":""},"tablet":{"background-color":"","background-image":"","background-repeat":"repeat","background-position":"center center","background-size":"auto","background-attachment":"scroll","background-type":"","background-media":"","overlay-type":"","overlay-color":"","overlay-opacity":"","overlay-gradient":""},"mobile":{"background-color":"","background-image":"","background-repeat":"repeat","background-position":"center center","background-size":"auto","background-attachment":"scroll","background-type":"","background-media":"","overlay-type":"","overlay-color":"","overlay-opacity":"","overlay-gradient":""}},"ast-content-background-meta":{"desktop":{"background-color":"var(--ast-global-color-4)","background-image":"","background-repeat":"repeat","background-position":"center center","background-size":"auto","background-attachment":"scroll","background-type":"","background-media":"","overlay-type":"","overlay-color":"","overlay-opacity":"","overlay-gradient":""},"tablet":{"background-color":"var(--ast-global-color-4)","background-image":"","background-repeat":"repeat","background-position":"center center","background-size":"auto","background-attachment":"scroll","background-type":"","background-media":"","overlay-type":"","overlay-color":"","overlay-opacity":"","overlay-gradient":""},"mobile":{"background-color":"var(--ast-global-color-4)","background-image":"","background-repeat":"repeat","background-position":"center center","background-size":"auto","background-attachment":"scroll","background-type":"","background-media":"","overlay-type":"","overlay-color":"","overlay-opacity":"","overlay-gradient":""}}},"product_brand":[],"product_cat":[19],"product_tag":[],"class_list":{"0":"post-37602","1":"product","2":"type-product","3":"status-publish","4":"has-post-thumbnail","6":"product_cat-uncategorized","7":"pa_53813_ijwfkvt2-blaa","8":"pa_53813_ijwfkvt2-groen","9":"pa_53813_ijwfkvt2-guld","10":"pa_53813_ijwfkvt2-lilla","11":"pa_53813_ijwfkvt2-roed","12":"pa_53813_ijwfkvt2-soelv","13":"pa_53813_ijwfkvt2-sort","14":"desktop-align-left","15":"tablet-align-left","16":"mobile-align-left","18":"first","19":"instock","20":"shipping-taxable","21":"purchasable","22":"product-type-variable"},"_links":{"self":[{"href":"https:\/\/ecostera.com\/dk\/wp-json\/wp\/v2\/product\/37602","targetHints":{"allow":["GET"]}}],"collection":[{"href":"https:\/\/ecostera.com\/dk\/wp-json\/wp\/v2\/product"}],"about":[{"href":"https:\/\/ecostera.com\/dk\/wp-json\/wp\/v2\/types\/product"}],"replies":[{"embeddable":true,"href":"https:\/\/ecostera.com\/dk\/wp-json\/wp\/v2\/comments?post=37602"}],"wp:featuredmedia":[{"embeddable":true,"href":"https:\/\/ecostera.com\/dk\/wp-json\/wp\/v2\/media\/37598"}],"wp:attachment":[{"href":"https:\/\/ecostera.com\/dk\/wp-json\/wp\/v2\/media?parent=37602"}],"wp:term":[{"taxonomy":"product_brand","embeddable":true,"href":"https:\/\/ecostera.com\/dk\/wp-json\/wp\/v2\/product_brand?post=37602"},{"taxonomy":"product_cat","embeddable":true,"href":"https:\/\/ecostera.com\/dk\/wp-json\/wp\/v2\/product_cat?post=37602"},{"taxonomy":"product_tag","embeddable":true,"href":"https:\/\/ecostera.com\/dk\/wp-json\/wp\/v2\/product_tag?post=37602"}],"curies":[{"name":"wp","href":"https:\/\/api.w.org\/{rel}","templated":true}]}}