{"id":37716,"date":"2025-11-27T12:13:39","date_gmt":"2025-11-27T10:13:39","guid":{"rendered":"https:\/\/ecostera.com\/dk\/product\/haandlavet-julepynt-med-dyr-3-stk\/"},"modified":"2025-12-01T13:01:53","modified_gmt":"2025-12-01T11:01:53","slug":"haandlavet-julepynt-med-dyr-3-stk","status":"publish","type":"product","link":"https:\/\/ecostera.com\/dk\/product\/haandlavet-julepynt-med-dyr-3-stk\/","title":{"rendered":"H\u00e5ndlavet julepynt med dyr (3 stk.)"},"content":{"rendered":"<p style=\"text-align: center\" data-start=\"0\" data-end=\"92\"><strong>Tilf\u00f8j en varm, rustik charme til din juleindretning med et unikt h\u00e5ndlavet dyreornament. \ud83e\udd8c\ud83e\udd89<\/strong><\/p>\n<p style=\"text-align: center\" data-start=\"94\" data-end=\"329\">Dette h\u00e5ndlavede juleornament med dyr bringer naturinspireret sk\u00f8nhed til dit hjem. Lavet af holdbar akryl og designet med et s\u00f8dt dyr, der ligger i et tr\u00e6, forbedrer det \u00f8jeblikkeligt ethvert festligt rum med en hyggelig skovf\u00f8lelse.<\/p>\n<p data-start=\"94\" data-end=\"329\"><img fetchpriority=\"high\" decoding=\"async\" class=\"size-full wp-image-42767 aligncenter\" src=\"https:\/\/keluvo.com\/template\/wp-content\/uploads\/sites\/5\/2025\/11\/10223-ezgif.com-video-to-webp-converter-1-2.webp\" alt=\"\" width=\"500\" height=\"500\" \/><\/p>\n<h2 style=\"text-align: center\" data-start=\"336\" data-end=\"356\"><strong>Hovedfordele<\/strong><\/h2>\n<p data-start=\"357\" data-end=\"833\">\ud83c\udf84 Klar til at h\u00e6nge &#8211; Leveres med en robust snor til hurtig og nem udsmykning.<\/p>\n<p data-start=\"357\" data-end=\"833\">\ud83e\udd8c Unikt dyredesign &#8211; Har et s\u00f8dt dyr, der hviler i et tr\u00e6 for et naturligt, rustikt look.<\/p>\n<p data-start=\"357\" data-end=\"833\">\ud83d\udc8e Holdbar akryl &#8211; Materiale af h\u00f8j kvalitet sikrer langvarig brug \u00e5r efter \u00e5r.<\/p>\n<p data-start=\"357\" data-end=\"833\">\ud83c\udfe1 Alsidig dekoration &#8211; Perfekt til juletr\u00e6er, kranse, guirlander eller ethvert hyggeligt hj\u00f8rne.<\/p>\n<p data-start=\"357\" data-end=\"833\">\ud83c\udf81 Perfekt gave &#8211; En bet\u00e6nksom gave til dyreelskere eller fans af indretning med skovtema.<\/p>\n<p data-start=\"357\" data-end=\"833\"><img decoding=\"async\" class=\"size-full wp-image-42769 aligncenter\" src=\"https:\/\/keluvo.com\/template\/wp-content\/uploads\/sites\/5\/2025\/11\/aeb43288ddeca0e577fb1220cc04cd1e21a09a4d-700.avif\" alt=\"\" \/><\/p>\n<h2 style=\"text-align: center\" data-start=\"840\" data-end=\"858\"><strong>S\u00e5dan Bruges<\/strong><\/h2>\n<ol data-start=\"859\" data-end=\"1112\">\n<li data-start=\"859\" data-end=\"903\">\n<p data-start=\"862\" data-end=\"903\">Fjern ornamentet fra emballagen.<\/p>\n<\/li>\n<li data-start=\"904\" data-end=\"987\">\n<p data-start=\"907\" data-end=\"987\">Brug den vedh\u00e6ftede h\u00e6ngesnor til at placere det p\u00e5 dit tr\u00e6, krans eller en hvilken som helst krog.<\/p>\n<\/li>\n<li data-start=\"988\" data-end=\"1056\">\n<p data-start=\"991\" data-end=\"1056\">Juster dets position, s\u00e5 det h\u00e6nger lige og fanger lyset.<\/p>\n<\/li>\n<li data-start=\"1057\" data-end=\"1112\">\n<p data-start=\"1060\" data-end=\"1112\">Nyd den varme, festlige charme, det tilf\u00f8jer til dit rum.<\/p>\n<\/li>\n<\/ol>\n<h2 style=\"text-align: center\" data-start=\"1119\" data-end=\"1142\"><strong>Produktdetaljer<\/strong><\/h2>\n<ul data-start=\"1143\" data-end=\"1408\">\n<li data-start=\"1177\" data-end=\"1206\">\n<p data-start=\"1179\" data-end=\"1206\">Materiale: Holdbar akryl<\/p>\n<\/li>\n<li data-start=\"1207\" data-end=\"1250\">\n<p data-start=\"1209\" data-end=\"1250\">Design: Dyr i rede\/skovstil<\/p>\n<\/li>\n<li data-start=\"1251\" data-end=\"1312\">\n<p data-start=\"1253\" data-end=\"1312\">Funktioner: Unik, let, nem at h\u00e6nge op, langtidsholdbar<\/p>\n<\/li>\n<li data-start=\"1313\" data-end=\"1345\">\n<p data-start=\"1315\" data-end=\"1345\">H\u00f8jde: Ca. 9 cm<\/p>\n<\/li>\n<li data-start=\"1346\" data-end=\"1408\">\n<p data-start=\"1348\" data-end=\"1408\">Brug: Juletr\u00e6er, kranse, guirlander, boligindretning, gaver<\/p>\n<\/li>\n<\/ul>\n<h2 style=\"text-align: center\" data-start=\"1415\" data-end=\"1439\"><strong>Pakken Indeholder<\/strong><\/h2>\n<ul data-start=\"1440\" data-end=\"1482\">\n<li data-start=\"1440\" data-end=\"1482\">\n<p data-start=\"1442\" data-end=\"1482\">3x h\u00e5ndlavet dyrejulepynt.<\/p>\n<\/li>\n<\/ul>\n","protected":false},"excerpt":{"rendered":"<p>Tilf\u00f8j en varm, rustik charme til din juleindretning med et unikt h\u00e5ndlavet dyreornament. \ud83e\udd8c\ud83e\udd89 Dette h\u00e5ndlavede juleornament med dyr bringer [&hellip;]<\/p>\n","protected":false},"featured_media":37712,"comment_status":"open","ping_status":"closed","template":"","meta":{"site-sidebar-layout":"default","site-content-layout":"","ast-site-content-layout":"default","site-content-style":"default","site-sidebar-style":"default","ast-global-header-display":"","ast-banner-title-visibility":"","ast-main-header-display":"","ast-hfb-above-header-display":"","ast-hfb-below-header-display":"","ast-hfb-mobile-header-display":"","site-post-title":"","ast-breadcrumbs-content":"","ast-featured-img":"","footer-sml-layout":"","theme-transparent-header-meta":"default","adv-header-id-meta":"","stick-header-meta":"","header-above-stick-meta":"","header-main-stick-meta":"","header-below-stick-meta":"","astra-migrate-meta-layouts":"set","ast-page-background-enabled":"default","ast-page-background-meta":{"desktop":{"background-color":"var(--ast-global-color-5)","background-image":"","background-repeat":"repeat","background-position":"center center","background-size":"auto","background-attachment":"scroll","background-type":"","background-media":"","overlay-type":"","overlay-color":"","overlay-opacity":"","overlay-gradient":""},"tablet":{"background-color":"","background-image":"","background-repeat":"repeat","background-position":"center center","background-size":"auto","background-attachment":"scroll","background-type":"","background-media":"","overlay-type":"","overlay-color":"","overlay-opacity":"","overlay-gradient":""},"mobile":{"background-color":"","background-image":"","background-repeat":"repeat","background-position":"center center","background-size":"auto","background-attachment":"scroll","background-type":"","background-media":"","overlay-type":"","overlay-color":"","overlay-opacity":"","overlay-gradient":""}},"ast-content-background-meta":{"desktop":{"background-color":"var(--ast-global-color-4)","background-image":"","background-repeat":"repeat","background-position":"center center","background-size":"auto","background-attachment":"scroll","background-type":"","background-media":"","overlay-type":"","overlay-color":"","overlay-opacity":"","overlay-gradient":""},"tablet":{"background-color":"var(--ast-global-color-4)","background-image":"","background-repeat":"repeat","background-position":"center center","background-size":"auto","background-attachment":"scroll","background-type":"","background-media":"","overlay-type":"","overlay-color":"","overlay-opacity":"","overlay-gradient":""},"mobile":{"background-color":"var(--ast-global-color-4)","background-image":"","background-repeat":"repeat","background-position":"center center","background-size":"auto","background-attachment":"scroll","background-type":"","background-media":"","overlay-type":"","overlay-color":"","overlay-opacity":"","overlay-gradient":""}}},"product_brand":[],"product_cat":[19],"product_tag":[],"class_list":{"0":"post-37716","1":"product","2":"type-product","3":"status-publish","4":"has-post-thumbnail","6":"product_cat-uncategorized","7":"pa_49412_4jrdzp1x-dovendyr","8":"pa_49412_4jrdzp1x-edderkop","9":"pa_49412_4jrdzp1x-egern","10":"pa_49412_4jrdzp1x-hare","11":"pa_49412_4jrdzp1x-kat","12":"pa_49412_4jrdzp1x-koala","13":"pa_49412_4jrdzp1x-kolibri","14":"pa_49412_4jrdzp1x-mariehoene","15":"pa_49412_4jrdzp1x-pindsvin","16":"pa_49412_4jrdzp1x-pungrotte","17":"pa_49412_4jrdzp1x-roed-panda","18":"pa_49412_4jrdzp1x-ugle","19":"pa_49412_4jrdzp1x-vaskebjoern","20":"desktop-align-left","21":"tablet-align-left","22":"mobile-align-left","24":"first","25":"instock","26":"shipping-taxable","27":"purchasable","28":"product-type-variable"},"_links":{"self":[{"href":"https:\/\/ecostera.com\/dk\/wp-json\/wp\/v2\/product\/37716","targetHints":{"allow":["GET"]}}],"collection":[{"href":"https:\/\/ecostera.com\/dk\/wp-json\/wp\/v2\/product"}],"about":[{"href":"https:\/\/ecostera.com\/dk\/wp-json\/wp\/v2\/types\/product"}],"replies":[{"embeddable":true,"href":"https:\/\/ecostera.com\/dk\/wp-json\/wp\/v2\/comments?post=37716"}],"wp:featuredmedia":[{"embeddable":true,"href":"https:\/\/ecostera.com\/dk\/wp-json\/wp\/v2\/media\/37712"}],"wp:attachment":[{"href":"https:\/\/ecostera.com\/dk\/wp-json\/wp\/v2\/media?parent=37716"}],"wp:term":[{"taxonomy":"product_brand","embeddable":true,"href":"https:\/\/ecostera.com\/dk\/wp-json\/wp\/v2\/product_brand?post=37716"},{"taxonomy":"product_cat","embeddable":true,"href":"https:\/\/ecostera.com\/dk\/wp-json\/wp\/v2\/product_cat?post=37716"},{"taxonomy":"product_tag","embeddable":true,"href":"https:\/\/ecostera.com\/dk\/wp-json\/wp\/v2\/product_tag?post=37716"}],"curies":[{"name":"wp","href":"https:\/\/api.w.org\/{rel}","templated":true}]}}