{"id":37772,"date":"2025-11-27T12:17:38","date_gmt":"2025-11-27T10:17:38","guid":{"rendered":"https:\/\/ecostera.com\/dk\/product\/trae-oereringe\/"},"modified":"2025-12-01T13:03:09","modified_gmt":"2025-12-01T11:03:09","slug":"trae-oereringe","status":"publish","type":"product","link":"https:\/\/ecostera.com\/dk\/product\/trae-oereringe\/","title":{"rendered":"Tr\u00e6-\u00f8reringe"},"content":{"rendered":"<p style=\"text-align: center\" data-start=\"0\" data-end=\"86\"><strong>Tilf\u00f8j elegance og farve til ethvert outfit med disse smukt designede tr\u00e6\u00f8reringe. \ud83c\udf84<\/strong><\/p>\n<p style=\"text-align: center\" data-start=\"88\" data-end=\"281\">Disse tr\u00e6\u00f8reringe kombinerer enkelhed, glitter og betydning. Med deres unikke design og i\u00f8jnefaldende detaljer l\u00f8fter de \u00f8jeblikkeligt dit look og er en tankev\u00e6kkende gave til en s\u00e6rlig person.<\/p>\n<p data-start=\"88\" data-end=\"281\"><img fetchpriority=\"high\" decoding=\"async\" class=\"size-full wp-image-42833 aligncenter\" src=\"https:\/\/keluvo.com\/template\/wp-content\/uploads\/sites\/5\/2025\/11\/10225-ezgif.com-video-to-webp-converter-2-1.webp\" alt=\"\" width=\"500\" height=\"625\" \/><\/p>\n<h2 style=\"text-align: center\" data-start=\"288\" data-end=\"308\">\u2b50 Hovedfordele<\/h2>\n<p data-start=\"309\" data-end=\"783\">\ud83c\udf33 Unikt og elegant design \u2013 H\u00e5ndlavet tr\u00e6motiv, der skiller sig ud i enhver m\u00e6ngde.<\/p>\n<p data-start=\"309\" data-end=\"783\">\u2728 Funklende og udtryksfuld \u2013 Smukke detaljer og lyse farver, der fanger lyset.<\/p>\n<p data-start=\"309\" data-end=\"783\">\ud83c\udf89 Perfekt til enhver lejlighed \u2013 Ideel til f\u00f8dselsdage, bryllupper, fester og daglig brug.<\/p>\n<p data-start=\"309\" data-end=\"783\">\ud83d\udc9d Meningsfuld gave \u2013 En dejlig gave til k\u00e6rester, koner, forlovede, venner eller endda dig selv.<\/p>\n<p data-start=\"309\" data-end=\"783\">\ud83d\udc69\u200d\ud83c\udfa4 Velegnet til alle aldre \u2013 Elegant nok til voksne, charmerende nok til yngre brugere.<\/p>\n<p data-start=\"309\" data-end=\"783\"><img decoding=\"async\" class=\" wp-image-42834 aligncenter\" src=\"https:\/\/keluvo.com\/template\/wp-content\/uploads\/sites\/5\/2025\/11\/21136a3c94ef5dba036ff87aae9acd6daa2c1c964b981ecd82a60783d6063c15-800.gif\" alt=\"\" width=\"534\" height=\"534\" \/><\/p>\n<h2 style=\"text-align: center\" data-start=\"790\" data-end=\"808\">\ud83d\udd27 S\u00e5dan bruges<\/h2>\n<ol data-start=\"809\" data-end=\"1045\">\n<li data-start=\"809\" data-end=\"866\">\n<p data-start=\"812\" data-end=\"866\">S\u00e6t forsigtigt \u00f8restiften ind i dit piercede \u00f8re.<\/p>\n<\/li>\n<li data-start=\"867\" data-end=\"902\">\n<p data-start=\"870\" data-end=\"902\">Fastg\u00f8r den med l\u00e5sen bagp\u00e5.<\/p>\n<\/li>\n<li data-start=\"903\" data-end=\"975\">\n<p data-start=\"906\" data-end=\"975\">S\u00e6t den sammen med dit yndlingsoutfit for at fremh\u00e6ve din personlige stil.<\/p>\n<\/li>\n<li data-start=\"976\" data-end=\"1045\">\n<p data-start=\"979\" data-end=\"1045\">Opbevar den p\u00e5 et t\u00f8rt sted, n\u00e5r den ikke er i brug, for at beskytte glans og kvalitet.<\/p>\n<\/li>\n<\/ol>\n<h2 style=\"text-align: center\" data-start=\"1052\" data-end=\"1075\">\ud83d\udccf Produktdetaljer<\/h2>\n<p data-start=\"1077\" data-end=\"1109\"><strong data-start=\"1081\" data-end=\"1107\">Farverige Tr\u00e6\u00f8reringe<\/strong><\/p>\n<ul data-start=\"1110\" data-end=\"1200\">\n<li data-start=\"1110\" data-end=\"1161\">\n<p data-start=\"1112\" data-end=\"1161\">Materiale: Kobberindlagt zirkon + 925 s\u00f8lvstift<\/p>\n<\/li>\n<li data-start=\"1162\" data-end=\"1177\">\n<p data-start=\"1164\" data-end=\"1177\">V\u00e6gt: 8 g<\/p>\n<\/li>\n<li data-start=\"1178\" data-end=\"1200\">\n<p data-start=\"1180\" data-end=\"1200\">St\u00f8rrelse: 2,2 x 1,5 cm<\/p>\n<\/li>\n<\/ul>\n<p data-start=\"1202\" data-end=\"1246\"><strong data-start=\"1206\" data-end=\"1244\">S\u00f8lv Tr\u00e6\u00f8reringe<\/strong><\/p>\n<ul data-start=\"1247\" data-end=\"1408\">\n<li data-start=\"1247\" data-end=\"1271\">\n<p data-start=\"1249\" data-end=\"1271\">Materiale: Zinklegering<\/p>\n<\/li>\n<li data-start=\"1272\" data-end=\"1288\">\n<p data-start=\"1274\" data-end=\"1288\">V\u00e6gt: 11 g<\/p>\n<\/li>\n<li data-start=\"1289\" data-end=\"1309\">\n<p data-start=\"1291\" data-end=\"1309\">St\u00f8rrelse: 4,5 x 2 cm<\/p>\n<\/li>\n<li data-start=\"1311\" data-end=\"1353\">\n<p data-start=\"1313\" data-end=\"1353\">Stil: Tr\u00e6formede dekorative \u00f8reringe<\/p>\n<\/li>\n<li data-start=\"1354\" data-end=\"1408\">\n<p data-start=\"1356\" data-end=\"1408\">Brug: Modetilbeh\u00f8r, gaver, s\u00e6rlige lejligheder<\/p>\n<\/li>\n<\/ul>\n<h2 style=\"text-align: center\" data-start=\"1415\" data-end=\"1439\">\ud83d\udce6 Pakken indeholder<\/h2>\n<ul data-start=\"1440\" data-end=\"1465\">\n<li data-start=\"1440\" data-end=\"1465\">\n<p data-start=\"1442\" data-end=\"1465\">1x par tr\u00e6\u00f8reringe.<\/p>\n<\/li>\n<\/ul>\n","protected":false},"excerpt":{"rendered":"<p>Tilf\u00f8j elegance og farve til ethvert outfit med disse smukt designede tr\u00e6\u00f8reringe. \ud83c\udf84 Disse tr\u00e6\u00f8reringe kombinerer enkelhed, glitter og betydning. [&hellip;]<\/p>\n","protected":false},"featured_media":37768,"comment_status":"open","ping_status":"closed","template":"","meta":{"site-sidebar-layout":"default","site-content-layout":"","ast-site-content-layout":"default","site-content-style":"default","site-sidebar-style":"default","ast-global-header-display":"","ast-banner-title-visibility":"","ast-main-header-display":"","ast-hfb-above-header-display":"","ast-hfb-below-header-display":"","ast-hfb-mobile-header-display":"","site-post-title":"","ast-breadcrumbs-content":"","ast-featured-img":"","footer-sml-layout":"","theme-transparent-header-meta":"default","adv-header-id-meta":"","stick-header-meta":"","header-above-stick-meta":"","header-main-stick-meta":"","header-below-stick-meta":"","astra-migrate-meta-layouts":"set","ast-page-background-enabled":"default","ast-page-background-meta":{"desktop":{"background-color":"var(--ast-global-color-5)","background-image":"","background-repeat":"repeat","background-position":"center center","background-size":"auto","background-attachment":"scroll","background-type":"","background-media":"","overlay-type":"","overlay-color":"","overlay-opacity":"","overlay-gradient":""},"tablet":{"background-color":"","background-image":"","background-repeat":"repeat","background-position":"center center","background-size":"auto","background-attachment":"scroll","background-type":"","background-media":"","overlay-type":"","overlay-color":"","overlay-opacity":"","overlay-gradient":""},"mobile":{"background-color":"","background-image":"","background-repeat":"repeat","background-position":"center center","background-size":"auto","background-attachment":"scroll","background-type":"","background-media":"","overlay-type":"","overlay-color":"","overlay-opacity":"","overlay-gradient":""}},"ast-content-background-meta":{"desktop":{"background-color":"var(--ast-global-color-4)","background-image":"","background-repeat":"repeat","background-position":"center center","background-size":"auto","background-attachment":"scroll","background-type":"","background-media":"","overlay-type":"","overlay-color":"","overlay-opacity":"","overlay-gradient":""},"tablet":{"background-color":"var(--ast-global-color-4)","background-image":"","background-repeat":"repeat","background-position":"center center","background-size":"auto","background-attachment":"scroll","background-type":"","background-media":"","overlay-type":"","overlay-color":"","overlay-opacity":"","overlay-gradient":""},"mobile":{"background-color":"var(--ast-global-color-4)","background-image":"","background-repeat":"repeat","background-position":"center center","background-size":"auto","background-attachment":"scroll","background-type":"","background-media":"","overlay-type":"","overlay-color":"","overlay-opacity":"","overlay-gradient":""}}},"product_brand":[],"product_cat":[19],"product_tag":[],"class_list":{"0":"post-37772","1":"product","2":"type-product","3":"status-publish","4":"has-post-thumbnail","6":"product_cat-uncategorized","7":"pa_51821_nic9jhkf-farverig","8":"pa_51821_nic9jhkf-soelv","9":"desktop-align-left","10":"tablet-align-left","11":"mobile-align-left","13":"first","14":"instock","15":"shipping-taxable","16":"purchasable","17":"product-type-variable"},"_links":{"self":[{"href":"https:\/\/ecostera.com\/dk\/wp-json\/wp\/v2\/product\/37772","targetHints":{"allow":["GET"]}}],"collection":[{"href":"https:\/\/ecostera.com\/dk\/wp-json\/wp\/v2\/product"}],"about":[{"href":"https:\/\/ecostera.com\/dk\/wp-json\/wp\/v2\/types\/product"}],"replies":[{"embeddable":true,"href":"https:\/\/ecostera.com\/dk\/wp-json\/wp\/v2\/comments?post=37772"}],"wp:featuredmedia":[{"embeddable":true,"href":"https:\/\/ecostera.com\/dk\/wp-json\/wp\/v2\/media\/37768"}],"wp:attachment":[{"href":"https:\/\/ecostera.com\/dk\/wp-json\/wp\/v2\/media?parent=37772"}],"wp:term":[{"taxonomy":"product_brand","embeddable":true,"href":"https:\/\/ecostera.com\/dk\/wp-json\/wp\/v2\/product_brand?post=37772"},{"taxonomy":"product_cat","embeddable":true,"href":"https:\/\/ecostera.com\/dk\/wp-json\/wp\/v2\/product_cat?post=37772"},{"taxonomy":"product_tag","embeddable":true,"href":"https:\/\/ecostera.com\/dk\/wp-json\/wp\/v2\/product_tag?post=37772"}],"curies":[{"name":"wp","href":"https:\/\/api.w.org\/{rel}","templated":true}]}}