{"id":3781,"date":"2025-07-21T12:33:32","date_gmt":"2025-07-21T12:33:32","guid":{"rendered":"https:\/\/ecostera.com\/dk\/product\/hjaelpevaerktoej-til-sokker\/"},"modified":"2025-07-21T12:33:32","modified_gmt":"2025-07-21T12:33:32","slug":"hjaelpevaerktoej-til-sokker","status":"publish","type":"product","link":"https:\/\/ecostera.com\/dk\/product\/hjaelpevaerktoej-til-sokker\/","title":{"rendered":"Hj\u00e6lpev\u00e6rkt\u00f8j til sokker"},"content":{"rendered":"<h2 style=\"text-align: center\">Brugervenligt Design<\/h2>\n<p style=\"text-align: center\">Sokkehj\u00e6lpen er designet til at g\u00f8re det nemt og ubesv\u00e6ret at tage sokker p\u00e5. Dens unikke vuggeform \u00e5bner dine sokker og holder dem i den perfekte position. Du skal blot skubbe din fod ind, og v\u00e6rkt\u00f8jet hj\u00e6lper dig med at tage dine str\u00f8mper p\u00e5 uden at b\u00f8je eller anstrenge dig.<\/p>\n<p style=\"text-align: center\"><img decoding=\"async\" class=\"alignnone size-medium wp-image-9256\" src=\"https:\/\/keluvo.com\/template\/wp-content\/uploads\/sites\/5\/2025\/01\/S2be6bc3c2c51433c98303808650f5091G.jpg_960x960q75.jpg_.jpeg\" alt=\"\" \/><\/p>\n<h2 style=\"text-align: center\">Hj\u00e6lper Med Begr\u00e6nset Bev\u00e6gelse<\/h2>\n<p style=\"text-align: center\">Dette v\u00e6rkt\u00f8j er perfekt til folk, der har problemer med at b\u00f8je eller n\u00e5 deres f\u00f8dder. Str\u00f8mpehj\u00e6lperen g\u00f8r p\u00e5kl\u00e6dningen lettere for \u00e6ldre, gravide og alle med begr\u00e6nset bev\u00e6gelighed. Det sparer tid og kr\u00e6fter, samtidig med at det giver st\u00f8rre uafh\u00e6ngighed.<\/p>\n<p><img decoding=\"async\" class=\"alignnone size-medium wp-image-9252 aligncenter\" src=\"https:\/\/keluvo.com\/template\/wp-content\/uploads\/sites\/5\/2025\/01\/S77a3cb7398ee4ba4a09be43b119f64a8h.jpg_960x960q75.jpg_.jpeg\" alt=\"\" \/><\/p>\n","protected":false},"excerpt":{"rendered":"<p>Brugervenligt Design Sokkehj\u00e6lpen er designet til at g\u00f8re det nemt og ubesv\u00e6ret at tage sokker p\u00e5. Dens unikke vuggeform \u00e5bner [&hellip;]<\/p>\n","protected":false},"featured_media":3777,"comment_status":"open","ping_status":"closed","template":"","meta":{"site-sidebar-layout":"default","site-content-layout":"","ast-site-content-layout":"default","site-content-style":"default","site-sidebar-style":"default","ast-global-header-display":"","ast-banner-title-visibility":"","ast-main-header-display":"","ast-hfb-above-header-display":"","ast-hfb-below-header-display":"","ast-hfb-mobile-header-display":"","site-post-title":"","ast-breadcrumbs-content":"","ast-featured-img":"","footer-sml-layout":"","theme-transparent-header-meta":"default","adv-header-id-meta":"","stick-header-meta":"","header-above-stick-meta":"","header-main-stick-meta":"","header-below-stick-meta":"","astra-migrate-meta-layouts":"set","ast-page-background-enabled":"default","ast-page-background-meta":{"desktop":{"background-color":"var(--ast-global-color-5)","background-image":"","background-repeat":"repeat","background-position":"center center","background-size":"auto","background-attachment":"scroll","background-type":"","background-media":"","overlay-type":"","overlay-color":"","overlay-opacity":"","overlay-gradient":""},"tablet":{"background-color":"","background-image":"","background-repeat":"repeat","background-position":"center center","background-size":"auto","background-attachment":"scroll","background-type":"","background-media":"","overlay-type":"","overlay-color":"","overlay-opacity":"","overlay-gradient":""},"mobile":{"background-color":"","background-image":"","background-repeat":"repeat","background-position":"center center","background-size":"auto","background-attachment":"scroll","background-type":"","background-media":"","overlay-type":"","overlay-color":"","overlay-opacity":"","overlay-gradient":""}},"ast-content-background-meta":{"desktop":{"background-color":"var(--ast-global-color-4)","background-image":"","background-repeat":"repeat","background-position":"center center","background-size":"auto","background-attachment":"scroll","background-type":"","background-media":"","overlay-type":"","overlay-color":"","overlay-opacity":"","overlay-gradient":""},"tablet":{"background-color":"var(--ast-global-color-4)","background-image":"","background-repeat":"repeat","background-position":"center center","background-size":"auto","background-attachment":"scroll","background-type":"","background-media":"","overlay-type":"","overlay-color":"","overlay-opacity":"","overlay-gradient":""},"mobile":{"background-color":"var(--ast-global-color-4)","background-image":"","background-repeat":"repeat","background-position":"center center","background-size":"auto","background-attachment":"scroll","background-type":"","background-media":"","overlay-type":"","overlay-color":"","overlay-opacity":"","overlay-gradient":""}}},"product_brand":[],"product_cat":[19],"product_tag":[],"class_list":{"0":"post-3781","1":"product","2":"type-product","3":"status-publish","4":"has-post-thumbnail","6":"product_cat-uncategorized","7":"desktop-align-left","8":"tablet-align-left","9":"mobile-align-left","11":"first","12":"instock","13":"shipping-taxable","14":"purchasable","15":"product-type-simple"},"_links":{"self":[{"href":"https:\/\/ecostera.com\/dk\/wp-json\/wp\/v2\/product\/3781","targetHints":{"allow":["GET"]}}],"collection":[{"href":"https:\/\/ecostera.com\/dk\/wp-json\/wp\/v2\/product"}],"about":[{"href":"https:\/\/ecostera.com\/dk\/wp-json\/wp\/v2\/types\/product"}],"replies":[{"embeddable":true,"href":"https:\/\/ecostera.com\/dk\/wp-json\/wp\/v2\/comments?post=3781"}],"wp:featuredmedia":[{"embeddable":true,"href":"https:\/\/ecostera.com\/dk\/wp-json\/wp\/v2\/media\/3777"}],"wp:attachment":[{"href":"https:\/\/ecostera.com\/dk\/wp-json\/wp\/v2\/media?parent=3781"}],"wp:term":[{"taxonomy":"product_brand","embeddable":true,"href":"https:\/\/ecostera.com\/dk\/wp-json\/wp\/v2\/product_brand?post=3781"},{"taxonomy":"product_cat","embeddable":true,"href":"https:\/\/ecostera.com\/dk\/wp-json\/wp\/v2\/product_cat?post=3781"},{"taxonomy":"product_tag","embeddable":true,"href":"https:\/\/ecostera.com\/dk\/wp-json\/wp\/v2\/product_tag?post=3781"}],"curies":[{"name":"wp","href":"https:\/\/api.w.org\/{rel}","templated":true}]}}