{"id":37871,"date":"2025-11-27T12:28:15","date_gmt":"2025-11-27T10:28:15","guid":{"rendered":"https:\/\/ecostera.com\/dk\/product\/garnvinde-af-trae\/"},"modified":"2025-12-08T12:01:33","modified_gmt":"2025-12-08T10:01:33","slug":"garnvinde-af-trae","status":"publish","type":"product","link":"https:\/\/ecostera.com\/dk\/product\/garnvinde-af-trae\/","title":{"rendered":"Garnvinde af tr\u00e6"},"content":{"rendered":"<p style=\"text-align: center\" data-start=\"0\" data-end=\"79\"><strong>Hold dit garn glat, organiseret og fri for sammenfiltring, mens du strikker eller h\u00e6kler. \ud83e\uddf6<\/strong><\/p>\n<p style=\"text-align: center\" data-start=\"81\" data-end=\"358\">Denne garnopruller i tr\u00e6 har en st\u00e6rk magnetisk forbindelse og en j\u00e6vn rotation, der hj\u00e6lper dit garn med at vikle sig ubesv\u00e6ret af uden knuder eller snoninger. Den er holdbar, nem at installere og b\u00e6rbar &#8211; perfekt til h\u00e5ndv\u00e6rkere, der \u00f8nsker en renere, hurtigere og sjovere h\u00e5ndv\u00e6rksoplevelse.<\/p>\n<p data-start=\"81\" data-end=\"358\"><img fetchpriority=\"high\" decoding=\"async\" class=\"size-full wp-image-42932 aligncenter\" src=\"https:\/\/keluvo.com\/template\/wp-content\/uploads\/sites\/5\/2025\/11\/102211-ezgif.com-video-to-webp-converter-5.webp\" alt=\"\" width=\"500\" height=\"500\" \/><\/p>\n<h2 style=\"text-align: center\" data-start=\"365\" data-end=\"385\"><strong>Hovedfordele<\/strong><\/h2>\n<p data-start=\"386\" data-end=\"941\">\ud83e\uddf6 Magnetisk design &#8211; Spolen og basen forbindes sikkert, s\u00e5 garnet forbliver p\u00e5 plads og roterer j\u00e6vnt.<\/p>\n<p data-start=\"386\" data-end=\"941\">\ud83c\udf32 Holdbar tr\u00e6konstruktion &#8211; St\u00e6rkt, langtidsholdbart materiale, der modst\u00e5r skader og deformation.<\/p>\n<p data-start=\"386\" data-end=\"941\">\ud83d\udd27 Hurtig installation &#8211; Saml den p\u00e5 f\u00e5 minutter med kun to skruer.<\/p>\n<p data-start=\"386\" data-end=\"941\">\ud83c\udf92 B\u00e6rbar og let &#8211; Nem at have med i enhver taske til rejser eller hobbyarbejde p\u00e5 farten.<\/p>\n<p data-start=\"386\" data-end=\"941\">\ud83c\udfa8 Organiserer dit garn &#8211; forhindrer garnet i at vikle sig sammen og hj\u00e6lper dig med at sortere farverne p\u00e6nt.<\/p>\n<p data-start=\"386\" data-end=\"941\">\ud83c\udfe1 Smuk indretning &#8211; tilf\u00f8jer et varmt, naturlig ber\u00f8ring til dit h\u00e5ndarbejdsrum.<\/p>\n<p data-start=\"386\" data-end=\"941\"><img decoding=\"async\" class=\"size-full wp-image-42933 aligncenter\" src=\"https:\/\/keluvo.com\/template\/wp-content\/uploads\/sites\/5\/2025\/11\/1ad06ba4-82ab-4618-82a0-9c9815ac17c5.gif\" alt=\"\" width=\"570\" height=\"315\" \/><\/p>\n<h2 style=\"text-align: center\" data-start=\"948\" data-end=\"966\"><strong>S\u00e5dan Bruges<\/strong><\/h2>\n<ol data-start=\"967\" data-end=\"1339\">\n<li data-start=\"967\" data-end=\"1062\">\n<p data-start=\"970\" data-end=\"1062\">Saml holderen ved at fastg\u00f8re spindlen til tr\u00e6basen ved hj\u00e6lp af de medf\u00f8lgende skruer.<\/p>\n<\/li>\n<li data-start=\"1063\" data-end=\"1104\">\n<p data-start=\"1066\" data-end=\"1104\">Placer dit garnn\u00f8gle p\u00e5 spindlen.<\/p>\n<\/li>\n<li data-start=\"1105\" data-end=\"1164\">\n<p data-start=\"1108\" data-end=\"1164\">Den magnetiske base vil holde spolen p\u00e5 plads.<\/p>\n<\/li>\n<li data-start=\"1165\" data-end=\"1262\">\n<p data-start=\"1168\" data-end=\"1262\">Tr\u00e6k i garnet, mens du strikker eller h\u00e6kler &#8211; holderen vil rotere j\u00e6vnt for at frigive garnet j\u00e6vnt.<\/p>\n<\/li>\n<li data-start=\"1263\" data-end=\"1339\">\n<p data-start=\"1266\" data-end=\"1339\">N\u00e5r du er f\u00e6rdig, skal du fjerne spolen og opbevare holderen eller tage den med dig.<\/p>\n<\/li>\n<\/ol>\n<h2 style=\"text-align: center\" data-start=\"1346\" data-end=\"1369\"><strong>Produktdetaljer<\/strong><\/h2>\n<ul data-start=\"1370\" data-end=\"1711\">\n<li data-start=\"1435\" data-end=\"1453\">\n<p data-start=\"1437\" data-end=\"1453\">Materiale: Tr\u00e6<\/p>\n<\/li>\n<li data-start=\"1454\" data-end=\"1479\">\n<p data-start=\"1456\" data-end=\"1479\">Produktv\u00e6gt: 280 g<\/p>\n<\/li>\n<li data-start=\"1508\" data-end=\"1547\">\n<p data-start=\"1510\" data-end=\"1547\">St\u00f8rrelse: 17,5 x 18 cm (ca.)<\/p>\n<\/li>\n<li data-start=\"1585\" data-end=\"1666\">\n<p data-start=\"1587\" data-end=\"1666\">Funktioner: Magnetisk beslag, drejeligt design, solid st\u00f8tte, glat garnstr\u00f8m<\/p>\n<\/li>\n<li data-start=\"1667\" data-end=\"1711\">\n<p data-start=\"1669\" data-end=\"1711\">Garnkapacitet: Kan rumme op til 320 g garn<\/p>\n<\/li>\n<\/ul>\n<h2 style=\"text-align: center\" data-start=\"1718\" data-end=\"1742\"><strong>Pakken indeholder<\/strong><\/h2>\n<ul data-start=\"1743\" data-end=\"1780\">\n<li data-start=\"1743\" data-end=\"1780\">\n<p data-start=\"1745\" data-end=\"1780\">1x garnopruller i tr\u00e6.<\/p>\n<\/li>\n<\/ul>\n","protected":false},"excerpt":{"rendered":"<p>Hold dit garn glat, organiseret og fri for sammenfiltring, mens du strikker eller h\u00e6kler. \ud83e\uddf6 Denne garnopruller i tr\u00e6 har [&hellip;]<\/p>\n","protected":false},"featured_media":37867,"comment_status":"open","ping_status":"closed","template":"","meta":{"site-sidebar-layout":"default","site-content-layout":"","ast-site-content-layout":"default","site-content-style":"default","site-sidebar-style":"default","ast-global-header-display":"","ast-banner-title-visibility":"","ast-main-header-display":"","ast-hfb-above-header-display":"","ast-hfb-below-header-display":"","ast-hfb-mobile-header-display":"","site-post-title":"","ast-breadcrumbs-content":"","ast-featured-img":"","footer-sml-layout":"","theme-transparent-header-meta":"default","adv-header-id-meta":"","stick-header-meta":"","header-above-stick-meta":"","header-main-stick-meta":"","header-below-stick-meta":"","astra-migrate-meta-layouts":"set","ast-page-background-enabled":"default","ast-page-background-meta":{"desktop":{"background-color":"var(--ast-global-color-5)","background-image":"","background-repeat":"repeat","background-position":"center center","background-size":"auto","background-attachment":"scroll","background-type":"","background-media":"","overlay-type":"","overlay-color":"","overlay-opacity":"","overlay-gradient":""},"tablet":{"background-color":"","background-image":"","background-repeat":"repeat","background-position":"center center","background-size":"auto","background-attachment":"scroll","background-type":"","background-media":"","overlay-type":"","overlay-color":"","overlay-opacity":"","overlay-gradient":""},"mobile":{"background-color":"","background-image":"","background-repeat":"repeat","background-position":"center center","background-size":"auto","background-attachment":"scroll","background-type":"","background-media":"","overlay-type":"","overlay-color":"","overlay-opacity":"","overlay-gradient":""}},"ast-content-background-meta":{"desktop":{"background-color":"var(--ast-global-color-4)","background-image":"","background-repeat":"repeat","background-position":"center center","background-size":"auto","background-attachment":"scroll","background-type":"","background-media":"","overlay-type":"","overlay-color":"","overlay-opacity":"","overlay-gradient":""},"tablet":{"background-color":"var(--ast-global-color-4)","background-image":"","background-repeat":"repeat","background-position":"center center","background-size":"auto","background-attachment":"scroll","background-type":"","background-media":"","overlay-type":"","overlay-color":"","overlay-opacity":"","overlay-gradient":""},"mobile":{"background-color":"var(--ast-global-color-4)","background-image":"","background-repeat":"repeat","background-position":"center center","background-size":"auto","background-attachment":"scroll","background-type":"","background-media":"","overlay-type":"","overlay-color":"","overlay-opacity":"","overlay-gradient":""}}},"product_brand":[],"product_cat":[19],"product_tag":[],"class_list":{"0":"post-37871","1":"product","2":"type-product","3":"status-publish","4":"has-post-thumbnail","6":"product_cat-uncategorized","7":"pa_53850_2mw1vsyu-lys-traefarve","8":"pa_53850_2mw1vsyu-moerk-traefarve","9":"desktop-align-left","10":"tablet-align-left","11":"mobile-align-left","13":"first","14":"instock","15":"shipping-taxable","16":"purchasable","17":"product-type-variable"},"_links":{"self":[{"href":"https:\/\/ecostera.com\/dk\/wp-json\/wp\/v2\/product\/37871","targetHints":{"allow":["GET"]}}],"collection":[{"href":"https:\/\/ecostera.com\/dk\/wp-json\/wp\/v2\/product"}],"about":[{"href":"https:\/\/ecostera.com\/dk\/wp-json\/wp\/v2\/types\/product"}],"replies":[{"embeddable":true,"href":"https:\/\/ecostera.com\/dk\/wp-json\/wp\/v2\/comments?post=37871"}],"wp:featuredmedia":[{"embeddable":true,"href":"https:\/\/ecostera.com\/dk\/wp-json\/wp\/v2\/media\/37867"}],"wp:attachment":[{"href":"https:\/\/ecostera.com\/dk\/wp-json\/wp\/v2\/media?parent=37871"}],"wp:term":[{"taxonomy":"product_brand","embeddable":true,"href":"https:\/\/ecostera.com\/dk\/wp-json\/wp\/v2\/product_brand?post=37871"},{"taxonomy":"product_cat","embeddable":true,"href":"https:\/\/ecostera.com\/dk\/wp-json\/wp\/v2\/product_cat?post=37871"},{"taxonomy":"product_tag","embeddable":true,"href":"https:\/\/ecostera.com\/dk\/wp-json\/wp\/v2\/product_tag?post=37871"}],"curies":[{"name":"wp","href":"https:\/\/api.w.org\/{rel}","templated":true}]}}