{"id":37891,"date":"2025-11-27T12:30:35","date_gmt":"2025-11-27T10:30:35","guid":{"rendered":"https:\/\/ecostera.com\/dk\/product\/gennemsigtig-automatisk-paraply\/"},"modified":"2025-12-01T13:01:56","modified_gmt":"2025-12-01T11:01:56","slug":"gennemsigtig-automatisk-paraply","status":"publish","type":"product","link":"https:\/\/ecostera.com\/dk\/product\/gennemsigtig-automatisk-paraply\/","title":{"rendered":"Gennemsigtig automatisk paraply"},"content":{"rendered":"<p style=\"text-align: center\" data-start=\"0\" data-end=\"95\"><strong>Hold dig stilfuld, t\u00f8r og beskyttet med en smukt designet automatisk gennemsigtig paraply. \ud83c\udf27\ufe0f\u2614<\/strong><\/p>\n<p style=\"text-align: center\" data-start=\"97\" data-end=\"363\">Denne gennemsigtige automatiske paraply kombinerer elegance og funktionalitet i \u00e9t fantastisk tilbeh\u00f8r. Med sit design i farvet glas, vindt\u00e6tte konstruktion og automatiske system med \u00e9n knap holder den dig beskyttet, samtidig med at den tilf\u00f8jer et unikt kunstnerisk touch til ethvert outfit.<\/p>\n<p data-start=\"97\" data-end=\"363\"><img fetchpriority=\"high\" decoding=\"async\" class=\"size-full wp-image-42948 aligncenter\" src=\"https:\/\/keluvo.com\/template\/wp-content\/uploads\/sites\/5\/2025\/11\/102213-ezgif.com-video-to-webp-converter-1-1.webp\" alt=\"\" width=\"500\" height=\"889\" \/><\/p>\n<h2 style=\"text-align: center\" data-start=\"370\" data-end=\"390\"><strong>Hovedfordele<\/strong><\/h2>\n<p data-start=\"391\" data-end=\"927\">\ud83c\udfa8 Smukt design i farvet glas &#8211; H\u00e5ndmalet stil skaber et unikt og i\u00f8jnefaldende udseende.<\/p>\n<p data-start=\"391\" data-end=\"927\">\ud83d\udca8 Vindt\u00e6t fleksibilitet &#8211; Otte glasfiberribber b\u00f8jer uden at g\u00e5 i stykker og springer tilbage i form.<\/p>\n<p data-start=\"391\" data-end=\"927\">\ud83c\udf27\ufe0f Automatisk \u00e5bning og lukning &#8211; En knap \u00e5bner og lukker paraplyen med det samme for hurtig beskyttelse.<\/p>\n<p data-start=\"391\" data-end=\"927\">\ud83d\udc8e Holdbar konstruktion &#8211; Fremstillet af metal, ABS og vandt\u00e6t olieret papir for langvarig ydeevne.<\/p>\n<p data-start=\"391\" data-end=\"927\">\ud83c\udf81 Perfekt til gaver &#8211; En tankev\u00e6kkende og stilfuld gave til venner, b\u00f8rn, kolleger eller k\u00e6re.<\/p>\n<p data-start=\"391\" data-end=\"927\"><img decoding=\"async\" class=\"size-full wp-image-42952 aligncenter\" src=\"https:\/\/keluvo.com\/template\/wp-content\/uploads\/sites\/5\/2025\/11\/1907c5c893f1afcf1f7cdc72ff7f73d88e195a6a-900.webp\" alt=\"\" width=\"800\" height=\"800\" \/><\/p>\n<h2 style=\"text-align: center\" data-start=\"934\" data-end=\"952\"><strong>S\u00e5dan Bruges<\/strong><\/h2>\n<ol data-start=\"953\" data-end=\"1214\">\n<li data-start=\"953\" data-end=\"1025\">\n<p data-start=\"956\" data-end=\"1025\">Tryk p\u00e5 den automatiske knap en gang for at \u00e5bne paraplyen med det samme.<\/p>\n<\/li>\n<li data-start=\"1026\" data-end=\"1084\">\n<p data-start=\"1029\" data-end=\"1084\">Hold godt fast og nyd fuld regn- og solbeskyttelse.<\/p>\n<\/li>\n<li data-start=\"1085\" data-end=\"1148\">\n<p data-start=\"1088\" data-end=\"1148\">Tryk p\u00e5 knappen igen for at lukke paraplyen uden besv\u00e6r.<\/p>\n<\/li>\n<li data-start=\"1149\" data-end=\"1214\">\n<p data-start=\"1152\" data-end=\"1214\">Fold og opbevar den i en taske, rygs\u00e6k eller bil til daglig brug.<\/p>\n<\/li>\n<\/ol>\n<h2 style=\"text-align: center\" data-start=\"1221\" data-end=\"1244\"><strong>Produktdetaljer<\/strong><\/h2>\n<ul data-start=\"1245\" data-end=\"1550\">\n<li data-start=\"1245\" data-end=\"1295\">\n<p data-start=\"1247\" data-end=\"1295\">Materiale: Metal + ABS + vandt\u00e6t olieret papir<\/p>\n<\/li>\n<li data-start=\"1296\" data-end=\"1346\">\n<p data-start=\"1298\" data-end=\"1346\">St\u00f8rrelse (udfoldet): 100 x 54 cm<\/p>\n<\/li>\n<li data-start=\"1347\" data-end=\"1404\">\n<p data-start=\"1349\" data-end=\"1404\">St\u00f8rrelse (foldet): 30 x 8 x 8 cm<\/p>\n<\/li>\n<li data-start=\"1405\" data-end=\"1447\">\n<p data-start=\"1407\" data-end=\"1447\">Struktur: 8 vindt\u00e6tte glasfiberribber<\/p>\n<\/li>\n<li data-start=\"1448\" data-end=\"1508\">\n<p data-start=\"1450\" data-end=\"1508\">Stil: Gennemsigtig med vintage glasmaleri design<\/p>\n<\/li>\n<li data-start=\"1509\" data-end=\"1550\">\n<p data-start=\"1511\" data-end=\"1550\">Funktion: Automatisk \u00e5bne\/lukke-system<\/p>\n<\/li>\n<\/ul>\n<h2 style=\"text-align: center\" data-start=\"1557\" data-end=\"1581\"><strong>Pakken indeholder<\/strong><\/h2>\n<ul data-start=\"1582\" data-end=\"1618\">\n<li data-start=\"1582\" data-end=\"1618\">\n<p data-start=\"1584\" data-end=\"1618\">1x gennemsigtig automatisk paraply.<\/p>\n<\/li>\n<\/ul>\n","protected":false},"excerpt":{"rendered":"<p>Hold dig stilfuld, t\u00f8r og beskyttet med en smukt designet automatisk gennemsigtig paraply. \ud83c\udf27\ufe0f\u2614 Denne gennemsigtige automatiske paraply kombinerer elegance [&hellip;]<\/p>\n","protected":false},"featured_media":37887,"comment_status":"open","ping_status":"closed","template":"","meta":{"site-sidebar-layout":"default","site-content-layout":"","ast-site-content-layout":"default","site-content-style":"default","site-sidebar-style":"default","ast-global-header-display":"","ast-banner-title-visibility":"","ast-main-header-display":"","ast-hfb-above-header-display":"","ast-hfb-below-header-display":"","ast-hfb-mobile-header-display":"","site-post-title":"","ast-breadcrumbs-content":"","ast-featured-img":"","footer-sml-layout":"","theme-transparent-header-meta":"default","adv-header-id-meta":"","stick-header-meta":"","header-above-stick-meta":"","header-main-stick-meta":"","header-below-stick-meta":"","astra-migrate-meta-layouts":"set","ast-page-background-enabled":"default","ast-page-background-meta":{"desktop":{"background-color":"var(--ast-global-color-5)","background-image":"","background-repeat":"repeat","background-position":"center center","background-size":"auto","background-attachment":"scroll","background-type":"","background-media":"","overlay-type":"","overlay-color":"","overlay-opacity":"","overlay-gradient":""},"tablet":{"background-color":"","background-image":"","background-repeat":"repeat","background-position":"center center","background-size":"auto","background-attachment":"scroll","background-type":"","background-media":"","overlay-type":"","overlay-color":"","overlay-opacity":"","overlay-gradient":""},"mobile":{"background-color":"","background-image":"","background-repeat":"repeat","background-position":"center center","background-size":"auto","background-attachment":"scroll","background-type":"","background-media":"","overlay-type":"","overlay-color":"","overlay-opacity":"","overlay-gradient":""}},"ast-content-background-meta":{"desktop":{"background-color":"var(--ast-global-color-4)","background-image":"","background-repeat":"repeat","background-position":"center center","background-size":"auto","background-attachment":"scroll","background-type":"","background-media":"","overlay-type":"","overlay-color":"","overlay-opacity":"","overlay-gradient":""},"tablet":{"background-color":"var(--ast-global-color-4)","background-image":"","background-repeat":"repeat","background-position":"center center","background-size":"auto","background-attachment":"scroll","background-type":"","background-media":"","overlay-type":"","overlay-color":"","overlay-opacity":"","overlay-gradient":""},"mobile":{"background-color":"var(--ast-global-color-4)","background-image":"","background-repeat":"repeat","background-position":"center center","background-size":"auto","background-attachment":"scroll","background-type":"","background-media":"","overlay-type":"","overlay-color":"","overlay-opacity":"","overlay-gradient":""}}},"product_brand":[],"product_cat":[19],"product_tag":[],"class_list":{"0":"post-37891","1":"product","2":"type-product","3":"status-publish","4":"has-post-thumbnail","6":"product_cat-uncategorized","7":"desktop-align-left","8":"tablet-align-left","9":"mobile-align-left","11":"first","12":"instock","13":"shipping-taxable","14":"purchasable","15":"product-type-simple"},"_links":{"self":[{"href":"https:\/\/ecostera.com\/dk\/wp-json\/wp\/v2\/product\/37891","targetHints":{"allow":["GET"]}}],"collection":[{"href":"https:\/\/ecostera.com\/dk\/wp-json\/wp\/v2\/product"}],"about":[{"href":"https:\/\/ecostera.com\/dk\/wp-json\/wp\/v2\/types\/product"}],"replies":[{"embeddable":true,"href":"https:\/\/ecostera.com\/dk\/wp-json\/wp\/v2\/comments?post=37891"}],"wp:featuredmedia":[{"embeddable":true,"href":"https:\/\/ecostera.com\/dk\/wp-json\/wp\/v2\/media\/37887"}],"wp:attachment":[{"href":"https:\/\/ecostera.com\/dk\/wp-json\/wp\/v2\/media?parent=37891"}],"wp:term":[{"taxonomy":"product_brand","embeddable":true,"href":"https:\/\/ecostera.com\/dk\/wp-json\/wp\/v2\/product_brand?post=37891"},{"taxonomy":"product_cat","embeddable":true,"href":"https:\/\/ecostera.com\/dk\/wp-json\/wp\/v2\/product_cat?post=37891"},{"taxonomy":"product_tag","embeddable":true,"href":"https:\/\/ecostera.com\/dk\/wp-json\/wp\/v2\/product_tag?post=37891"}],"curies":[{"name":"wp","href":"https:\/\/api.w.org\/{rel}","templated":true}]}}