{"id":38419,"date":"2025-12-01T20:17:17","date_gmt":"2025-12-01T18:17:17","guid":{"rendered":"https:\/\/ecostera.com\/dk\/product\/haengende-doerorganizer-2-stk\/"},"modified":"2025-12-03T18:02:52","modified_gmt":"2025-12-03T16:02:52","slug":"haengende-doerorganizer-2-stk","status":"publish","type":"product","link":"https:\/\/ecostera.com\/dk\/product\/haengende-doerorganizer-2-stk\/","title":{"rendered":"H\u00e6ngende d\u00f8rorganizer (2 stk.)"},"content":{"rendered":"<p style=\"text-align: center\" data-start=\"0\" data-end=\"87\"><strong>Tilf\u00f8j \u00f8jeblikkelig ekstra opbevaring til ethvert rum med denne pladsbesparende h\u00e6ngende d\u00f8rorganisator. \ud83e\uddfa<\/strong><\/p>\n<p style=\"text-align: center\" data-start=\"89\" data-end=\"369\">Denne h\u00e6ngende d\u00f8rorganisator hj\u00e6lper dig med at holde dit hjem ryddeligt ved at give dig ekstra opbevaring p\u00e5 bagsiden af enhver standardd\u00f8r. Med 5 store lommer, 10 sidelommer i net og st\u00e6rke, b\u00e6rende kroge kan du opbevare mere og samtidig holde alting p\u00e6nt, synligt og let tilg\u00e6ngeligt.<\/p>\n<p data-start=\"89\" data-end=\"369\"><img fetchpriority=\"high\" decoding=\"async\" class=\"size-full wp-image-43077 aligncenter\" src=\"https:\/\/keluvo.com\/template\/wp-content\/uploads\/sites\/5\/2025\/11\/10224-ezgif.com-video-to-webp-converter-3-2.webp\" alt=\"\" width=\"500\" height=\"281\" \/><\/p>\n<h2 style=\"text-align: center\" data-start=\"376\" data-end=\"396\"><strong>Hovedfordele<\/strong><\/h2>\n<p data-start=\"397\" data-end=\"1047\">\ud83e\uddfa Maksimerer pladsen &#8211; Omdanner ubrugt d\u00f8rplads til v\u00e6rdifuld opbevaring af t\u00f8j, leget\u00f8j, snacks, toiletsager, v\u00e6rkt\u00f8j og meget mere.<\/p>\n<p data-start=\"397\" data-end=\"1047\">\ud83d\udd0d Klart vinduesdesign &#8211; Se hurtigt, hvad der er i hver lomme uden at grave eller s\u00f8ge.<\/p>\n<p data-start=\"397\" data-end=\"1047\">\ud83d\udce6 Stor kapacitet &#8211; 5 store lommer kan rumme store ting, mens 10 netlommer holder styr p\u00e5 sm\u00e5ting.<\/p>\n<p data-start=\"397\" data-end=\"1047\">\ud83d\udcaa St\u00e6rk og holdbar &#8211; Tykt ikke-v\u00e6vet stof, forst\u00e6rkede syninger og en robust base holder op til 4-5 kg sikkert.<\/p>\n<p data-start=\"397\" data-end=\"1047\">\ud83d\udeaa Let at installere &#8211; Metalkroge passer over de fleste standardd\u00f8re uden brug af v\u00e6rkt\u00f8j, boring eller beskadigelse.<\/p>\n<p data-start=\"397\" data-end=\"1047\">\ud83c\udfe0 Sammenklappelig og b\u00e6rbar &#8211; Let at flytte mellem rum og nem at opbevare, n\u00e5r den ikke er i brug.<\/p>\n<p data-start=\"397\" data-end=\"1047\"><img decoding=\"async\" class=\" wp-image-43076 aligncenter\" src=\"https:\/\/keluvo.com\/template\/wp-content\/uploads\/sites\/5\/2025\/11\/33d736ed770da4e2fbf4f6ab4c15957ae282c341.webp\" alt=\"\" width=\"470\" height=\"705\" \/><\/p>\n<h2 style=\"text-align: center\" data-start=\"1054\" data-end=\"1072\"><strong>S\u00e5dan Bruges<\/strong><\/h2>\n<ol data-start=\"1073\" data-end=\"1365\">\n<li data-start=\"1073\" data-end=\"1110\">\n<p data-start=\"1076\" data-end=\"1110\">Fold organisatoren helt ud.<\/p>\n<\/li>\n<li data-start=\"1111\" data-end=\"1164\">\n<p data-start=\"1114\" data-end=\"1164\">Placer metalkrogene over toppen af din d\u00f8r.<\/p>\n<\/li>\n<li data-start=\"1165\" data-end=\"1204\">\n<p data-start=\"1168\" data-end=\"1204\">H\u00e6ng organisatoren p\u00e5 krogene.<\/p>\n<\/li>\n<li data-start=\"1205\" data-end=\"1299\">\n<p data-start=\"1208\" data-end=\"1299\">Fyld de store lommer med st\u00f8rre ting, og brug netlommerne til mindre ting.<\/p>\n<\/li>\n<li data-start=\"1300\" data-end=\"1365\">\n<p data-start=\"1303\" data-end=\"1365\">Luk d\u00f8ren normalt &#8211; organisatoren forbliver sikker og stabil.<\/p>\n<\/li>\n<\/ol>\n<h2 style=\"text-align: center\" data-start=\"1372\" data-end=\"1395\"><strong>Produktdetaljer<\/strong><\/h2>\n<ul data-start=\"1396\" data-end=\"1719\">\n<li data-start=\"1437\" data-end=\"1467\">\n<p data-start=\"1439\" data-end=\"1467\">Materiale: Ikke-v\u00e6vet stof<\/p>\n<\/li>\n<li data-start=\"1502\" data-end=\"1546\">\n<p data-start=\"1504\" data-end=\"1546\">Dimensioner: 140 x 39 x 17 cm<\/p>\n<\/li>\n<li data-start=\"1547\" data-end=\"1587\">\n<p data-start=\"1549\" data-end=\"1587\">Kapacitet: Rummer ca. 4-5 kg<\/p>\n<\/li>\n<li data-start=\"1588\" data-end=\"1639\">\n<p data-start=\"1590\" data-end=\"1639\">Lommer: 5 store lommer + 10 sidelommer i net<\/p>\n<\/li>\n<li data-start=\"1640\" data-end=\"1719\">\n<p data-start=\"1642\" data-end=\"1719\">Funktioner: Klare vinduer, st\u00e6rke syninger, forst\u00e6rket bund, foldbart design<\/p>\n<\/li>\n<\/ul>\n<h2 style=\"text-align: center\" data-start=\"1726\" data-end=\"1750\"><strong>Pakken indeholder<\/strong><\/h2>\n<ul data-start=\"1751\" data-end=\"1809\">\n<li data-start=\"1751\" data-end=\"1781\">\n<p data-start=\"1753\" data-end=\"1781\">2x h\u00e6ngende d\u00f8rorganizer<\/p>\n<\/li>\n<li data-start=\"1782\" data-end=\"1809\">\n<p data-start=\"1784\" data-end=\"1809\">6x metalkroge over d\u00f8ren.<\/p>\n<\/li>\n<\/ul>\n","protected":false},"excerpt":{"rendered":"<p>Tilf\u00f8j \u00f8jeblikkelig ekstra opbevaring til ethvert rum med denne pladsbesparende h\u00e6ngende d\u00f8rorganisator. \ud83e\uddfa Denne h\u00e6ngende d\u00f8rorganisator hj\u00e6lper dig med at [&hellip;]<\/p>\n","protected":false},"featured_media":38415,"comment_status":"open","ping_status":"closed","template":"","meta":{"site-sidebar-layout":"default","site-content-layout":"","ast-site-content-layout":"default","site-content-style":"default","site-sidebar-style":"default","ast-global-header-display":"","ast-banner-title-visibility":"","ast-main-header-display":"","ast-hfb-above-header-display":"","ast-hfb-below-header-display":"","ast-hfb-mobile-header-display":"","site-post-title":"","ast-breadcrumbs-content":"","ast-featured-img":"","footer-sml-layout":"","theme-transparent-header-meta":"default","adv-header-id-meta":"","stick-header-meta":"","header-above-stick-meta":"","header-main-stick-meta":"","header-below-stick-meta":"","astra-migrate-meta-layouts":"set","ast-page-background-enabled":"default","ast-page-background-meta":{"desktop":{"background-color":"var(--ast-global-color-5)","background-image":"","background-repeat":"repeat","background-position":"center center","background-size":"auto","background-attachment":"scroll","background-type":"","background-media":"","overlay-type":"","overlay-color":"","overlay-opacity":"","overlay-gradient":""},"tablet":{"background-color":"","background-image":"","background-repeat":"repeat","background-position":"center center","background-size":"auto","background-attachment":"scroll","background-type":"","background-media":"","overlay-type":"","overlay-color":"","overlay-opacity":"","overlay-gradient":""},"mobile":{"background-color":"","background-image":"","background-repeat":"repeat","background-position":"center center","background-size":"auto","background-attachment":"scroll","background-type":"","background-media":"","overlay-type":"","overlay-color":"","overlay-opacity":"","overlay-gradient":""}},"ast-content-background-meta":{"desktop":{"background-color":"var(--ast-global-color-4)","background-image":"","background-repeat":"repeat","background-position":"center center","background-size":"auto","background-attachment":"scroll","background-type":"","background-media":"","overlay-type":"","overlay-color":"","overlay-opacity":"","overlay-gradient":""},"tablet":{"background-color":"var(--ast-global-color-4)","background-image":"","background-repeat":"repeat","background-position":"center center","background-size":"auto","background-attachment":"scroll","background-type":"","background-media":"","overlay-type":"","overlay-color":"","overlay-opacity":"","overlay-gradient":""},"mobile":{"background-color":"var(--ast-global-color-4)","background-image":"","background-repeat":"repeat","background-position":"center center","background-size":"auto","background-attachment":"scroll","background-type":"","background-media":"","overlay-type":"","overlay-color":"","overlay-opacity":"","overlay-gradient":""}}},"product_brand":[],"product_cat":[19],"product_tag":[],"class_list":{"0":"post-38419","1":"product","2":"type-product","3":"status-publish","4":"has-post-thumbnail","6":"product_cat-uncategorized","7":"pa_53913_xxy5pgtj-graa","8":"pa_53913_xxy5pgtj-sort","9":"desktop-align-left","10":"tablet-align-left","11":"mobile-align-left","13":"first","14":"instock","15":"shipping-taxable","16":"purchasable","17":"product-type-variable"},"_links":{"self":[{"href":"https:\/\/ecostera.com\/dk\/wp-json\/wp\/v2\/product\/38419","targetHints":{"allow":["GET"]}}],"collection":[{"href":"https:\/\/ecostera.com\/dk\/wp-json\/wp\/v2\/product"}],"about":[{"href":"https:\/\/ecostera.com\/dk\/wp-json\/wp\/v2\/types\/product"}],"replies":[{"embeddable":true,"href":"https:\/\/ecostera.com\/dk\/wp-json\/wp\/v2\/comments?post=38419"}],"wp:featuredmedia":[{"embeddable":true,"href":"https:\/\/ecostera.com\/dk\/wp-json\/wp\/v2\/media\/38415"}],"wp:attachment":[{"href":"https:\/\/ecostera.com\/dk\/wp-json\/wp\/v2\/media?parent=38419"}],"wp:term":[{"taxonomy":"product_brand","embeddable":true,"href":"https:\/\/ecostera.com\/dk\/wp-json\/wp\/v2\/product_brand?post=38419"},{"taxonomy":"product_cat","embeddable":true,"href":"https:\/\/ecostera.com\/dk\/wp-json\/wp\/v2\/product_cat?post=38419"},{"taxonomy":"product_tag","embeddable":true,"href":"https:\/\/ecostera.com\/dk\/wp-json\/wp\/v2\/product_tag?post=38419"}],"curies":[{"name":"wp","href":"https:\/\/api.w.org\/{rel}","templated":true}]}}