{"id":38636,"date":"2025-12-01T20:37:47","date_gmt":"2025-12-01T18:37:47","guid":{"rendered":"https:\/\/ecostera.com\/dk\/product\/vlogmate-mini-selfie-monitor\/"},"modified":"2025-12-03T18:30:58","modified_gmt":"2025-12-03T16:30:58","slug":"vlogmate-mini-selfie-monitor","status":"publish","type":"product","link":"https:\/\/ecostera.com\/dk\/product\/vlogmate-mini-selfie-monitor\/","title":{"rendered":"Vlogmate mini-selfie-sk\u00e6rm"},"content":{"rendered":"<p style=\"text-align: center\" data-start=\"0\" data-end=\"96\"><strong>Tag skarpere og klarere selfies og videoer med dit bagkamera med overv\u00e5gning i realtid. \ud83c\udfac\ud83d\udcf8<\/strong><\/p>\n<p style=\"text-align: center\" data-start=\"98\" data-end=\"356\">Denne vlogmate mini-selfie-sk\u00e6rm giver dig et live-forh\u00e5ndsvisning af dit bagkamera, s\u00e5 du kan filme TikToks, livestreams og fotos med perfekt indramning og professionel klarhed. Den tilsluttes med det samme, har nul forsinkelse og fungerer overalt, hvor du optager &#8211; selv udend\u00f8rs.<\/p>\n<p data-start=\"98\" data-end=\"356\"><img fetchpriority=\"high\" decoding=\"async\" class=\"size-full wp-image-43216 aligncenter\" src=\"https:\/\/keluvo.com\/template\/wp-content\/uploads\/sites\/5\/2025\/11\/102210-ezgif.com-video-to-webp-converter-2-1.webp\" alt=\"\" width=\"500\" height=\"500\" \/><\/p>\n<h2 style=\"text-align: center\" data-start=\"363\" data-end=\"383\"><strong>Hovedfordele<\/strong><\/h2>\n<p data-start=\"384\" data-end=\"1049\">\ud83d\udcf8 Spejling i realtid med nul forsinkelse &#8211; Se dig selv live ved hj\u00e6lp af dit bagkamera for ultraskarp kvalitet.<\/p>\n<p data-start=\"384\" data-end=\"1049\">\ud83c\udfac Underst\u00f8ttelse af 4K-optagelse &#8211; Nyd 1080P plug-and-play-optagelse eller fuld 4K-optagelse ved hj\u00e6lp af Blackmagic Cam-appen.<\/p>\n<p data-start=\"384\" data-end=\"1049\">\ud83c\udf1e Lys AMOLED-sk\u00e6rm &#8211; 700-nit-sk\u00e6rm forbliver klar under sollys med rige, n\u00f8jagtige farver.<\/p>\n<p data-start=\"384\" data-end=\"1049\">\ud83e\uddf2 Magnetisk montering &#8211; Sikkert magnetisk design giver dig mulighed for at dreje og justere sk\u00e6rmen p\u00e5 f\u00e5 sekunder.<\/p>\n<p data-start=\"384\" data-end=\"1049\">\ud83c\udfae Tr\u00e5dl\u00f8s fjernbetjening medf\u00f8lger<span style=\"font-size: 16px\">\u00a0&#8211; Start\/stop optagelse p\u00e5 afstand med den genopladelige Bluetooth-fjernbetjening.<\/span><\/p>\n<p data-start=\"384\" data-end=\"1049\">\ud83d\udd0b Drevet af din iPhone <span style=\"font-size: 16px\">&#8211; Bruger kun 0,6 W og kan monteres direkte p\u00e5 magnetiske powerbanks til kontinuerlig optagelse.<\/span><\/p>\n<p data-start=\"384\" data-end=\"1049\"><img decoding=\"async\" class=\"size-full wp-image-43214 aligncenter\" src=\"https:\/\/keluvo.com\/template\/wp-content\/uploads\/sites\/5\/2025\/11\/f1d4ae04cb4b06f05c93168916f9a86fde3f07a6-700.jpg\" alt=\"\" width=\"1080\" height=\"1036\" \/><\/p>\n<h2 style=\"text-align: center\" data-start=\"1056\" data-end=\"1074\">S\u00e5dan bruges<\/h2>\n<ol data-start=\"1075\" data-end=\"1421\">\n<li data-start=\"1075\" data-end=\"1140\">\n<p data-start=\"1078\" data-end=\"1140\">Slut sk\u00e6rmen til din iPhone ved hj\u00e6lp af det kablede stik.<\/p>\n<\/li>\n<li data-start=\"1141\" data-end=\"1201\">\n<p data-start=\"1144\" data-end=\"1201\">Sk\u00e6rmen vil \u00f8jeblikkeligt spejle dit bagkamera.<\/p>\n<\/li>\n<li data-start=\"1202\" data-end=\"1277\">\n<p data-start=\"1205\" data-end=\"1277\">Monter sk\u00e6rmen magnetisk p\u00e5 din telefon eller magnetiske powerbank.<\/p>\n<\/li>\n<li data-start=\"1278\" data-end=\"1351\">\n<p data-start=\"1281\" data-end=\"1351\">Brug Bluetooth-fjernbetjeningen til at starte eller stoppe optagelsen p\u00e5 afstand.<\/p>\n<\/li>\n<li data-start=\"1352\" data-end=\"1421\">\n<p data-start=\"1355\" data-end=\"1421\">Sluk ved hj\u00e6lp af sidekontakten, n\u00e5r du ikke bruger den &#8211; du beh\u00f8ver ikke at tage stikket ud.<\/p>\n<\/li>\n<\/ol>\n<h2 style=\"text-align: center\" data-start=\"1428\" data-end=\"1451\"><strong>Produktdetaljer<\/strong><\/h2>\n<ul data-start=\"1452\" data-end=\"1870\">\n<li data-start=\"1499\" data-end=\"1580\">\n<p data-start=\"1501\" data-end=\"1580\">Display: AMOLED, 700 nits lysstyrke, 60000:1 kontrastforhold, 100% NTSC-farve<\/p>\n<\/li>\n<li data-start=\"1581\" data-end=\"1671\">\n<p data-start=\"1583\" data-end=\"1603\">Optagelsesst\u00f8tte:<\/p>\n<ul data-start=\"1606\" data-end=\"1671\">\n<li data-start=\"1606\" data-end=\"1629\">\n<p data-start=\"1608\" data-end=\"1629\">1080P plug-and-play<\/p>\n<\/li>\n<li data-start=\"1632\" data-end=\"1671\">\n<p data-start=\"1634\" data-end=\"1671\">4K-optagelse via Blackmagic Cam-app<\/p>\n<\/li>\n<\/ul>\n<\/li>\n<li data-start=\"1672\" data-end=\"1711\">\n<p data-start=\"1674\" data-end=\"1711\">Str\u00f8mforbrug: 0,6W (drevet af iPhone)<\/p>\n<\/li>\n<li data-start=\"1712\" data-end=\"1809\">\n<p data-start=\"1714\" data-end=\"1809\">Funktioner: Magnetisk montering, tr\u00e5dl\u00f8s Bluetooth-fjernbetjening, sk\u00e6rmspejling i realtid, str\u00f8mafbryder<\/p>\n<\/li>\n<li data-start=\"1810\" data-end=\"1870\">\n<p data-start=\"1812\" data-end=\"1870\">Kompatibilitet: iPhones med underst\u00f8ttelse af sk\u00e6rmspejling via kabel<\/p>\n<\/li>\n<\/ul>\n<h2 style=\"text-align: center\" data-start=\"1877\" data-end=\"1901\"><strong>Pakken indeholder<\/strong><\/h2>\n<ul data-start=\"1902\" data-end=\"1976\">\n<li data-start=\"1902\" data-end=\"1938\">\n<p data-start=\"1904\" data-end=\"1938\">1x vlogmate mini-selfie-sk\u00e6rm<\/p>\n<\/li>\n<li data-start=\"1939\" data-end=\"1976\">\n<p data-start=\"1941\" data-end=\"1976\">1x genopladelig Bluetooth-fjernbetjening<\/p>\n<\/li>\n<li data-start=\"1939\" data-end=\"1976\">\n<p data-start=\"1941\" data-end=\"1976\">1x kabel.<\/p>\n<\/li>\n<\/ul>\n","protected":false},"excerpt":{"rendered":"<p>Tag skarpere og klarere selfies og videoer med dit bagkamera med overv\u00e5gning i realtid. \ud83c\udfac\ud83d\udcf8 Denne vlogmate mini-selfie-sk\u00e6rm giver dig [&hellip;]<\/p>\n","protected":false},"featured_media":38632,"comment_status":"open","ping_status":"closed","template":"","meta":{"site-sidebar-layout":"default","site-content-layout":"","ast-site-content-layout":"default","site-content-style":"default","site-sidebar-style":"default","ast-global-header-display":"","ast-banner-title-visibility":"","ast-main-header-display":"","ast-hfb-above-header-display":"","ast-hfb-below-header-display":"","ast-hfb-mobile-header-display":"","site-post-title":"","ast-breadcrumbs-content":"","ast-featured-img":"","footer-sml-layout":"","theme-transparent-header-meta":"default","adv-header-id-meta":"","stick-header-meta":"","header-above-stick-meta":"","header-main-stick-meta":"","header-below-stick-meta":"","astra-migrate-meta-layouts":"set","ast-page-background-enabled":"default","ast-page-background-meta":{"desktop":{"background-color":"var(--ast-global-color-5)","background-image":"","background-repeat":"repeat","background-position":"center center","background-size":"auto","background-attachment":"scroll","background-type":"","background-media":"","overlay-type":"","overlay-color":"","overlay-opacity":"","overlay-gradient":""},"tablet":{"background-color":"","background-image":"","background-repeat":"repeat","background-position":"center center","background-size":"auto","background-attachment":"scroll","background-type":"","background-media":"","overlay-type":"","overlay-color":"","overlay-opacity":"","overlay-gradient":""},"mobile":{"background-color":"","background-image":"","background-repeat":"repeat","background-position":"center center","background-size":"auto","background-attachment":"scroll","background-type":"","background-media":"","overlay-type":"","overlay-color":"","overlay-opacity":"","overlay-gradient":""}},"ast-content-background-meta":{"desktop":{"background-color":"var(--ast-global-color-4)","background-image":"","background-repeat":"repeat","background-position":"center center","background-size":"auto","background-attachment":"scroll","background-type":"","background-media":"","overlay-type":"","overlay-color":"","overlay-opacity":"","overlay-gradient":""},"tablet":{"background-color":"var(--ast-global-color-4)","background-image":"","background-repeat":"repeat","background-position":"center center","background-size":"auto","background-attachment":"scroll","background-type":"","background-media":"","overlay-type":"","overlay-color":"","overlay-opacity":"","overlay-gradient":""},"mobile":{"background-color":"var(--ast-global-color-4)","background-image":"","background-repeat":"repeat","background-position":"center center","background-size":"auto","background-attachment":"scroll","background-type":"","background-media":"","overlay-type":"","overlay-color":"","overlay-opacity":"","overlay-gradient":""}}},"product_brand":[],"product_cat":[19],"product_tag":[],"class_list":{"0":"post-38636","1":"product","2":"type-product","3":"status-publish","4":"has-post-thumbnail","6":"product_cat-uncategorized","7":"desktop-align-left","8":"tablet-align-left","9":"mobile-align-left","11":"first","12":"instock","13":"shipping-taxable","14":"purchasable","15":"product-type-simple"},"_links":{"self":[{"href":"https:\/\/ecostera.com\/dk\/wp-json\/wp\/v2\/product\/38636","targetHints":{"allow":["GET"]}}],"collection":[{"href":"https:\/\/ecostera.com\/dk\/wp-json\/wp\/v2\/product"}],"about":[{"href":"https:\/\/ecostera.com\/dk\/wp-json\/wp\/v2\/types\/product"}],"replies":[{"embeddable":true,"href":"https:\/\/ecostera.com\/dk\/wp-json\/wp\/v2\/comments?post=38636"}],"wp:featuredmedia":[{"embeddable":true,"href":"https:\/\/ecostera.com\/dk\/wp-json\/wp\/v2\/media\/38632"}],"wp:attachment":[{"href":"https:\/\/ecostera.com\/dk\/wp-json\/wp\/v2\/media?parent=38636"}],"wp:term":[{"taxonomy":"product_brand","embeddable":true,"href":"https:\/\/ecostera.com\/dk\/wp-json\/wp\/v2\/product_brand?post=38636"},{"taxonomy":"product_cat","embeddable":true,"href":"https:\/\/ecostera.com\/dk\/wp-json\/wp\/v2\/product_cat?post=38636"},{"taxonomy":"product_tag","embeddable":true,"href":"https:\/\/ecostera.com\/dk\/wp-json\/wp\/v2\/product_tag?post=38636"}],"curies":[{"name":"wp","href":"https:\/\/api.w.org\/{rel}","templated":true}]}}