{"id":38688,"date":"2025-12-01T20:44:12","date_gmt":"2025-12-01T18:44:12","guid":{"rendered":"https:\/\/ecostera.com\/dk\/product\/haandholdt-mini-elektrisk-symaskine\/"},"modified":"2025-12-08T12:04:24","modified_gmt":"2025-12-08T10:04:24","slug":"haandholdt-mini-elektrisk-symaskine","status":"publish","type":"product","link":"https:\/\/ecostera.com\/dk\/product\/haandholdt-mini-elektrisk-symaskine\/","title":{"rendered":"H\u00e5ndholdt mini elektrisk symaskine"},"content":{"rendered":"<p style=\"text-align: center\" data-start=\"0\" data-end=\"55\"><strong>Sy hvad som helst, hvor som helst &#8211; hurtigt, nemt og h\u00e5ndholdt. \ud83e\uddf5<\/strong><\/p>\n<p style=\"text-align: center\" data-start=\"57\" data-end=\"329\">Denne h\u00e5ndholdte mini elektriske symaskine giver dig hurtig syning p\u00e5 stedet uden at skulle sl\u00e6be en stor symaskine frem. Den er perfekt til t\u00f8jreparationer, g\u00f8r-det-selv-h\u00e5ndv\u00e6rk, gardiner, pudebetr\u00e6k og meget mere, hvilket g\u00f8r syning enkel for begyndere og praktisk for travle brugere.<\/p>\n<p data-start=\"57\" data-end=\"329\"><img fetchpriority=\"high\" decoding=\"async\" class=\" wp-image-43262 aligncenter\" src=\"https:\/\/keluvo.com\/template\/wp-content\/uploads\/sites\/5\/2025\/11\/6a7296f4d068f7588ae5d93127d82b4ff23f1f5f.gif\" alt=\"\" width=\"500\" height=\"500\" \/><\/p>\n<h2 style=\"text-align: center\" data-start=\"336\" data-end=\"356\"><strong>Hovedfordele<\/strong><\/h2>\n<p data-start=\"357\" data-end=\"857\">\ud83e\uddf5 B\u00e6rbar og let &#8211; Brug den med \u00e9n h\u00e5nd, tag den med overalt, og fiks stoffer p\u00e5 stedet.<\/p>\n<p data-start=\"357\" data-end=\"857\">\u26a1 Hurtig ledningsfri drift &#8211; Batteridrevet til \u00e6gte tag-og-g\u00e5-syning uden kabler.<\/p>\n<p data-start=\"357\" data-end=\"857\">\ud83c\udf92 Perfekt til reparationer &#8211; Reparer bukser, skjorter, gardiner, tasker og leget\u00f8j uden at tage dem af.<\/p>\n<p data-start=\"357\" data-end=\"857\">\ud83c\udfa8 Perfekt til g\u00f8r-det-selv-projekter &#8211; Ideel til sm\u00e5 h\u00e5ndv\u00e6rk, dekorationer og kreativ syning.<\/p>\n<p data-start=\"357\" data-end=\"857\">\ud83d\udcaa St\u00e6rk ydeevne &#8211; Giver rene, faste sting p\u00e5 flere stoffer som denim, bomuld, h\u00f8r og meget mere.<\/p>\n<p data-start=\"357\" data-end=\"857\"><img decoding=\"async\" class=\" wp-image-43261 aligncenter\" src=\"https:\/\/keluvo.com\/template\/wp-content\/uploads\/sites\/5\/2025\/11\/a59da12803215b52aacee9a28f19aa4bb6751d16.webp\" alt=\"\" width=\"500\" height=\"500\" \/><\/p>\n<h2 style=\"text-align: center\" data-start=\"864\" data-end=\"882\"><strong>S\u00e5dan Bruges<\/strong><\/h2>\n<ol data-start=\"883\" data-end=\"1474\">\n<li data-start=\"883\" data-end=\"974\">\n<p data-start=\"886\" data-end=\"974\">S\u00e6t 4x AA-batterier i rummet i bunden (batterier medf\u00f8lger ikke).<\/p>\n<\/li>\n<li data-start=\"975\" data-end=\"1071\">\n<p data-start=\"978\" data-end=\"1071\">Indstil spolen: Tr\u00e6k spoleholderen af, og skub spolen p\u00e5 tr\u00e5dholderen.<\/p>\n<\/li>\n<li data-start=\"1072\" data-end=\"1263\">\n<p data-start=\"1075\" data-end=\"1100\">Tr\u00e5d maskinen:<\/p>\n<ul data-start=\"1104\" data-end=\"1263\">\n<li data-start=\"1104\" data-end=\"1162\">\n<p data-start=\"1106\" data-end=\"1162\">Tr\u00e6k tr\u00e5den gennem den f\u00f8rste vejledning p\u00e5 n\u00e5learmen.<\/p>\n<\/li>\n<li data-start=\"1166\" data-end=\"1206\">\n<p data-start=\"1168\" data-end=\"1206\">Skub den gennem sp\u00e6ndingspladerne.<\/p>\n<\/li>\n<li data-start=\"1210\" data-end=\"1263\">\n<p data-start=\"1212\" data-end=\"1263\">F\u00f8r den gennem den anden vejledning n\u00e6r n\u00e5len.<\/p>\n<\/li>\n<\/ul>\n<\/li>\n<li data-start=\"1264\" data-end=\"1474\">\n<p data-start=\"1267\" data-end=\"1286\">Begynd at sy:<\/p>\n<ul data-start=\"1290\" data-end=\"1474\">\n<li data-start=\"1290\" data-end=\"1345\">\n<p data-start=\"1292\" data-end=\"1345\">Hold stoffet med venstre h\u00e5nd, s\u00e5 det sp\u00e6ndes forsigtigt.<\/p>\n<\/li>\n<li data-start=\"1349\" data-end=\"1403\">\n<p data-start=\"1351\" data-end=\"1403\">T\u00e6nd for kontakten for at begynde at sy fra venstre mod h\u00f8jre.<\/p>\n<\/li>\n<li data-start=\"1407\" data-end=\"1474\">\n<p data-start=\"1409\" data-end=\"1474\">Skub stoffets kant ind i sy\u00e5bningen.<\/p>\n<\/li>\n<\/ul>\n<\/li>\n<\/ol>\n<h2 style=\"text-align: center\" data-start=\"1481\" data-end=\"1504\"><strong>Produktdetaljer<\/strong><\/h2>\n<ul data-start=\"1505\" data-end=\"1862\">\n<li data-start=\"1561\" data-end=\"1600\">\n<p data-start=\"1563\" data-end=\"1600\">Maskinst\u00f8rrelse: 21 x 6,5 x 3,5 cm<\/p>\n<\/li>\n<li data-start=\"1601\" data-end=\"1644\">\n<p data-start=\"1603\" data-end=\"1644\">St\u00f8rrelse p\u00e5 sys\u00e6t: 21 x 27,5 x 2,8 cm<\/p>\n<\/li>\n<li data-start=\"1645\" data-end=\"1691\">\n<p data-start=\"1647\" data-end=\"1691\">Str\u00f8m: 4x AA-batterier (medf\u00f8lger ikke)<\/p>\n<\/li>\n<li data-start=\"1692\" data-end=\"1805\">\n<p data-start=\"1694\" data-end=\"1805\">Velegnet til: T\u00f8jreparationer, gardiner, pudebetr\u00e6k, masker, forkl\u00e6der, kunsth\u00e5ndv\u00e6rk, sm\u00e5 stykker leget\u00f8j og reparationer p\u00e5 farten<\/p>\n<\/li>\n<li data-start=\"1806\" data-end=\"1862\">\n<p data-start=\"1808\" data-end=\"1862\">Materiale: Holdbar konstruktion med fint h\u00e5ndv\u00e6rk<\/p>\n<\/li>\n<\/ul>\n<h2 style=\"text-align: center\" data-start=\"1869\" data-end=\"1893\"><strong>Pakken indeholder<\/strong><\/h2>\n<ul data-start=\"1894\" data-end=\"2028\">\n<li data-start=\"1894\" data-end=\"1925\">\n<p data-start=\"1896\" data-end=\"1925\">Alternativ A: 1x h\u00e5ndholdt symaskine<\/p>\n<\/li>\n<li data-start=\"1894\" data-end=\"1925\">\n<p data-start=\"1896\" data-end=\"1925\">Alternativ B: 1x sys\u00e6t<\/p>\n<\/li>\n<li data-start=\"1894\" data-end=\"1925\">Alternativ C: 1x h\u00e5ndholdt symaskine, 1x sys\u00e6t.<\/li>\n<\/ul>\n","protected":false},"excerpt":{"rendered":"<p>Sy hvad som helst, hvor som helst &#8211; hurtigt, nemt og h\u00e5ndholdt. \ud83e\uddf5 Denne h\u00e5ndholdte mini elektriske symaskine giver dig [&hellip;]<\/p>\n","protected":false},"featured_media":38684,"comment_status":"open","ping_status":"closed","template":"","meta":{"site-sidebar-layout":"default","site-content-layout":"","ast-site-content-layout":"default","site-content-style":"default","site-sidebar-style":"default","ast-global-header-display":"","ast-banner-title-visibility":"","ast-main-header-display":"","ast-hfb-above-header-display":"","ast-hfb-below-header-display":"","ast-hfb-mobile-header-display":"","site-post-title":"","ast-breadcrumbs-content":"","ast-featured-img":"","footer-sml-layout":"","theme-transparent-header-meta":"default","adv-header-id-meta":"","stick-header-meta":"","header-above-stick-meta":"","header-main-stick-meta":"","header-below-stick-meta":"","astra-migrate-meta-layouts":"set","ast-page-background-enabled":"default","ast-page-background-meta":{"desktop":{"background-color":"var(--ast-global-color-5)","background-image":"","background-repeat":"repeat","background-position":"center center","background-size":"auto","background-attachment":"scroll","background-type":"","background-media":"","overlay-type":"","overlay-color":"","overlay-opacity":"","overlay-gradient":""},"tablet":{"background-color":"","background-image":"","background-repeat":"repeat","background-position":"center center","background-size":"auto","background-attachment":"scroll","background-type":"","background-media":"","overlay-type":"","overlay-color":"","overlay-opacity":"","overlay-gradient":""},"mobile":{"background-color":"","background-image":"","background-repeat":"repeat","background-position":"center center","background-size":"auto","background-attachment":"scroll","background-type":"","background-media":"","overlay-type":"","overlay-color":"","overlay-opacity":"","overlay-gradient":""}},"ast-content-background-meta":{"desktop":{"background-color":"var(--ast-global-color-4)","background-image":"","background-repeat":"repeat","background-position":"center center","background-size":"auto","background-attachment":"scroll","background-type":"","background-media":"","overlay-type":"","overlay-color":"","overlay-opacity":"","overlay-gradient":""},"tablet":{"background-color":"var(--ast-global-color-4)","background-image":"","background-repeat":"repeat","background-position":"center center","background-size":"auto","background-attachment":"scroll","background-type":"","background-media":"","overlay-type":"","overlay-color":"","overlay-opacity":"","overlay-gradient":""},"mobile":{"background-color":"var(--ast-global-color-4)","background-image":"","background-repeat":"repeat","background-position":"center center","background-size":"auto","background-attachment":"scroll","background-type":"","background-media":"","overlay-type":"","overlay-color":"","overlay-opacity":"","overlay-gradient":""}}},"product_brand":[],"product_cat":[19],"product_tag":[],"class_list":{"0":"post-38688","1":"product","2":"type-product","3":"status-publish","4":"has-post-thumbnail","6":"product_cat-uncategorized","7":"pa_54098_aa9jj2d9-a","8":"pa_54098_aa9jj2d9-b","9":"pa_54098_aa9jj2d9-c","10":"desktop-align-left","11":"tablet-align-left","12":"mobile-align-left","14":"first","15":"instock","16":"shipping-taxable","17":"purchasable","18":"product-type-variable"},"_links":{"self":[{"href":"https:\/\/ecostera.com\/dk\/wp-json\/wp\/v2\/product\/38688","targetHints":{"allow":["GET"]}}],"collection":[{"href":"https:\/\/ecostera.com\/dk\/wp-json\/wp\/v2\/product"}],"about":[{"href":"https:\/\/ecostera.com\/dk\/wp-json\/wp\/v2\/types\/product"}],"replies":[{"embeddable":true,"href":"https:\/\/ecostera.com\/dk\/wp-json\/wp\/v2\/comments?post=38688"}],"wp:featuredmedia":[{"embeddable":true,"href":"https:\/\/ecostera.com\/dk\/wp-json\/wp\/v2\/media\/38684"}],"wp:attachment":[{"href":"https:\/\/ecostera.com\/dk\/wp-json\/wp\/v2\/media?parent=38688"}],"wp:term":[{"taxonomy":"product_brand","embeddable":true,"href":"https:\/\/ecostera.com\/dk\/wp-json\/wp\/v2\/product_brand?post=38688"},{"taxonomy":"product_cat","embeddable":true,"href":"https:\/\/ecostera.com\/dk\/wp-json\/wp\/v2\/product_cat?post=38688"},{"taxonomy":"product_tag","embeddable":true,"href":"https:\/\/ecostera.com\/dk\/wp-json\/wp\/v2\/product_tag?post=38688"}],"curies":[{"name":"wp","href":"https:\/\/api.w.org\/{rel}","templated":true}]}}