{"id":38703,"date":"2025-12-01T20:45:52","date_gmt":"2025-12-01T18:45:52","guid":{"rendered":"https:\/\/ecostera.com\/dk\/product\/vandflaske-og-pilleholder\/"},"modified":"2025-12-03T18:55:26","modified_gmt":"2025-12-03T16:55:26","slug":"vandflaske-og-pilleholder","status":"publish","type":"product","link":"https:\/\/ecostera.com\/dk\/product\/vandflaske-og-pilleholder\/","title":{"rendered":"Vandflaske og pilleholder"},"content":{"rendered":"<p style=\"text-align: center\" data-start=\"0\" data-end=\"62\"><strong>Hav altid dit vand og dine daglige piller samlet p\u00e5 \u00e9t sted. \ud83d\udca7\ud83d\udc8a<\/strong><\/p>\n<p style=\"text-align: center\" data-start=\"64\" data-end=\"316\">Denne vandflaske og pilleholder er en enkel og praktisk m\u00e5de at holde sig hydreret p\u00e5 og aldrig glemme sine daglige tabletter. Med et indbygget 7-dages pillerum og en holdbar 600 ml vandflaske er den perfekt til rejser, fitnesscenter, vandreture eller hverdagsbrug.<\/p>\n<p data-start=\"64\" data-end=\"316\"><img decoding=\"async\" class=\"size-full wp-image-43279 aligncenter\" src=\"https:\/\/keluvo.com\/template\/wp-content\/uploads\/sites\/5\/2025\/11\/03b753b5-db00-4f6f-ba44-45c0d48c7117.gif\" alt=\"\" \/><\/p>\n<h2 style=\"text-align: center\" data-start=\"323\" data-end=\"343\"><strong>Hovedfordele<\/strong><\/h2>\n<p data-start=\"344\" data-end=\"879\">\ud83d\udca7 Vand + piller i \u00e9n flaske &#8211; B\u00e6r dine tabletter og vand sammen for hurtig, stressfri daglig brug.<\/p>\n<p data-start=\"344\" data-end=\"879\">\ud83d\udc8a 7-dages pillearrang\u00f8r &#8211; Inkluderer syv pillebokse fastgjort til flasken for at holde dine ugentlige doser organiseret.<\/p>\n<p data-start=\"344\" data-end=\"879\">\ud83d\udd10 Sikkert snapl\u00e5g &#8211; Holder piller sikkert l\u00e5st inde i din taske uden at spilde.<\/p>\n<p data-start=\"344\" data-end=\"879\">\ud83c\udfc3 Perfekt til at v\u00e6re p\u00e5 farten &#8211; Letv\u00e6gtsdesign med snor g\u00f8r den fantastisk til sport, rejser og udend\u00f8rs aktiviteter.<\/p>\n<p data-start=\"344\" data-end=\"879\">\ud83c\udf31 Sikker og milj\u00f8venlig &#8211; Fremstillet af BPA-fri PP + PC-materialer til sikker daglig hydrering.<\/p>\n<p data-start=\"344\" data-end=\"879\"><img fetchpriority=\"high\" decoding=\"async\" class=\"size-full wp-image-43274 aligncenter\" src=\"https:\/\/keluvo.com\/template\/wp-content\/uploads\/sites\/5\/2025\/11\/97c326a534914977ce099056115e3d5df6885be0.jpg\" alt=\"\" width=\"1080\" height=\"668\" \/><\/p>\n<h2 style=\"text-align: center\" data-start=\"886\" data-end=\"904\"><strong>S\u00e5dan Bruges<\/strong><\/h2>\n<ol data-start=\"905\" data-end=\"1244\">\n<li data-start=\"905\" data-end=\"974\">\n<p data-start=\"908\" data-end=\"974\">Skub pilleholderen ud ved hj\u00e6lp af den indbyggede finger\u00e5bning.<\/p>\n<\/li>\n<li data-start=\"975\" data-end=\"1042\">\n<p data-start=\"978\" data-end=\"1042\">Fyld hvert rum med dine daglige tabletter eller vitaminer.<\/p>\n<\/li>\n<li data-start=\"1043\" data-end=\"1117\">\n<p data-start=\"1046\" data-end=\"1117\">Skub organisatoren tilbage i flasken, indtil den l\u00e5ses p\u00e5 plads.<\/p>\n<\/li>\n<li data-start=\"1118\" data-end=\"1173\">\n<p data-start=\"1121\" data-end=\"1173\">Fyld flasken med vand eller juice (op til 600 ml).<\/p>\n<\/li>\n<li data-start=\"1174\" data-end=\"1244\">\n<p data-start=\"1177\" data-end=\"1244\">Brug snoren til at b\u00e6re den og tage dine piller, n\u00e5r du har brug for det.<\/p>\n<\/li>\n<\/ol>\n<h2 style=\"text-align: center\" data-start=\"1251\" data-end=\"1274\"><strong>Produktdetaljer<\/strong><\/h2>\n<ul data-start=\"1275\" data-end=\"1526\">\n<li data-start=\"1325\" data-end=\"1361\">\n<p data-start=\"1327\" data-end=\"1361\">Materiale: PP + PC (BPA-fri)<\/p>\n<\/li>\n<li data-start=\"1362\" data-end=\"1385\">\n<p data-start=\"1364\" data-end=\"1385\">Kapacitet: 600 ml<\/p>\n<\/li>\n<li data-start=\"1386\" data-end=\"1406\">\n<p data-start=\"1388\" data-end=\"1406\">V\u00e6gt: 150 g<\/p>\n<\/li>\n<li data-start=\"1407\" data-end=\"1433\">\n<p data-start=\"1409\" data-end=\"1433\">St\u00f8rrelse: 8 x 23,5 cm<\/p>\n<\/li>\n<li data-start=\"1434\" data-end=\"1526\">\n<p data-start=\"1436\" data-end=\"1526\">Funktioner: 7-dages pilleorganizer, sikkert snapl\u00e5g, aftageligt pilleetui, fastg\u00f8relse af n\u00f8glesnor<\/p>\n<\/li>\n<\/ul>\n<h2 style=\"text-align: center\" data-start=\"1533\" data-end=\"1557\"><strong>Pakken indeholder<\/strong><\/h2>\n<ul data-start=\"1558\" data-end=\"1607\">\n<li data-start=\"1558\" data-end=\"1607\">\n<p data-start=\"1560\" data-end=\"1607\">1x vandflaske med indbygget pilleorganizer.<\/p>\n<\/li>\n<\/ul>\n","protected":false},"excerpt":{"rendered":"<p>Hav altid dit vand og dine daglige piller samlet p\u00e5 \u00e9t sted. \ud83d\udca7\ud83d\udc8a Denne vandflaske og pilleholder er en enkel [&hellip;]<\/p>\n","protected":false},"featured_media":38699,"comment_status":"open","ping_status":"closed","template":"","meta":{"site-sidebar-layout":"default","site-content-layout":"","ast-site-content-layout":"default","site-content-style":"default","site-sidebar-style":"default","ast-global-header-display":"","ast-banner-title-visibility":"","ast-main-header-display":"","ast-hfb-above-header-display":"","ast-hfb-below-header-display":"","ast-hfb-mobile-header-display":"","site-post-title":"","ast-breadcrumbs-content":"","ast-featured-img":"","footer-sml-layout":"","theme-transparent-header-meta":"default","adv-header-id-meta":"","stick-header-meta":"","header-above-stick-meta":"","header-main-stick-meta":"","header-below-stick-meta":"","astra-migrate-meta-layouts":"set","ast-page-background-enabled":"default","ast-page-background-meta":{"desktop":{"background-color":"var(--ast-global-color-5)","background-image":"","background-repeat":"repeat","background-position":"center center","background-size":"auto","background-attachment":"scroll","background-type":"","background-media":"","overlay-type":"","overlay-color":"","overlay-opacity":"","overlay-gradient":""},"tablet":{"background-color":"","background-image":"","background-repeat":"repeat","background-position":"center center","background-size":"auto","background-attachment":"scroll","background-type":"","background-media":"","overlay-type":"","overlay-color":"","overlay-opacity":"","overlay-gradient":""},"mobile":{"background-color":"","background-image":"","background-repeat":"repeat","background-position":"center center","background-size":"auto","background-attachment":"scroll","background-type":"","background-media":"","overlay-type":"","overlay-color":"","overlay-opacity":"","overlay-gradient":""}},"ast-content-background-meta":{"desktop":{"background-color":"var(--ast-global-color-4)","background-image":"","background-repeat":"repeat","background-position":"center center","background-size":"auto","background-attachment":"scroll","background-type":"","background-media":"","overlay-type":"","overlay-color":"","overlay-opacity":"","overlay-gradient":""},"tablet":{"background-color":"var(--ast-global-color-4)","background-image":"","background-repeat":"repeat","background-position":"center center","background-size":"auto","background-attachment":"scroll","background-type":"","background-media":"","overlay-type":"","overlay-color":"","overlay-opacity":"","overlay-gradient":""},"mobile":{"background-color":"var(--ast-global-color-4)","background-image":"","background-repeat":"repeat","background-position":"center center","background-size":"auto","background-attachment":"scroll","background-type":"","background-media":"","overlay-type":"","overlay-color":"","overlay-opacity":"","overlay-gradient":""}}},"product_brand":[],"product_cat":[19],"product_tag":[],"class_list":{"0":"post-38703","1":"product","2":"type-product","3":"status-publish","4":"has-post-thumbnail","6":"product_cat-uncategorized","7":"pa_54126_242kjgab-blaa","8":"pa_54126_242kjgab-gul","9":"pa_54126_242kjgab-roed","10":"pa_54126_242kjgab-rosenroed","11":"pa_54126_242kjgab-sort","12":"desktop-align-left","13":"tablet-align-left","14":"mobile-align-left","16":"first","17":"instock","18":"shipping-taxable","19":"purchasable","20":"product-type-variable"},"_links":{"self":[{"href":"https:\/\/ecostera.com\/dk\/wp-json\/wp\/v2\/product\/38703","targetHints":{"allow":["GET"]}}],"collection":[{"href":"https:\/\/ecostera.com\/dk\/wp-json\/wp\/v2\/product"}],"about":[{"href":"https:\/\/ecostera.com\/dk\/wp-json\/wp\/v2\/types\/product"}],"replies":[{"embeddable":true,"href":"https:\/\/ecostera.com\/dk\/wp-json\/wp\/v2\/comments?post=38703"}],"wp:featuredmedia":[{"embeddable":true,"href":"https:\/\/ecostera.com\/dk\/wp-json\/wp\/v2\/media\/38699"}],"wp:attachment":[{"href":"https:\/\/ecostera.com\/dk\/wp-json\/wp\/v2\/media?parent=38703"}],"wp:term":[{"taxonomy":"product_brand","embeddable":true,"href":"https:\/\/ecostera.com\/dk\/wp-json\/wp\/v2\/product_brand?post=38703"},{"taxonomy":"product_cat","embeddable":true,"href":"https:\/\/ecostera.com\/dk\/wp-json\/wp\/v2\/product_cat?post=38703"},{"taxonomy":"product_tag","embeddable":true,"href":"https:\/\/ecostera.com\/dk\/wp-json\/wp\/v2\/product_tag?post=38703"}],"curies":[{"name":"wp","href":"https:\/\/api.w.org\/{rel}","templated":true}]}}