{"id":38756,"date":"2025-12-01T20:51:21","date_gmt":"2025-12-01T18:51:21","guid":{"rendered":"https:\/\/ecostera.com\/dk\/product\/vaerktoej-til-at-strimle-kyllinger\/"},"modified":"2025-12-03T19:02:40","modified_gmt":"2025-12-03T17:02:40","slug":"vaerktoej-til-at-strimle-kyllinger","status":"publish","type":"product","link":"https:\/\/ecostera.com\/dk\/product\/vaerktoej-til-at-strimle-kyllinger\/","title":{"rendered":"V\u00e6rkt\u00f8j til at strimle kyllinger"},"content":{"rendered":"<p style=\"text-align: center\" data-start=\"183\" data-end=\"240\"><strong>Hurtig, Ensartet Strimling Til Alle Dine Yndlingsm\u00e5ltider. \ud83c\udf57\ud83e\udd69<\/strong><\/p>\n<p style=\"text-align: center\" data-start=\"241\" data-end=\"552\">Denne kyllingestrimler bruger indbyggede strimlet\u00e6nder og en simpel drejebev\u00e6gelse til at forvandle kogt k\u00f8d til perfekte strimler. Det sparer tid, reducerer belastningen af h\u00e6nderne og hj\u00e6lper dig med at tilberede tacos, sandwiches, salater, grillretter og endda dyrefoder med lethed. Ideel til hjemmekokke, m\u00e5ltidsforberedere, grillelskere og fitnessentusiaster.<\/p>\n<p data-start=\"241\" data-end=\"552\"><img fetchpriority=\"high\" decoding=\"async\" class=\"size-full wp-image-43326 aligncenter\" src=\"https:\/\/keluvo.com\/template\/wp-content\/uploads\/sites\/5\/2025\/11\/102216-ezgif.com-video-to-webp-converter.webp\" alt=\"\" width=\"500\" height=\"500\" \/><\/p>\n<h2 style=\"text-align: center\" data-start=\"559\" data-end=\"579\"><strong>Hovedfordele<\/strong><\/h2>\n<p data-start=\"580\" data-end=\"1060\">\u26a1 Hurtig strimling &#8211; Drej for at strimle kogt kylling, svinek\u00f8d, oksek\u00f8d og gr\u00f8ntsager p\u00e5 f\u00e5 sekunder.<\/p>\n<p data-start=\"580\" data-end=\"1060\">\ud83d\udc4c Nem at bruge &#8211; Ergonomisk roterende h\u00e5ndtag og skridsikker base til ubesv\u00e6ret betjening.<\/p>\n<p data-start=\"580\" data-end=\"1060\">\ud83e\udd57 Perfekt til m\u00e5ltidsforberedelse &#8211; Fantastisk til tacos, salater, BBQ, sandwiches, fitnessm\u00e5ltider og k\u00e6ledyrsmad.<\/p>\n<p data-start=\"580\" data-end=\"1060\">\ud83e\uddfc Let at reng\u00f8re &#8211; Leveres med en reng\u00f8ringsb\u00f8rste og er lavet af BPA-fri, f\u00f8devaregodkendte materialer.<\/p>\n<p data-start=\"580\" data-end=\"1060\">\ud83d\udcaa Holdbar konstruktion &#8211; Robust PP + PC-konstruktion designet til hyppig k\u00f8kkenbrug.<\/p>\n<p data-start=\"580\" data-end=\"1060\"><img decoding=\"async\" class=\"size-full wp-image-43328 aligncenter\" src=\"https:\/\/keluvo.com\/template\/wp-content\/uploads\/sites\/5\/2025\/11\/94501da1781166ec1d56947280dc610c967c3387-700.avif\" alt=\"\" \/><\/p>\n<h2 style=\"text-align: center\" data-start=\"1067\" data-end=\"1085\"><strong>S\u00e5dan Bruges<\/strong><\/h2>\n<ol data-start=\"1086\" data-end=\"1355\">\n<li data-start=\"1086\" data-end=\"1129\">\n<p data-start=\"1089\" data-end=\"1129\">Fastg\u00f8r det roterende h\u00e5ndtag p\u00e5 l\u00e5get.<\/p>\n<\/li>\n<li data-start=\"1130\" data-end=\"1193\">\n<p data-start=\"1133\" data-end=\"1193\">Placer kogt k\u00f8d p\u00e5 strimlingspiggene inde i basen.<\/p>\n<\/li>\n<li data-start=\"1194\" data-end=\"1238\">\n<p data-start=\"1197\" data-end=\"1238\">Luk l\u00e5get, og hold v\u00e6rkt\u00f8jet stabilt.<\/p>\n<\/li>\n<li data-start=\"1239\" data-end=\"1294\">\n<p data-start=\"1242\" data-end=\"1294\">Drej h\u00e5ndtaget, indtil k\u00f8det er helt strimlet.<\/p>\n<\/li>\n<li data-start=\"1295\" data-end=\"1355\">\n<p data-start=\"1298\" data-end=\"1355\">\u00c5bn l\u00e5get, og h\u00e6ld dit perfekt strimlede k\u00f8d ud.<\/p>\n<\/li>\n<\/ol>\n<h2 style=\"text-align: center\" data-start=\"1362\" data-end=\"1385\"><strong>Produktdetaljer<\/strong><\/h2>\n<ul data-start=\"1386\" data-end=\"1650\">\n<li data-start=\"1426\" data-end=\"1471\">\n<p data-start=\"1428\" data-end=\"1471\">Materiale: PP + PC af h\u00f8j kvalitet (BPA-fri)<\/p>\n<\/li>\n<li data-start=\"1472\" data-end=\"1497\">\n<p data-start=\"1474\" data-end=\"1497\">St\u00f8rrelse: 18 cm<\/p>\n<\/li>\n<li data-start=\"1498\" data-end=\"1514\">\n<p data-start=\"1500\" data-end=\"1514\">Farve: Sort<\/p>\n<\/li>\n<li data-start=\"1515\" data-end=\"1578\">\n<p data-start=\"1517\" data-end=\"1578\">Funktion: Strimler kogt kylling, svinek\u00f8d, oksek\u00f8d og gr\u00f8ntsager<\/p>\n<\/li>\n<li data-start=\"1579\" data-end=\"1650\">\n<p data-start=\"1581\" data-end=\"1650\">Funktioner: Ergonomisk h\u00e5ndtag, skridsikker bund, medf\u00f8lgende reng\u00f8ringsb\u00f8rste<\/p>\n<\/li>\n<\/ul>\n<h2 style=\"text-align: center\" data-start=\"1657\" data-end=\"1681\"><strong>Pakken indeholder<\/strong><\/h2>\n<ul data-start=\"1682\" data-end=\"1711\">\n<li data-start=\"1682\" data-end=\"1711\">\n<p data-start=\"1684\" data-end=\"1711\">1x kyllingestrimler.<\/p>\n<\/li>\n<\/ul>\n","protected":false},"excerpt":{"rendered":"<p>Hurtig, Ensartet Strimling Til Alle Dine Yndlingsm\u00e5ltider. \ud83c\udf57\ud83e\udd69 Denne kyllingestrimler bruger indbyggede strimlet\u00e6nder og en simpel drejebev\u00e6gelse til at forvandle [&hellip;]<\/p>\n","protected":false},"featured_media":38752,"comment_status":"open","ping_status":"closed","template":"","meta":{"site-sidebar-layout":"default","site-content-layout":"","ast-site-content-layout":"default","site-content-style":"default","site-sidebar-style":"default","ast-global-header-display":"","ast-banner-title-visibility":"","ast-main-header-display":"","ast-hfb-above-header-display":"","ast-hfb-below-header-display":"","ast-hfb-mobile-header-display":"","site-post-title":"","ast-breadcrumbs-content":"","ast-featured-img":"","footer-sml-layout":"","theme-transparent-header-meta":"default","adv-header-id-meta":"","stick-header-meta":"","header-above-stick-meta":"","header-main-stick-meta":"","header-below-stick-meta":"","astra-migrate-meta-layouts":"set","ast-page-background-enabled":"default","ast-page-background-meta":{"desktop":{"background-color":"var(--ast-global-color-5)","background-image":"","background-repeat":"repeat","background-position":"center center","background-size":"auto","background-attachment":"scroll","background-type":"","background-media":"","overlay-type":"","overlay-color":"","overlay-opacity":"","overlay-gradient":""},"tablet":{"background-color":"","background-image":"","background-repeat":"repeat","background-position":"center center","background-size":"auto","background-attachment":"scroll","background-type":"","background-media":"","overlay-type":"","overlay-color":"","overlay-opacity":"","overlay-gradient":""},"mobile":{"background-color":"","background-image":"","background-repeat":"repeat","background-position":"center center","background-size":"auto","background-attachment":"scroll","background-type":"","background-media":"","overlay-type":"","overlay-color":"","overlay-opacity":"","overlay-gradient":""}},"ast-content-background-meta":{"desktop":{"background-color":"var(--ast-global-color-4)","background-image":"","background-repeat":"repeat","background-position":"center center","background-size":"auto","background-attachment":"scroll","background-type":"","background-media":"","overlay-type":"","overlay-color":"","overlay-opacity":"","overlay-gradient":""},"tablet":{"background-color":"var(--ast-global-color-4)","background-image":"","background-repeat":"repeat","background-position":"center center","background-size":"auto","background-attachment":"scroll","background-type":"","background-media":"","overlay-type":"","overlay-color":"","overlay-opacity":"","overlay-gradient":""},"mobile":{"background-color":"var(--ast-global-color-4)","background-image":"","background-repeat":"repeat","background-position":"center center","background-size":"auto","background-attachment":"scroll","background-type":"","background-media":"","overlay-type":"","overlay-color":"","overlay-opacity":"","overlay-gradient":""}}},"product_brand":[],"product_cat":[19],"product_tag":[],"class_list":{"0":"post-38756","1":"product","2":"type-product","3":"status-publish","4":"has-post-thumbnail","6":"product_cat-uncategorized","7":"desktop-align-left","8":"tablet-align-left","9":"mobile-align-left","11":"first","12":"instock","13":"shipping-taxable","14":"purchasable","15":"product-type-simple"},"_links":{"self":[{"href":"https:\/\/ecostera.com\/dk\/wp-json\/wp\/v2\/product\/38756","targetHints":{"allow":["GET"]}}],"collection":[{"href":"https:\/\/ecostera.com\/dk\/wp-json\/wp\/v2\/product"}],"about":[{"href":"https:\/\/ecostera.com\/dk\/wp-json\/wp\/v2\/types\/product"}],"replies":[{"embeddable":true,"href":"https:\/\/ecostera.com\/dk\/wp-json\/wp\/v2\/comments?post=38756"}],"wp:featuredmedia":[{"embeddable":true,"href":"https:\/\/ecostera.com\/dk\/wp-json\/wp\/v2\/media\/38752"}],"wp:attachment":[{"href":"https:\/\/ecostera.com\/dk\/wp-json\/wp\/v2\/media?parent=38756"}],"wp:term":[{"taxonomy":"product_brand","embeddable":true,"href":"https:\/\/ecostera.com\/dk\/wp-json\/wp\/v2\/product_brand?post=38756"},{"taxonomy":"product_cat","embeddable":true,"href":"https:\/\/ecostera.com\/dk\/wp-json\/wp\/v2\/product_cat?post=38756"},{"taxonomy":"product_tag","embeddable":true,"href":"https:\/\/ecostera.com\/dk\/wp-json\/wp\/v2\/product_tag?post=38756"}],"curies":[{"name":"wp","href":"https:\/\/api.w.org\/{rel}","templated":true}]}}