{"id":38779,"date":"2025-12-01T20:55:24","date_gmt":"2025-12-01T18:55:24","guid":{"rendered":"https:\/\/ecostera.com\/dk\/product\/tryk-paa-flaskeaabneren\/"},"modified":"2025-12-03T19:07:51","modified_gmt":"2025-12-03T17:07:51","slug":"tryk-paa-flaskeaabneren","status":"publish","type":"product","link":"https:\/\/ecostera.com\/dk\/product\/tryk-paa-flaskeaabneren\/","title":{"rendered":"Tryk p\u00e5 flaske\u00e5bneren"},"content":{"rendered":"<p style=\"text-align: center\" data-start=\"233\" data-end=\"268\"><strong>En smartere m\u00e5de at \u00e5bne flasker p\u00e5. \ud83c\udf7a\ud83c\udf7e<\/strong><\/p>\n<p style=\"text-align: center\" data-start=\"269\" data-end=\"530\">Bare placer oplukkeren oven p\u00e5 flasken, tryk ned, og kapslen springer rent af &#8211; ingen vridning, ingen \u00f8mme h\u00e5ndled og ingen beskadigede kapsler. Den fjederbelastede mekanisme g\u00f8r flaske\u00e5bning hurtig og tilfredsstillende, og det slanke design ser godt ud i enhver hjemmebarops\u00e6tning.<\/p>\n<p data-start=\"269\" data-end=\"530\"><img fetchpriority=\"high\" decoding=\"async\" class=\"size-full wp-image-43356 aligncenter\" src=\"https:\/\/keluvo.com\/template\/wp-content\/uploads\/sites\/5\/2025\/12\/d738043e46fc3fceb76749cbd1586c24.gif\" alt=\"\" width=\"480\" height=\"480\" \/><\/p>\n<h2 style=\"text-align: center\" data-start=\"537\" data-end=\"557\"><strong>Hovedfordele<\/strong><\/h2>\n<p data-start=\"558\" data-end=\"1086\">\ud83c\udf7a Tryk for at \u00e5bne &#8211; Fjern kapsler \u00f8jeblikkeligt med et enkelt tryk nedad.<\/p>\n<p data-start=\"558\" data-end=\"1086\">\ud83e\uddf2 Holder kapsler intakte &#8211; Perfekt til samlere, der \u00f8nsker ubeskadigede flaskekapsler.<\/p>\n<p data-start=\"558\" data-end=\"1086\">\ud83d\udc4c Ingen belastning af h\u00e5ndleddet &#8211; \u00c5bner flere flasker ubesv\u00e6ret til fester eller sammenkomster.<\/p>\n<p data-start=\"558\" data-end=\"1086\">\ud83c\udf81 God gaveid\u00e9 &#8211; Ideel til \u00f8lelskere, hobbybartendere og fans af h\u00e5ndv\u00e6rks\u00f8l.<\/p>\n<p data-start=\"558\" data-end=\"1086\">\ud83c\udfe1 Stilfuldt design &#8211; Moderne look med flere farvemuligheder, der passer til enhver bar eller ethvert k\u00f8kken.<\/p>\n<p data-start=\"558\" data-end=\"1086\">\ud83c\udf89 Sjov og nem at bruge &#8211; F\u00e5r \u00e5bning af flasker til at f\u00f8les glat, hurtig og tilfredsstillende.<\/p>\n<p data-start=\"558\" data-end=\"1086\"><img decoding=\"async\" class=\"size-full wp-image-43355 aligncenter\" src=\"https:\/\/keluvo.com\/template\/wp-content\/uploads\/sites\/5\/2025\/12\/383aa662b941be3dc3d0379f5eb711c0.avif\" alt=\"\" \/><\/p>\n<h2 style=\"text-align: center\" data-start=\"1093\" data-end=\"1111\"><strong>S\u00e5dan Bruges<\/strong><\/h2>\n<ol data-start=\"1112\" data-end=\"1332\">\n<li data-start=\"1112\" data-end=\"1166\">\n<p data-start=\"1115\" data-end=\"1166\">Placer oplukkeren over kapslen.<\/p>\n<\/li>\n<li data-start=\"1167\" data-end=\"1234\">\n<p data-start=\"1170\" data-end=\"1234\">Tryk lige ned, indtil du m\u00e6rker, at oplukkeren slipper kapslen.<\/p>\n<\/li>\n<li data-start=\"1235\" data-end=\"1309\">\n<p data-start=\"1238\" data-end=\"1309\">L\u00f8ft oplukkeren &#8211; din kapsel vil v\u00e6re inde i oplukkeren, helt intakt.<\/p>\n<\/li>\n<li data-start=\"1310\" data-end=\"1332\">\n<p data-start=\"1313\" data-end=\"1332\">Nyd din drink!<\/p>\n<\/li>\n<\/ol>\n<h2 style=\"text-align: center\" data-start=\"1339\" data-end=\"1362\"><strong>Produktdetaljer<\/strong><\/h2>\n<ul data-start=\"1363\" data-end=\"1643\">\n<li data-start=\"1400\" data-end=\"1440\">\n<p data-start=\"1402\" data-end=\"1440\">Mekanisme: Fjederbelastet skubbefunktion<\/p>\n<\/li>\n<li data-start=\"1441\" data-end=\"1507\">\n<p data-start=\"1443\" data-end=\"1507\">Funktion: Fjerner flaskekapsler uden at b\u00f8je eller beskadige dem<\/p>\n<\/li>\n<li data-start=\"1508\" data-end=\"1567\">\n<p data-start=\"1510\" data-end=\"1567\">Design: Slank, moderne stil med flere farvemuligheder<\/p>\n<\/li>\n<li data-start=\"1568\" data-end=\"1643\">\n<p data-start=\"1570\" data-end=\"1643\">Ideal til: Hjemmebarer, fester, bartendere, samlere og hverdagsbrug<\/p>\n<\/li>\n<\/ul>\n<h2 style=\"text-align: center\" data-start=\"1650\" data-end=\"1674\"><strong>Pakken indeholder<\/strong><\/h2>\n<ul data-start=\"1675\" data-end=\"1701\">\n<li data-start=\"1675\" data-end=\"1701\">\n<p data-start=\"1677\" data-end=\"1701\">1x skubbe-flaske\u00e5bner.<\/p>\n<\/li>\n<\/ul>\n","protected":false},"excerpt":{"rendered":"<p>En smartere m\u00e5de at \u00e5bne flasker p\u00e5. \ud83c\udf7a\ud83c\udf7e Bare placer oplukkeren oven p\u00e5 flasken, tryk ned, og kapslen springer rent [&hellip;]<\/p>\n","protected":false},"featured_media":38775,"comment_status":"open","ping_status":"closed","template":"","meta":{"site-sidebar-layout":"default","site-content-layout":"","ast-site-content-layout":"default","site-content-style":"default","site-sidebar-style":"default","ast-global-header-display":"","ast-banner-title-visibility":"","ast-main-header-display":"","ast-hfb-above-header-display":"","ast-hfb-below-header-display":"","ast-hfb-mobile-header-display":"","site-post-title":"","ast-breadcrumbs-content":"","ast-featured-img":"","footer-sml-layout":"","theme-transparent-header-meta":"default","adv-header-id-meta":"","stick-header-meta":"","header-above-stick-meta":"","header-main-stick-meta":"","header-below-stick-meta":"","astra-migrate-meta-layouts":"set","ast-page-background-enabled":"default","ast-page-background-meta":{"desktop":{"background-color":"var(--ast-global-color-5)","background-image":"","background-repeat":"repeat","background-position":"center center","background-size":"auto","background-attachment":"scroll","background-type":"","background-media":"","overlay-type":"","overlay-color":"","overlay-opacity":"","overlay-gradient":""},"tablet":{"background-color":"","background-image":"","background-repeat":"repeat","background-position":"center center","background-size":"auto","background-attachment":"scroll","background-type":"","background-media":"","overlay-type":"","overlay-color":"","overlay-opacity":"","overlay-gradient":""},"mobile":{"background-color":"","background-image":"","background-repeat":"repeat","background-position":"center center","background-size":"auto","background-attachment":"scroll","background-type":"","background-media":"","overlay-type":"","overlay-color":"","overlay-opacity":"","overlay-gradient":""}},"ast-content-background-meta":{"desktop":{"background-color":"var(--ast-global-color-4)","background-image":"","background-repeat":"repeat","background-position":"center center","background-size":"auto","background-attachment":"scroll","background-type":"","background-media":"","overlay-type":"","overlay-color":"","overlay-opacity":"","overlay-gradient":""},"tablet":{"background-color":"var(--ast-global-color-4)","background-image":"","background-repeat":"repeat","background-position":"center center","background-size":"auto","background-attachment":"scroll","background-type":"","background-media":"","overlay-type":"","overlay-color":"","overlay-opacity":"","overlay-gradient":""},"mobile":{"background-color":"var(--ast-global-color-4)","background-image":"","background-repeat":"repeat","background-position":"center center","background-size":"auto","background-attachment":"scroll","background-type":"","background-media":"","overlay-type":"","overlay-color":"","overlay-opacity":"","overlay-gradient":""}}},"product_brand":[],"product_cat":[19],"product_tag":[],"class_list":{"0":"post-38779","1":"product","2":"type-product","3":"status-publish","4":"has-post-thumbnail","6":"product_cat-uncategorized","7":"pa_54255_7vdd5scw-a","8":"pa_54255_7vdd5scw-b","9":"pa_54255_7vdd5scw-c","10":"pa_54255_7vdd5scw-d","11":"pa_54255_zrpxfzp3-groen","12":"pa_54255_zrpxfzp3-soelv","13":"pa_54255_zrpxfzp3-sort","14":"desktop-align-left","15":"tablet-align-left","16":"mobile-align-left","18":"first","19":"instock","20":"shipping-taxable","21":"purchasable","22":"product-type-variable","23":"has-default-attributes"},"_links":{"self":[{"href":"https:\/\/ecostera.com\/dk\/wp-json\/wp\/v2\/product\/38779","targetHints":{"allow":["GET"]}}],"collection":[{"href":"https:\/\/ecostera.com\/dk\/wp-json\/wp\/v2\/product"}],"about":[{"href":"https:\/\/ecostera.com\/dk\/wp-json\/wp\/v2\/types\/product"}],"replies":[{"embeddable":true,"href":"https:\/\/ecostera.com\/dk\/wp-json\/wp\/v2\/comments?post=38779"}],"wp:featuredmedia":[{"embeddable":true,"href":"https:\/\/ecostera.com\/dk\/wp-json\/wp\/v2\/media\/38775"}],"wp:attachment":[{"href":"https:\/\/ecostera.com\/dk\/wp-json\/wp\/v2\/media?parent=38779"}],"wp:term":[{"taxonomy":"product_brand","embeddable":true,"href":"https:\/\/ecostera.com\/dk\/wp-json\/wp\/v2\/product_brand?post=38779"},{"taxonomy":"product_cat","embeddable":true,"href":"https:\/\/ecostera.com\/dk\/wp-json\/wp\/v2\/product_cat?post=38779"},{"taxonomy":"product_tag","embeddable":true,"href":"https:\/\/ecostera.com\/dk\/wp-json\/wp\/v2\/product_tag?post=38779"}],"curies":[{"name":"wp","href":"https:\/\/api.w.org\/{rel}","templated":true}]}}