{"id":39067,"date":"2025-12-02T17:35:19","date_gmt":"2025-12-02T15:35:19","guid":{"rendered":"https:\/\/ecostera.com\/dk\/product\/floejlsnederdel-med-elastik-i-taljen\/"},"modified":"2025-12-08T12:03:40","modified_gmt":"2025-12-08T10:03:40","slug":"floejlsnederdel-med-elastik-i-taljen","status":"publish","type":"product","link":"https:\/\/ecostera.com\/dk\/product\/floejlsnederdel-med-elastik-i-taljen\/","title":{"rendered":"Fl\u00f8jlsnederdel med elastik i taljen"},"content":{"rendered":"<div class=\"size-box-info addrightborder addleftborder\">\n<div id=\"sdtab0\" class=\"sd_tabscontainer sd_activetabcontent\">\n<h2><\/h2>\n<h2 style=\"text-align: center\"><strong>St\u00f8rrelsestabel (cm)<\/strong><\/h2>\n<table class=\"sd_sizetablefront sdtab0\" style=\"font-size: 16px\">\n<tbody>\n<tr>\n<th class=\"size-box-cell;text-align: right;\">St\u00f8rrelse<\/th>\n<th class=\"size-box-cell;text-align: right;\">L\u00e6ngde<\/th>\n<th class=\"size-box-cell;text-align: right;\">Bryst<\/th>\n<th class=\"size-box-cell;text-align: right;\">Hem<\/th>\n<\/tr>\n<tr>\n<td class=\"size-box-cell\">M<\/td>\n<td class=\"size-box-cell\">82<\/td>\n<td class=\"size-box-cell\">68 &#8211; 108<\/td>\n<td class=\"size-box-cell\">147<\/td>\n<\/tr>\n<tr>\n<td class=\"size-box-cell\">L<\/td>\n<td class=\"size-box-cell\">83.5<\/td>\n<td class=\"size-box-cell\">74 &#8211; 116<\/td>\n<td class=\"size-box-cell\">155<\/td>\n<\/tr>\n<tr>\n<td class=\"size-box-cell\">XL<\/td>\n<td class=\"size-box-cell\">85<\/td>\n<td class=\"size-box-cell\">82 &#8211; 126<\/td>\n<td class=\"size-box-cell\">165<\/td>\n<\/tr>\n<tr>\n<td class=\"size-box-cell\">2XL<\/td>\n<td class=\"size-box-cell\">86.5<\/td>\n<td class=\"size-box-cell\">90 &#8211; 136<\/td>\n<td class=\"size-box-cell\">175<\/td>\n<\/tr>\n<\/tbody>\n<\/table>\n<p style=\"text-align: center\"><span style=\"font-size: 1.3em;font-weight: bold\">Detaljer:<\/span><\/p>\n<\/div>\n<\/div>\n<ul>\n<li style=\"text-align: left\">100% bomuld<\/li>\n<li style=\"text-align: left\">Vaskeanbefalinger: h\u00e5ndvask kold; bl\u00f8d<\/li>\n<li style=\"text-align: left\">Maskinvask; t\u00f8rretumbling; m\u00e5 ikke l\u00e6gges i bl\u00f8d;<\/li>\n<li style=\"text-align: left\">Klassificering af vask: stryg ved lav temperatur, hvis det er n\u00f8dvendigt<\/li>\n<\/ul>\n","protected":false},"excerpt":{"rendered":"<p>St\u00f8rrelsestabel (cm) St\u00f8rrelse L\u00e6ngde Bryst Hem M 82 68 &#8211; 108 147 L 83.5 74 &#8211; 116 155 XL 85 [&hellip;]<\/p>\n","protected":false},"featured_media":39063,"comment_status":"open","ping_status":"closed","template":"","meta":{"site-sidebar-layout":"default","site-content-layout":"","ast-site-content-layout":"default","site-content-style":"default","site-sidebar-style":"default","ast-global-header-display":"","ast-banner-title-visibility":"","ast-main-header-display":"","ast-hfb-above-header-display":"","ast-hfb-below-header-display":"","ast-hfb-mobile-header-display":"","site-post-title":"","ast-breadcrumbs-content":"","ast-featured-img":"","footer-sml-layout":"","theme-transparent-header-meta":"default","adv-header-id-meta":"","stick-header-meta":"","header-above-stick-meta":"","header-main-stick-meta":"","header-below-stick-meta":"","astra-migrate-meta-layouts":"set","ast-page-background-enabled":"default","ast-page-background-meta":{"desktop":{"background-color":"var(--ast-global-color-5)","background-image":"","background-repeat":"repeat","background-position":"center center","background-size":"auto","background-attachment":"scroll","background-type":"","background-media":"","overlay-type":"","overlay-color":"","overlay-opacity":"","overlay-gradient":""},"tablet":{"background-color":"","background-image":"","background-repeat":"repeat","background-position":"center center","background-size":"auto","background-attachment":"scroll","background-type":"","background-media":"","overlay-type":"","overlay-color":"","overlay-opacity":"","overlay-gradient":""},"mobile":{"background-color":"","background-image":"","background-repeat":"repeat","background-position":"center center","background-size":"auto","background-attachment":"scroll","background-type":"","background-media":"","overlay-type":"","overlay-color":"","overlay-opacity":"","overlay-gradient":""}},"ast-content-background-meta":{"desktop":{"background-color":"var(--ast-global-color-4)","background-image":"","background-repeat":"repeat","background-position":"center center","background-size":"auto","background-attachment":"scroll","background-type":"","background-media":"","overlay-type":"","overlay-color":"","overlay-opacity":"","overlay-gradient":""},"tablet":{"background-color":"var(--ast-global-color-4)","background-image":"","background-repeat":"repeat","background-position":"center center","background-size":"auto","background-attachment":"scroll","background-type":"","background-media":"","overlay-type":"","overlay-color":"","overlay-opacity":"","overlay-gradient":""},"mobile":{"background-color":"var(--ast-global-color-4)","background-image":"","background-repeat":"repeat","background-position":"center center","background-size":"auto","background-attachment":"scroll","background-type":"","background-media":"","overlay-type":"","overlay-color":"","overlay-opacity":"","overlay-gradient":""}}},"product_brand":[],"product_cat":[19],"product_tag":[],"class_list":{"0":"post-39067","1":"product","2":"type-product","3":"status-publish","4":"has-post-thumbnail","6":"product_cat-uncategorized","7":"pa_57596_pt8h58xu-blaa","8":"pa_57596_pt8h58xu-kaffe","9":"pa_57596_pt8h58xu-roed","10":"pa_57596_pt8h58xu-sort","11":"pa_57596_w8731zdq-m","12":"pa_57596_w8731zdq-l","13":"pa_57596_w8731zdq-xl","14":"pa_57596_w8731zdq-2xl","15":"pa_57596_w8731zdq-3xl","16":"desktop-align-left","17":"tablet-align-left","18":"mobile-align-left","20":"first","21":"instock","22":"shipping-taxable","23":"purchasable","24":"product-type-variable","25":"has-default-attributes"},"_links":{"self":[{"href":"https:\/\/ecostera.com\/dk\/wp-json\/wp\/v2\/product\/39067","targetHints":{"allow":["GET"]}}],"collection":[{"href":"https:\/\/ecostera.com\/dk\/wp-json\/wp\/v2\/product"}],"about":[{"href":"https:\/\/ecostera.com\/dk\/wp-json\/wp\/v2\/types\/product"}],"replies":[{"embeddable":true,"href":"https:\/\/ecostera.com\/dk\/wp-json\/wp\/v2\/comments?post=39067"}],"wp:featuredmedia":[{"embeddable":true,"href":"https:\/\/ecostera.com\/dk\/wp-json\/wp\/v2\/media\/39063"}],"wp:attachment":[{"href":"https:\/\/ecostera.com\/dk\/wp-json\/wp\/v2\/media?parent=39067"}],"wp:term":[{"taxonomy":"product_brand","embeddable":true,"href":"https:\/\/ecostera.com\/dk\/wp-json\/wp\/v2\/product_brand?post=39067"},{"taxonomy":"product_cat","embeddable":true,"href":"https:\/\/ecostera.com\/dk\/wp-json\/wp\/v2\/product_cat?post=39067"},{"taxonomy":"product_tag","embeddable":true,"href":"https:\/\/ecostera.com\/dk\/wp-json\/wp\/v2\/product_tag?post=39067"}],"curies":[{"name":"wp","href":"https:\/\/api.w.org\/{rel}","templated":true}]}}