{"id":3931,"date":"2025-07-23T11:48:43","date_gmt":"2025-07-23T11:48:43","guid":{"rendered":"https:\/\/ecostera.com\/dk\/product\/svejsemaske\/"},"modified":"2025-07-23T11:49:13","modified_gmt":"2025-07-23T11:49:13","slug":"svejsemaske","status":"publish","type":"product","link":"https:\/\/ecostera.com\/dk\/product\/svejsemaske\/","title":{"rendered":"Svejsemaske"},"content":{"rendered":"<h2 class=\"\" style=\"text-align: center\" data-start=\"145\" data-end=\"180\">St\u00e6rk Ansigts- Og \u00d8jenbeskyttelse<\/h2>\n<p class=\"\" style=\"text-align: center\" data-start=\"181\" data-end=\"408\">Svejsemasken beskytter dine \u00f8jne og dit ansigt mod st\u00f8v, flyvende genstande og gnister. Den buede linse giver et bredt udsyn og blokerer samtidig for UV-lys. Det hj\u00e6lper med at forebygge skader og holder synet klart under svejse- og sk\u00e6rearbejde.<\/p>\n<p data-start=\"181\" data-end=\"408\"><img decoding=\"async\" class=\"alignnone size-medium wp-image-13746 aligncenter\" src=\"https:\/\/keluvo.com\/template\/wp-content\/uploads\/sites\/5\/2025\/04\/Sb3c1fe7034bb44d58101ff3d35db007e7.jpeg\" alt=\"\" \/><\/p>\n<h2 class=\"\" style=\"text-align: center\" data-start=\"410\" data-end=\"445\">Komfortabel Og Justerbar Pasform<\/h2>\n<p class=\"\" style=\"text-align: center\" data-start=\"446\" data-end=\"649\">Svejsemasken har en bl\u00f8d svampeforing og en bred elastisk strop. Remmen kan justeres, s\u00e5 den passer til alle hovedst\u00f8rrelser og bliver p\u00e5 plads under brug. Den f\u00f8les let og sikker, selv under lange arbejdssessioner.<\/p>\n<p style=\"text-align: center\" data-start=\"446\" data-end=\"649\"><img decoding=\"async\" class=\"alignnone size-medium wp-image-13741\" src=\"https:\/\/keluvo.com\/template\/wp-content\/uploads\/sites\/5\/2025\/04\/S1d010bdb281841edab85b4cb71c83ad6m.jpg_960x960q75.jpg_.jpeg\" alt=\"\" \/><\/p>\n","protected":false},"excerpt":{"rendered":"<p>St\u00e6rk Ansigts- Og \u00d8jenbeskyttelse Svejsemasken beskytter dine \u00f8jne og dit ansigt mod st\u00f8v, flyvende genstande og gnister. Den buede linse [&hellip;]<\/p>\n","protected":false},"featured_media":3927,"comment_status":"open","ping_status":"closed","template":"","meta":{"site-sidebar-layout":"default","site-content-layout":"","ast-site-content-layout":"default","site-content-style":"default","site-sidebar-style":"default","ast-global-header-display":"","ast-banner-title-visibility":"","ast-main-header-display":"","ast-hfb-above-header-display":"","ast-hfb-below-header-display":"","ast-hfb-mobile-header-display":"","site-post-title":"","ast-breadcrumbs-content":"","ast-featured-img":"","footer-sml-layout":"","theme-transparent-header-meta":"default","adv-header-id-meta":"","stick-header-meta":"","header-above-stick-meta":"","header-main-stick-meta":"","header-below-stick-meta":"","astra-migrate-meta-layouts":"set","ast-page-background-enabled":"default","ast-page-background-meta":{"desktop":{"background-color":"var(--ast-global-color-5)","background-image":"","background-repeat":"repeat","background-position":"center center","background-size":"auto","background-attachment":"scroll","background-type":"","background-media":"","overlay-type":"","overlay-color":"","overlay-opacity":"","overlay-gradient":""},"tablet":{"background-color":"","background-image":"","background-repeat":"repeat","background-position":"center center","background-size":"auto","background-attachment":"scroll","background-type":"","background-media":"","overlay-type":"","overlay-color":"","overlay-opacity":"","overlay-gradient":""},"mobile":{"background-color":"","background-image":"","background-repeat":"repeat","background-position":"center center","background-size":"auto","background-attachment":"scroll","background-type":"","background-media":"","overlay-type":"","overlay-color":"","overlay-opacity":"","overlay-gradient":""}},"ast-content-background-meta":{"desktop":{"background-color":"var(--ast-global-color-4)","background-image":"","background-repeat":"repeat","background-position":"center center","background-size":"auto","background-attachment":"scroll","background-type":"","background-media":"","overlay-type":"","overlay-color":"","overlay-opacity":"","overlay-gradient":""},"tablet":{"background-color":"var(--ast-global-color-4)","background-image":"","background-repeat":"repeat","background-position":"center center","background-size":"auto","background-attachment":"scroll","background-type":"","background-media":"","overlay-type":"","overlay-color":"","overlay-opacity":"","overlay-gradient":""},"mobile":{"background-color":"var(--ast-global-color-4)","background-image":"","background-repeat":"repeat","background-position":"center center","background-size":"auto","background-attachment":"scroll","background-type":"","background-media":"","overlay-type":"","overlay-color":"","overlay-opacity":"","overlay-gradient":""}}},"product_brand":[],"product_cat":[19],"product_tag":[],"class_list":{"0":"post-3931","1":"product","2":"type-product","3":"status-publish","4":"has-post-thumbnail","6":"product_cat-uncategorized","7":"pa_28739_efiefdho-blaa","8":"pa_28739_efiefdho-gennemsigtig","9":"pa_28739_efiefdho-gul","10":"pa_28739_efiefdho-roed","11":"pa_28739_efiefdho-soelv","12":"pa_28739_efiefdho-sort","13":"desktop-align-left","14":"tablet-align-left","15":"mobile-align-left","17":"first","18":"instock","19":"shipping-taxable","20":"purchasable","21":"product-type-variable"},"_links":{"self":[{"href":"https:\/\/ecostera.com\/dk\/wp-json\/wp\/v2\/product\/3931","targetHints":{"allow":["GET"]}}],"collection":[{"href":"https:\/\/ecostera.com\/dk\/wp-json\/wp\/v2\/product"}],"about":[{"href":"https:\/\/ecostera.com\/dk\/wp-json\/wp\/v2\/types\/product"}],"replies":[{"embeddable":true,"href":"https:\/\/ecostera.com\/dk\/wp-json\/wp\/v2\/comments?post=3931"}],"wp:featuredmedia":[{"embeddable":true,"href":"https:\/\/ecostera.com\/dk\/wp-json\/wp\/v2\/media\/3927"}],"wp:attachment":[{"href":"https:\/\/ecostera.com\/dk\/wp-json\/wp\/v2\/media?parent=3931"}],"wp:term":[{"taxonomy":"product_brand","embeddable":true,"href":"https:\/\/ecostera.com\/dk\/wp-json\/wp\/v2\/product_brand?post=3931"},{"taxonomy":"product_cat","embeddable":true,"href":"https:\/\/ecostera.com\/dk\/wp-json\/wp\/v2\/product_cat?post=3931"},{"taxonomy":"product_tag","embeddable":true,"href":"https:\/\/ecostera.com\/dk\/wp-json\/wp\/v2\/product_tag?post=3931"}],"curies":[{"name":"wp","href":"https:\/\/api.w.org\/{rel}","templated":true}]}}